{"id":105,"date":"2017-02-21T19:12:47","date_gmt":"2017-02-21T22:12:47","guid":{"rendered":"https:\/\/semead.com.br\/16\/?page_id=105"},"modified":"2017-02-21T19:12:47","modified_gmt":"2017-02-21T22:12:47","slug":"premiacao","status":"publish","type":"page","link":"https:\/\/semead.com.br\/16\/trabalhos\/premiacao\/","title":{"rendered":"Premia\u00e7\u00e3o"},"content":{"rendered":"<p>Para esta edi\u00e7\u00e3o, ser\u00e3o consideradas duas categorias de pr\u00eamios:<\/p>\n<p>&#8211; Melhor Trabalho da \u00c1rea<br \/>\n&#8211; Melhor Trabalho do Seme<em>Ad<\/em><\/p>\n<p>Cada tema indicar\u00e1 um trabalho para a premia\u00e7\u00e3o em sua \u00e1rea. Entre estes, ser\u00e1 escolhido aquele que receber\u00e1 o pr\u00eamio de \u201cMelhor Trabalho da \u00c1rea\u201d.<\/p>\n<p>Os melhores trabalhos de cada \u00e1rea concorrer\u00e3o ao pr\u00eamio de \u201cMelhor Trabalho do Seme<em>Ad<\/em>\u201d.<\/p>\n<p>Para os trabalhos do Cons\u00f3rcio Doutoral, o XVI SemeAd premiar\u00e1 o projeto mais promissor apresentado.<\/p>\n<p>O acesso aos certificados de melhor trabalho do tema \u00e9 feito pelo <a href=\"http:\/\/sistema.semead.com.br\/16semead\" target=\"_blank\">sistema do cadastro \u2013 clique aqui<\/a>, na aba \u201cCertificados\u201d.<\/p>\n","protected":false},"excerpt":{"rendered":"<p>Para esta edi\u00e7\u00e3o, ser\u00e3o consideradas duas categorias de pr\u00eamios: &#8211; Melhor Trabalho da \u00c1rea &#8211; Melhor Trabalho do SemeAd Cada tema indicar\u00e1 um trabalho para a premia\u00e7\u00e3o em sua \u00e1rea. Entre estes, ser\u00e1 escolhido aquele que receber\u00e1 o pr\u00eamio de \u201cMelhor Trabalho da \u00c1rea\u201d. Os melhores trabalhos de cada \u00e1rea concorrer\u00e3o ao pr\u00eamio de \u201cMelhor&#8230;<\/p>\n","protected":false},"author":4,"featured_media":0,"parent":93,"menu_order":0,"comment_status":"closed","ping_status":"closed","template":"","meta":{"_acf_changed":false,"_monsterinsights_skip_tracking":false,"_monsterinsights_sitenote_active":false,"_monsterinsights_sitenote_note":"","_monsterinsights_sitenote_category":0,"footnotes":""},"class_list":["post-105","page","type-page","status-publish","hentry"],"acf":[],"yoast_head":"<!-- This site is optimized with the Yoast SEO plugin v27.1.1 - https:\/\/yoast.com\/product\/yoast-seo-wordpress\/ -->\n<title>Premia\u00e7\u00e3o - XVI SemeAd<\/title>\n<meta name=\"robots\" content=\"index, follow, max-snippet:-1, max-image-preview:large, max-video-preview:-1\" \/>\n<link rel=\"canonical\" href=\"https:\/\/semead.com.br\/16\/trabalhos\/premiacao\/\" \/>\n<meta property=\"og:locale\" content=\"pt_BR\" \/>\n<meta property=\"og:type\" content=\"article\" \/>\n<meta property=\"og:title\" content=\"Premia\u00e7\u00e3o - XVI SemeAd\" \/>\n<meta property=\"og:description\" content=\"Para esta edi\u00e7\u00e3o, ser\u00e3o consideradas duas categorias de pr\u00eamios: &#8211; Melhor Trabalho da \u00c1rea &#8211; Melhor Trabalho do SemeAd Cada tema indicar\u00e1 um trabalho para a premia\u00e7\u00e3o em sua \u00e1rea. Entre estes, ser\u00e1 escolhido aquele que receber\u00e1 o pr\u00eamio de \u201cMelhor Trabalho da \u00c1rea\u201d. Os melhores trabalhos de cada \u00e1rea concorrer\u00e3o ao pr\u00eamio de \u201cMelhor...\" \/>\n<meta property=\"og:url\" content=\"https:\/\/semead.com.br\/16\/trabalhos\/premiacao\/\" \/>\n<meta property=\"og:site_name\" content=\"XVI SemeAd\" \/>\n<meta name=\"twitter:card\" content=\"summary_large_image\" \/>\n<meta name=\"twitter:label1\" content=\"Est. tempo de leitura\" \/>\n\t<meta name=\"twitter:data1\" content=\"1 minuto\" \/>\n<script type=\"application\/ld+json\" class=\"yoast-schema-graph\">{\"@context\":\"https:\/\/schema.org\",\"@graph\":[{\"@type\":\"WebPage\",\"@id\":\"https:\/\/semead.com.br\/16\/trabalhos\/premiacao\/\",\"url\":\"https:\/\/semead.com.br\/16\/trabalhos\/premiacao\/\",\"name\":\"Premia\u00e7\u00e3o - XVI SemeAd\",\"isPartOf\":{\"@id\":\"https:\/\/semead.com.br\/16\/#website\"},\"datePublished\":\"2017-02-21T22:12:47+00:00\",\"breadcrumb\":{\"@id\":\"https:\/\/semead.com.br\/16\/trabalhos\/premiacao\/#breadcrumb\"},\"inLanguage\":\"pt-BR\",\"potentialAction\":[{\"@type\":\"ReadAction\",\"target\":[\"https:\/\/semead.com.br\/16\/trabalhos\/premiacao\/\"]}]},{\"@type\":\"BreadcrumbList\",\"@id\":\"https:\/\/semead.com.br\/16\/trabalhos\/premiacao\/#breadcrumb\",\"itemListElement\":[{\"@type\":\"ListItem\",\"position\":1,\"name\":\"In\u00edcio\",\"item\":\"https:\/\/semead.com.br\/16\/\"},{\"@type\":\"ListItem\",\"position\":2,\"name\":\"Trabalhos\",\"item\":\"https:\/\/semead.com.br\/16\/trabalhos\/\"},{\"@type\":\"ListItem\",\"position\":3,\"name\":\"Premia\u00e7\u00e3o\"}]},{\"@type\":\"WebSite\",\"@id\":\"https:\/\/semead.com.br\/16\/#website\",\"url\":\"https:\/\/semead.com.br\/16\/\",\"name\":\"XVI SemeAd\",\"description\":\"S\u00f3 mais um site SemeAd\",\"potentialAction\":[{\"@type\":\"SearchAction\",\"target\":{\"@type\":\"EntryPoint\",\"urlTemplate\":\"https:\/\/semead.com.br\/16\/?s={search_term_string}\"},\"query-input\":{\"@type\":\"PropertyValueSpecification\",\"valueRequired\":true,\"valueName\":\"search_term_string\"}}],\"inLanguage\":\"pt-BR\"}]}<\/script>\n<!-- \/ Yoast SEO plugin. -->","yoast_head_json":{"title":"Premia\u00e7\u00e3o - XVI SemeAd","robots":{"index":"index","follow":"follow","max-snippet":"max-snippet:-1","max-image-preview":"max-image-preview:large","max-video-preview":"max-video-preview:-1"},"canonical":"https:\/\/semead.com.br\/16\/trabalhos\/premiacao\/","og_locale":"pt_BR","og_type":"article","og_title":"Premia\u00e7\u00e3o - XVI SemeAd","og_description":"Para esta edi\u00e7\u00e3o, ser\u00e3o consideradas duas categorias de pr\u00eamios: &#8211; Melhor Trabalho da \u00c1rea &#8211; Melhor Trabalho do SemeAd Cada tema indicar\u00e1 um trabalho para a premia\u00e7\u00e3o em sua \u00e1rea. Entre estes, ser\u00e1 escolhido aquele que receber\u00e1 o pr\u00eamio de \u201cMelhor Trabalho da \u00c1rea\u201d. Os melhores trabalhos de cada \u00e1rea concorrer\u00e3o ao pr\u00eamio de \u201cMelhor...","og_url":"https:\/\/semead.com.br\/16\/trabalhos\/premiacao\/","og_site_name":"XVI SemeAd","twitter_card":"summary_large_image","twitter_misc":{"Est. tempo de leitura":"1 minuto"},"schema":{"@context":"https:\/\/schema.org","@graph":[{"@type":"WebPage","@id":"https:\/\/semead.com.br\/16\/trabalhos\/premiacao\/","url":"https:\/\/semead.com.br\/16\/trabalhos\/premiacao\/","name":"Premia\u00e7\u00e3o - XVI SemeAd","isPartOf":{"@id":"https:\/\/semead.com.br\/16\/#website"},"datePublished":"2017-02-21T22:12:47+00:00","breadcrumb":{"@id":"https:\/\/semead.com.br\/16\/trabalhos\/premiacao\/#breadcrumb"},"inLanguage":"pt-BR","potentialAction":[{"@type":"ReadAction","target":["https:\/\/semead.com.br\/16\/trabalhos\/premiacao\/"]}]},{"@type":"BreadcrumbList","@id":"https:\/\/semead.com.br\/16\/trabalhos\/premiacao\/#breadcrumb","itemListElement":[{"@type":"ListItem","position":1,"name":"In\u00edcio","item":"https:\/\/semead.com.br\/16\/"},{"@type":"ListItem","position":2,"name":"Trabalhos","item":"https:\/\/semead.com.br\/16\/trabalhos\/"},{"@type":"ListItem","position":3,"name":"Premia\u00e7\u00e3o"}]},{"@type":"WebSite","@id":"https:\/\/semead.com.br\/16\/#website","url":"https:\/\/semead.com.br\/16\/","name":"XVI SemeAd","description":"S\u00f3 mais um site SemeAd","potentialAction":[{"@type":"SearchAction","target":{"@type":"EntryPoint","urlTemplate":"https:\/\/semead.com.br\/16\/?s={search_term_string}"},"query-input":{"@type":"PropertyValueSpecification","valueRequired":true,"valueName":"search_term_string"}}],"inLanguage":"pt-BR"}]}},"_links":{"self":[{"href":"https:\/\/semead.com.br\/16\/wp-json\/wp\/v2\/pages\/105","targetHints":{"allow":["GET"]}}],"collection":[{"href":"https:\/\/semead.com.br\/16\/wp-json\/wp\/v2\/pages"}],"about":[{"href":"https:\/\/semead.com.br\/16\/wp-json\/wp\/v2\/types\/page"}],"author":[{"embeddable":true,"href":"https:\/\/semead.com.br\/16\/wp-json\/wp\/v2\/users\/4"}],"replies":[{"embeddable":true,"href":"https:\/\/semead.com.br\/16\/wp-json\/wp\/v2\/comments?post=105"}],"version-history":[{"count":0,"href":"https:\/\/semead.com.br\/16\/wp-json\/wp\/v2\/pages\/105\/revisions"}],"up":[{"embeddable":true,"href":"https:\/\/semead.com.br\/16\/wp-json\/wp\/v2\/pages\/93"}],"wp:attachment":[{"href":"https:\/\/semead.com.br\/16\/wp-json\/wp\/v2\/media?parent=105"}],"curies":[{"name":"wp","href":"https:\/\/api.w.org\/{rel}","templated":true}]}}