{"id":107,"date":"2017-02-21T19:14:11","date_gmt":"2017-02-21T22:14:11","guid":{"rendered":"https:\/\/semead.com.br\/16\/?page_id=107"},"modified":"2017-02-21T19:14:11","modified_gmt":"2017-02-21T22:14:11","slug":"certificados","status":"publish","type":"page","link":"https:\/\/semead.com.br\/16\/trabalhos\/certificados\/","title":{"rendered":"Certificados"},"content":{"rendered":"<p>Ser\u00e1 conferido certificado de participa\u00e7\u00e3o a todos os inscritos, inclusive os participantes do Cons\u00f3rcio Doutoral. Os autores dos trabalhos aceitos receber\u00e3o certificados de autoria, desde que formalizem suas inscri\u00e7\u00f5es no evento e apresentem o trabalho.<\/p>\n<p>Para acessar os certificados de autoria, apresenta\u00e7\u00e3o e participa\u00e7\u00e3o, acesse o <a href=\"http:\/\/sistema.semead.com.br\/16semead\" target=\"_blank\">sistema de cadastro \u2013 clique aqui<\/a>, fa\u00e7a o seu login e baixe os documentos na aba \u201cCertificados\u201d.<\/p>\n<p>Para acessar os certificados de avaliador, l\u00edder, moderador ou coordenador, acesse o <a href=\"http:\/\/sistema.semead.com.br\/16semead\/comissao\/login.asp\" target=\"_blank\">sistema da comiss\u00e3o \u2013 clique aqui<\/a>, fa\u00e7a o seu login no sistema e baixe os documentos na aba \u201cCertificados\u201d.<\/p>\n","protected":false},"excerpt":{"rendered":"<p>Ser\u00e1 conferido certificado de participa\u00e7\u00e3o a todos os inscritos, inclusive os participantes do Cons\u00f3rcio Doutoral. Os autores dos trabalhos aceitos receber\u00e3o certificados de autoria, desde que formalizem suas inscri\u00e7\u00f5es no evento e apresentem o trabalho. Para acessar os certificados de autoria, apresenta\u00e7\u00e3o e participa\u00e7\u00e3o, acesse o sistema de cadastro \u2013 clique aqui, fa\u00e7a o seu&#8230;<\/p>\n","protected":false},"author":4,"featured_media":0,"parent":93,"menu_order":0,"comment_status":"closed","ping_status":"closed","template":"","meta":{"_acf_changed":false,"_monsterinsights_skip_tracking":false,"_monsterinsights_sitenote_active":false,"_monsterinsights_sitenote_note":"","_monsterinsights_sitenote_category":0,"footnotes":""},"class_list":["post-107","page","type-page","status-publish","hentry"],"acf":[],"yoast_head":"<!-- This site is optimized with the Yoast SEO plugin v27.1.1 - https:\/\/yoast.com\/product\/yoast-seo-wordpress\/ -->\n<title>Certificados - XVI SemeAd<\/title>\n<meta name=\"robots\" content=\"index, follow, max-snippet:-1, max-image-preview:large, max-video-preview:-1\" \/>\n<link rel=\"canonical\" href=\"https:\/\/semead.com.br\/16\/trabalhos\/certificados\/\" \/>\n<meta property=\"og:locale\" content=\"pt_BR\" \/>\n<meta property=\"og:type\" content=\"article\" \/>\n<meta property=\"og:title\" content=\"Certificados - XVI SemeAd\" \/>\n<meta property=\"og:description\" content=\"Ser\u00e1 conferido certificado de participa\u00e7\u00e3o a todos os inscritos, inclusive os participantes do Cons\u00f3rcio Doutoral. Os autores dos trabalhos aceitos receber\u00e3o certificados de autoria, desde que formalizem suas inscri\u00e7\u00f5es no evento e apresentem o trabalho. Para acessar os certificados de autoria, apresenta\u00e7\u00e3o e participa\u00e7\u00e3o, acesse o sistema de cadastro \u2013 clique aqui, fa\u00e7a o seu...\" \/>\n<meta property=\"og:url\" content=\"https:\/\/semead.com.br\/16\/trabalhos\/certificados\/\" \/>\n<meta property=\"og:site_name\" content=\"XVI SemeAd\" \/>\n<meta name=\"twitter:card\" content=\"summary_large_image\" \/>\n<meta name=\"twitter:label1\" content=\"Est. tempo de leitura\" \/>\n\t<meta name=\"twitter:data1\" content=\"1 minuto\" \/>\n<script type=\"application\/ld+json\" class=\"yoast-schema-graph\">{\"@context\":\"https:\/\/schema.org\",\"@graph\":[{\"@type\":\"WebPage\",\"@id\":\"https:\/\/semead.com.br\/16\/trabalhos\/certificados\/\",\"url\":\"https:\/\/semead.com.br\/16\/trabalhos\/certificados\/\",\"name\":\"Certificados - XVI SemeAd\",\"isPartOf\":{\"@id\":\"https:\/\/semead.com.br\/16\/#website\"},\"datePublished\":\"2017-02-21T22:14:11+00:00\",\"breadcrumb\":{\"@id\":\"https:\/\/semead.com.br\/16\/trabalhos\/certificados\/#breadcrumb\"},\"inLanguage\":\"pt-BR\",\"potentialAction\":[{\"@type\":\"ReadAction\",\"target\":[\"https:\/\/semead.com.br\/16\/trabalhos\/certificados\/\"]}]},{\"@type\":\"BreadcrumbList\",\"@id\":\"https:\/\/semead.com.br\/16\/trabalhos\/certificados\/#breadcrumb\",\"itemListElement\":[{\"@type\":\"ListItem\",\"position\":1,\"name\":\"In\u00edcio\",\"item\":\"https:\/\/semead.com.br\/16\/\"},{\"@type\":\"ListItem\",\"position\":2,\"name\":\"Trabalhos\",\"item\":\"https:\/\/semead.com.br\/16\/trabalhos\/\"},{\"@type\":\"ListItem\",\"position\":3,\"name\":\"Certificados\"}]},{\"@type\":\"WebSite\",\"@id\":\"https:\/\/semead.com.br\/16\/#website\",\"url\":\"https:\/\/semead.com.br\/16\/\",\"name\":\"XVI SemeAd\",\"description\":\"S\u00f3 mais um site SemeAd\",\"potentialAction\":[{\"@type\":\"SearchAction\",\"target\":{\"@type\":\"EntryPoint\",\"urlTemplate\":\"https:\/\/semead.com.br\/16\/?s={search_term_string}\"},\"query-input\":{\"@type\":\"PropertyValueSpecification\",\"valueRequired\":true,\"valueName\":\"search_term_string\"}}],\"inLanguage\":\"pt-BR\"}]}<\/script>\n<!-- \/ Yoast SEO plugin. -->","yoast_head_json":{"title":"Certificados - XVI SemeAd","robots":{"index":"index","follow":"follow","max-snippet":"max-snippet:-1","max-image-preview":"max-image-preview:large","max-video-preview":"max-video-preview:-1"},"canonical":"https:\/\/semead.com.br\/16\/trabalhos\/certificados\/","og_locale":"pt_BR","og_type":"article","og_title":"Certificados - XVI SemeAd","og_description":"Ser\u00e1 conferido certificado de participa\u00e7\u00e3o a todos os inscritos, inclusive os participantes do Cons\u00f3rcio Doutoral. Os autores dos trabalhos aceitos receber\u00e3o certificados de autoria, desde que formalizem suas inscri\u00e7\u00f5es no evento e apresentem o trabalho. Para acessar os certificados de autoria, apresenta\u00e7\u00e3o e participa\u00e7\u00e3o, acesse o sistema de cadastro \u2013 clique aqui, fa\u00e7a o seu...","og_url":"https:\/\/semead.com.br\/16\/trabalhos\/certificados\/","og_site_name":"XVI SemeAd","twitter_card":"summary_large_image","twitter_misc":{"Est. tempo de leitura":"1 minuto"},"schema":{"@context":"https:\/\/schema.org","@graph":[{"@type":"WebPage","@id":"https:\/\/semead.com.br\/16\/trabalhos\/certificados\/","url":"https:\/\/semead.com.br\/16\/trabalhos\/certificados\/","name":"Certificados - XVI SemeAd","isPartOf":{"@id":"https:\/\/semead.com.br\/16\/#website"},"datePublished":"2017-02-21T22:14:11+00:00","breadcrumb":{"@id":"https:\/\/semead.com.br\/16\/trabalhos\/certificados\/#breadcrumb"},"inLanguage":"pt-BR","potentialAction":[{"@type":"ReadAction","target":["https:\/\/semead.com.br\/16\/trabalhos\/certificados\/"]}]},{"@type":"BreadcrumbList","@id":"https:\/\/semead.com.br\/16\/trabalhos\/certificados\/#breadcrumb","itemListElement":[{"@type":"ListItem","position":1,"name":"In\u00edcio","item":"https:\/\/semead.com.br\/16\/"},{"@type":"ListItem","position":2,"name":"Trabalhos","item":"https:\/\/semead.com.br\/16\/trabalhos\/"},{"@type":"ListItem","position":3,"name":"Certificados"}]},{"@type":"WebSite","@id":"https:\/\/semead.com.br\/16\/#website","url":"https:\/\/semead.com.br\/16\/","name":"XVI SemeAd","description":"S\u00f3 mais um site SemeAd","potentialAction":[{"@type":"SearchAction","target":{"@type":"EntryPoint","urlTemplate":"https:\/\/semead.com.br\/16\/?s={search_term_string}"},"query-input":{"@type":"PropertyValueSpecification","valueRequired":true,"valueName":"search_term_string"}}],"inLanguage":"pt-BR"}]}},"_links":{"self":[{"href":"https:\/\/semead.com.br\/16\/wp-json\/wp\/v2\/pages\/107","targetHints":{"allow":["GET"]}}],"collection":[{"href":"https:\/\/semead.com.br\/16\/wp-json\/wp\/v2\/pages"}],"about":[{"href":"https:\/\/semead.com.br\/16\/wp-json\/wp\/v2\/types\/page"}],"author":[{"embeddable":true,"href":"https:\/\/semead.com.br\/16\/wp-json\/wp\/v2\/users\/4"}],"replies":[{"embeddable":true,"href":"https:\/\/semead.com.br\/16\/wp-json\/wp\/v2\/comments?post=107"}],"version-history":[{"count":0,"href":"https:\/\/semead.com.br\/16\/wp-json\/wp\/v2\/pages\/107\/revisions"}],"up":[{"embeddable":true,"href":"https:\/\/semead.com.br\/16\/wp-json\/wp\/v2\/pages\/93"}],"wp:attachment":[{"href":"https:\/\/semead.com.br\/16\/wp-json\/wp\/v2\/media?parent=107"}],"curies":[{"name":"wp","href":"https:\/\/api.w.org\/{rel}","templated":true}]}}