{"id":111,"date":"2017-02-21T19:16:07","date_gmt":"2017-02-21T22:16:07","guid":{"rendered":"https:\/\/semead.com.br\/16\/?page_id=111"},"modified":"2017-02-21T19:16:07","modified_gmt":"2017-02-21T22:16:07","slug":"publicacao-e-apresentacao-dos-trabalhos","status":"publish","type":"page","link":"https:\/\/semead.com.br\/16\/trabalhos\/publicacao-e-apresentacao-dos-trabalhos\/","title":{"rendered":"Publica\u00e7\u00e3o e apresenta\u00e7\u00e3o dos trabalhos"},"content":{"rendered":"<p><strong>Publica\u00e7\u00e3o dos trabalhos:<\/strong><\/p>\n<p>1) A publica\u00e7\u00e3o de trabalho aceito na programa\u00e7\u00e3o do evento, nas p\u00e1ginas da internet, est\u00e1 condicionada \u00e0 inscri\u00e7\u00e3o no evento e ao respectivo pagamento de pelo menos um dos autores do trabalho at\u00e9 o dia <strong>7 de outubro de 2013<\/strong>. Ap\u00f3s esta data n\u00e3o ser\u00e1 mais poss\u00edvel incluir qualquer trabalho na programa\u00e7\u00e3o do evento e nas p\u00e1ginas do site do SEMEAD.<\/p>\n<p>2) O n\u00e3o comparecimento para apresenta\u00e7\u00e3o de trabalho aceito implicar\u00e1 no impedimento do(s) autor(es) de submeter(em) trabalhos no ano subsequente.<\/p>\n<p>3) N\u00e3o h\u00e1 possibilidade de escolha de data e hor\u00e1rio de apresenta\u00e7\u00e3o dos mesmos. A programa\u00e7\u00e3o seguir\u00e1 o planejamento realizado pela Coordena\u00e7\u00e3o cient\u00edfica do SEMEAD.<\/p>\n<p>&nbsp;<\/p>\n<p><strong>Instru\u00e7\u00f5es para apresenta\u00e7\u00e3o das palestras:<\/strong><\/p>\n<p>A apresenta\u00e7\u00e3o do trabalho ter\u00e1 a dura\u00e7\u00e3o de 15 minutos. Ap\u00f3s a apresenta\u00e7\u00e3o haver\u00e1 um espa\u00e7o para discuss\u00e3o do trabalho.<br \/>\nA apresenta\u00e7\u00e3o dever\u00e1 ser em PowerPoint e a formata\u00e7\u00e3o da apresenta\u00e7\u00e3o \u00e9 livre. Por seguran\u00e7a, \u00e9 recomendado trazer uma c\u00f3pia da apresenta\u00e7\u00e3o em transpar\u00eancias ou impressa.<br \/>\nPara que n\u00e3o haja atraso nas apresenta\u00e7\u00f5es, solicitamos a presen\u00e7a do apresentador na sala com 5 minutos de anteced\u00eancia para a prepara\u00e7\u00e3o da sua apresenta\u00e7\u00e3o.<\/p>\n<p>&nbsp;<\/p>\n<p><strong>IMPORTANTE:<\/strong> Recomendamos que voc\u00ea fa\u00e7a uma leitura pr\u00e9via dos trabalhos da sua sess\u00e3o e que traga seus coment\u00e1rios para discut\u00ed-los com os demais autores.<\/p>\n<p>Acesso aos trabalhos aprovados: <a href=\"http:\/\/sistema.semead.com.br\/16semead\/resultado\/\">http:\/\/sistema.semead.com.br\/16semead\/resultado\/<\/a><\/p>\n","protected":false},"excerpt":{"rendered":"<p>Publica\u00e7\u00e3o dos trabalhos: 1) A publica\u00e7\u00e3o de trabalho aceito na programa\u00e7\u00e3o do evento, nas p\u00e1ginas da internet, est\u00e1 condicionada \u00e0 inscri\u00e7\u00e3o no evento e ao respectivo pagamento de pelo menos um dos autores do trabalho at\u00e9 o dia 7 de outubro de 2013. Ap\u00f3s esta data n\u00e3o ser\u00e1 mais poss\u00edvel incluir qualquer trabalho na programa\u00e7\u00e3o&#8230;<\/p>\n","protected":false},"author":4,"featured_media":0,"parent":93,"menu_order":0,"comment_status":"closed","ping_status":"closed","template":"","meta":{"_acf_changed":false,"_monsterinsights_skip_tracking":false,"_monsterinsights_sitenote_active":false,"_monsterinsights_sitenote_note":"","_monsterinsights_sitenote_category":0,"footnotes":""},"class_list":["post-111","page","type-page","status-publish","hentry"],"acf":[],"yoast_head":"<!-- This site is optimized with the Yoast SEO plugin v27.1.1 - https:\/\/yoast.com\/product\/yoast-seo-wordpress\/ -->\n<title>Publica\u00e7\u00e3o e apresenta\u00e7\u00e3o dos trabalhos - XVI SemeAd<\/title>\n<meta name=\"robots\" content=\"index, follow, max-snippet:-1, max-image-preview:large, max-video-preview:-1\" \/>\n<link rel=\"canonical\" href=\"https:\/\/semead.com.br\/16\/trabalhos\/publicacao-e-apresentacao-dos-trabalhos\/\" \/>\n<meta property=\"og:locale\" content=\"pt_BR\" \/>\n<meta property=\"og:type\" content=\"article\" \/>\n<meta property=\"og:title\" content=\"Publica\u00e7\u00e3o e apresenta\u00e7\u00e3o dos trabalhos - XVI SemeAd\" \/>\n<meta property=\"og:description\" content=\"Publica\u00e7\u00e3o dos trabalhos: 1) A publica\u00e7\u00e3o de trabalho aceito na programa\u00e7\u00e3o do evento, nas p\u00e1ginas da internet, est\u00e1 condicionada \u00e0 inscri\u00e7\u00e3o no evento e ao respectivo pagamento de pelo menos um dos autores do trabalho at\u00e9 o dia 7 de outubro de 2013. Ap\u00f3s esta data n\u00e3o ser\u00e1 mais poss\u00edvel incluir qualquer trabalho na programa\u00e7\u00e3o...\" \/>\n<meta property=\"og:url\" content=\"https:\/\/semead.com.br\/16\/trabalhos\/publicacao-e-apresentacao-dos-trabalhos\/\" \/>\n<meta property=\"og:site_name\" content=\"XVI SemeAd\" \/>\n<meta name=\"twitter:card\" content=\"summary_large_image\" \/>\n<meta name=\"twitter:label1\" content=\"Est. tempo de leitura\" \/>\n\t<meta name=\"twitter:data1\" content=\"1 minuto\" \/>\n<script type=\"application\/ld+json\" class=\"yoast-schema-graph\">{\"@context\":\"https:\/\/schema.org\",\"@graph\":[{\"@type\":\"WebPage\",\"@id\":\"https:\/\/semead.com.br\/16\/trabalhos\/publicacao-e-apresentacao-dos-trabalhos\/\",\"url\":\"https:\/\/semead.com.br\/16\/trabalhos\/publicacao-e-apresentacao-dos-trabalhos\/\",\"name\":\"Publica\u00e7\u00e3o e apresenta\u00e7\u00e3o dos trabalhos - XVI SemeAd\",\"isPartOf\":{\"@id\":\"https:\/\/semead.com.br\/16\/#website\"},\"datePublished\":\"2017-02-21T22:16:07+00:00\",\"breadcrumb\":{\"@id\":\"https:\/\/semead.com.br\/16\/trabalhos\/publicacao-e-apresentacao-dos-trabalhos\/#breadcrumb\"},\"inLanguage\":\"pt-BR\",\"potentialAction\":[{\"@type\":\"ReadAction\",\"target\":[\"https:\/\/semead.com.br\/16\/trabalhos\/publicacao-e-apresentacao-dos-trabalhos\/\"]}]},{\"@type\":\"BreadcrumbList\",\"@id\":\"https:\/\/semead.com.br\/16\/trabalhos\/publicacao-e-apresentacao-dos-trabalhos\/#breadcrumb\",\"itemListElement\":[{\"@type\":\"ListItem\",\"position\":1,\"name\":\"In\u00edcio\",\"item\":\"https:\/\/semead.com.br\/16\/\"},{\"@type\":\"ListItem\",\"position\":2,\"name\":\"Trabalhos\",\"item\":\"https:\/\/semead.com.br\/16\/trabalhos\/\"},{\"@type\":\"ListItem\",\"position\":3,\"name\":\"Publica\u00e7\u00e3o e apresenta\u00e7\u00e3o dos trabalhos\"}]},{\"@type\":\"WebSite\",\"@id\":\"https:\/\/semead.com.br\/16\/#website\",\"url\":\"https:\/\/semead.com.br\/16\/\",\"name\":\"XVI SemeAd\",\"description\":\"S\u00f3 mais um site SemeAd\",\"potentialAction\":[{\"@type\":\"SearchAction\",\"target\":{\"@type\":\"EntryPoint\",\"urlTemplate\":\"https:\/\/semead.com.br\/16\/?s={search_term_string}\"},\"query-input\":{\"@type\":\"PropertyValueSpecification\",\"valueRequired\":true,\"valueName\":\"search_term_string\"}}],\"inLanguage\":\"pt-BR\"}]}<\/script>\n<!-- \/ Yoast SEO plugin. -->","yoast_head_json":{"title":"Publica\u00e7\u00e3o e apresenta\u00e7\u00e3o dos trabalhos - XVI SemeAd","robots":{"index":"index","follow":"follow","max-snippet":"max-snippet:-1","max-image-preview":"max-image-preview:large","max-video-preview":"max-video-preview:-1"},"canonical":"https:\/\/semead.com.br\/16\/trabalhos\/publicacao-e-apresentacao-dos-trabalhos\/","og_locale":"pt_BR","og_type":"article","og_title":"Publica\u00e7\u00e3o e apresenta\u00e7\u00e3o dos trabalhos - XVI SemeAd","og_description":"Publica\u00e7\u00e3o dos trabalhos: 1) A publica\u00e7\u00e3o de trabalho aceito na programa\u00e7\u00e3o do evento, nas p\u00e1ginas da internet, est\u00e1 condicionada \u00e0 inscri\u00e7\u00e3o no evento e ao respectivo pagamento de pelo menos um dos autores do trabalho at\u00e9 o dia 7 de outubro de 2013. Ap\u00f3s esta data n\u00e3o ser\u00e1 mais poss\u00edvel incluir qualquer trabalho na programa\u00e7\u00e3o...","og_url":"https:\/\/semead.com.br\/16\/trabalhos\/publicacao-e-apresentacao-dos-trabalhos\/","og_site_name":"XVI SemeAd","twitter_card":"summary_large_image","twitter_misc":{"Est. tempo de leitura":"1 minuto"},"schema":{"@context":"https:\/\/schema.org","@graph":[{"@type":"WebPage","@id":"https:\/\/semead.com.br\/16\/trabalhos\/publicacao-e-apresentacao-dos-trabalhos\/","url":"https:\/\/semead.com.br\/16\/trabalhos\/publicacao-e-apresentacao-dos-trabalhos\/","name":"Publica\u00e7\u00e3o e apresenta\u00e7\u00e3o dos trabalhos - XVI SemeAd","isPartOf":{"@id":"https:\/\/semead.com.br\/16\/#website"},"datePublished":"2017-02-21T22:16:07+00:00","breadcrumb":{"@id":"https:\/\/semead.com.br\/16\/trabalhos\/publicacao-e-apresentacao-dos-trabalhos\/#breadcrumb"},"inLanguage":"pt-BR","potentialAction":[{"@type":"ReadAction","target":["https:\/\/semead.com.br\/16\/trabalhos\/publicacao-e-apresentacao-dos-trabalhos\/"]}]},{"@type":"BreadcrumbList","@id":"https:\/\/semead.com.br\/16\/trabalhos\/publicacao-e-apresentacao-dos-trabalhos\/#breadcrumb","itemListElement":[{"@type":"ListItem","position":1,"name":"In\u00edcio","item":"https:\/\/semead.com.br\/16\/"},{"@type":"ListItem","position":2,"name":"Trabalhos","item":"https:\/\/semead.com.br\/16\/trabalhos\/"},{"@type":"ListItem","position":3,"name":"Publica\u00e7\u00e3o e apresenta\u00e7\u00e3o dos trabalhos"}]},{"@type":"WebSite","@id":"https:\/\/semead.com.br\/16\/#website","url":"https:\/\/semead.com.br\/16\/","name":"XVI SemeAd","description":"S\u00f3 mais um site SemeAd","potentialAction":[{"@type":"SearchAction","target":{"@type":"EntryPoint","urlTemplate":"https:\/\/semead.com.br\/16\/?s={search_term_string}"},"query-input":{"@type":"PropertyValueSpecification","valueRequired":true,"valueName":"search_term_string"}}],"inLanguage":"pt-BR"}]}},"_links":{"self":[{"href":"https:\/\/semead.com.br\/16\/wp-json\/wp\/v2\/pages\/111","targetHints":{"allow":["GET"]}}],"collection":[{"href":"https:\/\/semead.com.br\/16\/wp-json\/wp\/v2\/pages"}],"about":[{"href":"https:\/\/semead.com.br\/16\/wp-json\/wp\/v2\/types\/page"}],"author":[{"embeddable":true,"href":"https:\/\/semead.com.br\/16\/wp-json\/wp\/v2\/users\/4"}],"replies":[{"embeddable":true,"href":"https:\/\/semead.com.br\/16\/wp-json\/wp\/v2\/comments?post=111"}],"version-history":[{"count":0,"href":"https:\/\/semead.com.br\/16\/wp-json\/wp\/v2\/pages\/111\/revisions"}],"up":[{"embeddable":true,"href":"https:\/\/semead.com.br\/16\/wp-json\/wp\/v2\/pages\/93"}],"wp:attachment":[{"href":"https:\/\/semead.com.br\/16\/wp-json\/wp\/v2\/media?parent=111"}],"curies":[{"name":"wp","href":"https:\/\/api.w.org\/{rel}","templated":true}]}}