{"id":136,"date":"2017-02-21T19:27:27","date_gmt":"2017-02-21T22:27:27","guid":{"rendered":"https:\/\/semead.com.br\/16\/?page_id=136"},"modified":"2017-02-21T19:33:10","modified_gmt":"2017-02-21T22:33:10","slug":"como-chegar","status":"publish","type":"page","link":"https:\/\/semead.com.br\/16\/informacoes\/como-chegar\/","title":{"rendered":"Como chegar"},"content":{"rendered":"<p><strong>Transporte P\u00fablico:<\/strong><\/p>\n<p>Esta\u00e7\u00e3o de <strong>METR\u00d4<\/strong> mais pr\u00f3xima: Esta\u00e7\u00e3o BUTANT\u00c3 \u2013 Linha 4 Amarela.<br \/>\nAo desembarcar na esta\u00e7\u00e3o Butant\u00e3, pegar a <a href=\"http:\/\/www.puspc.usp.br\/wp-content\/uploads\/trajeto_corrigido.pdf\">Linha 8012-10 Cidade Universit\u00e1ria\/Metr\u00f4 Butant\u00e3 (CIRCULAR 1)<\/a> no terminal de \u00f4nibus da esta\u00e7\u00e3o.<br \/>\nDesembarque na AV. PROF. LUCIANO GUALBERTO, 908, em frente \u00e0 FEA (Faculdade de Economia e Administra\u00e7\u00e3o)<\/p>\n<p>Esta\u00e7\u00e3o de <strong>TREM<\/strong> mais pr\u00f3xima: CIDADE UNIVERSIT\u00c1RIA \u2013 Linha 9 Esmeralda.<br \/>\nDesembarque na esta\u00e7\u00e3o Cidade Universit\u00e1ria. Atravesse a ponte e entre pela entrada de pedestres. V\u00e1 at\u00e9 o ponto mais pr\u00f3ximo, \u00e0 esquerda, e pegue a <a href=\"http:\/\/www.puspc.usp.br\/wp-content\/uploads\/trajeto_corrigido.pdf\">Linha 8022-10 Cidade Universit\u00e1ria\/Metr\u00f4 Butant\u00e3 (CIRCULAR 2).<\/a> Desembarque na AV. PROF. LUCIANO GUALBERTO, no ponto da Faculdade de Arquitetura e Urbanismo (FAU) e atravesse a rua at\u00e9 chegar \u00e0 FEA.<\/p>\n<p><strong>Linhas de \u00f4nibus que entram na USP e param em frente \u00e0 FEA-USP:<\/strong><br \/>\n-177H-10 Butant\u00e3 USP\/Metro Santana<br \/>\n-7411-10 Cidade Universit\u00e1ria\/Pra\u00e7a da S\u00e9<br \/>\n-7181-10 Cidade Universit\u00e1ria\/Terminal Princesa Isabel<br \/>\n-8012-10 Cidade Universit\u00e1ria\/Metr\u00f4 Butant\u00e3 (CIRCULAR 1)<br \/>\n-8022-10 Cidade Universit\u00e1ria\/Metr\u00f4 Butant\u00e3<\/p>\n<p><strong>De carro:<\/strong><br \/>\nPela Marginal Tiet\u00ea, siga pelo sentido Castelo Branco at\u00e9 chegar \u00e0 Marginal Pinheiros. Na pista local, ao passar pela Ponte do Jaguar\u00e9, entre na Av. Escola Polit\u00e9cnica (primeira direita ap\u00f3s a ponte). Pegar o primeiro retorno \u00e0 esquerda e entre logo \u00e0 direita, na Av. Prof. Melo Morais. Vire na segunda direita, na Av. Professor Lucio Rodrigues Martins. Vire novamente \u00e0 direita na Av. Prof. Luciano Gualberto.<\/p>\n<p>Pela Marginal Pinheiros, voc\u00ea deve seguir sentido Castelo Branco e pegar a Ponte da Cidade Universit\u00e1ria. Seguindo pela Rua Alvarenga, vire \u00e0 direita no cruzamento com a Av. Afr\u00e2nio Peixoto. Entre pela entrada principal do campus (P1). Siga reto na Av. da Universidade at\u00e9 a segunda pra\u00e7a (Pra\u00e7a Prof. Rubi\u00e3o Meira), contorne-a e pegue a Av. Prof. Lineu Prestes e, \u00e0 direita, a Av. Prof. Luciano Gualberto.<\/p>\n<p><strong>Mais informa\u00e7\u00f5es em <a href=\"http:\/\/www.sptrans.com.br\">www.sptrans.com.br<\/a><\/strong><\/p>\n<p><strong>Ponto de t\u00e1xi da Reitoria USP: (11) 3091-3556<\/strong><\/p>\n","protected":false},"excerpt":{"rendered":"<p>Transporte P\u00fablico: Esta\u00e7\u00e3o de METR\u00d4 mais pr\u00f3xima: Esta\u00e7\u00e3o BUTANT\u00c3 \u2013 Linha 4 Amarela. Ao desembarcar na esta\u00e7\u00e3o Butant\u00e3, pegar a Linha 8012-10 Cidade Universit\u00e1ria\/Metr\u00f4 Butant\u00e3 (CIRCULAR 1) no terminal de \u00f4nibus da esta\u00e7\u00e3o. Desembarque na AV. PROF. LUCIANO GUALBERTO, 908, em frente \u00e0 FEA (Faculdade de Economia e Administra\u00e7\u00e3o) Esta\u00e7\u00e3o de TREM mais pr\u00f3xima: CIDADE&#8230;<\/p>\n","protected":false},"author":4,"featured_media":0,"parent":130,"menu_order":0,"comment_status":"closed","ping_status":"closed","template":"","meta":{"_acf_changed":false,"_monsterinsights_skip_tracking":false,"_monsterinsights_sitenote_active":false,"_monsterinsights_sitenote_note":"","_monsterinsights_sitenote_category":0,"footnotes":""},"class_list":["post-136","page","type-page","status-publish","hentry"],"acf":[],"yoast_head":"<!-- This site is optimized with the Yoast SEO plugin v27.1.1 - https:\/\/yoast.com\/product\/yoast-seo-wordpress\/ -->\n<title>Como chegar - XVI SemeAd<\/title>\n<meta name=\"robots\" content=\"index, follow, max-snippet:-1, max-image-preview:large, max-video-preview:-1\" \/>\n<link rel=\"canonical\" href=\"https:\/\/semead.com.br\/16\/informacoes\/como-chegar\/\" \/>\n<meta property=\"og:locale\" content=\"pt_BR\" \/>\n<meta property=\"og:type\" content=\"article\" \/>\n<meta property=\"og:title\" content=\"Como chegar - XVI SemeAd\" \/>\n<meta property=\"og:description\" content=\"Transporte P\u00fablico: Esta\u00e7\u00e3o de METR\u00d4 mais pr\u00f3xima: Esta\u00e7\u00e3o BUTANT\u00c3 \u2013 Linha 4 Amarela. Ao desembarcar na esta\u00e7\u00e3o Butant\u00e3, pegar a Linha 8012-10 Cidade Universit\u00e1ria\/Metr\u00f4 Butant\u00e3 (CIRCULAR 1) no terminal de \u00f4nibus da esta\u00e7\u00e3o. Desembarque na AV. PROF. LUCIANO GUALBERTO, 908, em frente \u00e0 FEA (Faculdade de Economia e Administra\u00e7\u00e3o) Esta\u00e7\u00e3o de TREM mais pr\u00f3xima: CIDADE...\" \/>\n<meta property=\"og:url\" content=\"https:\/\/semead.com.br\/16\/informacoes\/como-chegar\/\" \/>\n<meta property=\"og:site_name\" content=\"XVI SemeAd\" \/>\n<meta property=\"article:modified_time\" content=\"2017-02-21T22:33:10+00:00\" \/>\n<meta name=\"twitter:card\" content=\"summary_large_image\" \/>\n<meta name=\"twitter:label1\" content=\"Est. tempo de leitura\" \/>\n\t<meta name=\"twitter:data1\" content=\"2 minutos\" \/>\n<script type=\"application\/ld+json\" class=\"yoast-schema-graph\">{\"@context\":\"https:\/\/schema.org\",\"@graph\":[{\"@type\":\"WebPage\",\"@id\":\"https:\/\/semead.com.br\/16\/informacoes\/como-chegar\/\",\"url\":\"https:\/\/semead.com.br\/16\/informacoes\/como-chegar\/\",\"name\":\"Como chegar - XVI SemeAd\",\"isPartOf\":{\"@id\":\"https:\/\/semead.com.br\/16\/#website\"},\"datePublished\":\"2017-02-21T22:27:27+00:00\",\"dateModified\":\"2017-02-21T22:33:10+00:00\",\"breadcrumb\":{\"@id\":\"https:\/\/semead.com.br\/16\/informacoes\/como-chegar\/#breadcrumb\"},\"inLanguage\":\"pt-BR\",\"potentialAction\":[{\"@type\":\"ReadAction\",\"target\":[\"https:\/\/semead.com.br\/16\/informacoes\/como-chegar\/\"]}]},{\"@type\":\"BreadcrumbList\",\"@id\":\"https:\/\/semead.com.br\/16\/informacoes\/como-chegar\/#breadcrumb\",\"itemListElement\":[{\"@type\":\"ListItem\",\"position\":1,\"name\":\"In\u00edcio\",\"item\":\"https:\/\/semead.com.br\/16\/\"},{\"@type\":\"ListItem\",\"position\":2,\"name\":\"Informa\u00e7\u00f5es\",\"item\":\"https:\/\/semead.com.br\/16\/informacoes\/\"},{\"@type\":\"ListItem\",\"position\":3,\"name\":\"Como chegar\"}]},{\"@type\":\"WebSite\",\"@id\":\"https:\/\/semead.com.br\/16\/#website\",\"url\":\"https:\/\/semead.com.br\/16\/\",\"name\":\"XVI SemeAd\",\"description\":\"S\u00f3 mais um site SemeAd\",\"potentialAction\":[{\"@type\":\"SearchAction\",\"target\":{\"@type\":\"EntryPoint\",\"urlTemplate\":\"https:\/\/semead.com.br\/16\/?s={search_term_string}\"},\"query-input\":{\"@type\":\"PropertyValueSpecification\",\"valueRequired\":true,\"valueName\":\"search_term_string\"}}],\"inLanguage\":\"pt-BR\"}]}<\/script>\n<!-- \/ Yoast SEO plugin. -->","yoast_head_json":{"title":"Como chegar - XVI SemeAd","robots":{"index":"index","follow":"follow","max-snippet":"max-snippet:-1","max-image-preview":"max-image-preview:large","max-video-preview":"max-video-preview:-1"},"canonical":"https:\/\/semead.com.br\/16\/informacoes\/como-chegar\/","og_locale":"pt_BR","og_type":"article","og_title":"Como chegar - XVI SemeAd","og_description":"Transporte P\u00fablico: Esta\u00e7\u00e3o de METR\u00d4 mais pr\u00f3xima: Esta\u00e7\u00e3o BUTANT\u00c3 \u2013 Linha 4 Amarela. Ao desembarcar na esta\u00e7\u00e3o Butant\u00e3, pegar a Linha 8012-10 Cidade Universit\u00e1ria\/Metr\u00f4 Butant\u00e3 (CIRCULAR 1) no terminal de \u00f4nibus da esta\u00e7\u00e3o. Desembarque na AV. PROF. LUCIANO GUALBERTO, 908, em frente \u00e0 FEA (Faculdade de Economia e Administra\u00e7\u00e3o) Esta\u00e7\u00e3o de TREM mais pr\u00f3xima: CIDADE...","og_url":"https:\/\/semead.com.br\/16\/informacoes\/como-chegar\/","og_site_name":"XVI SemeAd","article_modified_time":"2017-02-21T22:33:10+00:00","twitter_card":"summary_large_image","twitter_misc":{"Est. tempo de leitura":"2 minutos"},"schema":{"@context":"https:\/\/schema.org","@graph":[{"@type":"WebPage","@id":"https:\/\/semead.com.br\/16\/informacoes\/como-chegar\/","url":"https:\/\/semead.com.br\/16\/informacoes\/como-chegar\/","name":"Como chegar - XVI SemeAd","isPartOf":{"@id":"https:\/\/semead.com.br\/16\/#website"},"datePublished":"2017-02-21T22:27:27+00:00","dateModified":"2017-02-21T22:33:10+00:00","breadcrumb":{"@id":"https:\/\/semead.com.br\/16\/informacoes\/como-chegar\/#breadcrumb"},"inLanguage":"pt-BR","potentialAction":[{"@type":"ReadAction","target":["https:\/\/semead.com.br\/16\/informacoes\/como-chegar\/"]}]},{"@type":"BreadcrumbList","@id":"https:\/\/semead.com.br\/16\/informacoes\/como-chegar\/#breadcrumb","itemListElement":[{"@type":"ListItem","position":1,"name":"In\u00edcio","item":"https:\/\/semead.com.br\/16\/"},{"@type":"ListItem","position":2,"name":"Informa\u00e7\u00f5es","item":"https:\/\/semead.com.br\/16\/informacoes\/"},{"@type":"ListItem","position":3,"name":"Como chegar"}]},{"@type":"WebSite","@id":"https:\/\/semead.com.br\/16\/#website","url":"https:\/\/semead.com.br\/16\/","name":"XVI SemeAd","description":"S\u00f3 mais um site SemeAd","potentialAction":[{"@type":"SearchAction","target":{"@type":"EntryPoint","urlTemplate":"https:\/\/semead.com.br\/16\/?s={search_term_string}"},"query-input":{"@type":"PropertyValueSpecification","valueRequired":true,"valueName":"search_term_string"}}],"inLanguage":"pt-BR"}]}},"_links":{"self":[{"href":"https:\/\/semead.com.br\/16\/wp-json\/wp\/v2\/pages\/136","targetHints":{"allow":["GET"]}}],"collection":[{"href":"https:\/\/semead.com.br\/16\/wp-json\/wp\/v2\/pages"}],"about":[{"href":"https:\/\/semead.com.br\/16\/wp-json\/wp\/v2\/types\/page"}],"author":[{"embeddable":true,"href":"https:\/\/semead.com.br\/16\/wp-json\/wp\/v2\/users\/4"}],"replies":[{"embeddable":true,"href":"https:\/\/semead.com.br\/16\/wp-json\/wp\/v2\/comments?post=136"}],"version-history":[{"count":0,"href":"https:\/\/semead.com.br\/16\/wp-json\/wp\/v2\/pages\/136\/revisions"}],"up":[{"embeddable":true,"href":"https:\/\/semead.com.br\/16\/wp-json\/wp\/v2\/pages\/130"}],"wp:attachment":[{"href":"https:\/\/semead.com.br\/16\/wp-json\/wp\/v2\/media?parent=136"}],"curies":[{"name":"wp","href":"https:\/\/api.w.org\/{rel}","templated":true}]}}