{"id":140,"date":"2017-02-21T19:28:26","date_gmt":"2017-02-21T22:28:26","guid":{"rendered":"https:\/\/semead.com.br\/16\/?page_id=140"},"modified":"2017-02-21T19:28:26","modified_gmt":"2017-02-21T22:28:26","slug":"contato","status":"publish","type":"page","link":"https:\/\/semead.com.br\/16\/informacoes\/contato\/","title":{"rendered":"Contato"},"content":{"rendered":"<p><strong>XVI Seme<em>Ad<\/em><\/strong><br \/>\nSecretaria do Programa de P\u00f3s-Gradua\u00e7\u00e3o em Administra\u00e7\u00e3o \u2013 USP<br \/>\nAv. Prof. Luciano Gualberto, 908. Cid. Universit\u00e1ria, \u00a0S\u00e3o Paulo \u2013 SP<br \/>\nCEP: 05508-010<\/p>\n<p><strong>Hor\u00e1rio de Atendimento:<\/strong><br \/>\nDe 2\u00aa a 6\u00aa das 9:00h \u00e0s 17:00h<br \/>\nTelefones: (011) 3091-5805 Fax: (011) 3818-4003<br \/>\ne-mail: <a href=\"mailto:semead@usp.br\">semead@usp.br<\/a><\/p>\n","protected":false},"excerpt":{"rendered":"<p>XVI SemeAd Secretaria do Programa de P\u00f3s-Gradua\u00e7\u00e3o em Administra\u00e7\u00e3o \u2013 USP Av. Prof. Luciano Gualberto, 908. Cid. Universit\u00e1ria, \u00a0S\u00e3o Paulo \u2013 SP CEP: 05508-010 Hor\u00e1rio de Atendimento: De 2\u00aa a 6\u00aa das 9:00h \u00e0s 17:00h Telefones: (011) 3091-5805 Fax: (011) 3818-4003 e-mail: semead@usp.br<\/p>\n","protected":false},"author":4,"featured_media":0,"parent":130,"menu_order":0,"comment_status":"closed","ping_status":"closed","template":"","meta":{"_acf_changed":false,"_monsterinsights_skip_tracking":false,"_monsterinsights_sitenote_active":false,"_monsterinsights_sitenote_note":"","_monsterinsights_sitenote_category":0,"footnotes":""},"class_list":["post-140","page","type-page","status-publish","hentry"],"acf":[],"yoast_head":"<!-- This site is optimized with the Yoast SEO plugin v27.1.1 - https:\/\/yoast.com\/product\/yoast-seo-wordpress\/ -->\n<title>Contato - XVI SemeAd<\/title>\n<meta name=\"robots\" content=\"index, follow, max-snippet:-1, max-image-preview:large, max-video-preview:-1\" \/>\n<link rel=\"canonical\" href=\"https:\/\/semead.com.br\/16\/informacoes\/contato\/\" \/>\n<meta property=\"og:locale\" content=\"pt_BR\" \/>\n<meta property=\"og:type\" content=\"article\" \/>\n<meta property=\"og:title\" content=\"Contato - XVI SemeAd\" \/>\n<meta property=\"og:description\" content=\"XVI SemeAd Secretaria do Programa de P\u00f3s-Gradua\u00e7\u00e3o em Administra\u00e7\u00e3o \u2013 USP Av. Prof. Luciano Gualberto, 908. Cid. Universit\u00e1ria, \u00a0S\u00e3o Paulo \u2013 SP CEP: 05508-010 Hor\u00e1rio de Atendimento: De 2\u00aa a 6\u00aa das 9:00h \u00e0s 17:00h Telefones: (011) 3091-5805 Fax: (011) 3818-4003 e-mail: semead@usp.br\" \/>\n<meta property=\"og:url\" content=\"https:\/\/semead.com.br\/16\/informacoes\/contato\/\" \/>\n<meta property=\"og:site_name\" content=\"XVI SemeAd\" \/>\n<meta name=\"twitter:card\" content=\"summary_large_image\" \/>\n<script type=\"application\/ld+json\" class=\"yoast-schema-graph\">{\"@context\":\"https:\/\/schema.org\",\"@graph\":[{\"@type\":\"WebPage\",\"@id\":\"https:\/\/semead.com.br\/16\/informacoes\/contato\/\",\"url\":\"https:\/\/semead.com.br\/16\/informacoes\/contato\/\",\"name\":\"Contato - XVI SemeAd\",\"isPartOf\":{\"@id\":\"https:\/\/semead.com.br\/16\/#website\"},\"datePublished\":\"2017-02-21T22:28:26+00:00\",\"breadcrumb\":{\"@id\":\"https:\/\/semead.com.br\/16\/informacoes\/contato\/#breadcrumb\"},\"inLanguage\":\"pt-BR\",\"potentialAction\":[{\"@type\":\"ReadAction\",\"target\":[\"https:\/\/semead.com.br\/16\/informacoes\/contato\/\"]}]},{\"@type\":\"BreadcrumbList\",\"@id\":\"https:\/\/semead.com.br\/16\/informacoes\/contato\/#breadcrumb\",\"itemListElement\":[{\"@type\":\"ListItem\",\"position\":1,\"name\":\"In\u00edcio\",\"item\":\"https:\/\/semead.com.br\/16\/\"},{\"@type\":\"ListItem\",\"position\":2,\"name\":\"Informa\u00e7\u00f5es\",\"item\":\"https:\/\/semead.com.br\/16\/informacoes\/\"},{\"@type\":\"ListItem\",\"position\":3,\"name\":\"Contato\"}]},{\"@type\":\"WebSite\",\"@id\":\"https:\/\/semead.com.br\/16\/#website\",\"url\":\"https:\/\/semead.com.br\/16\/\",\"name\":\"XVI SemeAd\",\"description\":\"S\u00f3 mais um site SemeAd\",\"potentialAction\":[{\"@type\":\"SearchAction\",\"target\":{\"@type\":\"EntryPoint\",\"urlTemplate\":\"https:\/\/semead.com.br\/16\/?s={search_term_string}\"},\"query-input\":{\"@type\":\"PropertyValueSpecification\",\"valueRequired\":true,\"valueName\":\"search_term_string\"}}],\"inLanguage\":\"pt-BR\"}]}<\/script>\n<!-- \/ Yoast SEO plugin. -->","yoast_head_json":{"title":"Contato - XVI SemeAd","robots":{"index":"index","follow":"follow","max-snippet":"max-snippet:-1","max-image-preview":"max-image-preview:large","max-video-preview":"max-video-preview:-1"},"canonical":"https:\/\/semead.com.br\/16\/informacoes\/contato\/","og_locale":"pt_BR","og_type":"article","og_title":"Contato - XVI SemeAd","og_description":"XVI SemeAd Secretaria do Programa de P\u00f3s-Gradua\u00e7\u00e3o em Administra\u00e7\u00e3o \u2013 USP Av. Prof. Luciano Gualberto, 908. Cid. Universit\u00e1ria, \u00a0S\u00e3o Paulo \u2013 SP CEP: 05508-010 Hor\u00e1rio de Atendimento: De 2\u00aa a 6\u00aa das 9:00h \u00e0s 17:00h Telefones: (011) 3091-5805 Fax: (011) 3818-4003 e-mail: semead@usp.br","og_url":"https:\/\/semead.com.br\/16\/informacoes\/contato\/","og_site_name":"XVI SemeAd","twitter_card":"summary_large_image","schema":{"@context":"https:\/\/schema.org","@graph":[{"@type":"WebPage","@id":"https:\/\/semead.com.br\/16\/informacoes\/contato\/","url":"https:\/\/semead.com.br\/16\/informacoes\/contato\/","name":"Contato - XVI SemeAd","isPartOf":{"@id":"https:\/\/semead.com.br\/16\/#website"},"datePublished":"2017-02-21T22:28:26+00:00","breadcrumb":{"@id":"https:\/\/semead.com.br\/16\/informacoes\/contato\/#breadcrumb"},"inLanguage":"pt-BR","potentialAction":[{"@type":"ReadAction","target":["https:\/\/semead.com.br\/16\/informacoes\/contato\/"]}]},{"@type":"BreadcrumbList","@id":"https:\/\/semead.com.br\/16\/informacoes\/contato\/#breadcrumb","itemListElement":[{"@type":"ListItem","position":1,"name":"In\u00edcio","item":"https:\/\/semead.com.br\/16\/"},{"@type":"ListItem","position":2,"name":"Informa\u00e7\u00f5es","item":"https:\/\/semead.com.br\/16\/informacoes\/"},{"@type":"ListItem","position":3,"name":"Contato"}]},{"@type":"WebSite","@id":"https:\/\/semead.com.br\/16\/#website","url":"https:\/\/semead.com.br\/16\/","name":"XVI SemeAd","description":"S\u00f3 mais um site SemeAd","potentialAction":[{"@type":"SearchAction","target":{"@type":"EntryPoint","urlTemplate":"https:\/\/semead.com.br\/16\/?s={search_term_string}"},"query-input":{"@type":"PropertyValueSpecification","valueRequired":true,"valueName":"search_term_string"}}],"inLanguage":"pt-BR"}]}},"_links":{"self":[{"href":"https:\/\/semead.com.br\/16\/wp-json\/wp\/v2\/pages\/140","targetHints":{"allow":["GET"]}}],"collection":[{"href":"https:\/\/semead.com.br\/16\/wp-json\/wp\/v2\/pages"}],"about":[{"href":"https:\/\/semead.com.br\/16\/wp-json\/wp\/v2\/types\/page"}],"author":[{"embeddable":true,"href":"https:\/\/semead.com.br\/16\/wp-json\/wp\/v2\/users\/4"}],"replies":[{"embeddable":true,"href":"https:\/\/semead.com.br\/16\/wp-json\/wp\/v2\/comments?post=140"}],"version-history":[{"count":0,"href":"https:\/\/semead.com.br\/16\/wp-json\/wp\/v2\/pages\/140\/revisions"}],"up":[{"embeddable":true,"href":"https:\/\/semead.com.br\/16\/wp-json\/wp\/v2\/pages\/130"}],"wp:attachment":[{"href":"https:\/\/semead.com.br\/16\/wp-json\/wp\/v2\/media?parent=140"}],"curies":[{"name":"wp","href":"https:\/\/api.w.org\/{rel}","templated":true}]}}