{"id":27,"date":"2017-02-21T15:39:46","date_gmt":"2017-02-21T18:39:46","guid":{"rendered":"https:\/\/semead.com.br\/16\/?page_id=27"},"modified":"2017-02-21T15:39:46","modified_gmt":"2017-02-21T18:39:46","slug":"coordenacao","status":"publish","type":"page","link":"https:\/\/semead.com.br\/16\/coordenacao\/","title":{"rendered":"Coordena\u00e7\u00e3o"},"content":{"rendered":"<p><strong>Programa de P\u00f3s-Gradua\u00e7\u00e3o em Administra\u00e7\u00e3o da FEA\/USP<\/strong><\/p>\n<p>Prof. Dr. Adalberto Am\u00e9rico Fischmann<br \/>\n<em>Chefe do Departamento de Administra\u00e7\u00e3o<\/em><\/p>\n<p>Prof. Dr. Lindolfo Galv\u00e3o de Albuquerque<br \/>\n<em>Coordenador do Programa de P\u00f3s-gradua\u00e7\u00e3o<\/em><\/p>\n<p>Prof. Dr. Martinho Isnard Ribeiro de Almeida<br \/>\n<em>Vice-Coordenador do Programa de P\u00f3s-gradua\u00e7\u00e3o<\/em><\/p>\n<p><strong>Comiss\u00e3o Coordenadora e Organizadora<\/strong><br \/>\nProf. Dr. Lindolfo Galv\u00e3o de Albuquerque<br \/>\nProf. Dr. Martinho Isnard Ribeiro de Almeida<br \/>\nProf. Dr. Jo\u00e3o Maur\u00edcio Gama Boaventura<\/p>\n<p><strong>Coordena\u00e7\u00e3o do Cons\u00f3rcio Doutoral<\/strong><br \/>\nProf. Dr. Walter Bataglia<\/p>\n<p><strong>Organiza\u00e7\u00e3o T\u00e9cnica<\/strong><br \/>\nEloisa Martins Alessio<\/p>\n<p><strong>Comiss\u00e3o Internacional<\/strong><br \/>\nProf. Dr. Martinho Isnard Ribeiro de Almeida<br \/>\nProfa. Dra. Heidy Rodriguez Ramos<\/p>\n<p><strong>Respons\u00e1vel t\u00e9cnico pela Implanta\u00e7\u00e3o do Software<\/strong><br \/>\nFernando Yada<\/p>\n<p><strong>Organiza\u00e7\u00e3o do Website<\/strong><br \/>\nRenata Katsumi Aoki<\/p>\n","protected":false},"excerpt":{"rendered":"<p>Programa de P\u00f3s-Gradua\u00e7\u00e3o em Administra\u00e7\u00e3o da FEA\/USP Prof. Dr. Adalberto Am\u00e9rico Fischmann Chefe do Departamento de Administra\u00e7\u00e3o Prof. Dr. Lindolfo Galv\u00e3o de Albuquerque Coordenador do Programa de P\u00f3s-gradua\u00e7\u00e3o Prof. Dr. Martinho Isnard Ribeiro de Almeida Vice-Coordenador do Programa de P\u00f3s-gradua\u00e7\u00e3o Comiss\u00e3o Coordenadora e Organizadora Prof. Dr. Lindolfo Galv\u00e3o de Albuquerque Prof. Dr. Martinho Isnard Ribeiro&#8230;<\/p>\n","protected":false},"author":4,"featured_media":0,"parent":0,"menu_order":0,"comment_status":"closed","ping_status":"closed","template":"","meta":{"_acf_changed":false,"_monsterinsights_skip_tracking":false,"_monsterinsights_sitenote_active":false,"_monsterinsights_sitenote_note":"","_monsterinsights_sitenote_category":0,"footnotes":""},"class_list":["post-27","page","type-page","status-publish","hentry"],"acf":[],"yoast_head":"<!-- This site is optimized with the Yoast SEO plugin v27.1.1 - https:\/\/yoast.com\/product\/yoast-seo-wordpress\/ -->\n<title>Coordena\u00e7\u00e3o - XVI SemeAd<\/title>\n<meta name=\"robots\" content=\"index, follow, max-snippet:-1, max-image-preview:large, max-video-preview:-1\" \/>\n<link rel=\"canonical\" href=\"https:\/\/semead.com.br\/16\/coordenacao\/\" \/>\n<meta property=\"og:locale\" content=\"pt_BR\" \/>\n<meta property=\"og:type\" content=\"article\" \/>\n<meta property=\"og:title\" content=\"Coordena\u00e7\u00e3o - XVI SemeAd\" \/>\n<meta property=\"og:description\" content=\"Programa de P\u00f3s-Gradua\u00e7\u00e3o em Administra\u00e7\u00e3o da FEA\/USP Prof. Dr. Adalberto Am\u00e9rico Fischmann Chefe do Departamento de Administra\u00e7\u00e3o Prof. Dr. Lindolfo Galv\u00e3o de Albuquerque Coordenador do Programa de P\u00f3s-gradua\u00e7\u00e3o Prof. Dr. Martinho Isnard Ribeiro de Almeida Vice-Coordenador do Programa de P\u00f3s-gradua\u00e7\u00e3o Comiss\u00e3o Coordenadora e Organizadora Prof. Dr. Lindolfo Galv\u00e3o de Albuquerque Prof. Dr. Martinho Isnard Ribeiro...\" \/>\n<meta property=\"og:url\" content=\"https:\/\/semead.com.br\/16\/coordenacao\/\" \/>\n<meta property=\"og:site_name\" content=\"XVI SemeAd\" \/>\n<meta name=\"twitter:card\" content=\"summary_large_image\" \/>\n<meta name=\"twitter:label1\" content=\"Est. tempo de leitura\" \/>\n\t<meta name=\"twitter:data1\" content=\"1 minuto\" \/>\n<script type=\"application\/ld+json\" class=\"yoast-schema-graph\">{\"@context\":\"https:\/\/schema.org\",\"@graph\":[{\"@type\":\"WebPage\",\"@id\":\"https:\/\/semead.com.br\/16\/coordenacao\/\",\"url\":\"https:\/\/semead.com.br\/16\/coordenacao\/\",\"name\":\"Coordena\u00e7\u00e3o - XVI SemeAd\",\"isPartOf\":{\"@id\":\"https:\/\/semead.com.br\/16\/#website\"},\"datePublished\":\"2017-02-21T18:39:46+00:00\",\"breadcrumb\":{\"@id\":\"https:\/\/semead.com.br\/16\/coordenacao\/#breadcrumb\"},\"inLanguage\":\"pt-BR\",\"potentialAction\":[{\"@type\":\"ReadAction\",\"target\":[\"https:\/\/semead.com.br\/16\/coordenacao\/\"]}]},{\"@type\":\"BreadcrumbList\",\"@id\":\"https:\/\/semead.com.br\/16\/coordenacao\/#breadcrumb\",\"itemListElement\":[{\"@type\":\"ListItem\",\"position\":1,\"name\":\"In\u00edcio\",\"item\":\"https:\/\/semead.com.br\/16\/\"},{\"@type\":\"ListItem\",\"position\":2,\"name\":\"Coordena\u00e7\u00e3o\"}]},{\"@type\":\"WebSite\",\"@id\":\"https:\/\/semead.com.br\/16\/#website\",\"url\":\"https:\/\/semead.com.br\/16\/\",\"name\":\"XVI SemeAd\",\"description\":\"S\u00f3 mais um site SemeAd\",\"potentialAction\":[{\"@type\":\"SearchAction\",\"target\":{\"@type\":\"EntryPoint\",\"urlTemplate\":\"https:\/\/semead.com.br\/16\/?s={search_term_string}\"},\"query-input\":{\"@type\":\"PropertyValueSpecification\",\"valueRequired\":true,\"valueName\":\"search_term_string\"}}],\"inLanguage\":\"pt-BR\"}]}<\/script>\n<!-- \/ Yoast SEO plugin. -->","yoast_head_json":{"title":"Coordena\u00e7\u00e3o - XVI SemeAd","robots":{"index":"index","follow":"follow","max-snippet":"max-snippet:-1","max-image-preview":"max-image-preview:large","max-video-preview":"max-video-preview:-1"},"canonical":"https:\/\/semead.com.br\/16\/coordenacao\/","og_locale":"pt_BR","og_type":"article","og_title":"Coordena\u00e7\u00e3o - XVI SemeAd","og_description":"Programa de P\u00f3s-Gradua\u00e7\u00e3o em Administra\u00e7\u00e3o da FEA\/USP Prof. Dr. Adalberto Am\u00e9rico Fischmann Chefe do Departamento de Administra\u00e7\u00e3o Prof. Dr. Lindolfo Galv\u00e3o de Albuquerque Coordenador do Programa de P\u00f3s-gradua\u00e7\u00e3o Prof. Dr. Martinho Isnard Ribeiro de Almeida Vice-Coordenador do Programa de P\u00f3s-gradua\u00e7\u00e3o Comiss\u00e3o Coordenadora e Organizadora Prof. Dr. Lindolfo Galv\u00e3o de Albuquerque Prof. Dr. Martinho Isnard Ribeiro...","og_url":"https:\/\/semead.com.br\/16\/coordenacao\/","og_site_name":"XVI SemeAd","twitter_card":"summary_large_image","twitter_misc":{"Est. tempo de leitura":"1 minuto"},"schema":{"@context":"https:\/\/schema.org","@graph":[{"@type":"WebPage","@id":"https:\/\/semead.com.br\/16\/coordenacao\/","url":"https:\/\/semead.com.br\/16\/coordenacao\/","name":"Coordena\u00e7\u00e3o - XVI SemeAd","isPartOf":{"@id":"https:\/\/semead.com.br\/16\/#website"},"datePublished":"2017-02-21T18:39:46+00:00","breadcrumb":{"@id":"https:\/\/semead.com.br\/16\/coordenacao\/#breadcrumb"},"inLanguage":"pt-BR","potentialAction":[{"@type":"ReadAction","target":["https:\/\/semead.com.br\/16\/coordenacao\/"]}]},{"@type":"BreadcrumbList","@id":"https:\/\/semead.com.br\/16\/coordenacao\/#breadcrumb","itemListElement":[{"@type":"ListItem","position":1,"name":"In\u00edcio","item":"https:\/\/semead.com.br\/16\/"},{"@type":"ListItem","position":2,"name":"Coordena\u00e7\u00e3o"}]},{"@type":"WebSite","@id":"https:\/\/semead.com.br\/16\/#website","url":"https:\/\/semead.com.br\/16\/","name":"XVI SemeAd","description":"S\u00f3 mais um site SemeAd","potentialAction":[{"@type":"SearchAction","target":{"@type":"EntryPoint","urlTemplate":"https:\/\/semead.com.br\/16\/?s={search_term_string}"},"query-input":{"@type":"PropertyValueSpecification","valueRequired":true,"valueName":"search_term_string"}}],"inLanguage":"pt-BR"}]}},"_links":{"self":[{"href":"https:\/\/semead.com.br\/16\/wp-json\/wp\/v2\/pages\/27","targetHints":{"allow":["GET"]}}],"collection":[{"href":"https:\/\/semead.com.br\/16\/wp-json\/wp\/v2\/pages"}],"about":[{"href":"https:\/\/semead.com.br\/16\/wp-json\/wp\/v2\/types\/page"}],"author":[{"embeddable":true,"href":"https:\/\/semead.com.br\/16\/wp-json\/wp\/v2\/users\/4"}],"replies":[{"embeddable":true,"href":"https:\/\/semead.com.br\/16\/wp-json\/wp\/v2\/comments?post=27"}],"version-history":[{"count":0,"href":"https:\/\/semead.com.br\/16\/wp-json\/wp\/v2\/pages\/27\/revisions"}],"wp:attachment":[{"href":"https:\/\/semead.com.br\/16\/wp-json\/wp\/v2\/media?parent=27"}],"curies":[{"name":"wp","href":"https:\/\/api.w.org\/{rel}","templated":true}]}}