{"id":31,"date":"2017-02-21T15:45:09","date_gmt":"2017-02-21T18:45:09","guid":{"rendered":"https:\/\/semead.com.br\/16\/?page_id=31"},"modified":"2017-02-21T15:45:09","modified_gmt":"2017-02-21T18:45:09","slug":"datas-importantes","status":"publish","type":"page","link":"https:\/\/semead.com.br\/16\/datas-importantes\/","title":{"rendered":"Datas Importantes"},"content":{"rendered":"<table id=\"tablepress-4\" class=\"tablepress tablepress-id-4\">\n<tbody class=\"row-hover\">\n<tr class=\"row-1 odd\">\n<td class=\"column-1\">20\/05\/2013<\/td>\n<td class=\"column-2\">Abertura de submiss\u00e3o de trabalhos<\/td>\n<\/tr>\n<tr class=\"row-2 even\">\n<td class=\"column-1\">29\/07\/2013<\/td>\n<td class=\"column-2\">Data limite para a submiss\u00e3o de trabalhos do SemeAd e Cons\u00f3rcio Doutoral<\/td>\n<\/tr>\n<tr class=\"row-3 odd\">\n<td class=\"column-1\">23\/09\/2013<\/td>\n<td class=\"column-2\">Divulga\u00e7\u00e3o dos resultados para o SemeAd e Cons\u00f3rcio Doutoral<\/td>\n<\/tr>\n<tr class=\"row-4 even\">\n<td class=\"column-1\">23\/09 &#8211; 07\/10\/2013<\/td>\n<td class=\"column-2\">Confirma\u00e7\u00e3o dos palestrantes atrav\u00e9s das inscri\u00e7\u00f5es<\/td>\n<\/tr>\n<tr class=\"row-5 odd\">\n<td class=\"column-1\">07\/10\/2013<\/td>\n<td class=\"column-2\">Encerramento das inscri\u00e7\u00f5es SemeAd e Cons\u00f3rcio Doutoral<\/td>\n<\/tr>\n<tr class=\"row-6 even\">\n<td class=\"column-1\">14\/10\/2014<\/td>\n<td class=\"column-2\">Divulga\u00e7\u00e3o da programa\u00e7\u00e3o das palestras<\/td>\n<\/tr>\n<tr class=\"row-7 odd\">\n<td class=\"column-1\">23\/10\/2013<\/td>\n<td class=\"column-2\">Cons\u00f3rcio Doutoral<\/td>\n<\/tr>\n<tr class=\"row-8 even\">\n<td class=\"column-1\">24\/10\/2013<\/td>\n<td class=\"column-2\">1\u00ba dia &#8211; SemeAd<\/td>\n<\/tr>\n<tr class=\"row-9 odd\">\n<td class=\"column-1\">25\/10\/2013<\/td>\n<td class=\"column-2\">2\u00ba dia &#8211; SemeAd<\/td>\n<\/tr>\n<\/tbody>\n<\/table>\n","protected":false},"excerpt":{"rendered":"<p>20\/05\/2013 Abertura de submiss\u00e3o de trabalhos 29\/07\/2013 Data limite para a submiss\u00e3o de trabalhos do SemeAd e Cons\u00f3rcio Doutoral 23\/09\/2013 Divulga\u00e7\u00e3o dos resultados para o SemeAd e Cons\u00f3rcio Doutoral 23\/09 &#8211; 07\/10\/2013 Confirma\u00e7\u00e3o dos palestrantes atrav\u00e9s das inscri\u00e7\u00f5es 07\/10\/2013 Encerramento das inscri\u00e7\u00f5es SemeAd e Cons\u00f3rcio Doutoral 14\/10\/2014 Divulga\u00e7\u00e3o da programa\u00e7\u00e3o das palestras 23\/10\/2013 Cons\u00f3rcio Doutoral&#8230;<\/p>\n","protected":false},"author":4,"featured_media":0,"parent":0,"menu_order":0,"comment_status":"closed","ping_status":"closed","template":"","meta":{"_acf_changed":false,"_monsterinsights_skip_tracking":false,"_monsterinsights_sitenote_active":false,"_monsterinsights_sitenote_note":"","_monsterinsights_sitenote_category":0,"footnotes":""},"class_list":["post-31","page","type-page","status-publish","hentry"],"acf":[],"yoast_head":"<!-- This site is optimized with the Yoast SEO plugin v27.1.1 - https:\/\/yoast.com\/product\/yoast-seo-wordpress\/ -->\n<title>Datas Importantes - XVI SemeAd<\/title>\n<meta name=\"robots\" content=\"index, follow, max-snippet:-1, max-image-preview:large, max-video-preview:-1\" \/>\n<link rel=\"canonical\" href=\"https:\/\/semead.com.br\/16\/datas-importantes\/\" \/>\n<meta property=\"og:locale\" content=\"pt_BR\" \/>\n<meta property=\"og:type\" content=\"article\" \/>\n<meta property=\"og:title\" content=\"Datas Importantes - XVI SemeAd\" \/>\n<meta property=\"og:description\" content=\"20\/05\/2013 Abertura de submiss\u00e3o de trabalhos 29\/07\/2013 Data limite para a submiss\u00e3o de trabalhos do SemeAd e Cons\u00f3rcio Doutoral 23\/09\/2013 Divulga\u00e7\u00e3o dos resultados para o SemeAd e Cons\u00f3rcio Doutoral 23\/09 &#8211; 07\/10\/2013 Confirma\u00e7\u00e3o dos palestrantes atrav\u00e9s das inscri\u00e7\u00f5es 07\/10\/2013 Encerramento das inscri\u00e7\u00f5es SemeAd e Cons\u00f3rcio Doutoral 14\/10\/2014 Divulga\u00e7\u00e3o da programa\u00e7\u00e3o das palestras 23\/10\/2013 Cons\u00f3rcio Doutoral...\" \/>\n<meta property=\"og:url\" content=\"https:\/\/semead.com.br\/16\/datas-importantes\/\" \/>\n<meta property=\"og:site_name\" content=\"XVI SemeAd\" \/>\n<meta name=\"twitter:card\" content=\"summary_large_image\" \/>\n<script type=\"application\/ld+json\" class=\"yoast-schema-graph\">{\"@context\":\"https:\/\/schema.org\",\"@graph\":[{\"@type\":\"WebPage\",\"@id\":\"https:\/\/semead.com.br\/16\/datas-importantes\/\",\"url\":\"https:\/\/semead.com.br\/16\/datas-importantes\/\",\"name\":\"Datas Importantes - XVI SemeAd\",\"isPartOf\":{\"@id\":\"https:\/\/semead.com.br\/16\/#website\"},\"datePublished\":\"2017-02-21T18:45:09+00:00\",\"breadcrumb\":{\"@id\":\"https:\/\/semead.com.br\/16\/datas-importantes\/#breadcrumb\"},\"inLanguage\":\"pt-BR\",\"potentialAction\":[{\"@type\":\"ReadAction\",\"target\":[\"https:\/\/semead.com.br\/16\/datas-importantes\/\"]}]},{\"@type\":\"BreadcrumbList\",\"@id\":\"https:\/\/semead.com.br\/16\/datas-importantes\/#breadcrumb\",\"itemListElement\":[{\"@type\":\"ListItem\",\"position\":1,\"name\":\"In\u00edcio\",\"item\":\"https:\/\/semead.com.br\/16\/\"},{\"@type\":\"ListItem\",\"position\":2,\"name\":\"Datas Importantes\"}]},{\"@type\":\"WebSite\",\"@id\":\"https:\/\/semead.com.br\/16\/#website\",\"url\":\"https:\/\/semead.com.br\/16\/\",\"name\":\"XVI SemeAd\",\"description\":\"S\u00f3 mais um site SemeAd\",\"potentialAction\":[{\"@type\":\"SearchAction\",\"target\":{\"@type\":\"EntryPoint\",\"urlTemplate\":\"https:\/\/semead.com.br\/16\/?s={search_term_string}\"},\"query-input\":{\"@type\":\"PropertyValueSpecification\",\"valueRequired\":true,\"valueName\":\"search_term_string\"}}],\"inLanguage\":\"pt-BR\"}]}<\/script>\n<!-- \/ Yoast SEO plugin. -->","yoast_head_json":{"title":"Datas Importantes - XVI SemeAd","robots":{"index":"index","follow":"follow","max-snippet":"max-snippet:-1","max-image-preview":"max-image-preview:large","max-video-preview":"max-video-preview:-1"},"canonical":"https:\/\/semead.com.br\/16\/datas-importantes\/","og_locale":"pt_BR","og_type":"article","og_title":"Datas Importantes - XVI SemeAd","og_description":"20\/05\/2013 Abertura de submiss\u00e3o de trabalhos 29\/07\/2013 Data limite para a submiss\u00e3o de trabalhos do SemeAd e Cons\u00f3rcio Doutoral 23\/09\/2013 Divulga\u00e7\u00e3o dos resultados para o SemeAd e Cons\u00f3rcio Doutoral 23\/09 &#8211; 07\/10\/2013 Confirma\u00e7\u00e3o dos palestrantes atrav\u00e9s das inscri\u00e7\u00f5es 07\/10\/2013 Encerramento das inscri\u00e7\u00f5es SemeAd e Cons\u00f3rcio Doutoral 14\/10\/2014 Divulga\u00e7\u00e3o da programa\u00e7\u00e3o das palestras 23\/10\/2013 Cons\u00f3rcio Doutoral...","og_url":"https:\/\/semead.com.br\/16\/datas-importantes\/","og_site_name":"XVI SemeAd","twitter_card":"summary_large_image","schema":{"@context":"https:\/\/schema.org","@graph":[{"@type":"WebPage","@id":"https:\/\/semead.com.br\/16\/datas-importantes\/","url":"https:\/\/semead.com.br\/16\/datas-importantes\/","name":"Datas Importantes - XVI SemeAd","isPartOf":{"@id":"https:\/\/semead.com.br\/16\/#website"},"datePublished":"2017-02-21T18:45:09+00:00","breadcrumb":{"@id":"https:\/\/semead.com.br\/16\/datas-importantes\/#breadcrumb"},"inLanguage":"pt-BR","potentialAction":[{"@type":"ReadAction","target":["https:\/\/semead.com.br\/16\/datas-importantes\/"]}]},{"@type":"BreadcrumbList","@id":"https:\/\/semead.com.br\/16\/datas-importantes\/#breadcrumb","itemListElement":[{"@type":"ListItem","position":1,"name":"In\u00edcio","item":"https:\/\/semead.com.br\/16\/"},{"@type":"ListItem","position":2,"name":"Datas Importantes"}]},{"@type":"WebSite","@id":"https:\/\/semead.com.br\/16\/#website","url":"https:\/\/semead.com.br\/16\/","name":"XVI SemeAd","description":"S\u00f3 mais um site SemeAd","potentialAction":[{"@type":"SearchAction","target":{"@type":"EntryPoint","urlTemplate":"https:\/\/semead.com.br\/16\/?s={search_term_string}"},"query-input":{"@type":"PropertyValueSpecification","valueRequired":true,"valueName":"search_term_string"}}],"inLanguage":"pt-BR"}]}},"_links":{"self":[{"href":"https:\/\/semead.com.br\/16\/wp-json\/wp\/v2\/pages\/31","targetHints":{"allow":["GET"]}}],"collection":[{"href":"https:\/\/semead.com.br\/16\/wp-json\/wp\/v2\/pages"}],"about":[{"href":"https:\/\/semead.com.br\/16\/wp-json\/wp\/v2\/types\/page"}],"author":[{"embeddable":true,"href":"https:\/\/semead.com.br\/16\/wp-json\/wp\/v2\/users\/4"}],"replies":[{"embeddable":true,"href":"https:\/\/semead.com.br\/16\/wp-json\/wp\/v2\/comments?post=31"}],"version-history":[{"count":0,"href":"https:\/\/semead.com.br\/16\/wp-json\/wp\/v2\/pages\/31\/revisions"}],"wp:attachment":[{"href":"https:\/\/semead.com.br\/16\/wp-json\/wp\/v2\/media?parent=31"}],"curies":[{"name":"wp","href":"https:\/\/api.w.org\/{rel}","templated":true}]}}