{"id":4,"date":"2017-02-21T14:33:31","date_gmt":"2017-02-21T17:33:31","guid":{"rendered":"https:\/\/semead.com.br\/16\/?page_id=4"},"modified":"2017-02-21T15:16:57","modified_gmt":"2017-02-21T18:16:57","slug":"home","status":"publish","type":"page","link":"https:\/\/semead.com.br\/16\/","title":{"rendered":"Home"},"content":{"rendered":"<p>[symple_column size=&#8221;one-half&#8221; position=&#8221;first&#8221;]<\/p>\n<p>[symple_heading type=&#8221;h2&#8243; title=&#8221;Datas Importantes&#8221;]<\/p>\n<div class=\"recent-posts clearfix recent-posts-97  style-news\"><article class=\"recent-posts-entry entry-1 grid-1 fitvids clearfix  remove-margin\"><div class=\"recent-posts-entry-details clearfix\"><div class=\"recent-posts-entry-date\"><span class=\"day\">20<\/span><span class=\"month\">maio<\/span><\/div><header class=\"recent-posts-entry-title\"><h3><a href=\"https:\/\/semead.com.br\/16\/2013\/05\/20\/abertura-da-submissao-de-trabalhos-para-o-xvi-semead\/\" title=\"Abertura da submiss\u00e3o de trabalhos para o XVI SemeAd\">Abertura da submiss\u00e3o de trabalhos para o XVI SemeAd<\/a><\/h3><\/header><!-- .recent-posts-entry-title --><div class=\"recent-posts-entry-excerpt\"> <\/div><!-- \/recent-posts-entry-excerpt --><\/div><!-- .recent-posts-entry-details --><\/article><div class=\"clear-grid-floats clear\"><\/div><article class=\"recent-posts-entry entry-16 grid-1 fitvids clearfix  remove-margin\"><div class=\"recent-posts-entry-details clearfix\"><div class=\"recent-posts-entry-date\"><span class=\"day\">30<\/span><span class=\"month\">jul<\/span><\/div><header class=\"recent-posts-entry-title\"><h3><a href=\"https:\/\/semead.com.br\/16\/2013\/07\/30\/data-limite-para-a-submissao-de-trabalhos-prorrogada-para-300713-ate-as-1200\/\" title=\"Data limite para a submiss\u00e3o de trabalhos prorrogada para 30\/07\/13 at\u00e9 as 12:00\">Data limite para a submiss\u00e3o de trabalhos prorrogada para 30\/07\/13 at\u00e9 as 12:00<\/a><\/h3><\/header><!-- .recent-posts-entry-title --><div class=\"recent-posts-entry-excerpt\"> <\/div><!-- \/recent-posts-entry-excerpt --><\/div><!-- .recent-posts-entry-details --><\/article><div class=\"clear-grid-floats clear\"><\/div><article class=\"recent-posts-entry entry-18 grid-1 fitvids clearfix  remove-margin\"><div class=\"recent-posts-entry-details clearfix\"><div class=\"recent-posts-entry-date\"><span class=\"day\">23<\/span><span class=\"month\">set<\/span><\/div><header class=\"recent-posts-entry-title\"><h3><a href=\"https:\/\/semead.com.br\/16\/2013\/09\/23\/divulgacao-dos-resultados\/\" title=\"Divulga\u00e7\u00e3o dos resultados\">Divulga\u00e7\u00e3o dos resultados<\/a><\/h3><\/header><!-- .recent-posts-entry-title --><div class=\"recent-posts-entry-excerpt\"> <\/div><!-- \/recent-posts-entry-excerpt --><\/div><!-- .recent-posts-entry-details --><\/article><div class=\"clear-grid-floats clear\"><\/div><article class=\"recent-posts-entry entry-20 grid-1 fitvids clearfix  remove-margin\"><div class=\"recent-posts-entry-details clearfix\"><div class=\"recent-posts-entry-date\"><span class=\"day\">07<\/span><span class=\"month\">out<\/span><\/div><header class=\"recent-posts-entry-title\"><h3><a href=\"https:\/\/semead.com.br\/16\/2013\/10\/07\/ultimo-dia-de-inscricoes-para-o-semead\/\" title=\"\u00daltimo dia de inscri\u00e7\u00f5es para o SemeAd!\">\u00daltimo dia de inscri\u00e7\u00f5es para o SemeAd!<\/a><\/h3><\/header><!-- .recent-posts-entry-title --><div class=\"recent-posts-entry-excerpt\"> <\/div><!-- \/recent-posts-entry-excerpt --><\/div><!-- .recent-posts-entry-details --><\/article><div class=\"clear-grid-floats clear\"><\/div><\/div>\n<p>[\/symple_column]<\/p>\n<p>[symple_column size=&#8221;one-half&#8221; position=&#8221;last&#8221;]<\/p>\n<p>[symple_heading type=&#8221;h2&#8243; title=&#8221;Apoio \/ Realiza\u00e7\u00e3o&#8221;]<\/p>\n<p><a href=\"http:\/\/www.fea.usp.br\" target=\"_blank\"><img loading=\"lazy\" decoding=\"async\" class=\"alignnone size-full wp-image-10394\" src=\"https:\/\/semead.com.br\/17\/wp-content\/uploads\/sites\/3\/2012\/12\/logo-fea.jpg\" alt=\"logo-fea\" width=\"260\" height=\"180\" \/><\/a><a href=\"http:\/\/www.capes.gov.br\/\"><img loading=\"lazy\" decoding=\"async\" class=\"alignnone size-full wp-image-9876\" src=\"https:\/\/semead.com.br\/17\/wp-content\/uploads\/sites\/3\/2013\/04\/logo_capes.gif\" alt=\"logo_capes\" width=\"260\" height=\"180\" \/><\/a><\/p>\n<p><a href=\"http:\/\/www.fapesp.br\/\" target=\"_blank\"><img loading=\"lazy\" decoding=\"async\" class=\"alignnone size-full wp-image-11446\" src=\"https:\/\/semead.com.br\/17\/wp-content\/uploads\/sites\/3\/2012\/12\/FAPESP_logo_isolado_azul.png\" alt=\"FAPESP_logo_isolado_azul\" width=\"250\" height=\"80\" \/><\/a>\u00a0<a href=\"http:\/\/www.cnpq.br\/\" target=\"_blank\"><img loading=\"lazy\" decoding=\"async\" class=\"alignnone size-full wp-image-11444\" src=\"https:\/\/semead.com.br\/17\/wp-content\/uploads\/sites\/3\/2012\/12\/cnpq.png\" alt=\"cnpq\" width=\"250\" height=\"111\" \/><\/a><\/p>\n<p>[\/symple_column]<\/p>\n<hr \/>\n<p>[symple_heading type=&#8221;h2&#8243; title=&#8221;Parceiros&#8221;]<\/p>\n<p style=\"font-weight: 400; color: #222222;\">[symple_column size=&#8221;one-fourth&#8221;]<img loading=\"lazy\" decoding=\"async\" class=\"wp-image-10373 size-full aligncenter\" src=\"https:\/\/semead.com.br\/17\/wp-content\/uploads\/sites\/3\/2012\/12\/logo-fia.gif\" alt=\"logo-fia\" width=\"200\" height=\"180\" \/>[\/symple_column]<\/p>\n<p style=\"font-weight: 400; color: #222222;\">[symple_column size=&#8221;one-fourth&#8221;]<img loading=\"lazy\" decoding=\"async\" class=\"size-full wp-image-10376 aligncenter\" src=\"https:\/\/semead.com.br\/17\/wp-content\/uploads\/sites\/3\/2012\/12\/logo-espm.gif\" alt=\"logo-espm\" width=\"200\" height=\"180\" \/><a href=\"http:\/\/www.fia.com.br\" target=\"_blank\"><br \/>\n<\/a>[\/symple_column]<\/p>\n<p style=\"font-weight: 400; color: #222222;\">[symple_column size=&#8221;one-fourth&#8221;]<\/p>\n<p><img loading=\"lazy\" decoding=\"async\" class=\"alignnone size-full wp-image-8\" src=\"https:\/\/semead.com.br\/16\/wp-content\/uploads\/sites\/6\/2017\/02\/logo-ufsm.gif\" alt=\"\" width=\"200\" height=\"180\" \/><\/p>\n<p style=\"font-weight: 400; color: #222222;\">[\/symple_column]<\/p>\n<p style=\"font-weight: 400; color: #222222;\">[symple_column size=&#8221;one-fourth&#8221; position=&#8221;last&#8221;]<\/p>\n<p style=\"font-weight: 400; color: #222222;\"><img loading=\"lazy\" decoding=\"async\" class=\"size-full wp-image-10378 aligncenter\" src=\"https:\/\/semead.com.br\/17\/wp-content\/uploads\/sites\/3\/2012\/12\/logo-uscs.gif\" alt=\"logo-uscs\" width=\"200\" height=\"180\" \/><a href=\"http:\/\/www.mackenzie.br\/\" target=\"_blank\"><br \/>\n<\/a>[\/symple_column]<\/p>\n<p style=\"font-weight: 400; color: #222222;\">[symple_column size=&#8221;one-fourth&#8221; position=&#8221;first&#8221; fade_in=&#8221;false&#8221;]<img loading=\"lazy\" decoding=\"async\" class=\"alignnone size-full wp-image-25\" src=\"https:\/\/semead.com.br\/16\/wp-content\/uploads\/sites\/6\/2017\/02\/logo-uninove.gif\" alt=\"\" width=\"200\" height=\"180\" \/>[\/symple_column]<\/p>\n<p style=\"font-weight: 400; color: #222222;\">[symple_column size=&#8221;one-fourth&#8221; position=&#8221;middle&#8221; fade_in=&#8221;false&#8221;]<img loading=\"lazy\" decoding=\"async\" class=\"alignnone size-full wp-image-24\" src=\"https:\/\/semead.com.br\/16\/wp-content\/uploads\/sites\/6\/2017\/02\/logo_planetaazul1.jpg\" alt=\"\" width=\"200\" height=\"180\" \/>[\/symple_column]<\/p>\n<p style=\"font-weight: 400; color: #222222;\">[symple_column size=&#8221;one-fourth&#8221; position=&#8221;middle&#8221; fade_in=&#8221;false&#8221;]<img loading=\"lazy\" decoding=\"async\" class=\"alignnone size-full wp-image-23\" src=\"https:\/\/semead.com.br\/16\/wp-content\/uploads\/sites\/6\/2017\/02\/logo_planetaecco_site.jpg\" alt=\"\" width=\"200\" height=\"180\" \/>[\/symple_column]<\/p>\n<p style=\"font-weight: 400; color: #222222;\">[symple_column size=&#8221;one-fourth&#8221; position=&#8221;last&#8221; fade_in=&#8221;false&#8221;]<img loading=\"lazy\" decoding=\"async\" class=\"alignnone size-full wp-image-22\" src=\"https:\/\/semead.com.br\/16\/wp-content\/uploads\/sites\/6\/2017\/02\/mackenzie.png\" alt=\"\" width=\"226\" height=\"151\" \/>[\/symple_column]<\/p>\n<p style=\"font-weight: 400; color: #222222;\">\n","protected":false},"excerpt":{"rendered":"<p>[symple_column size=&#8221;one-half&#8221; position=&#8221;first&#8221;] [symple_heading type=&#8221;h2&#8243; title=&#8221;Datas Importantes&#8221;] [\/symple_column] [symple_column size=&#8221;one-half&#8221; position=&#8221;last&#8221;] [symple_heading type=&#8221;h2&#8243; title=&#8221;Apoio \/ Realiza\u00e7\u00e3o&#8221;] \u00a0 [\/symple_column] [symple_heading type=&#8221;h2&#8243; title=&#8221;Parceiros&#8221;] [symple_column size=&#8221;one-fourth&#8221;][\/symple_column] [symple_column size=&#8221;one-fourth&#8221;] [\/symple_column] [symple_column size=&#8221;one-fourth&#8221;] [\/symple_column] [symple_column size=&#8221;one-fourth&#8221; position=&#8221;last&#8221;] [\/symple_column] [symple_column size=&#8221;one-fourth&#8221; position=&#8221;first&#8221; fade_in=&#8221;false&#8221;][\/symple_column] [symple_column size=&#8221;one-fourth&#8221; position=&#8221;middle&#8221; fade_in=&#8221;false&#8221;][\/symple_column] [symple_column size=&#8221;one-fourth&#8221; position=&#8221;middle&#8221; fade_in=&#8221;false&#8221;][\/symple_column] [symple_column size=&#8221;one-fourth&#8221; position=&#8221;last&#8221; fade_in=&#8221;false&#8221;][\/symple_column]<\/p>\n","protected":false},"author":4,"featured_media":0,"parent":0,"menu_order":0,"comment_status":"closed","ping_status":"closed","template":"","meta":{"_acf_changed":false,"_monsterinsights_skip_tracking":false,"_monsterinsights_sitenote_active":false,"_monsterinsights_sitenote_note":"","_monsterinsights_sitenote_category":0,"footnotes":""},"class_list":["post-4","page","type-page","status-publish","hentry"],"acf":[],"yoast_head":"<!-- This site is optimized with the Yoast SEO plugin v27.1.1 - https:\/\/yoast.com\/product\/yoast-seo-wordpress\/ -->\n<title>Home - XVI SemeAd<\/title>\n<meta name=\"robots\" content=\"index, follow, max-snippet:-1, max-image-preview:large, max-video-preview:-1\" \/>\n<link rel=\"canonical\" href=\"https:\/\/semead.com.br\/16\/\" \/>\n<meta property=\"og:locale\" content=\"pt_BR\" \/>\n<meta property=\"og:type\" content=\"article\" \/>\n<meta property=\"og:title\" content=\"Home - XVI SemeAd\" \/>\n<meta property=\"og:description\" content=\"[symple_column size=&#8221;one-half&#8221; position=&#8221;first&#8221;] [symple_heading type=&#8221;h2&#8243; title=&#8221;Datas Importantes&#8221;] [\/symple_column] [symple_column size=&#8221;one-half&#8221; position=&#8221;last&#8221;] [symple_heading type=&#8221;h2&#8243; title=&#8221;Apoio \/ Realiza\u00e7\u00e3o&#8221;] \u00a0 [\/symple_column] [symple_heading type=&#8221;h2&#8243; title=&#8221;Parceiros&#8221;] [symple_column size=&#8221;one-fourth&#8221;][\/symple_column] [symple_column size=&#8221;one-fourth&#8221;] [\/symple_column] [symple_column size=&#8221;one-fourth&#8221;] [\/symple_column] [symple_column size=&#8221;one-fourth&#8221; position=&#8221;last&#8221;] [\/symple_column] [symple_column size=&#8221;one-fourth&#8221; position=&#8221;first&#8221; fade_in=&#8221;false&#8221;][\/symple_column] [symple_column size=&#8221;one-fourth&#8221; position=&#8221;middle&#8221; fade_in=&#8221;false&#8221;][\/symple_column] [symple_column size=&#8221;one-fourth&#8221; position=&#8221;middle&#8221; fade_in=&#8221;false&#8221;][\/symple_column] [symple_column size=&#8221;one-fourth&#8221; position=&#8221;last&#8221; fade_in=&#8221;false&#8221;][\/symple_column]\" \/>\n<meta property=\"og:url\" content=\"https:\/\/semead.com.br\/16\/\" \/>\n<meta property=\"og:site_name\" content=\"XVI SemeAd\" \/>\n<meta property=\"article:modified_time\" content=\"2017-02-21T18:16:57+00:00\" \/>\n<meta property=\"og:image\" content=\"https:\/\/semead.com.br\/17\/wp-content\/uploads\/sites\/3\/2012\/12\/logo-fea.jpg\" \/>\n<meta name=\"twitter:card\" content=\"summary_large_image\" \/>\n<meta name=\"twitter:label1\" content=\"Est. tempo de leitura\" \/>\n\t<meta name=\"twitter:data1\" content=\"1 minuto\" \/>\n<script type=\"application\/ld+json\" class=\"yoast-schema-graph\">{\"@context\":\"https:\/\/schema.org\",\"@graph\":[{\"@type\":\"WebPage\",\"@id\":\"https:\/\/semead.com.br\/16\/\",\"url\":\"https:\/\/semead.com.br\/16\/\",\"name\":\"Home - XVI SemeAd\",\"isPartOf\":{\"@id\":\"https:\/\/semead.com.br\/16\/#website\"},\"primaryImageOfPage\":{\"@id\":\"https:\/\/semead.com.br\/16\/#primaryimage\"},\"image\":{\"@id\":\"https:\/\/semead.com.br\/16\/#primaryimage\"},\"thumbnailUrl\":\"https:\/\/semead.com.br\/17\/wp-content\/uploads\/sites\/3\/2012\/12\/logo-fea.jpg\",\"datePublished\":\"2017-02-21T17:33:31+00:00\",\"dateModified\":\"2017-02-21T18:16:57+00:00\",\"breadcrumb\":{\"@id\":\"https:\/\/semead.com.br\/16\/#breadcrumb\"},\"inLanguage\":\"pt-BR\",\"potentialAction\":[{\"@type\":\"ReadAction\",\"target\":[\"https:\/\/semead.com.br\/16\/\"]}]},{\"@type\":\"ImageObject\",\"inLanguage\":\"pt-BR\",\"@id\":\"https:\/\/semead.com.br\/16\/#primaryimage\",\"url\":\"https:\/\/semead.com.br\/17\/wp-content\/uploads\/sites\/3\/2012\/12\/logo-fea.jpg\",\"contentUrl\":\"https:\/\/semead.com.br\/17\/wp-content\/uploads\/sites\/3\/2012\/12\/logo-fea.jpg\"},{\"@type\":\"BreadcrumbList\",\"@id\":\"https:\/\/semead.com.br\/16\/#breadcrumb\",\"itemListElement\":[{\"@type\":\"ListItem\",\"position\":1,\"name\":\"In\u00edcio\",\"item\":\"https:\/\/semead.com.br\/16\/\"},{\"@type\":\"ListItem\",\"position\":2,\"name\":\"Home\"}]},{\"@type\":\"WebSite\",\"@id\":\"https:\/\/semead.com.br\/16\/#website\",\"url\":\"https:\/\/semead.com.br\/16\/\",\"name\":\"XVI SemeAd\",\"description\":\"S\u00f3 mais um site SemeAd\",\"potentialAction\":[{\"@type\":\"SearchAction\",\"target\":{\"@type\":\"EntryPoint\",\"urlTemplate\":\"https:\/\/semead.com.br\/16\/?s={search_term_string}\"},\"query-input\":{\"@type\":\"PropertyValueSpecification\",\"valueRequired\":true,\"valueName\":\"search_term_string\"}}],\"inLanguage\":\"pt-BR\"}]}<\/script>\n<!-- \/ Yoast SEO plugin. -->","yoast_head_json":{"title":"Home - XVI SemeAd","robots":{"index":"index","follow":"follow","max-snippet":"max-snippet:-1","max-image-preview":"max-image-preview:large","max-video-preview":"max-video-preview:-1"},"canonical":"https:\/\/semead.com.br\/16\/","og_locale":"pt_BR","og_type":"article","og_title":"Home - XVI SemeAd","og_description":"[symple_column size=&#8221;one-half&#8221; position=&#8221;first&#8221;] [symple_heading type=&#8221;h2&#8243; title=&#8221;Datas Importantes&#8221;] [\/symple_column] [symple_column size=&#8221;one-half&#8221; position=&#8221;last&#8221;] [symple_heading type=&#8221;h2&#8243; title=&#8221;Apoio \/ Realiza\u00e7\u00e3o&#8221;] \u00a0 [\/symple_column] [symple_heading type=&#8221;h2&#8243; title=&#8221;Parceiros&#8221;] [symple_column size=&#8221;one-fourth&#8221;][\/symple_column] [symple_column size=&#8221;one-fourth&#8221;] [\/symple_column] [symple_column size=&#8221;one-fourth&#8221;] [\/symple_column] [symple_column size=&#8221;one-fourth&#8221; position=&#8221;last&#8221;] [\/symple_column] [symple_column size=&#8221;one-fourth&#8221; position=&#8221;first&#8221; fade_in=&#8221;false&#8221;][\/symple_column] [symple_column size=&#8221;one-fourth&#8221; position=&#8221;middle&#8221; fade_in=&#8221;false&#8221;][\/symple_column] [symple_column size=&#8221;one-fourth&#8221; position=&#8221;middle&#8221; fade_in=&#8221;false&#8221;][\/symple_column] [symple_column size=&#8221;one-fourth&#8221; position=&#8221;last&#8221; fade_in=&#8221;false&#8221;][\/symple_column]","og_url":"https:\/\/semead.com.br\/16\/","og_site_name":"XVI SemeAd","article_modified_time":"2017-02-21T18:16:57+00:00","og_image":[{"url":"https:\/\/semead.com.br\/17\/wp-content\/uploads\/sites\/3\/2012\/12\/logo-fea.jpg","type":"","width":"","height":""}],"twitter_card":"summary_large_image","twitter_misc":{"Est. tempo de leitura":"1 minuto"},"schema":{"@context":"https:\/\/schema.org","@graph":[{"@type":"WebPage","@id":"https:\/\/semead.com.br\/16\/","url":"https:\/\/semead.com.br\/16\/","name":"Home - XVI SemeAd","isPartOf":{"@id":"https:\/\/semead.com.br\/16\/#website"},"primaryImageOfPage":{"@id":"https:\/\/semead.com.br\/16\/#primaryimage"},"image":{"@id":"https:\/\/semead.com.br\/16\/#primaryimage"},"thumbnailUrl":"https:\/\/semead.com.br\/17\/wp-content\/uploads\/sites\/3\/2012\/12\/logo-fea.jpg","datePublished":"2017-02-21T17:33:31+00:00","dateModified":"2017-02-21T18:16:57+00:00","breadcrumb":{"@id":"https:\/\/semead.com.br\/16\/#breadcrumb"},"inLanguage":"pt-BR","potentialAction":[{"@type":"ReadAction","target":["https:\/\/semead.com.br\/16\/"]}]},{"@type":"ImageObject","inLanguage":"pt-BR","@id":"https:\/\/semead.com.br\/16\/#primaryimage","url":"https:\/\/semead.com.br\/17\/wp-content\/uploads\/sites\/3\/2012\/12\/logo-fea.jpg","contentUrl":"https:\/\/semead.com.br\/17\/wp-content\/uploads\/sites\/3\/2012\/12\/logo-fea.jpg"},{"@type":"BreadcrumbList","@id":"https:\/\/semead.com.br\/16\/#breadcrumb","itemListElement":[{"@type":"ListItem","position":1,"name":"In\u00edcio","item":"https:\/\/semead.com.br\/16\/"},{"@type":"ListItem","position":2,"name":"Home"}]},{"@type":"WebSite","@id":"https:\/\/semead.com.br\/16\/#website","url":"https:\/\/semead.com.br\/16\/","name":"XVI SemeAd","description":"S\u00f3 mais um site SemeAd","potentialAction":[{"@type":"SearchAction","target":{"@type":"EntryPoint","urlTemplate":"https:\/\/semead.com.br\/16\/?s={search_term_string}"},"query-input":{"@type":"PropertyValueSpecification","valueRequired":true,"valueName":"search_term_string"}}],"inLanguage":"pt-BR"}]}},"_links":{"self":[{"href":"https:\/\/semead.com.br\/16\/wp-json\/wp\/v2\/pages\/4","targetHints":{"allow":["GET"]}}],"collection":[{"href":"https:\/\/semead.com.br\/16\/wp-json\/wp\/v2\/pages"}],"about":[{"href":"https:\/\/semead.com.br\/16\/wp-json\/wp\/v2\/types\/page"}],"author":[{"embeddable":true,"href":"https:\/\/semead.com.br\/16\/wp-json\/wp\/v2\/users\/4"}],"replies":[{"embeddable":true,"href":"https:\/\/semead.com.br\/16\/wp-json\/wp\/v2\/comments?post=4"}],"version-history":[{"count":0,"href":"https:\/\/semead.com.br\/16\/wp-json\/wp\/v2\/pages\/4\/revisions"}],"wp:attachment":[{"href":"https:\/\/semead.com.br\/16\/wp-json\/wp\/v2\/media?parent=4"}],"curies":[{"name":"wp","href":"https:\/\/api.w.org\/{rel}","templated":true}]}}