{"id":40,"date":"2017-02-21T16:01:06","date_gmt":"2017-02-21T19:01:06","guid":{"rendered":"https:\/\/semead.com.br\/16\/?page_id=40"},"modified":"2017-02-21T16:21:43","modified_gmt":"2017-02-21T19:21:43","slug":"areas","status":"publish","type":"page","link":"https:\/\/semead.com.br\/16\/areas\/","title":{"rendered":"\u00c1reas"},"content":{"rendered":"<p>Para o XVI Seme<em>Ad\u00a0<\/em>\u00a0ser\u00e3o 12 \u00e1reas tem\u00e1ticas, que\u00a0correspondem \u00e0s \u00e1reas de concentra\u00e7\u00e3o do Programa de P\u00f3s-Gradua\u00e7\u00e3o em Administra\u00e7\u00e3o da FEA-USP.<\/p>\n<p>&nbsp;<\/p>\n","protected":false},"excerpt":{"rendered":"<p>Para o XVI SemeAd\u00a0\u00a0ser\u00e3o 12 \u00e1reas tem\u00e1ticas, que\u00a0correspondem \u00e0s \u00e1reas de concentra\u00e7\u00e3o do Programa de P\u00f3s-Gradua\u00e7\u00e3o em Administra\u00e7\u00e3o da FEA-USP. &nbsp;<\/p>\n","protected":false},"author":4,"featured_media":0,"parent":0,"menu_order":0,"comment_status":"closed","ping_status":"closed","template":"","meta":{"_acf_changed":false,"_monsterinsights_skip_tracking":false,"_monsterinsights_sitenote_active":false,"_monsterinsights_sitenote_note":"","_monsterinsights_sitenote_category":0,"footnotes":""},"class_list":["post-40","page","type-page","status-publish","hentry"],"acf":[],"yoast_head":"<!-- This site is optimized with the Yoast SEO plugin v27.1.1 - https:\/\/yoast.com\/product\/yoast-seo-wordpress\/ -->\n<title>\u00c1reas - XVI SemeAd<\/title>\n<meta name=\"robots\" content=\"index, follow, max-snippet:-1, max-image-preview:large, max-video-preview:-1\" \/>\n<link rel=\"canonical\" href=\"https:\/\/semead.com.br\/16\/areas\/\" \/>\n<meta property=\"og:locale\" content=\"pt_BR\" \/>\n<meta property=\"og:type\" content=\"article\" \/>\n<meta property=\"og:title\" content=\"\u00c1reas - XVI SemeAd\" \/>\n<meta property=\"og:description\" content=\"Para o XVI SemeAd\u00a0\u00a0ser\u00e3o 12 \u00e1reas tem\u00e1ticas, que\u00a0correspondem \u00e0s \u00e1reas de concentra\u00e7\u00e3o do Programa de P\u00f3s-Gradua\u00e7\u00e3o em Administra\u00e7\u00e3o da FEA-USP. &nbsp;\" \/>\n<meta property=\"og:url\" content=\"https:\/\/semead.com.br\/16\/areas\/\" \/>\n<meta property=\"og:site_name\" content=\"XVI SemeAd\" \/>\n<meta property=\"article:modified_time\" content=\"2017-02-21T19:21:43+00:00\" \/>\n<meta name=\"twitter:card\" content=\"summary_large_image\" \/>\n<script type=\"application\/ld+json\" class=\"yoast-schema-graph\">{\"@context\":\"https:\/\/schema.org\",\"@graph\":[{\"@type\":\"WebPage\",\"@id\":\"https:\/\/semead.com.br\/16\/areas\/\",\"url\":\"https:\/\/semead.com.br\/16\/areas\/\",\"name\":\"\u00c1reas - XVI SemeAd\",\"isPartOf\":{\"@id\":\"https:\/\/semead.com.br\/16\/#website\"},\"datePublished\":\"2017-02-21T19:01:06+00:00\",\"dateModified\":\"2017-02-21T19:21:43+00:00\",\"breadcrumb\":{\"@id\":\"https:\/\/semead.com.br\/16\/areas\/#breadcrumb\"},\"inLanguage\":\"pt-BR\",\"potentialAction\":[{\"@type\":\"ReadAction\",\"target\":[\"https:\/\/semead.com.br\/16\/areas\/\"]}]},{\"@type\":\"BreadcrumbList\",\"@id\":\"https:\/\/semead.com.br\/16\/areas\/#breadcrumb\",\"itemListElement\":[{\"@type\":\"ListItem\",\"position\":1,\"name\":\"In\u00edcio\",\"item\":\"https:\/\/semead.com.br\/16\/\"},{\"@type\":\"ListItem\",\"position\":2,\"name\":\"\u00c1reas\"}]},{\"@type\":\"WebSite\",\"@id\":\"https:\/\/semead.com.br\/16\/#website\",\"url\":\"https:\/\/semead.com.br\/16\/\",\"name\":\"XVI SemeAd\",\"description\":\"S\u00f3 mais um site SemeAd\",\"potentialAction\":[{\"@type\":\"SearchAction\",\"target\":{\"@type\":\"EntryPoint\",\"urlTemplate\":\"https:\/\/semead.com.br\/16\/?s={search_term_string}\"},\"query-input\":{\"@type\":\"PropertyValueSpecification\",\"valueRequired\":true,\"valueName\":\"search_term_string\"}}],\"inLanguage\":\"pt-BR\"}]}<\/script>\n<!-- \/ Yoast SEO plugin. -->","yoast_head_json":{"title":"\u00c1reas - XVI SemeAd","robots":{"index":"index","follow":"follow","max-snippet":"max-snippet:-1","max-image-preview":"max-image-preview:large","max-video-preview":"max-video-preview:-1"},"canonical":"https:\/\/semead.com.br\/16\/areas\/","og_locale":"pt_BR","og_type":"article","og_title":"\u00c1reas - XVI SemeAd","og_description":"Para o XVI SemeAd\u00a0\u00a0ser\u00e3o 12 \u00e1reas tem\u00e1ticas, que\u00a0correspondem \u00e0s \u00e1reas de concentra\u00e7\u00e3o do Programa de P\u00f3s-Gradua\u00e7\u00e3o em Administra\u00e7\u00e3o da FEA-USP. &nbsp;","og_url":"https:\/\/semead.com.br\/16\/areas\/","og_site_name":"XVI SemeAd","article_modified_time":"2017-02-21T19:21:43+00:00","twitter_card":"summary_large_image","schema":{"@context":"https:\/\/schema.org","@graph":[{"@type":"WebPage","@id":"https:\/\/semead.com.br\/16\/areas\/","url":"https:\/\/semead.com.br\/16\/areas\/","name":"\u00c1reas - XVI SemeAd","isPartOf":{"@id":"https:\/\/semead.com.br\/16\/#website"},"datePublished":"2017-02-21T19:01:06+00:00","dateModified":"2017-02-21T19:21:43+00:00","breadcrumb":{"@id":"https:\/\/semead.com.br\/16\/areas\/#breadcrumb"},"inLanguage":"pt-BR","potentialAction":[{"@type":"ReadAction","target":["https:\/\/semead.com.br\/16\/areas\/"]}]},{"@type":"BreadcrumbList","@id":"https:\/\/semead.com.br\/16\/areas\/#breadcrumb","itemListElement":[{"@type":"ListItem","position":1,"name":"In\u00edcio","item":"https:\/\/semead.com.br\/16\/"},{"@type":"ListItem","position":2,"name":"\u00c1reas"}]},{"@type":"WebSite","@id":"https:\/\/semead.com.br\/16\/#website","url":"https:\/\/semead.com.br\/16\/","name":"XVI SemeAd","description":"S\u00f3 mais um site SemeAd","potentialAction":[{"@type":"SearchAction","target":{"@type":"EntryPoint","urlTemplate":"https:\/\/semead.com.br\/16\/?s={search_term_string}"},"query-input":{"@type":"PropertyValueSpecification","valueRequired":true,"valueName":"search_term_string"}}],"inLanguage":"pt-BR"}]}},"_links":{"self":[{"href":"https:\/\/semead.com.br\/16\/wp-json\/wp\/v2\/pages\/40","targetHints":{"allow":["GET"]}}],"collection":[{"href":"https:\/\/semead.com.br\/16\/wp-json\/wp\/v2\/pages"}],"about":[{"href":"https:\/\/semead.com.br\/16\/wp-json\/wp\/v2\/types\/page"}],"author":[{"embeddable":true,"href":"https:\/\/semead.com.br\/16\/wp-json\/wp\/v2\/users\/4"}],"replies":[{"embeddable":true,"href":"https:\/\/semead.com.br\/16\/wp-json\/wp\/v2\/comments?post=40"}],"version-history":[{"count":0,"href":"https:\/\/semead.com.br\/16\/wp-json\/wp\/v2\/pages\/40\/revisions"}],"wp:attachment":[{"href":"https:\/\/semead.com.br\/16\/wp-json\/wp\/v2\/media?parent=40"}],"curies":[{"name":"wp","href":"https:\/\/api.w.org\/{rel}","templated":true}]}}