{"id":42,"date":"2017-02-21T16:02:09","date_gmt":"2017-02-21T19:02:09","guid":{"rendered":"https:\/\/semead.com.br\/16\/?page_id=42"},"modified":"2017-02-21T16:04:07","modified_gmt":"2017-02-21T19:04:07","slug":"administracao-publica","status":"publish","type":"page","link":"https:\/\/semead.com.br\/16\/areas\/administracao-publica\/","title":{"rendered":"Administra\u00e7\u00e3o P\u00fablica"},"content":{"rendered":"<p><strong>Coordenador: Prof. Dr. Jos\u00e9 Carlos Vaz \u2013 EACH\/USP<\/strong><\/p>\n<p><strong>1. Atendimento ao Cidad\u00e3o e Presta\u00e7\u00e3o de Servi\u00e7os<\/strong><br \/>\n<em>Prof. Dr. Sandro Cabral \u2013 UFBA<\/em><\/p>\n<p><strong>2. Promo\u00e7\u00e3o da Efici\u00eancia, Otimiza\u00e7\u00e3o de Processos e de Recursos P\u00fablicos<\/strong><br \/>\n<em>Prof. Dr. Valdemir Pires \u2013 FCL\/UNESP<\/em><\/p>\n<p><strong>3. Gest\u00e3o Organizacional: Recursos Humanos, Arranjos Institucionais e Planejamento<\/strong><br \/>\n<em>Prof. Dr. Eduardo de Lima Caldas \u2013 EACH\/USP<\/em><\/p>\n<p><strong>4. Rela\u00e7\u00e3o Governo-Sociedade: Transpar\u00eancia, Accountability e Participa\u00e7\u00e3o<\/strong><br \/>\n<em>Prof. Dr. Hinoboru Sano \u2013 UFRN<\/em><\/p>\n<p><strong>5. Gest\u00e3o em Sa\u00fade<\/strong><br \/>\n<em>Prof. Dr. Marcelo Caldeira Pedroso \u2013 FEA\/USP<\/em><\/p>\n<p><strong>6. Tecnol\u00f3gico (Relato T\u00e9cnico)<\/strong><br \/>\n<em>Profa. Dra. Regina Pacheco \u2013 EAESP\/FGV\u00a0\u2013 Mestrado Profissional\u00a0<\/em><\/p>\n","protected":false},"excerpt":{"rendered":"<p>Coordenador: Prof. Dr. Jos\u00e9 Carlos Vaz \u2013 EACH\/USP 1. Atendimento ao Cidad\u00e3o e Presta\u00e7\u00e3o de Servi\u00e7os Prof. Dr. Sandro Cabral \u2013 UFBA 2. Promo\u00e7\u00e3o da Efici\u00eancia, Otimiza\u00e7\u00e3o de Processos e de Recursos P\u00fablicos Prof. Dr. Valdemir Pires \u2013 FCL\/UNESP 3. Gest\u00e3o Organizacional: Recursos Humanos, Arranjos Institucionais e Planejamento Prof. Dr. Eduardo de Lima Caldas \u2013&#8230;<\/p>\n","protected":false},"author":4,"featured_media":0,"parent":40,"menu_order":0,"comment_status":"closed","ping_status":"closed","template":"","meta":{"_acf_changed":false,"_monsterinsights_skip_tracking":false,"_monsterinsights_sitenote_active":false,"_monsterinsights_sitenote_note":"","_monsterinsights_sitenote_category":0,"footnotes":""},"class_list":["post-42","page","type-page","status-publish","hentry"],"acf":[],"yoast_head":"<!-- This site is optimized with the Yoast SEO plugin v27.1.1 - https:\/\/yoast.com\/product\/yoast-seo-wordpress\/ -->\n<title>Administra\u00e7\u00e3o P\u00fablica - XVI SemeAd<\/title>\n<meta name=\"robots\" content=\"index, follow, max-snippet:-1, max-image-preview:large, max-video-preview:-1\" \/>\n<link rel=\"canonical\" href=\"https:\/\/semead.com.br\/16\/areas\/administracao-publica\/\" \/>\n<meta property=\"og:locale\" content=\"pt_BR\" \/>\n<meta property=\"og:type\" content=\"article\" \/>\n<meta property=\"og:title\" content=\"Administra\u00e7\u00e3o P\u00fablica - XVI SemeAd\" \/>\n<meta property=\"og:description\" content=\"Coordenador: Prof. Dr. Jos\u00e9 Carlos Vaz \u2013 EACH\/USP 1. Atendimento ao Cidad\u00e3o e Presta\u00e7\u00e3o de Servi\u00e7os Prof. Dr. Sandro Cabral \u2013 UFBA 2. Promo\u00e7\u00e3o da Efici\u00eancia, Otimiza\u00e7\u00e3o de Processos e de Recursos P\u00fablicos Prof. Dr. Valdemir Pires \u2013 FCL\/UNESP 3. Gest\u00e3o Organizacional: Recursos Humanos, Arranjos Institucionais e Planejamento Prof. Dr. Eduardo de Lima Caldas \u2013...\" \/>\n<meta property=\"og:url\" content=\"https:\/\/semead.com.br\/16\/areas\/administracao-publica\/\" \/>\n<meta property=\"og:site_name\" content=\"XVI SemeAd\" \/>\n<meta property=\"article:modified_time\" content=\"2017-02-21T19:04:07+00:00\" \/>\n<meta name=\"twitter:card\" content=\"summary_large_image\" \/>\n<script type=\"application\/ld+json\" class=\"yoast-schema-graph\">{\"@context\":\"https:\/\/schema.org\",\"@graph\":[{\"@type\":\"WebPage\",\"@id\":\"https:\/\/semead.com.br\/16\/areas\/administracao-publica\/\",\"url\":\"https:\/\/semead.com.br\/16\/areas\/administracao-publica\/\",\"name\":\"Administra\u00e7\u00e3o P\u00fablica - XVI SemeAd\",\"isPartOf\":{\"@id\":\"https:\/\/semead.com.br\/16\/#website\"},\"datePublished\":\"2017-02-21T19:02:09+00:00\",\"dateModified\":\"2017-02-21T19:04:07+00:00\",\"breadcrumb\":{\"@id\":\"https:\/\/semead.com.br\/16\/areas\/administracao-publica\/#breadcrumb\"},\"inLanguage\":\"pt-BR\",\"potentialAction\":[{\"@type\":\"ReadAction\",\"target\":[\"https:\/\/semead.com.br\/16\/areas\/administracao-publica\/\"]}]},{\"@type\":\"BreadcrumbList\",\"@id\":\"https:\/\/semead.com.br\/16\/areas\/administracao-publica\/#breadcrumb\",\"itemListElement\":[{\"@type\":\"ListItem\",\"position\":1,\"name\":\"In\u00edcio\",\"item\":\"https:\/\/semead.com.br\/16\/\"},{\"@type\":\"ListItem\",\"position\":2,\"name\":\"\u00c1reas\",\"item\":\"https:\/\/semead.com.br\/16\/areas\/\"},{\"@type\":\"ListItem\",\"position\":3,\"name\":\"Administra\u00e7\u00e3o P\u00fablica\"}]},{\"@type\":\"WebSite\",\"@id\":\"https:\/\/semead.com.br\/16\/#website\",\"url\":\"https:\/\/semead.com.br\/16\/\",\"name\":\"XVI SemeAd\",\"description\":\"S\u00f3 mais um site SemeAd\",\"potentialAction\":[{\"@type\":\"SearchAction\",\"target\":{\"@type\":\"EntryPoint\",\"urlTemplate\":\"https:\/\/semead.com.br\/16\/?s={search_term_string}\"},\"query-input\":{\"@type\":\"PropertyValueSpecification\",\"valueRequired\":true,\"valueName\":\"search_term_string\"}}],\"inLanguage\":\"pt-BR\"}]}<\/script>\n<!-- \/ Yoast SEO plugin. -->","yoast_head_json":{"title":"Administra\u00e7\u00e3o P\u00fablica - XVI SemeAd","robots":{"index":"index","follow":"follow","max-snippet":"max-snippet:-1","max-image-preview":"max-image-preview:large","max-video-preview":"max-video-preview:-1"},"canonical":"https:\/\/semead.com.br\/16\/areas\/administracao-publica\/","og_locale":"pt_BR","og_type":"article","og_title":"Administra\u00e7\u00e3o P\u00fablica - XVI SemeAd","og_description":"Coordenador: Prof. Dr. Jos\u00e9 Carlos Vaz \u2013 EACH\/USP 1. Atendimento ao Cidad\u00e3o e Presta\u00e7\u00e3o de Servi\u00e7os Prof. Dr. Sandro Cabral \u2013 UFBA 2. Promo\u00e7\u00e3o da Efici\u00eancia, Otimiza\u00e7\u00e3o de Processos e de Recursos P\u00fablicos Prof. Dr. Valdemir Pires \u2013 FCL\/UNESP 3. Gest\u00e3o Organizacional: Recursos Humanos, Arranjos Institucionais e Planejamento Prof. Dr. Eduardo de Lima Caldas \u2013...","og_url":"https:\/\/semead.com.br\/16\/areas\/administracao-publica\/","og_site_name":"XVI SemeAd","article_modified_time":"2017-02-21T19:04:07+00:00","twitter_card":"summary_large_image","schema":{"@context":"https:\/\/schema.org","@graph":[{"@type":"WebPage","@id":"https:\/\/semead.com.br\/16\/areas\/administracao-publica\/","url":"https:\/\/semead.com.br\/16\/areas\/administracao-publica\/","name":"Administra\u00e7\u00e3o P\u00fablica - XVI SemeAd","isPartOf":{"@id":"https:\/\/semead.com.br\/16\/#website"},"datePublished":"2017-02-21T19:02:09+00:00","dateModified":"2017-02-21T19:04:07+00:00","breadcrumb":{"@id":"https:\/\/semead.com.br\/16\/areas\/administracao-publica\/#breadcrumb"},"inLanguage":"pt-BR","potentialAction":[{"@type":"ReadAction","target":["https:\/\/semead.com.br\/16\/areas\/administracao-publica\/"]}]},{"@type":"BreadcrumbList","@id":"https:\/\/semead.com.br\/16\/areas\/administracao-publica\/#breadcrumb","itemListElement":[{"@type":"ListItem","position":1,"name":"In\u00edcio","item":"https:\/\/semead.com.br\/16\/"},{"@type":"ListItem","position":2,"name":"\u00c1reas","item":"https:\/\/semead.com.br\/16\/areas\/"},{"@type":"ListItem","position":3,"name":"Administra\u00e7\u00e3o P\u00fablica"}]},{"@type":"WebSite","@id":"https:\/\/semead.com.br\/16\/#website","url":"https:\/\/semead.com.br\/16\/","name":"XVI SemeAd","description":"S\u00f3 mais um site SemeAd","potentialAction":[{"@type":"SearchAction","target":{"@type":"EntryPoint","urlTemplate":"https:\/\/semead.com.br\/16\/?s={search_term_string}"},"query-input":{"@type":"PropertyValueSpecification","valueRequired":true,"valueName":"search_term_string"}}],"inLanguage":"pt-BR"}]}},"_links":{"self":[{"href":"https:\/\/semead.com.br\/16\/wp-json\/wp\/v2\/pages\/42","targetHints":{"allow":["GET"]}}],"collection":[{"href":"https:\/\/semead.com.br\/16\/wp-json\/wp\/v2\/pages"}],"about":[{"href":"https:\/\/semead.com.br\/16\/wp-json\/wp\/v2\/types\/page"}],"author":[{"embeddable":true,"href":"https:\/\/semead.com.br\/16\/wp-json\/wp\/v2\/users\/4"}],"replies":[{"embeddable":true,"href":"https:\/\/semead.com.br\/16\/wp-json\/wp\/v2\/comments?post=42"}],"version-history":[{"count":0,"href":"https:\/\/semead.com.br\/16\/wp-json\/wp\/v2\/pages\/42\/revisions"}],"up":[{"embeddable":true,"href":"https:\/\/semead.com.br\/16\/wp-json\/wp\/v2\/pages\/40"}],"wp:attachment":[{"href":"https:\/\/semead.com.br\/16\/wp-json\/wp\/v2\/media?parent=42"}],"curies":[{"name":"wp","href":"https:\/\/api.w.org\/{rel}","templated":true}]}}