{"id":51,"date":"2017-02-21T16:08:56","date_gmt":"2017-02-21T19:08:56","guid":{"rendered":"https:\/\/semead.com.br\/16\/?page_id=51"},"modified":"2017-02-21T16:08:56","modified_gmt":"2017-02-21T19:08:56","slug":"estrategia-em-organizacoes","status":"publish","type":"page","link":"https:\/\/semead.com.br\/16\/areas\/estrategia-em-organizacoes\/","title":{"rendered":"Estrat\u00e9gia em Organiza\u00e7\u00f5es"},"content":{"rendered":"<p><strong>Coordenador: Prof. Dr. Benny Kramer Costa \u2013 UNINOVE<\/strong><\/p>\n<p><strong>1. Estrat\u00e9gia Competitiva<\/strong><br \/>\n<em>Prof. Dr. Walter Fernando Ara\u00fajo de Moraes \u2013 UFPE<\/em><\/p>\n<p><strong>2. Estrat\u00e9gia Corporativa e de Stakeholders<\/strong><br \/>\n<em>Prof. Dr. S\u00e9rgio Henrique Arruda Cavalcante Forte \u2013 UNIFOR<\/em><\/p>\n<p><strong>3. Estrat\u00e9gia Internacional e Globaliza\u00e7\u00e3o<\/strong><br \/>\n<em>Prof. Dr. Gilmar Masiero \u2013 FEA\/USP<\/em><\/p>\n<p><strong>4. Processo Estrat\u00e9gico nas Organiza\u00e7\u00f5es<\/strong><br \/>\n<em>Prof. Dr. Miguel Eduardo Moreno A\u00f1ez \u2013 UFRN<\/em><\/p>\n<p><strong>5. Governan\u00e7a Corporativa<\/strong><br \/>\n<em>Prof. Dr. Cl\u00e1udio Antonio Pinheiro Machado Filho \u2013 FEA\/USP<\/em><\/p>\n<p><strong>6. Cluster e Redes de Neg\u00f3cios<\/strong><br \/>\n<em>Prof. Dr. Jo\u00e3o Paulo Siqueira \u2013 UNINOVE<\/em><\/p>\n<p><strong>7. Economia de Empresas<\/strong><br \/>\n<em>Profa. Dra. Maria Sylvia Macchione Saes \u2013 FEA\/USP<\/em><\/p>\n<p><strong>8. Tecnol\u00f3gico (Relato T\u00e9cnico)<\/strong><br \/>\n<em>Prof. Dr. Eduardo Armando \u2013 FIA \u2013 Mestrado Profissional<\/em><\/p>\n","protected":false},"excerpt":{"rendered":"<p>Coordenador: Prof. Dr. Benny Kramer Costa \u2013 UNINOVE 1. Estrat\u00e9gia Competitiva Prof. Dr. Walter Fernando Ara\u00fajo de Moraes \u2013 UFPE 2. Estrat\u00e9gia Corporativa e de Stakeholders Prof. Dr. S\u00e9rgio Henrique Arruda Cavalcante Forte \u2013 UNIFOR 3. Estrat\u00e9gia Internacional e Globaliza\u00e7\u00e3o Prof. Dr. Gilmar Masiero \u2013 FEA\/USP 4. Processo Estrat\u00e9gico nas Organiza\u00e7\u00f5es Prof. Dr. Miguel Eduardo&#8230;<\/p>\n","protected":false},"author":4,"featured_media":0,"parent":40,"menu_order":0,"comment_status":"closed","ping_status":"closed","template":"","meta":{"_acf_changed":false,"_monsterinsights_skip_tracking":false,"_monsterinsights_sitenote_active":false,"_monsterinsights_sitenote_note":"","_monsterinsights_sitenote_category":0,"footnotes":""},"class_list":["post-51","page","type-page","status-publish","hentry"],"acf":[],"yoast_head":"<!-- This site is optimized with the Yoast SEO plugin v27.1.1 - https:\/\/yoast.com\/product\/yoast-seo-wordpress\/ -->\n<title>Estrat\u00e9gia em Organiza\u00e7\u00f5es - XVI SemeAd<\/title>\n<meta name=\"robots\" content=\"index, follow, max-snippet:-1, max-image-preview:large, max-video-preview:-1\" \/>\n<link rel=\"canonical\" href=\"https:\/\/semead.com.br\/16\/areas\/estrategia-em-organizacoes\/\" \/>\n<meta property=\"og:locale\" content=\"pt_BR\" \/>\n<meta property=\"og:type\" content=\"article\" \/>\n<meta property=\"og:title\" content=\"Estrat\u00e9gia em Organiza\u00e7\u00f5es - XVI SemeAd\" \/>\n<meta property=\"og:description\" content=\"Coordenador: Prof. Dr. Benny Kramer Costa \u2013 UNINOVE 1. Estrat\u00e9gia Competitiva Prof. Dr. Walter Fernando Ara\u00fajo de Moraes \u2013 UFPE 2. Estrat\u00e9gia Corporativa e de Stakeholders Prof. Dr. S\u00e9rgio Henrique Arruda Cavalcante Forte \u2013 UNIFOR 3. Estrat\u00e9gia Internacional e Globaliza\u00e7\u00e3o Prof. Dr. Gilmar Masiero \u2013 FEA\/USP 4. Processo Estrat\u00e9gico nas Organiza\u00e7\u00f5es Prof. Dr. Miguel Eduardo...\" \/>\n<meta property=\"og:url\" content=\"https:\/\/semead.com.br\/16\/areas\/estrategia-em-organizacoes\/\" \/>\n<meta property=\"og:site_name\" content=\"XVI SemeAd\" \/>\n<meta name=\"twitter:card\" content=\"summary_large_image\" \/>\n<meta name=\"twitter:label1\" content=\"Est. tempo de leitura\" \/>\n\t<meta name=\"twitter:data1\" content=\"1 minuto\" \/>\n<script type=\"application\/ld+json\" class=\"yoast-schema-graph\">{\"@context\":\"https:\/\/schema.org\",\"@graph\":[{\"@type\":\"WebPage\",\"@id\":\"https:\/\/semead.com.br\/16\/areas\/estrategia-em-organizacoes\/\",\"url\":\"https:\/\/semead.com.br\/16\/areas\/estrategia-em-organizacoes\/\",\"name\":\"Estrat\u00e9gia em Organiza\u00e7\u00f5es - XVI SemeAd\",\"isPartOf\":{\"@id\":\"https:\/\/semead.com.br\/16\/#website\"},\"datePublished\":\"2017-02-21T19:08:56+00:00\",\"breadcrumb\":{\"@id\":\"https:\/\/semead.com.br\/16\/areas\/estrategia-em-organizacoes\/#breadcrumb\"},\"inLanguage\":\"pt-BR\",\"potentialAction\":[{\"@type\":\"ReadAction\",\"target\":[\"https:\/\/semead.com.br\/16\/areas\/estrategia-em-organizacoes\/\"]}]},{\"@type\":\"BreadcrumbList\",\"@id\":\"https:\/\/semead.com.br\/16\/areas\/estrategia-em-organizacoes\/#breadcrumb\",\"itemListElement\":[{\"@type\":\"ListItem\",\"position\":1,\"name\":\"In\u00edcio\",\"item\":\"https:\/\/semead.com.br\/16\/\"},{\"@type\":\"ListItem\",\"position\":2,\"name\":\"\u00c1reas\",\"item\":\"https:\/\/semead.com.br\/16\/areas\/\"},{\"@type\":\"ListItem\",\"position\":3,\"name\":\"Estrat\u00e9gia em Organiza\u00e7\u00f5es\"}]},{\"@type\":\"WebSite\",\"@id\":\"https:\/\/semead.com.br\/16\/#website\",\"url\":\"https:\/\/semead.com.br\/16\/\",\"name\":\"XVI SemeAd\",\"description\":\"S\u00f3 mais um site SemeAd\",\"potentialAction\":[{\"@type\":\"SearchAction\",\"target\":{\"@type\":\"EntryPoint\",\"urlTemplate\":\"https:\/\/semead.com.br\/16\/?s={search_term_string}\"},\"query-input\":{\"@type\":\"PropertyValueSpecification\",\"valueRequired\":true,\"valueName\":\"search_term_string\"}}],\"inLanguage\":\"pt-BR\"}]}<\/script>\n<!-- \/ Yoast SEO plugin. -->","yoast_head_json":{"title":"Estrat\u00e9gia em Organiza\u00e7\u00f5es - XVI SemeAd","robots":{"index":"index","follow":"follow","max-snippet":"max-snippet:-1","max-image-preview":"max-image-preview:large","max-video-preview":"max-video-preview:-1"},"canonical":"https:\/\/semead.com.br\/16\/areas\/estrategia-em-organizacoes\/","og_locale":"pt_BR","og_type":"article","og_title":"Estrat\u00e9gia em Organiza\u00e7\u00f5es - XVI SemeAd","og_description":"Coordenador: Prof. Dr. Benny Kramer Costa \u2013 UNINOVE 1. Estrat\u00e9gia Competitiva Prof. Dr. Walter Fernando Ara\u00fajo de Moraes \u2013 UFPE 2. Estrat\u00e9gia Corporativa e de Stakeholders Prof. Dr. S\u00e9rgio Henrique Arruda Cavalcante Forte \u2013 UNIFOR 3. Estrat\u00e9gia Internacional e Globaliza\u00e7\u00e3o Prof. Dr. Gilmar Masiero \u2013 FEA\/USP 4. Processo Estrat\u00e9gico nas Organiza\u00e7\u00f5es Prof. Dr. Miguel Eduardo...","og_url":"https:\/\/semead.com.br\/16\/areas\/estrategia-em-organizacoes\/","og_site_name":"XVI SemeAd","twitter_card":"summary_large_image","twitter_misc":{"Est. tempo de leitura":"1 minuto"},"schema":{"@context":"https:\/\/schema.org","@graph":[{"@type":"WebPage","@id":"https:\/\/semead.com.br\/16\/areas\/estrategia-em-organizacoes\/","url":"https:\/\/semead.com.br\/16\/areas\/estrategia-em-organizacoes\/","name":"Estrat\u00e9gia em Organiza\u00e7\u00f5es - XVI SemeAd","isPartOf":{"@id":"https:\/\/semead.com.br\/16\/#website"},"datePublished":"2017-02-21T19:08:56+00:00","breadcrumb":{"@id":"https:\/\/semead.com.br\/16\/areas\/estrategia-em-organizacoes\/#breadcrumb"},"inLanguage":"pt-BR","potentialAction":[{"@type":"ReadAction","target":["https:\/\/semead.com.br\/16\/areas\/estrategia-em-organizacoes\/"]}]},{"@type":"BreadcrumbList","@id":"https:\/\/semead.com.br\/16\/areas\/estrategia-em-organizacoes\/#breadcrumb","itemListElement":[{"@type":"ListItem","position":1,"name":"In\u00edcio","item":"https:\/\/semead.com.br\/16\/"},{"@type":"ListItem","position":2,"name":"\u00c1reas","item":"https:\/\/semead.com.br\/16\/areas\/"},{"@type":"ListItem","position":3,"name":"Estrat\u00e9gia em Organiza\u00e7\u00f5es"}]},{"@type":"WebSite","@id":"https:\/\/semead.com.br\/16\/#website","url":"https:\/\/semead.com.br\/16\/","name":"XVI SemeAd","description":"S\u00f3 mais um site SemeAd","potentialAction":[{"@type":"SearchAction","target":{"@type":"EntryPoint","urlTemplate":"https:\/\/semead.com.br\/16\/?s={search_term_string}"},"query-input":{"@type":"PropertyValueSpecification","valueRequired":true,"valueName":"search_term_string"}}],"inLanguage":"pt-BR"}]}},"_links":{"self":[{"href":"https:\/\/semead.com.br\/16\/wp-json\/wp\/v2\/pages\/51","targetHints":{"allow":["GET"]}}],"collection":[{"href":"https:\/\/semead.com.br\/16\/wp-json\/wp\/v2\/pages"}],"about":[{"href":"https:\/\/semead.com.br\/16\/wp-json\/wp\/v2\/types\/page"}],"author":[{"embeddable":true,"href":"https:\/\/semead.com.br\/16\/wp-json\/wp\/v2\/users\/4"}],"replies":[{"embeddable":true,"href":"https:\/\/semead.com.br\/16\/wp-json\/wp\/v2\/comments?post=51"}],"version-history":[{"count":0,"href":"https:\/\/semead.com.br\/16\/wp-json\/wp\/v2\/pages\/51\/revisions"}],"up":[{"embeddable":true,"href":"https:\/\/semead.com.br\/16\/wp-json\/wp\/v2\/pages\/40"}],"wp:attachment":[{"href":"https:\/\/semead.com.br\/16\/wp-json\/wp\/v2\/media?parent=51"}],"curies":[{"name":"wp","href":"https:\/\/api.w.org\/{rel}","templated":true}]}}