{"id":59,"date":"2017-02-21T16:12:45","date_gmt":"2017-02-21T19:12:45","guid":{"rendered":"https:\/\/semead.com.br\/16\/?page_id=59"},"modified":"2017-02-21T16:12:45","modified_gmt":"2017-02-21T19:12:45","slug":"gestao-da-tecnologia-da-informacao","status":"publish","type":"page","link":"https:\/\/semead.com.br\/16\/areas\/gestao-da-tecnologia-da-informacao\/","title":{"rendered":"Gest\u00e3o da Tecnologia da Informa\u00e7\u00e3o"},"content":{"rendered":"<p><strong>Coordenador: Cesar Alexandre Souza \u2013 FEA\/USP<\/strong><\/p>\n<p><strong>1. Gest\u00e3o Estrat\u00e9gica de TI e Governan\u00e7a de TI<\/strong><br \/>\n<em>Prof. Dr. Rodrigo Baroni de Carvalho \u2013 PUC Minas<\/em><\/p>\n<p><strong>2. Inova\u00e7\u00f5es em TI e Redes Sociais<\/strong><br \/>\n<em>Prof. Dr. Gilberto Perez \u2013 Mackenzie<\/em><\/p>\n<p><strong>3. Sistemas de Informa\u00e7\u00e3o e Impactos Organizacionais da TI<\/strong><br \/>\n<em>Prof. Dr. Silvio Carvalho Neto \u2013 UniFACEF<\/em><\/p>\n<p><strong>4. Tecnol\u00f3gico (Relato T\u00e9cnico)<\/strong><br \/>\n<em>Prof. Dr. Ernani Marques dos Santos \u2013 UFBA\u00a0\u2013 Mestrado Profissional<\/em><\/p>\n","protected":false},"excerpt":{"rendered":"<p>Coordenador: Cesar Alexandre Souza \u2013 FEA\/USP 1. Gest\u00e3o Estrat\u00e9gica de TI e Governan\u00e7a de TI Prof. Dr. Rodrigo Baroni de Carvalho \u2013 PUC Minas 2. Inova\u00e7\u00f5es em TI e Redes Sociais Prof. Dr. Gilberto Perez \u2013 Mackenzie 3. Sistemas de Informa\u00e7\u00e3o e Impactos Organizacionais da TI Prof. Dr. Silvio Carvalho Neto \u2013 UniFACEF 4. Tecnol\u00f3gico&#8230;<\/p>\n","protected":false},"author":4,"featured_media":0,"parent":40,"menu_order":0,"comment_status":"closed","ping_status":"closed","template":"","meta":{"_acf_changed":false,"_monsterinsights_skip_tracking":false,"_monsterinsights_sitenote_active":false,"_monsterinsights_sitenote_note":"","_monsterinsights_sitenote_category":0,"footnotes":""},"class_list":["post-59","page","type-page","status-publish","hentry"],"acf":[],"yoast_head":"<!-- This site is optimized with the Yoast SEO plugin v27.1.1 - https:\/\/yoast.com\/product\/yoast-seo-wordpress\/ -->\n<title>Gest\u00e3o da Tecnologia da Informa\u00e7\u00e3o - XVI SemeAd<\/title>\n<meta name=\"robots\" content=\"index, follow, max-snippet:-1, max-image-preview:large, max-video-preview:-1\" \/>\n<link rel=\"canonical\" href=\"https:\/\/semead.com.br\/16\/areas\/gestao-da-tecnologia-da-informacao\/\" \/>\n<meta property=\"og:locale\" content=\"pt_BR\" \/>\n<meta property=\"og:type\" content=\"article\" \/>\n<meta property=\"og:title\" content=\"Gest\u00e3o da Tecnologia da Informa\u00e7\u00e3o - XVI SemeAd\" \/>\n<meta property=\"og:description\" content=\"Coordenador: Cesar Alexandre Souza \u2013 FEA\/USP 1. Gest\u00e3o Estrat\u00e9gica de TI e Governan\u00e7a de TI Prof. Dr. Rodrigo Baroni de Carvalho \u2013 PUC Minas 2. Inova\u00e7\u00f5es em TI e Redes Sociais Prof. Dr. Gilberto Perez \u2013 Mackenzie 3. Sistemas de Informa\u00e7\u00e3o e Impactos Organizacionais da TI Prof. Dr. Silvio Carvalho Neto \u2013 UniFACEF 4. Tecnol\u00f3gico...\" \/>\n<meta property=\"og:url\" content=\"https:\/\/semead.com.br\/16\/areas\/gestao-da-tecnologia-da-informacao\/\" \/>\n<meta property=\"og:site_name\" content=\"XVI SemeAd\" \/>\n<meta name=\"twitter:card\" content=\"summary_large_image\" \/>\n<script type=\"application\/ld+json\" class=\"yoast-schema-graph\">{\"@context\":\"https:\/\/schema.org\",\"@graph\":[{\"@type\":\"WebPage\",\"@id\":\"https:\/\/semead.com.br\/16\/areas\/gestao-da-tecnologia-da-informacao\/\",\"url\":\"https:\/\/semead.com.br\/16\/areas\/gestao-da-tecnologia-da-informacao\/\",\"name\":\"Gest\u00e3o da Tecnologia da Informa\u00e7\u00e3o - XVI SemeAd\",\"isPartOf\":{\"@id\":\"https:\/\/semead.com.br\/16\/#website\"},\"datePublished\":\"2017-02-21T19:12:45+00:00\",\"breadcrumb\":{\"@id\":\"https:\/\/semead.com.br\/16\/areas\/gestao-da-tecnologia-da-informacao\/#breadcrumb\"},\"inLanguage\":\"pt-BR\",\"potentialAction\":[{\"@type\":\"ReadAction\",\"target\":[\"https:\/\/semead.com.br\/16\/areas\/gestao-da-tecnologia-da-informacao\/\"]}]},{\"@type\":\"BreadcrumbList\",\"@id\":\"https:\/\/semead.com.br\/16\/areas\/gestao-da-tecnologia-da-informacao\/#breadcrumb\",\"itemListElement\":[{\"@type\":\"ListItem\",\"position\":1,\"name\":\"In\u00edcio\",\"item\":\"https:\/\/semead.com.br\/16\/\"},{\"@type\":\"ListItem\",\"position\":2,\"name\":\"\u00c1reas\",\"item\":\"https:\/\/semead.com.br\/16\/areas\/\"},{\"@type\":\"ListItem\",\"position\":3,\"name\":\"Gest\u00e3o da Tecnologia da Informa\u00e7\u00e3o\"}]},{\"@type\":\"WebSite\",\"@id\":\"https:\/\/semead.com.br\/16\/#website\",\"url\":\"https:\/\/semead.com.br\/16\/\",\"name\":\"XVI SemeAd\",\"description\":\"S\u00f3 mais um site SemeAd\",\"potentialAction\":[{\"@type\":\"SearchAction\",\"target\":{\"@type\":\"EntryPoint\",\"urlTemplate\":\"https:\/\/semead.com.br\/16\/?s={search_term_string}\"},\"query-input\":{\"@type\":\"PropertyValueSpecification\",\"valueRequired\":true,\"valueName\":\"search_term_string\"}}],\"inLanguage\":\"pt-BR\"}]}<\/script>\n<!-- \/ Yoast SEO plugin. -->","yoast_head_json":{"title":"Gest\u00e3o da Tecnologia da Informa\u00e7\u00e3o - XVI SemeAd","robots":{"index":"index","follow":"follow","max-snippet":"max-snippet:-1","max-image-preview":"max-image-preview:large","max-video-preview":"max-video-preview:-1"},"canonical":"https:\/\/semead.com.br\/16\/areas\/gestao-da-tecnologia-da-informacao\/","og_locale":"pt_BR","og_type":"article","og_title":"Gest\u00e3o da Tecnologia da Informa\u00e7\u00e3o - XVI SemeAd","og_description":"Coordenador: Cesar Alexandre Souza \u2013 FEA\/USP 1. Gest\u00e3o Estrat\u00e9gica de TI e Governan\u00e7a de TI Prof. Dr. Rodrigo Baroni de Carvalho \u2013 PUC Minas 2. Inova\u00e7\u00f5es em TI e Redes Sociais Prof. Dr. Gilberto Perez \u2013 Mackenzie 3. Sistemas de Informa\u00e7\u00e3o e Impactos Organizacionais da TI Prof. Dr. Silvio Carvalho Neto \u2013 UniFACEF 4. Tecnol\u00f3gico...","og_url":"https:\/\/semead.com.br\/16\/areas\/gestao-da-tecnologia-da-informacao\/","og_site_name":"XVI SemeAd","twitter_card":"summary_large_image","schema":{"@context":"https:\/\/schema.org","@graph":[{"@type":"WebPage","@id":"https:\/\/semead.com.br\/16\/areas\/gestao-da-tecnologia-da-informacao\/","url":"https:\/\/semead.com.br\/16\/areas\/gestao-da-tecnologia-da-informacao\/","name":"Gest\u00e3o da Tecnologia da Informa\u00e7\u00e3o - XVI SemeAd","isPartOf":{"@id":"https:\/\/semead.com.br\/16\/#website"},"datePublished":"2017-02-21T19:12:45+00:00","breadcrumb":{"@id":"https:\/\/semead.com.br\/16\/areas\/gestao-da-tecnologia-da-informacao\/#breadcrumb"},"inLanguage":"pt-BR","potentialAction":[{"@type":"ReadAction","target":["https:\/\/semead.com.br\/16\/areas\/gestao-da-tecnologia-da-informacao\/"]}]},{"@type":"BreadcrumbList","@id":"https:\/\/semead.com.br\/16\/areas\/gestao-da-tecnologia-da-informacao\/#breadcrumb","itemListElement":[{"@type":"ListItem","position":1,"name":"In\u00edcio","item":"https:\/\/semead.com.br\/16\/"},{"@type":"ListItem","position":2,"name":"\u00c1reas","item":"https:\/\/semead.com.br\/16\/areas\/"},{"@type":"ListItem","position":3,"name":"Gest\u00e3o da Tecnologia da Informa\u00e7\u00e3o"}]},{"@type":"WebSite","@id":"https:\/\/semead.com.br\/16\/#website","url":"https:\/\/semead.com.br\/16\/","name":"XVI SemeAd","description":"S\u00f3 mais um site SemeAd","potentialAction":[{"@type":"SearchAction","target":{"@type":"EntryPoint","urlTemplate":"https:\/\/semead.com.br\/16\/?s={search_term_string}"},"query-input":{"@type":"PropertyValueSpecification","valueRequired":true,"valueName":"search_term_string"}}],"inLanguage":"pt-BR"}]}},"_links":{"self":[{"href":"https:\/\/semead.com.br\/16\/wp-json\/wp\/v2\/pages\/59","targetHints":{"allow":["GET"]}}],"collection":[{"href":"https:\/\/semead.com.br\/16\/wp-json\/wp\/v2\/pages"}],"about":[{"href":"https:\/\/semead.com.br\/16\/wp-json\/wp\/v2\/types\/page"}],"author":[{"embeddable":true,"href":"https:\/\/semead.com.br\/16\/wp-json\/wp\/v2\/users\/4"}],"replies":[{"embeddable":true,"href":"https:\/\/semead.com.br\/16\/wp-json\/wp\/v2\/comments?post=59"}],"version-history":[{"count":0,"href":"https:\/\/semead.com.br\/16\/wp-json\/wp\/v2\/pages\/59\/revisions"}],"up":[{"embeddable":true,"href":"https:\/\/semead.com.br\/16\/wp-json\/wp\/v2\/pages\/40"}],"wp:attachment":[{"href":"https:\/\/semead.com.br\/16\/wp-json\/wp\/v2\/media?parent=59"}],"curies":[{"name":"wp","href":"https:\/\/api.w.org\/{rel}","templated":true}]}}