{"id":61,"date":"2017-02-21T16:13:47","date_gmt":"2017-02-21T19:13:47","guid":{"rendered":"https:\/\/semead.com.br\/16\/?page_id=61"},"modified":"2017-02-21T16:13:47","modified_gmt":"2017-02-21T19:13:47","slug":"gestao-de-pessoas","status":"publish","type":"page","link":"https:\/\/semead.com.br\/16\/areas\/gestao-de-pessoas\/","title":{"rendered":"Gest\u00e3o de Pessoas"},"content":{"rendered":"<p><strong>Coordenador: Prof. Dr. Edson Kubo \u2013 USCS<\/strong><\/p>\n<p><strong>1. Temas emergentes e modismos em gest\u00e3o de pessoas<\/strong><br \/>\n<em>Prof. Dr. Marcelo Ant\u00f4nio Treff \u2013 PUC\/SP<\/em><\/p>\n<p><strong>2. Carreiras, Compet\u00eancias e Internacional<\/strong><br \/>\n<em>Prof. Dr. Silvio Roberto Stefano \u2013 UNICENTRO<\/em><\/p>\n<p><strong>3. Incentivos, Remunera\u00e7\u00e3o e Satisfa\u00e7\u00e3o no trabalho<\/strong><br \/>\n<em>Profa. Dra. Nildes Raimunda Pitombo Leite \u2013 UNINOVE<\/em><\/p>\n<p><strong>4. Gest\u00e3o de Pessoas e Rela\u00e7\u00f5es de Trabalho<\/strong><br \/>\n<em>Profa. Dra. Andrea Leite Rodrigues \u2013 EACH\/USP<\/em><\/p>\n<p><strong>5. Pol\u00edticas, Modelos e Pr\u00e1ticas<\/strong><br \/>\n<em>Profa. Dra. V\u00e2nia Maria Jorge Nassif \u2013 UNINOVE<\/em><\/p>\n<p><strong>6. Tecnol\u00f3gico (Relato T\u00e9cnico)<\/strong><br \/>\n<em>Profa. Dra. Adriana Rosei W\u00fcnsch Takahashi \u2013 UFPR\u00a0\u2013 Mestrado Profissional<\/em><\/p>\n","protected":false},"excerpt":{"rendered":"<p>Coordenador: Prof. Dr. Edson Kubo \u2013 USCS 1. Temas emergentes e modismos em gest\u00e3o de pessoas Prof. Dr. Marcelo Ant\u00f4nio Treff \u2013 PUC\/SP 2. Carreiras, Compet\u00eancias e Internacional Prof. Dr. Silvio Roberto Stefano \u2013 UNICENTRO 3. Incentivos, Remunera\u00e7\u00e3o e Satisfa\u00e7\u00e3o no trabalho Profa. Dra. Nildes Raimunda Pitombo Leite \u2013 UNINOVE 4. Gest\u00e3o de Pessoas e&#8230;<\/p>\n","protected":false},"author":4,"featured_media":0,"parent":40,"menu_order":0,"comment_status":"closed","ping_status":"closed","template":"","meta":{"_acf_changed":false,"_monsterinsights_skip_tracking":false,"_monsterinsights_sitenote_active":false,"_monsterinsights_sitenote_note":"","_monsterinsights_sitenote_category":0,"footnotes":""},"class_list":["post-61","page","type-page","status-publish","hentry"],"acf":[],"yoast_head":"<!-- This site is optimized with the Yoast SEO plugin v27.1.1 - https:\/\/yoast.com\/product\/yoast-seo-wordpress\/ -->\n<title>Gest\u00e3o de Pessoas - XVI SemeAd<\/title>\n<meta name=\"robots\" content=\"index, follow, max-snippet:-1, max-image-preview:large, max-video-preview:-1\" \/>\n<link rel=\"canonical\" href=\"https:\/\/semead.com.br\/16\/areas\/gestao-de-pessoas\/\" \/>\n<meta property=\"og:locale\" content=\"pt_BR\" \/>\n<meta property=\"og:type\" content=\"article\" \/>\n<meta property=\"og:title\" content=\"Gest\u00e3o de Pessoas - XVI SemeAd\" \/>\n<meta property=\"og:description\" content=\"Coordenador: Prof. Dr. Edson Kubo \u2013 USCS 1. Temas emergentes e modismos em gest\u00e3o de pessoas Prof. Dr. Marcelo Ant\u00f4nio Treff \u2013 PUC\/SP 2. Carreiras, Compet\u00eancias e Internacional Prof. Dr. Silvio Roberto Stefano \u2013 UNICENTRO 3. Incentivos, Remunera\u00e7\u00e3o e Satisfa\u00e7\u00e3o no trabalho Profa. Dra. Nildes Raimunda Pitombo Leite \u2013 UNINOVE 4. Gest\u00e3o de Pessoas e...\" \/>\n<meta property=\"og:url\" content=\"https:\/\/semead.com.br\/16\/areas\/gestao-de-pessoas\/\" \/>\n<meta property=\"og:site_name\" content=\"XVI SemeAd\" \/>\n<meta name=\"twitter:card\" content=\"summary_large_image\" \/>\n<script type=\"application\/ld+json\" class=\"yoast-schema-graph\">{\"@context\":\"https:\/\/schema.org\",\"@graph\":[{\"@type\":\"WebPage\",\"@id\":\"https:\/\/semead.com.br\/16\/areas\/gestao-de-pessoas\/\",\"url\":\"https:\/\/semead.com.br\/16\/areas\/gestao-de-pessoas\/\",\"name\":\"Gest\u00e3o de Pessoas - XVI SemeAd\",\"isPartOf\":{\"@id\":\"https:\/\/semead.com.br\/16\/#website\"},\"datePublished\":\"2017-02-21T19:13:47+00:00\",\"breadcrumb\":{\"@id\":\"https:\/\/semead.com.br\/16\/areas\/gestao-de-pessoas\/#breadcrumb\"},\"inLanguage\":\"pt-BR\",\"potentialAction\":[{\"@type\":\"ReadAction\",\"target\":[\"https:\/\/semead.com.br\/16\/areas\/gestao-de-pessoas\/\"]}]},{\"@type\":\"BreadcrumbList\",\"@id\":\"https:\/\/semead.com.br\/16\/areas\/gestao-de-pessoas\/#breadcrumb\",\"itemListElement\":[{\"@type\":\"ListItem\",\"position\":1,\"name\":\"In\u00edcio\",\"item\":\"https:\/\/semead.com.br\/16\/\"},{\"@type\":\"ListItem\",\"position\":2,\"name\":\"\u00c1reas\",\"item\":\"https:\/\/semead.com.br\/16\/areas\/\"},{\"@type\":\"ListItem\",\"position\":3,\"name\":\"Gest\u00e3o de Pessoas\"}]},{\"@type\":\"WebSite\",\"@id\":\"https:\/\/semead.com.br\/16\/#website\",\"url\":\"https:\/\/semead.com.br\/16\/\",\"name\":\"XVI SemeAd\",\"description\":\"S\u00f3 mais um site SemeAd\",\"potentialAction\":[{\"@type\":\"SearchAction\",\"target\":{\"@type\":\"EntryPoint\",\"urlTemplate\":\"https:\/\/semead.com.br\/16\/?s={search_term_string}\"},\"query-input\":{\"@type\":\"PropertyValueSpecification\",\"valueRequired\":true,\"valueName\":\"search_term_string\"}}],\"inLanguage\":\"pt-BR\"}]}<\/script>\n<!-- \/ Yoast SEO plugin. -->","yoast_head_json":{"title":"Gest\u00e3o de Pessoas - XVI SemeAd","robots":{"index":"index","follow":"follow","max-snippet":"max-snippet:-1","max-image-preview":"max-image-preview:large","max-video-preview":"max-video-preview:-1"},"canonical":"https:\/\/semead.com.br\/16\/areas\/gestao-de-pessoas\/","og_locale":"pt_BR","og_type":"article","og_title":"Gest\u00e3o de Pessoas - XVI SemeAd","og_description":"Coordenador: Prof. Dr. Edson Kubo \u2013 USCS 1. Temas emergentes e modismos em gest\u00e3o de pessoas Prof. Dr. Marcelo Ant\u00f4nio Treff \u2013 PUC\/SP 2. Carreiras, Compet\u00eancias e Internacional Prof. Dr. Silvio Roberto Stefano \u2013 UNICENTRO 3. Incentivos, Remunera\u00e7\u00e3o e Satisfa\u00e7\u00e3o no trabalho Profa. Dra. Nildes Raimunda Pitombo Leite \u2013 UNINOVE 4. Gest\u00e3o de Pessoas e...","og_url":"https:\/\/semead.com.br\/16\/areas\/gestao-de-pessoas\/","og_site_name":"XVI SemeAd","twitter_card":"summary_large_image","schema":{"@context":"https:\/\/schema.org","@graph":[{"@type":"WebPage","@id":"https:\/\/semead.com.br\/16\/areas\/gestao-de-pessoas\/","url":"https:\/\/semead.com.br\/16\/areas\/gestao-de-pessoas\/","name":"Gest\u00e3o de Pessoas - XVI SemeAd","isPartOf":{"@id":"https:\/\/semead.com.br\/16\/#website"},"datePublished":"2017-02-21T19:13:47+00:00","breadcrumb":{"@id":"https:\/\/semead.com.br\/16\/areas\/gestao-de-pessoas\/#breadcrumb"},"inLanguage":"pt-BR","potentialAction":[{"@type":"ReadAction","target":["https:\/\/semead.com.br\/16\/areas\/gestao-de-pessoas\/"]}]},{"@type":"BreadcrumbList","@id":"https:\/\/semead.com.br\/16\/areas\/gestao-de-pessoas\/#breadcrumb","itemListElement":[{"@type":"ListItem","position":1,"name":"In\u00edcio","item":"https:\/\/semead.com.br\/16\/"},{"@type":"ListItem","position":2,"name":"\u00c1reas","item":"https:\/\/semead.com.br\/16\/areas\/"},{"@type":"ListItem","position":3,"name":"Gest\u00e3o de Pessoas"}]},{"@type":"WebSite","@id":"https:\/\/semead.com.br\/16\/#website","url":"https:\/\/semead.com.br\/16\/","name":"XVI SemeAd","description":"S\u00f3 mais um site SemeAd","potentialAction":[{"@type":"SearchAction","target":{"@type":"EntryPoint","urlTemplate":"https:\/\/semead.com.br\/16\/?s={search_term_string}"},"query-input":{"@type":"PropertyValueSpecification","valueRequired":true,"valueName":"search_term_string"}}],"inLanguage":"pt-BR"}]}},"_links":{"self":[{"href":"https:\/\/semead.com.br\/16\/wp-json\/wp\/v2\/pages\/61","targetHints":{"allow":["GET"]}}],"collection":[{"href":"https:\/\/semead.com.br\/16\/wp-json\/wp\/v2\/pages"}],"about":[{"href":"https:\/\/semead.com.br\/16\/wp-json\/wp\/v2\/types\/page"}],"author":[{"embeddable":true,"href":"https:\/\/semead.com.br\/16\/wp-json\/wp\/v2\/users\/4"}],"replies":[{"embeddable":true,"href":"https:\/\/semead.com.br\/16\/wp-json\/wp\/v2\/comments?post=61"}],"version-history":[{"count":0,"href":"https:\/\/semead.com.br\/16\/wp-json\/wp\/v2\/pages\/61\/revisions"}],"up":[{"embeddable":true,"href":"https:\/\/semead.com.br\/16\/wp-json\/wp\/v2\/pages\/40"}],"wp:attachment":[{"href":"https:\/\/semead.com.br\/16\/wp-json\/wp\/v2\/media?parent=61"}],"curies":[{"name":"wp","href":"https:\/\/api.w.org\/{rel}","templated":true}]}}