{"id":63,"date":"2017-02-21T16:15:20","date_gmt":"2017-02-21T19:15:20","guid":{"rendered":"https:\/\/semead.com.br\/16\/?page_id=63"},"modified":"2017-02-21T16:15:20","modified_gmt":"2017-02-21T19:15:20","slug":"gestao-socioambiental","status":"publish","type":"page","link":"https:\/\/semead.com.br\/16\/areas\/gestao-socioambiental\/","title":{"rendered":"Gest\u00e3o Socioambiental"},"content":{"rendered":"<p><strong>Coordenadora: Profa. Dra. Clandia Maffini Gomes<\/strong><\/p>\n<p><strong>1. Responsabilidade Social Corporativa e Gest\u00e3o de <em>Stakeholders<\/em><\/strong><br \/>\n<em>Profa. Dra. Monica Cavalcanti Sa de Abreu \u2013 UFC<\/em><\/p>\n<p><strong>2. Estrat\u00e9gia e Sustentabilidade<\/strong><br \/>\n<em>Prof. Dr. Fl\u00e1vio Horneaux J\u00fanior \u2013 UNINOVE<\/em><\/p>\n<p><strong>3. Inova\u00e7\u00e3o e Sustentabilidade<\/strong><br \/>\n<em>Profa. Dra. L\u00facia Rejane da Rosa Gama Madruga \u2013 UFSM<\/em><\/p>\n<p><strong>4. Gest\u00e3o Ambiental<\/strong><br \/>\n<em>Prof. Dr. Francisco Alberto Severo \u2013 UEG<\/em><\/p>\n<p><strong>5. Tecnol\u00f3gico (Relato T\u00e9cnico)<\/strong><br \/>\n<em>Profa. Dra. Fl\u00e1via Luciane Scherer \u2013 UFSM\u00a0\u2013 Mestrado Profissional<\/em><\/p>\n","protected":false},"excerpt":{"rendered":"<p>Coordenadora: Profa. Dra. Clandia Maffini Gomes 1. Responsabilidade Social Corporativa e Gest\u00e3o de Stakeholders Profa. Dra. Monica Cavalcanti Sa de Abreu \u2013 UFC 2. Estrat\u00e9gia e Sustentabilidade Prof. Dr. Fl\u00e1vio Horneaux J\u00fanior \u2013 UNINOVE 3. Inova\u00e7\u00e3o e Sustentabilidade Profa. Dra. L\u00facia Rejane da Rosa Gama Madruga \u2013 UFSM 4. Gest\u00e3o Ambiental Prof. Dr. Francisco Alberto&#8230;<\/p>\n","protected":false},"author":4,"featured_media":0,"parent":40,"menu_order":0,"comment_status":"closed","ping_status":"closed","template":"","meta":{"_acf_changed":false,"_monsterinsights_skip_tracking":false,"_monsterinsights_sitenote_active":false,"_monsterinsights_sitenote_note":"","_monsterinsights_sitenote_category":0,"footnotes":""},"class_list":["post-63","page","type-page","status-publish","hentry"],"acf":[],"yoast_head":"<!-- This site is optimized with the Yoast SEO plugin v27.1.1 - https:\/\/yoast.com\/product\/yoast-seo-wordpress\/ -->\n<title>Gest\u00e3o Socioambiental - XVI SemeAd<\/title>\n<meta name=\"robots\" content=\"index, follow, max-snippet:-1, max-image-preview:large, max-video-preview:-1\" \/>\n<link rel=\"canonical\" href=\"https:\/\/semead.com.br\/16\/areas\/gestao-socioambiental\/\" \/>\n<meta property=\"og:locale\" content=\"pt_BR\" \/>\n<meta property=\"og:type\" content=\"article\" \/>\n<meta property=\"og:title\" content=\"Gest\u00e3o Socioambiental - XVI SemeAd\" \/>\n<meta property=\"og:description\" content=\"Coordenadora: Profa. Dra. Clandia Maffini Gomes 1. Responsabilidade Social Corporativa e Gest\u00e3o de Stakeholders Profa. Dra. Monica Cavalcanti Sa de Abreu \u2013 UFC 2. Estrat\u00e9gia e Sustentabilidade Prof. Dr. Fl\u00e1vio Horneaux J\u00fanior \u2013 UNINOVE 3. Inova\u00e7\u00e3o e Sustentabilidade Profa. Dra. L\u00facia Rejane da Rosa Gama Madruga \u2013 UFSM 4. Gest\u00e3o Ambiental Prof. Dr. Francisco Alberto...\" \/>\n<meta property=\"og:url\" content=\"https:\/\/semead.com.br\/16\/areas\/gestao-socioambiental\/\" \/>\n<meta property=\"og:site_name\" content=\"XVI SemeAd\" \/>\n<meta name=\"twitter:card\" content=\"summary_large_image\" \/>\n<script type=\"application\/ld+json\" class=\"yoast-schema-graph\">{\"@context\":\"https:\/\/schema.org\",\"@graph\":[{\"@type\":\"WebPage\",\"@id\":\"https:\/\/semead.com.br\/16\/areas\/gestao-socioambiental\/\",\"url\":\"https:\/\/semead.com.br\/16\/areas\/gestao-socioambiental\/\",\"name\":\"Gest\u00e3o Socioambiental - XVI SemeAd\",\"isPartOf\":{\"@id\":\"https:\/\/semead.com.br\/16\/#website\"},\"datePublished\":\"2017-02-21T19:15:20+00:00\",\"breadcrumb\":{\"@id\":\"https:\/\/semead.com.br\/16\/areas\/gestao-socioambiental\/#breadcrumb\"},\"inLanguage\":\"pt-BR\",\"potentialAction\":[{\"@type\":\"ReadAction\",\"target\":[\"https:\/\/semead.com.br\/16\/areas\/gestao-socioambiental\/\"]}]},{\"@type\":\"BreadcrumbList\",\"@id\":\"https:\/\/semead.com.br\/16\/areas\/gestao-socioambiental\/#breadcrumb\",\"itemListElement\":[{\"@type\":\"ListItem\",\"position\":1,\"name\":\"In\u00edcio\",\"item\":\"https:\/\/semead.com.br\/16\/\"},{\"@type\":\"ListItem\",\"position\":2,\"name\":\"\u00c1reas\",\"item\":\"https:\/\/semead.com.br\/16\/areas\/\"},{\"@type\":\"ListItem\",\"position\":3,\"name\":\"Gest\u00e3o Socioambiental\"}]},{\"@type\":\"WebSite\",\"@id\":\"https:\/\/semead.com.br\/16\/#website\",\"url\":\"https:\/\/semead.com.br\/16\/\",\"name\":\"XVI SemeAd\",\"description\":\"S\u00f3 mais um site SemeAd\",\"potentialAction\":[{\"@type\":\"SearchAction\",\"target\":{\"@type\":\"EntryPoint\",\"urlTemplate\":\"https:\/\/semead.com.br\/16\/?s={search_term_string}\"},\"query-input\":{\"@type\":\"PropertyValueSpecification\",\"valueRequired\":true,\"valueName\":\"search_term_string\"}}],\"inLanguage\":\"pt-BR\"}]}<\/script>\n<!-- \/ Yoast SEO plugin. -->","yoast_head_json":{"title":"Gest\u00e3o Socioambiental - XVI SemeAd","robots":{"index":"index","follow":"follow","max-snippet":"max-snippet:-1","max-image-preview":"max-image-preview:large","max-video-preview":"max-video-preview:-1"},"canonical":"https:\/\/semead.com.br\/16\/areas\/gestao-socioambiental\/","og_locale":"pt_BR","og_type":"article","og_title":"Gest\u00e3o Socioambiental - XVI SemeAd","og_description":"Coordenadora: Profa. Dra. Clandia Maffini Gomes 1. Responsabilidade Social Corporativa e Gest\u00e3o de Stakeholders Profa. Dra. Monica Cavalcanti Sa de Abreu \u2013 UFC 2. Estrat\u00e9gia e Sustentabilidade Prof. Dr. Fl\u00e1vio Horneaux J\u00fanior \u2013 UNINOVE 3. Inova\u00e7\u00e3o e Sustentabilidade Profa. Dra. L\u00facia Rejane da Rosa Gama Madruga \u2013 UFSM 4. Gest\u00e3o Ambiental Prof. Dr. Francisco Alberto...","og_url":"https:\/\/semead.com.br\/16\/areas\/gestao-socioambiental\/","og_site_name":"XVI SemeAd","twitter_card":"summary_large_image","schema":{"@context":"https:\/\/schema.org","@graph":[{"@type":"WebPage","@id":"https:\/\/semead.com.br\/16\/areas\/gestao-socioambiental\/","url":"https:\/\/semead.com.br\/16\/areas\/gestao-socioambiental\/","name":"Gest\u00e3o Socioambiental - XVI SemeAd","isPartOf":{"@id":"https:\/\/semead.com.br\/16\/#website"},"datePublished":"2017-02-21T19:15:20+00:00","breadcrumb":{"@id":"https:\/\/semead.com.br\/16\/areas\/gestao-socioambiental\/#breadcrumb"},"inLanguage":"pt-BR","potentialAction":[{"@type":"ReadAction","target":["https:\/\/semead.com.br\/16\/areas\/gestao-socioambiental\/"]}]},{"@type":"BreadcrumbList","@id":"https:\/\/semead.com.br\/16\/areas\/gestao-socioambiental\/#breadcrumb","itemListElement":[{"@type":"ListItem","position":1,"name":"In\u00edcio","item":"https:\/\/semead.com.br\/16\/"},{"@type":"ListItem","position":2,"name":"\u00c1reas","item":"https:\/\/semead.com.br\/16\/areas\/"},{"@type":"ListItem","position":3,"name":"Gest\u00e3o Socioambiental"}]},{"@type":"WebSite","@id":"https:\/\/semead.com.br\/16\/#website","url":"https:\/\/semead.com.br\/16\/","name":"XVI SemeAd","description":"S\u00f3 mais um site SemeAd","potentialAction":[{"@type":"SearchAction","target":{"@type":"EntryPoint","urlTemplate":"https:\/\/semead.com.br\/16\/?s={search_term_string}"},"query-input":{"@type":"PropertyValueSpecification","valueRequired":true,"valueName":"search_term_string"}}],"inLanguage":"pt-BR"}]}},"_links":{"self":[{"href":"https:\/\/semead.com.br\/16\/wp-json\/wp\/v2\/pages\/63","targetHints":{"allow":["GET"]}}],"collection":[{"href":"https:\/\/semead.com.br\/16\/wp-json\/wp\/v2\/pages"}],"about":[{"href":"https:\/\/semead.com.br\/16\/wp-json\/wp\/v2\/types\/page"}],"author":[{"embeddable":true,"href":"https:\/\/semead.com.br\/16\/wp-json\/wp\/v2\/users\/4"}],"replies":[{"embeddable":true,"href":"https:\/\/semead.com.br\/16\/wp-json\/wp\/v2\/comments?post=63"}],"version-history":[{"count":0,"href":"https:\/\/semead.com.br\/16\/wp-json\/wp\/v2\/pages\/63\/revisions"}],"up":[{"embeddable":true,"href":"https:\/\/semead.com.br\/16\/wp-json\/wp\/v2\/pages\/40"}],"wp:attachment":[{"href":"https:\/\/semead.com.br\/16\/wp-json\/wp\/v2\/media?parent=63"}],"curies":[{"name":"wp","href":"https:\/\/api.w.org\/{rel}","templated":true}]}}