{"id":67,"date":"2017-02-21T16:16:54","date_gmt":"2017-02-21T19:16:54","guid":{"rendered":"https:\/\/semead.com.br\/16\/?page_id=67"},"modified":"2017-02-21T16:16:54","modified_gmt":"2017-02-21T19:16:54","slug":"operacoes","status":"publish","type":"page","link":"https:\/\/semead.com.br\/16\/areas\/operacoes\/","title":{"rendered":"Opera\u00e7\u00f5es"},"content":{"rendered":"<p><strong>Coordenadora: Profa. Dra. Adriana Marotti de Mello \u2013 FEA\/USP<\/strong><\/p>\n<p><strong>1. Estrat\u00e9gia de Opera\u00e7\u00f5es e Competitividade<\/strong><br \/>\n<em>Prof. Dr. Abra\u00e3o Freires Saraiva Jr. \u2013 UFERSA<\/em><\/p>\n<p><strong>2. Qualidade e Produtividade<\/strong><br \/>\n<em>Prof. Dr. Jos\u00e9 Roberto T\u00e1lamo \u2013 UFABC<\/em><\/p>\n<p><strong>3. Gest\u00e3o de Opera\u00e7\u00f5es em Servi\u00e7os<\/strong><br \/>\n<em>Prof. Dr. Clovis Alvarenga Netto \u2013 POLI\/USP<\/em><\/p>\n<p><strong>4. Gest\u00e3o de Opera\u00e7\u00f5es Lean \/ Lean Management<\/strong><br \/>\n<em>Prof. Dr. Jo\u00e3o Chang \u2013 FEI<\/em><\/p>\n<p><strong>5. Gest\u00e3o de Opera\u00e7\u00f5es Sustent\u00e1veis<\/strong><br \/>\n<em>Profa. Dra. Simone Georges El Khoury Miraglia \u2013 UNIFESP<\/em><\/p>\n<p><strong>6. Log\u00edstica e Cadeia de Suprimentos<\/strong><br \/>\n<em>Prof. Dr. Jorge Luiz de Biazzi \u2013 FEA\/USP<\/em><\/p>\n<p><strong>7. Desenvolvimento de Produtos e Processos<\/strong><br \/>\n<em>Prof. Dr. Eduardo Zancul \u2013 POLI\/USP<\/em><\/p>\n<p><strong>8. Tecnol\u00f3gico (Relato T\u00e9cnico)<\/strong><br \/>\n<em>Profa. Dra. Rejane Maria Alievi \u2013 UNISC\u00a0\u2013 Mestrado Profissional<\/em><\/p>\n","protected":false},"excerpt":{"rendered":"<p>Coordenadora: Profa. Dra. Adriana Marotti de Mello \u2013 FEA\/USP 1. Estrat\u00e9gia de Opera\u00e7\u00f5es e Competitividade Prof. Dr. Abra\u00e3o Freires Saraiva Jr. \u2013 UFERSA 2. Qualidade e Produtividade Prof. Dr. Jos\u00e9 Roberto T\u00e1lamo \u2013 UFABC 3. Gest\u00e3o de Opera\u00e7\u00f5es em Servi\u00e7os Prof. Dr. Clovis Alvarenga Netto \u2013 POLI\/USP 4. Gest\u00e3o de Opera\u00e7\u00f5es Lean \/ Lean Management&#8230;<\/p>\n","protected":false},"author":4,"featured_media":0,"parent":40,"menu_order":0,"comment_status":"closed","ping_status":"closed","template":"","meta":{"_acf_changed":false,"_monsterinsights_skip_tracking":false,"_monsterinsights_sitenote_active":false,"_monsterinsights_sitenote_note":"","_monsterinsights_sitenote_category":0,"footnotes":""},"class_list":["post-67","page","type-page","status-publish","hentry"],"acf":[],"yoast_head":"<!-- This site is optimized with the Yoast SEO plugin v27.1.1 - https:\/\/yoast.com\/product\/yoast-seo-wordpress\/ -->\n<title>Opera\u00e7\u00f5es - XVI SemeAd<\/title>\n<meta name=\"robots\" content=\"index, follow, max-snippet:-1, max-image-preview:large, max-video-preview:-1\" \/>\n<link rel=\"canonical\" href=\"https:\/\/semead.com.br\/16\/areas\/operacoes\/\" \/>\n<meta property=\"og:locale\" content=\"pt_BR\" \/>\n<meta property=\"og:type\" content=\"article\" \/>\n<meta property=\"og:title\" content=\"Opera\u00e7\u00f5es - XVI SemeAd\" \/>\n<meta property=\"og:description\" content=\"Coordenadora: Profa. Dra. Adriana Marotti de Mello \u2013 FEA\/USP 1. Estrat\u00e9gia de Opera\u00e7\u00f5es e Competitividade Prof. Dr. Abra\u00e3o Freires Saraiva Jr. \u2013 UFERSA 2. Qualidade e Produtividade Prof. Dr. Jos\u00e9 Roberto T\u00e1lamo \u2013 UFABC 3. Gest\u00e3o de Opera\u00e7\u00f5es em Servi\u00e7os Prof. Dr. Clovis Alvarenga Netto \u2013 POLI\/USP 4. Gest\u00e3o de Opera\u00e7\u00f5es Lean \/ Lean Management...\" \/>\n<meta property=\"og:url\" content=\"https:\/\/semead.com.br\/16\/areas\/operacoes\/\" \/>\n<meta property=\"og:site_name\" content=\"XVI SemeAd\" \/>\n<meta name=\"twitter:card\" content=\"summary_large_image\" \/>\n<meta name=\"twitter:label1\" content=\"Est. tempo de leitura\" \/>\n\t<meta name=\"twitter:data1\" content=\"1 minuto\" \/>\n<script type=\"application\/ld+json\" class=\"yoast-schema-graph\">{\"@context\":\"https:\/\/schema.org\",\"@graph\":[{\"@type\":\"WebPage\",\"@id\":\"https:\/\/semead.com.br\/16\/areas\/operacoes\/\",\"url\":\"https:\/\/semead.com.br\/16\/areas\/operacoes\/\",\"name\":\"Opera\u00e7\u00f5es - XVI SemeAd\",\"isPartOf\":{\"@id\":\"https:\/\/semead.com.br\/16\/#website\"},\"datePublished\":\"2017-02-21T19:16:54+00:00\",\"breadcrumb\":{\"@id\":\"https:\/\/semead.com.br\/16\/areas\/operacoes\/#breadcrumb\"},\"inLanguage\":\"pt-BR\",\"potentialAction\":[{\"@type\":\"ReadAction\",\"target\":[\"https:\/\/semead.com.br\/16\/areas\/operacoes\/\"]}]},{\"@type\":\"BreadcrumbList\",\"@id\":\"https:\/\/semead.com.br\/16\/areas\/operacoes\/#breadcrumb\",\"itemListElement\":[{\"@type\":\"ListItem\",\"position\":1,\"name\":\"In\u00edcio\",\"item\":\"https:\/\/semead.com.br\/16\/\"},{\"@type\":\"ListItem\",\"position\":2,\"name\":\"\u00c1reas\",\"item\":\"https:\/\/semead.com.br\/16\/areas\/\"},{\"@type\":\"ListItem\",\"position\":3,\"name\":\"Opera\u00e7\u00f5es\"}]},{\"@type\":\"WebSite\",\"@id\":\"https:\/\/semead.com.br\/16\/#website\",\"url\":\"https:\/\/semead.com.br\/16\/\",\"name\":\"XVI SemeAd\",\"description\":\"S\u00f3 mais um site SemeAd\",\"potentialAction\":[{\"@type\":\"SearchAction\",\"target\":{\"@type\":\"EntryPoint\",\"urlTemplate\":\"https:\/\/semead.com.br\/16\/?s={search_term_string}\"},\"query-input\":{\"@type\":\"PropertyValueSpecification\",\"valueRequired\":true,\"valueName\":\"search_term_string\"}}],\"inLanguage\":\"pt-BR\"}]}<\/script>\n<!-- \/ Yoast SEO plugin. -->","yoast_head_json":{"title":"Opera\u00e7\u00f5es - XVI SemeAd","robots":{"index":"index","follow":"follow","max-snippet":"max-snippet:-1","max-image-preview":"max-image-preview:large","max-video-preview":"max-video-preview:-1"},"canonical":"https:\/\/semead.com.br\/16\/areas\/operacoes\/","og_locale":"pt_BR","og_type":"article","og_title":"Opera\u00e7\u00f5es - XVI SemeAd","og_description":"Coordenadora: Profa. Dra. Adriana Marotti de Mello \u2013 FEA\/USP 1. Estrat\u00e9gia de Opera\u00e7\u00f5es e Competitividade Prof. Dr. Abra\u00e3o Freires Saraiva Jr. \u2013 UFERSA 2. Qualidade e Produtividade Prof. Dr. Jos\u00e9 Roberto T\u00e1lamo \u2013 UFABC 3. Gest\u00e3o de Opera\u00e7\u00f5es em Servi\u00e7os Prof. Dr. Clovis Alvarenga Netto \u2013 POLI\/USP 4. Gest\u00e3o de Opera\u00e7\u00f5es Lean \/ Lean Management...","og_url":"https:\/\/semead.com.br\/16\/areas\/operacoes\/","og_site_name":"XVI SemeAd","twitter_card":"summary_large_image","twitter_misc":{"Est. tempo de leitura":"1 minuto"},"schema":{"@context":"https:\/\/schema.org","@graph":[{"@type":"WebPage","@id":"https:\/\/semead.com.br\/16\/areas\/operacoes\/","url":"https:\/\/semead.com.br\/16\/areas\/operacoes\/","name":"Opera\u00e7\u00f5es - XVI SemeAd","isPartOf":{"@id":"https:\/\/semead.com.br\/16\/#website"},"datePublished":"2017-02-21T19:16:54+00:00","breadcrumb":{"@id":"https:\/\/semead.com.br\/16\/areas\/operacoes\/#breadcrumb"},"inLanguage":"pt-BR","potentialAction":[{"@type":"ReadAction","target":["https:\/\/semead.com.br\/16\/areas\/operacoes\/"]}]},{"@type":"BreadcrumbList","@id":"https:\/\/semead.com.br\/16\/areas\/operacoes\/#breadcrumb","itemListElement":[{"@type":"ListItem","position":1,"name":"In\u00edcio","item":"https:\/\/semead.com.br\/16\/"},{"@type":"ListItem","position":2,"name":"\u00c1reas","item":"https:\/\/semead.com.br\/16\/areas\/"},{"@type":"ListItem","position":3,"name":"Opera\u00e7\u00f5es"}]},{"@type":"WebSite","@id":"https:\/\/semead.com.br\/16\/#website","url":"https:\/\/semead.com.br\/16\/","name":"XVI SemeAd","description":"S\u00f3 mais um site SemeAd","potentialAction":[{"@type":"SearchAction","target":{"@type":"EntryPoint","urlTemplate":"https:\/\/semead.com.br\/16\/?s={search_term_string}"},"query-input":{"@type":"PropertyValueSpecification","valueRequired":true,"valueName":"search_term_string"}}],"inLanguage":"pt-BR"}]}},"_links":{"self":[{"href":"https:\/\/semead.com.br\/16\/wp-json\/wp\/v2\/pages\/67","targetHints":{"allow":["GET"]}}],"collection":[{"href":"https:\/\/semead.com.br\/16\/wp-json\/wp\/v2\/pages"}],"about":[{"href":"https:\/\/semead.com.br\/16\/wp-json\/wp\/v2\/types\/page"}],"author":[{"embeddable":true,"href":"https:\/\/semead.com.br\/16\/wp-json\/wp\/v2\/users\/4"}],"replies":[{"embeddable":true,"href":"https:\/\/semead.com.br\/16\/wp-json\/wp\/v2\/comments?post=67"}],"version-history":[{"count":0,"href":"https:\/\/semead.com.br\/16\/wp-json\/wp\/v2\/pages\/67\/revisions"}],"up":[{"embeddable":true,"href":"https:\/\/semead.com.br\/16\/wp-json\/wp\/v2\/pages\/40"}],"wp:attachment":[{"href":"https:\/\/semead.com.br\/16\/wp-json\/wp\/v2\/media?parent=67"}],"curies":[{"name":"wp","href":"https:\/\/api.w.org\/{rel}","templated":true}]}}