{"id":87,"date":"2017-02-21T19:01:32","date_gmt":"2017-02-21T22:01:32","guid":{"rendered":"https:\/\/semead.com.br\/16\/?page_id=87"},"modified":"2017-02-21T19:01:32","modified_gmt":"2017-02-21T22:01:32","slug":"submissao","status":"publish","type":"page","link":"https:\/\/semead.com.br\/16\/consorcio-doutoral\/submissao\/","title":{"rendered":"Submiss\u00e3o"},"content":{"rendered":"<p>Todos os doutorandos que desejarem apresentar um artigo sobre sua pesquisa no Cons\u00f3rcio Doutoral do XVI SemeAd devem submeter um resumo de uma p\u00e1gina (nem mais, nem menos; sem tabelas, figuras ou gr\u00e1ficos; algumas refer\u00eancias chave s\u00e3o permitidas na segunda p\u00e1gina; com no m\u00e1ximo 700 palavras) e o artigo completo no formato de artigo cient\u00edfico de acordo com o cronograma de submiss\u00e3o do XVI SemeAd. O resumo e o artigo completo devem ser enviados na forma de dois arquivos em formato Word atachados a um email para <a href=\"mailto:consorcio_doutoral_semead@usp.br\">consorciodoutoralsemead@usp.br<\/a>. O campo refer\u00eancia do email deve conter as palavras: Cons\u00f3rcio Doutoral, nem mais, nem menos. N\u00e3o \u00e9 necess\u00e1rio qualquer coment\u00e1rio no corpo do email. Leia atentamente as instru\u00e7\u00f5es antes de submeter.<\/p>\n<p><b>Instru\u00e7\u00f5es para Submiss\u00e3o<\/b><br \/>\nO resumo deve iniciar com o t\u00edtulo do trabalho, a \u00e1rea do artigo conforme classifica\u00e7\u00e3o do XVI SemeAd (exemplo: Estrat\u00e9gia em Organiza\u00e7\u00f5es, Estudos Organizacionais etc), seguida pelo nome do autor, filia\u00e7\u00e3o, ano de in\u00edcio do doutorado, data esperada de defesa, e-mail. Essas informa\u00e7\u00f5es devem vir antes do corpo do resumo, o qual deve ser escrito sem itemiza\u00e7\u00f5es. Tanto o resumo como o trabalho completo deve focar sua contribui\u00e7\u00e3o e n\u00e3o o que a literatura existente diz. Algumas linhas revisando a literatura existente s\u00e3o \u00fateis, mas somente para localizar a contribui\u00e7\u00e3o do trabalho no contexto dessa literatura. O resumo deve incluir t\u00edtulos para as seguintes subsess\u00f5es:<\/p>\n<p>1) descrever brevemente o estado-da-arte, contextualizando o objetivo do trabalho;<br \/>\n2) explicar o <i>gap<\/i> te\u00f3rico que voc\u00ea est\u00e1 tentando preencher, explicitando a contribui\u00e7\u00e3o;<br \/>\n3) apresentar seus principais argumentos te\u00f3ricos, proposi\u00e7\u00f5es e hip\u00f3teses;<br \/>\n4) expor seu desenho de pesquisa com o respectivo m\u00e9todo; e<br \/>\n5) apresentar eventuais resultados, an\u00e1lises e conclus\u00f5es iniciais.<\/p>\n<p>O formato do artigo completo deve seguir a estrutura de artigo cient\u00edfico do XVI SemeAd, ressalvando-se que as se\u00e7\u00f5es sobre an\u00e1lise de resultados e conclus\u00f5es devem se ater aos eventuais resultados e conclus\u00f5es iniciais. A submiss\u00e3o do resumo e artigo d\u00e1 aos organizadores a permiss\u00e3o para dissemin\u00e1-los. <b>Trabalhos que n\u00e3o estejam no formato especificado ser\u00e3o rejeitados.<\/b><\/p>\n<p><strong>Formata\u00e7\u00e3o do resumo e trabalho completo:<\/strong><b>\u00a0<\/b><br \/>\n&#8211; Formato do papel: A4;<br \/>\n&#8211; Fonte: Times New Roman\/tamanho 12;<br \/>\n&#8211; Espa\u00e7amento: simples, sendo o texto disposto em uma coluna;<br \/>\n&#8211; Alinhamento: justificado;<br \/>\n&#8211; Margens: Superior: 3 cm; inferior: 2 cm; esquerda: 3 cm; direita: 2 cm.<br \/>\n&#8211; As refer\u00eancias bibliogr\u00e1ficas dever\u00e3o ser citadas ao longo do texto de acordo com o sistema (autor-data), e apresentadas em ordem alfab\u00e9tica no final do trabalho, de acordo com a norma ABNT\/NBR-6023.<\/p>\n","protected":false},"excerpt":{"rendered":"<p>Todos os doutorandos que desejarem apresentar um artigo sobre sua pesquisa no Cons\u00f3rcio Doutoral do XVI SemeAd devem submeter um resumo de uma p\u00e1gina (nem mais, nem menos; sem tabelas, figuras ou gr\u00e1ficos; algumas refer\u00eancias chave s\u00e3o permitidas na segunda p\u00e1gina; com no m\u00e1ximo 700 palavras) e o artigo completo no formato de artigo cient\u00edfico&#8230;<\/p>\n","protected":false},"author":4,"featured_media":0,"parent":83,"menu_order":0,"comment_status":"closed","ping_status":"closed","template":"","meta":{"_acf_changed":false,"_monsterinsights_skip_tracking":false,"_monsterinsights_sitenote_active":false,"_monsterinsights_sitenote_note":"","_monsterinsights_sitenote_category":0,"footnotes":""},"class_list":["post-87","page","type-page","status-publish","hentry"],"acf":[],"yoast_head":"<!-- This site is optimized with the Yoast SEO plugin v27.1.1 - https:\/\/yoast.com\/product\/yoast-seo-wordpress\/ -->\n<title>Submiss\u00e3o - XVI SemeAd<\/title>\n<meta name=\"robots\" content=\"index, follow, max-snippet:-1, max-image-preview:large, max-video-preview:-1\" \/>\n<link rel=\"canonical\" href=\"https:\/\/semead.com.br\/16\/consorcio-doutoral\/submissao\/\" \/>\n<meta property=\"og:locale\" content=\"pt_BR\" \/>\n<meta property=\"og:type\" content=\"article\" \/>\n<meta property=\"og:title\" content=\"Submiss\u00e3o - XVI SemeAd\" \/>\n<meta property=\"og:description\" content=\"Todos os doutorandos que desejarem apresentar um artigo sobre sua pesquisa no Cons\u00f3rcio Doutoral do XVI SemeAd devem submeter um resumo de uma p\u00e1gina (nem mais, nem menos; sem tabelas, figuras ou gr\u00e1ficos; algumas refer\u00eancias chave s\u00e3o permitidas na segunda p\u00e1gina; com no m\u00e1ximo 700 palavras) e o artigo completo no formato de artigo cient\u00edfico...\" \/>\n<meta property=\"og:url\" content=\"https:\/\/semead.com.br\/16\/consorcio-doutoral\/submissao\/\" \/>\n<meta property=\"og:site_name\" content=\"XVI SemeAd\" \/>\n<meta name=\"twitter:card\" content=\"summary_large_image\" \/>\n<meta name=\"twitter:label1\" content=\"Est. tempo de leitura\" \/>\n\t<meta name=\"twitter:data1\" content=\"2 minutos\" \/>\n<script type=\"application\/ld+json\" class=\"yoast-schema-graph\">{\"@context\":\"https:\/\/schema.org\",\"@graph\":[{\"@type\":\"WebPage\",\"@id\":\"https:\/\/semead.com.br\/16\/consorcio-doutoral\/submissao\/\",\"url\":\"https:\/\/semead.com.br\/16\/consorcio-doutoral\/submissao\/\",\"name\":\"Submiss\u00e3o - XVI SemeAd\",\"isPartOf\":{\"@id\":\"https:\/\/semead.com.br\/16\/#website\"},\"datePublished\":\"2017-02-21T22:01:32+00:00\",\"breadcrumb\":{\"@id\":\"https:\/\/semead.com.br\/16\/consorcio-doutoral\/submissao\/#breadcrumb\"},\"inLanguage\":\"pt-BR\",\"potentialAction\":[{\"@type\":\"ReadAction\",\"target\":[\"https:\/\/semead.com.br\/16\/consorcio-doutoral\/submissao\/\"]}]},{\"@type\":\"BreadcrumbList\",\"@id\":\"https:\/\/semead.com.br\/16\/consorcio-doutoral\/submissao\/#breadcrumb\",\"itemListElement\":[{\"@type\":\"ListItem\",\"position\":1,\"name\":\"In\u00edcio\",\"item\":\"https:\/\/semead.com.br\/16\/\"},{\"@type\":\"ListItem\",\"position\":2,\"name\":\"Cons\u00f3rcio Doutoral\",\"item\":\"https:\/\/semead.com.br\/16\/consorcio-doutoral\/\"},{\"@type\":\"ListItem\",\"position\":3,\"name\":\"Submiss\u00e3o\"}]},{\"@type\":\"WebSite\",\"@id\":\"https:\/\/semead.com.br\/16\/#website\",\"url\":\"https:\/\/semead.com.br\/16\/\",\"name\":\"XVI SemeAd\",\"description\":\"S\u00f3 mais um site SemeAd\",\"potentialAction\":[{\"@type\":\"SearchAction\",\"target\":{\"@type\":\"EntryPoint\",\"urlTemplate\":\"https:\/\/semead.com.br\/16\/?s={search_term_string}\"},\"query-input\":{\"@type\":\"PropertyValueSpecification\",\"valueRequired\":true,\"valueName\":\"search_term_string\"}}],\"inLanguage\":\"pt-BR\"}]}<\/script>\n<!-- \/ Yoast SEO plugin. -->","yoast_head_json":{"title":"Submiss\u00e3o - XVI SemeAd","robots":{"index":"index","follow":"follow","max-snippet":"max-snippet:-1","max-image-preview":"max-image-preview:large","max-video-preview":"max-video-preview:-1"},"canonical":"https:\/\/semead.com.br\/16\/consorcio-doutoral\/submissao\/","og_locale":"pt_BR","og_type":"article","og_title":"Submiss\u00e3o - XVI SemeAd","og_description":"Todos os doutorandos que desejarem apresentar um artigo sobre sua pesquisa no Cons\u00f3rcio Doutoral do XVI SemeAd devem submeter um resumo de uma p\u00e1gina (nem mais, nem menos; sem tabelas, figuras ou gr\u00e1ficos; algumas refer\u00eancias chave s\u00e3o permitidas na segunda p\u00e1gina; com no m\u00e1ximo 700 palavras) e o artigo completo no formato de artigo cient\u00edfico...","og_url":"https:\/\/semead.com.br\/16\/consorcio-doutoral\/submissao\/","og_site_name":"XVI SemeAd","twitter_card":"summary_large_image","twitter_misc":{"Est. tempo de leitura":"2 minutos"},"schema":{"@context":"https:\/\/schema.org","@graph":[{"@type":"WebPage","@id":"https:\/\/semead.com.br\/16\/consorcio-doutoral\/submissao\/","url":"https:\/\/semead.com.br\/16\/consorcio-doutoral\/submissao\/","name":"Submiss\u00e3o - XVI SemeAd","isPartOf":{"@id":"https:\/\/semead.com.br\/16\/#website"},"datePublished":"2017-02-21T22:01:32+00:00","breadcrumb":{"@id":"https:\/\/semead.com.br\/16\/consorcio-doutoral\/submissao\/#breadcrumb"},"inLanguage":"pt-BR","potentialAction":[{"@type":"ReadAction","target":["https:\/\/semead.com.br\/16\/consorcio-doutoral\/submissao\/"]}]},{"@type":"BreadcrumbList","@id":"https:\/\/semead.com.br\/16\/consorcio-doutoral\/submissao\/#breadcrumb","itemListElement":[{"@type":"ListItem","position":1,"name":"In\u00edcio","item":"https:\/\/semead.com.br\/16\/"},{"@type":"ListItem","position":2,"name":"Cons\u00f3rcio Doutoral","item":"https:\/\/semead.com.br\/16\/consorcio-doutoral\/"},{"@type":"ListItem","position":3,"name":"Submiss\u00e3o"}]},{"@type":"WebSite","@id":"https:\/\/semead.com.br\/16\/#website","url":"https:\/\/semead.com.br\/16\/","name":"XVI SemeAd","description":"S\u00f3 mais um site SemeAd","potentialAction":[{"@type":"SearchAction","target":{"@type":"EntryPoint","urlTemplate":"https:\/\/semead.com.br\/16\/?s={search_term_string}"},"query-input":{"@type":"PropertyValueSpecification","valueRequired":true,"valueName":"search_term_string"}}],"inLanguage":"pt-BR"}]}},"_links":{"self":[{"href":"https:\/\/semead.com.br\/16\/wp-json\/wp\/v2\/pages\/87","targetHints":{"allow":["GET"]}}],"collection":[{"href":"https:\/\/semead.com.br\/16\/wp-json\/wp\/v2\/pages"}],"about":[{"href":"https:\/\/semead.com.br\/16\/wp-json\/wp\/v2\/types\/page"}],"author":[{"embeddable":true,"href":"https:\/\/semead.com.br\/16\/wp-json\/wp\/v2\/users\/4"}],"replies":[{"embeddable":true,"href":"https:\/\/semead.com.br\/16\/wp-json\/wp\/v2\/comments?post=87"}],"version-history":[{"count":0,"href":"https:\/\/semead.com.br\/16\/wp-json\/wp\/v2\/pages\/87\/revisions"}],"up":[{"embeddable":true,"href":"https:\/\/semead.com.br\/16\/wp-json\/wp\/v2\/pages\/83"}],"wp:attachment":[{"href":"https:\/\/semead.com.br\/16\/wp-json\/wp\/v2\/media?parent=87"}],"curies":[{"name":"wp","href":"https:\/\/api.w.org\/{rel}","templated":true}]}}