{"id":95,"date":"2017-02-21T19:05:23","date_gmt":"2017-02-21T22:05:23","guid":{"rendered":"https:\/\/semead.com.br\/16\/?page_id=95"},"modified":"2017-02-21T19:17:22","modified_gmt":"2017-02-21T22:17:22","slug":"regras-para-submissao","status":"publish","type":"page","link":"https:\/\/semead.com.br\/16\/trabalhos\/regras-para-submissao\/","title":{"rendered":"Regras para Submiss\u00e3o"},"content":{"rendered":"<p>Os trabalhos ser\u00e3o submetidos exclusivamente pela Internet, impreterivelmente at\u00e9 \u00e0s <strong>23:59<\/strong> (hor\u00e1rio oficial de Bras\u00edlia) do dia <strong>29 de julho de 2013<\/strong>.<\/p>\n<p>&#8211; O trabalho deve ser in\u00e9dito. Ser\u00e3o aceitos trabalhos submetidos em portugu\u00eas, ingl\u00eas ou espanhol.<br \/>\n&#8211; Cada trabalho poder\u00e1 ter at\u00e9 cinco (5) autores.<br \/>\n&#8211; Ser\u00e3o permitidas at\u00e9 tr\u00eas (3) submiss\u00f5es de trabalhos por autor.<br \/>\n&#8211; O trabalho n\u00e3o pode conter qualquer identifica\u00e7\u00e3o ou indica\u00e7\u00e3o de autoria no campo \u201cpropriedade\u201d e no corpo do trabalho.<br \/>\n&#8211; Para que o trabalho seja apresentado no evento e inclu\u00eddo nos anais, \u00e9 necess\u00e1rio que pelo menos um dos autores (o apresentador) fa\u00e7a a sua inscri\u00e7\u00e3o.<br \/>\n&#8211; Se o trabalho n\u00e3o for apresentado, os autores poder\u00e3o ser impedidos de submeter trabalhos no evento subsequente.<br \/>\n&#8211; Somente ser\u00e3o aceitos trabalhos com reda\u00e7\u00e3o e ortografia adequadas, pois a vers\u00e3o enviada ser\u00e1 definitiva.<br \/>\n&#8211; Para submeter o trabalho, os autores devem estar cadastrados no sistema. Caso j\u00e1 tenham cadastro \u00e9 necess\u00e1rio certificar-se que estejam atualizados, pois a \u00faltima informa\u00e7\u00e3o registrada \u00e9 a que constar\u00e1 na identifica\u00e7\u00e3o da autoria do trabalho.<br \/>\n&#8211; Para o cadastro, os autores devem ter em m\u00e3os o n\u00famero do CPF de cada um dos autores brasileiros. Para os autores estrangeiros, ter o n\u00famero do passaporte.<br \/>\n&#8211; N\u00e3o ser\u00e1 aceita a inclus\u00e3o de autor ap\u00f3s a submiss\u00e3o.<br \/>\n&#8211; Submeter apenas um trabalho por vez.<br \/>\n&#8211; Se houver interesse, indicar a <a href=\"https:\/\/semead.com.br\/16\/indicacao-para-periodicos\/\">revista cient\u00edfica (peri\u00f3dico)<\/a> que deseja participar do processo de <em>fast-track<\/em>. O autor poder\u00e1 indicar at\u00e9 4 (quatro) revistas durante a submiss\u00e3o, sendo que dever\u00e1 ser uma revista de cada n\u00edvel Qualis, ou seja, poder\u00e1 escolher uma das revistas A2; uma das Revistas B1; uma das revistas B2; e uma das revistas B3.\u00a0Para a escolha das Revistas recomenda-se que os autores\u00a0verifiquem o escopo editorial das revistas.<\/p>\n<p>Os trabalhos podem ser do tipo: Artigo Cient\u00edfico\u00a0ou Relato T\u00e9cnico.<\/p>\n<p>&nbsp;<\/p>\n","protected":false},"excerpt":{"rendered":"<p>Os trabalhos ser\u00e3o submetidos exclusivamente pela Internet, impreterivelmente at\u00e9 \u00e0s 23:59 (hor\u00e1rio oficial de Bras\u00edlia) do dia 29 de julho de 2013. &#8211; O trabalho deve ser in\u00e9dito. Ser\u00e3o aceitos trabalhos submetidos em portugu\u00eas, ingl\u00eas ou espanhol. &#8211; Cada trabalho poder\u00e1 ter at\u00e9 cinco (5) autores. &#8211; Ser\u00e3o permitidas at\u00e9 tr\u00eas (3) submiss\u00f5es de trabalhos&#8230;<\/p>\n","protected":false},"author":4,"featured_media":0,"parent":93,"menu_order":0,"comment_status":"closed","ping_status":"closed","template":"","meta":{"_acf_changed":false,"_monsterinsights_skip_tracking":false,"_monsterinsights_sitenote_active":false,"_monsterinsights_sitenote_note":"","_monsterinsights_sitenote_category":0,"footnotes":""},"class_list":["post-95","page","type-page","status-publish","hentry"],"acf":[],"yoast_head":"<!-- This site is optimized with the Yoast SEO plugin v27.1.1 - https:\/\/yoast.com\/product\/yoast-seo-wordpress\/ -->\n<title>Regras para Submiss\u00e3o - XVI SemeAd<\/title>\n<meta name=\"robots\" content=\"index, follow, max-snippet:-1, max-image-preview:large, max-video-preview:-1\" \/>\n<link rel=\"canonical\" href=\"https:\/\/semead.com.br\/16\/trabalhos\/regras-para-submissao\/\" \/>\n<meta property=\"og:locale\" content=\"pt_BR\" \/>\n<meta property=\"og:type\" content=\"article\" \/>\n<meta property=\"og:title\" content=\"Regras para Submiss\u00e3o - XVI SemeAd\" \/>\n<meta property=\"og:description\" content=\"Os trabalhos ser\u00e3o submetidos exclusivamente pela Internet, impreterivelmente at\u00e9 \u00e0s 23:59 (hor\u00e1rio oficial de Bras\u00edlia) do dia 29 de julho de 2013. &#8211; O trabalho deve ser in\u00e9dito. Ser\u00e3o aceitos trabalhos submetidos em portugu\u00eas, ingl\u00eas ou espanhol. &#8211; Cada trabalho poder\u00e1 ter at\u00e9 cinco (5) autores. &#8211; Ser\u00e3o permitidas at\u00e9 tr\u00eas (3) submiss\u00f5es de trabalhos...\" \/>\n<meta property=\"og:url\" content=\"https:\/\/semead.com.br\/16\/trabalhos\/regras-para-submissao\/\" \/>\n<meta property=\"og:site_name\" content=\"XVI SemeAd\" \/>\n<meta property=\"article:modified_time\" content=\"2017-02-21T22:17:22+00:00\" \/>\n<meta name=\"twitter:card\" content=\"summary_large_image\" \/>\n<meta name=\"twitter:label1\" content=\"Est. tempo de leitura\" \/>\n\t<meta name=\"twitter:data1\" content=\"2 minutos\" \/>\n<script type=\"application\/ld+json\" class=\"yoast-schema-graph\">{\"@context\":\"https:\/\/schema.org\",\"@graph\":[{\"@type\":\"WebPage\",\"@id\":\"https:\/\/semead.com.br\/16\/trabalhos\/regras-para-submissao\/\",\"url\":\"https:\/\/semead.com.br\/16\/trabalhos\/regras-para-submissao\/\",\"name\":\"Regras para Submiss\u00e3o - XVI SemeAd\",\"isPartOf\":{\"@id\":\"https:\/\/semead.com.br\/16\/#website\"},\"datePublished\":\"2017-02-21T22:05:23+00:00\",\"dateModified\":\"2017-02-21T22:17:22+00:00\",\"breadcrumb\":{\"@id\":\"https:\/\/semead.com.br\/16\/trabalhos\/regras-para-submissao\/#breadcrumb\"},\"inLanguage\":\"pt-BR\",\"potentialAction\":[{\"@type\":\"ReadAction\",\"target\":[\"https:\/\/semead.com.br\/16\/trabalhos\/regras-para-submissao\/\"]}]},{\"@type\":\"BreadcrumbList\",\"@id\":\"https:\/\/semead.com.br\/16\/trabalhos\/regras-para-submissao\/#breadcrumb\",\"itemListElement\":[{\"@type\":\"ListItem\",\"position\":1,\"name\":\"In\u00edcio\",\"item\":\"https:\/\/semead.com.br\/16\/\"},{\"@type\":\"ListItem\",\"position\":2,\"name\":\"Trabalhos\",\"item\":\"https:\/\/semead.com.br\/16\/trabalhos\/\"},{\"@type\":\"ListItem\",\"position\":3,\"name\":\"Regras para Submiss\u00e3o\"}]},{\"@type\":\"WebSite\",\"@id\":\"https:\/\/semead.com.br\/16\/#website\",\"url\":\"https:\/\/semead.com.br\/16\/\",\"name\":\"XVI SemeAd\",\"description\":\"S\u00f3 mais um site SemeAd\",\"potentialAction\":[{\"@type\":\"SearchAction\",\"target\":{\"@type\":\"EntryPoint\",\"urlTemplate\":\"https:\/\/semead.com.br\/16\/?s={search_term_string}\"},\"query-input\":{\"@type\":\"PropertyValueSpecification\",\"valueRequired\":true,\"valueName\":\"search_term_string\"}}],\"inLanguage\":\"pt-BR\"}]}<\/script>\n<!-- \/ Yoast SEO plugin. -->","yoast_head_json":{"title":"Regras para Submiss\u00e3o - XVI SemeAd","robots":{"index":"index","follow":"follow","max-snippet":"max-snippet:-1","max-image-preview":"max-image-preview:large","max-video-preview":"max-video-preview:-1"},"canonical":"https:\/\/semead.com.br\/16\/trabalhos\/regras-para-submissao\/","og_locale":"pt_BR","og_type":"article","og_title":"Regras para Submiss\u00e3o - XVI SemeAd","og_description":"Os trabalhos ser\u00e3o submetidos exclusivamente pela Internet, impreterivelmente at\u00e9 \u00e0s 23:59 (hor\u00e1rio oficial de Bras\u00edlia) do dia 29 de julho de 2013. &#8211; O trabalho deve ser in\u00e9dito. Ser\u00e3o aceitos trabalhos submetidos em portugu\u00eas, ingl\u00eas ou espanhol. &#8211; Cada trabalho poder\u00e1 ter at\u00e9 cinco (5) autores. &#8211; Ser\u00e3o permitidas at\u00e9 tr\u00eas (3) submiss\u00f5es de trabalhos...","og_url":"https:\/\/semead.com.br\/16\/trabalhos\/regras-para-submissao\/","og_site_name":"XVI SemeAd","article_modified_time":"2017-02-21T22:17:22+00:00","twitter_card":"summary_large_image","twitter_misc":{"Est. tempo de leitura":"2 minutos"},"schema":{"@context":"https:\/\/schema.org","@graph":[{"@type":"WebPage","@id":"https:\/\/semead.com.br\/16\/trabalhos\/regras-para-submissao\/","url":"https:\/\/semead.com.br\/16\/trabalhos\/regras-para-submissao\/","name":"Regras para Submiss\u00e3o - XVI SemeAd","isPartOf":{"@id":"https:\/\/semead.com.br\/16\/#website"},"datePublished":"2017-02-21T22:05:23+00:00","dateModified":"2017-02-21T22:17:22+00:00","breadcrumb":{"@id":"https:\/\/semead.com.br\/16\/trabalhos\/regras-para-submissao\/#breadcrumb"},"inLanguage":"pt-BR","potentialAction":[{"@type":"ReadAction","target":["https:\/\/semead.com.br\/16\/trabalhos\/regras-para-submissao\/"]}]},{"@type":"BreadcrumbList","@id":"https:\/\/semead.com.br\/16\/trabalhos\/regras-para-submissao\/#breadcrumb","itemListElement":[{"@type":"ListItem","position":1,"name":"In\u00edcio","item":"https:\/\/semead.com.br\/16\/"},{"@type":"ListItem","position":2,"name":"Trabalhos","item":"https:\/\/semead.com.br\/16\/trabalhos\/"},{"@type":"ListItem","position":3,"name":"Regras para Submiss\u00e3o"}]},{"@type":"WebSite","@id":"https:\/\/semead.com.br\/16\/#website","url":"https:\/\/semead.com.br\/16\/","name":"XVI SemeAd","description":"S\u00f3 mais um site SemeAd","potentialAction":[{"@type":"SearchAction","target":{"@type":"EntryPoint","urlTemplate":"https:\/\/semead.com.br\/16\/?s={search_term_string}"},"query-input":{"@type":"PropertyValueSpecification","valueRequired":true,"valueName":"search_term_string"}}],"inLanguage":"pt-BR"}]}},"_links":{"self":[{"href":"https:\/\/semead.com.br\/16\/wp-json\/wp\/v2\/pages\/95","targetHints":{"allow":["GET"]}}],"collection":[{"href":"https:\/\/semead.com.br\/16\/wp-json\/wp\/v2\/pages"}],"about":[{"href":"https:\/\/semead.com.br\/16\/wp-json\/wp\/v2\/types\/page"}],"author":[{"embeddable":true,"href":"https:\/\/semead.com.br\/16\/wp-json\/wp\/v2\/users\/4"}],"replies":[{"embeddable":true,"href":"https:\/\/semead.com.br\/16\/wp-json\/wp\/v2\/comments?post=95"}],"version-history":[{"count":0,"href":"https:\/\/semead.com.br\/16\/wp-json\/wp\/v2\/pages\/95\/revisions"}],"up":[{"embeddable":true,"href":"https:\/\/semead.com.br\/16\/wp-json\/wp\/v2\/pages\/93"}],"wp:attachment":[{"href":"https:\/\/semead.com.br\/16\/wp-json\/wp\/v2\/media?parent=95"}],"curies":[{"name":"wp","href":"https:\/\/api.w.org\/{rel}","templated":true}]}}