{"id":99,"date":"2017-02-21T19:07:32","date_gmt":"2017-02-21T22:07:32","guid":{"rendered":"https:\/\/semead.com.br\/16\/?page_id=99"},"modified":"2017-02-21T19:07:32","modified_gmt":"2017-02-21T22:07:32","slug":"resultado-fast-track","status":"publish","type":"page","link":"https:\/\/semead.com.br\/16\/trabalhos\/resultado-fast-track\/","title":{"rendered":"Resultado Fast Track"},"content":{"rendered":"<p>Os autores dos trabalhos selecionados para fast track dever\u00e3o:<\/p>\n<p>a) Proceder a submiss\u00e3o do trabalho no site da revista indicada respeitando as normas editoriais e procurando incorporar as contribui\u00e7\u00f5es dos avaliadores do SemeAd. Observe-se que os pareceres das avalia\u00e7\u00f5es do SemeAd s\u00e3o de conhecimento dos editores.<\/p>\n<p>b) Encaminhar e-mail ao editor do peri\u00f3dico, inserindo no campo assunto: \u201cFast track SemeAd 2013\u2033, informando a submiss\u00e3o do trabalho (procure informar o n\u00famero de identifica\u00e7\u00e3o do sistema). Recomenda-se encaminhar neste e-mail explica\u00e7\u00f5es de eventuais melhorias decorrentes da avalia\u00e7\u00e3o do SemeAd.<\/p>\n<h2><\/h2>\n<h2>FUTURE SRJ \u2013 Future Studies Research Journal \u2013 B3<\/h2>\n<p>1009 \u2013 Avalia\u00e7\u00e3o de Compet\u00eancias em uma Institui\u00e7\u00e3o Hospitalar: a vis\u00e3o de avaliados e avaliadores.<\/p>\n<p>58 \u2013 Estudo sobre as pr\u00e1ticas cont\u00e1beis divulgadas por empresas de materiais b\u00e1sicos antes e ap\u00f3s o processo de harmoniza\u00e7\u00e3o das normas cont\u00e1beis brasileiras.<\/p>\n<p>144 \u2013 A demonstra\u00e7\u00e3o do valor adicionado expandido aplicada em uma entidade sem fins lucrativos.<\/p>\n<p>299 \u2013 O mito da Gera\u00e7\u00e3o Y: evid\u00eancias a partir das rela\u00e7\u00f5es de causalidade entre idade e difus\u00e3o e ado\u00e7\u00e3o de tecnologia de estudantes universit\u00e1rios de S\u00e3o Paulo.<\/p>\n<p>916 \u2013 MARKETING DE RELACIONAMENTO \u2013 Uma an\u00e1lise das rela\u00e7\u00f5es business-to-business em varejistas multimarcas do segmento surfwear.<\/p>\n<h2>GeP \u2013 Revista de Gest\u00e3o e Projetos \u2013 B3<\/h2>\n<p>537\u00a0 \u2013 A Intera\u00e7\u00e3o de Culturas Organizacionais e seus Desdobramentos em Projetos de Consultoria: Um Estudo de Caso.<\/p>\n<p>705 \u2013 Gera\u00e7\u00e3o de alternativas e o Analytic Hierarchy Process: estudos de caso na implanta\u00e7\u00e3o de um m\u00e9todo estruturado para sele\u00e7\u00e3o de projetos.<\/p>\n<p>314 \u2013 enef\u00edcios alcan\u00e7ados atrav\u00e9s de um modelo de Gest\u00e3o \u00c1gil de Projeto em uma empresa de jogos eletr\u00f4nicos.<\/p>\n<h2>GUAL \u2013 Revista\u00a0Gest\u00e3o Universit\u00e1ria na Am\u00e9rica Latina \u2013 B3<\/h2>\n<p>243 \u2013 Ensino do empreendedorismo sob a \u00f3tica de alunos e professores do curso de Administra\u00e7\u00e3o de uma institui\u00e7\u00e3o de ensino superior (IES) privada em Minas Gerais.<\/p>\n<p>550 -Aprendizagem a Dist\u00e2ncia: Um Estudo \u00e0 Luz da Abordagem Construtivista.<\/p>\n<h2>RAHIS \u2013 Revista de Administra\u00e7\u00e3o Hospitalar e Inova\u00e7\u00e3o em Sa\u00fade \u2013 B3<\/h2>\n<p>393 \u2013 Gest\u00e3o de res\u00edduos de servi\u00e7o de sa\u00fade: um estudo de caso em um posto m\u00e9dico da Marinha do Brasil.<\/p>\n<p>515 -Aplica\u00e7\u00e3o de m\u00e9tricas de software em um modelo de avalia\u00e7\u00e3o de qualidade para sistemas de informa\u00e7\u00e3o de sa\u00fade: um estudo de factibilidade em um hospital p\u00fablico universit\u00e1rio.<\/p>\n<p>594 -Implanta\u00e7\u00e3o de sistema de notifica\u00e7\u00e3o eletr\u00f4nica de tecnologias em sa\u00fade.<\/p>\n<p>577 -An\u00e1lise dos v\u00ednculos de comprometimento e entrincheiramento com a carreira de enfermeiros hospitalares no Rio Grande do Sul.<\/p>\n<h2>TAC \u2013 Tecnologias de Administra\u00e7\u00e3o e Contabilidade \u2013 B3<\/h2>\n<p>272 -Justi\u00e7a Organizacional na Avalia\u00e7\u00e3o de Desempenho: considerando aspectos comportamentais no processo de controle gerencial de organiza\u00e7\u00f5es da Marinha.<\/p>\n<p>514 -Aplica\u00e7\u00e3o do m\u00e9todo AHP em decis\u00f5es organizacionais: o caso PDDT do Governo de S\u00e3o Paulo.<\/p>\n<p>1188 -Satisfa\u00e7\u00e3o dos clientes de uma churrascaria: utiliza\u00e7\u00e3o conjunta de duas t\u00e9cnicas de mensura\u00e7\u00e3o.<\/p>\n<p>133 \u2013 Metodologia \u00e1gil Scrum aplicada ao desenvolvimento de software no setor banc\u00e1rio: uma pesquisa-a\u00e7\u00e3o.<\/p>\n<h2>RGFC \u2013 Revista de Gest\u00e3o Finan\u00e7as e Contabilidade \u2013 B3<\/h2>\n<p>571 -N\u00edveis diferenciados de governan\u00e7a corporativa e disclosure timeliness: um estudo explorat\u00f3rio no mercado brasileiro.<\/p>\n<p>782 -Efeito no pre\u00e7o das a\u00e7\u00f5es no an\u00fancio de ofertas subsequentes de a\u00e7\u00f5es de empresas brasileiras.<\/p>\n<h2>RGSS \u2013 Revista de Gest\u00e3o em Sistemas de Sa\u00fade \u2013 B3<\/h2>\n<p>1091 -Compet\u00eancias empreendedoras dos psic\u00f3logos.<\/p>\n<p>473 \u2013 O Consumo de Cirurgia Est\u00e9tica: a Influ\u00eancia da Autoestima e do Materialismo.<\/p>\n<p>80 -Do Neuromarketing a Quest\u00f5es Neuro\u00e9ticas.<\/p>\n<h2>GEAS \u2013 Revista de Gest\u00e3o Ambiental e Sustentabilidade -B3<\/h2>\n<p>557 -A contribui\u00e7\u00e3o da agricultura multifunctional para o desenvolvimento rural sustent\u00e1vel: o caso do munic\u00edpio de Cunha \u2013 SP.<\/p>\n<p>655 -Perfil da produ\u00e7\u00e3o cient\u00edfica sobre organiza\u00e7\u00f5es ambientalistas.<\/p>\n<p>601 -An\u00e1lise da utiliza\u00e7\u00e3o dos indicadores essenciais do GRI (G3) nos relat\u00f3rios das empresas dos setores de petr\u00f3leo, g\u00e1s e biocombust\u00edvel e de utilidade p\u00fablica no Brasil.<\/p>\n<p>985 -Um estudo sobre a rela\u00e7\u00e3o entre coopera\u00e7\u00e3o organizacional e estrat\u00e9gia para sustentabilidade.<\/p>\n<p>951 Inova\u00e7\u00e3o e Sustentabilidade: um estudo de caso na ind\u00fastria de biomassa e energias renov\u00e1veis.<\/p>\n<h2>PODIUM \u2013 Sport, LeisureandTourismReview \u2013 B3<\/h2>\n<p>1036 -A substitui\u00e7\u00e3o da mat\u00e9ria prima implica na sustentabilidade do produto \u2013 estudo de caso fabrica\u00e7\u00e3o de capacetes.<\/p>\n<p>220 -Contribui\u00e7\u00f5es para a fideliza\u00e7\u00e3o de clientes pela implanta\u00e7\u00e3o do turismo esportivo em uma pequena organiza\u00e7\u00e3o de ensino do surfe.<\/p>\n<p>257 -Miss\u00e3o institucional: An\u00e1lise dos principais elementos presentes nas miss\u00f5es dos hot\u00e9is de Santa Catarina.<\/p>\n<h2>Contextus \u2013 Revista Contempor\u00e2nea de Economia e Gest\u00e3o \u2013 B2<\/h2>\n<p>380 -An\u00e1lise dos indicadores de valor adicionado das empresas participantes do \u00cdndice de Sustentabilidade Empresarial (ISE) comparados \u00e0s demais empresas listadas na BM&amp;FBOVESPA.<\/p>\n<p>772 -Atribui\u00e7\u00f5es e a participa\u00e7\u00e3o do controller no processo sucess\u00f3rio em uma empresa familiar.<\/p>\n<h2>InternexT \u2013 Revista Eletr\u00f4nica de Neg\u00f3cios Internacionais da ESPM \u2013 B2<\/h2>\n<p>130 \u2013 Redes de Franquia Brasileiras Internacionalizadas: evolu\u00e7\u00e3o do m\u00e9todo de entrada no exterior.<\/p>\n<p>402 -Framework da Estrat\u00e9gia de Expatria\u00e7\u00e3o no \u00c2mbito do Indiv\u00edduo, da Organiza\u00e7\u00e3o e do Ambiente Internacional.<\/p>\n<p>50 -Transfer\u00eancia Tecnol\u00f3gica para Amplia\u00e7\u00e3o de Oportunidades de Neg\u00f3cios Internacionais: O Caso da Eurolls.<\/p>\n<h2>PRETEXTO \u2013 Revista PRETEXTO \u2013 B2<\/h2>\n<p>382 -Escolas de Governo: o panorama brasileiro.<\/p>\n<p>404 \u2013 An\u00e1lise da sustentabilidade empresarial: um estudo envolvendo uma ind\u00fastria mineradora<\/p>\n<h2>ReAUFSM \u2013 Revista da Universidade de Santa Maria \u2013 B2<\/h2>\n<p>1031 -An\u00e1lise do impacto dos repasses estaduais e federais no desenvolvimento dos munic\u00edpios de Santa Catarina.<\/p>\n<p>804 -Entre o saber e o fazer: Um estudo comportamental sobre a coer\u00eancia ambiental da popula\u00e7\u00e3o de Lavras \u2013 MG.<\/p>\n<p>348 -N\u00edvel de tributa\u00e7\u00e3o e estrutura de capital: evid\u00eancias com incentivos fiscais no Brasil.<\/p>\n<h2>RECADM \u2013 Revista Eletr\u00f4nica de Ci\u00eancia Administrativa \u2013 B2<\/h2>\n<p>305 \u2013 As pr\u00e1ticas organizativas do Distrito de Ratones na resist\u00eancia \u00e0 proposta de plano diretor \u201cparticipativo\u201d feita pela .<\/p>\n<p>235 \u2013 Governan\u00e7a eletr\u00f4nica nos munic\u00edpios: Uma an\u00e1lise do Estado de Sergipe.<\/p>\n<h2>REGE \u2013 Revista de Gest\u00e3o USP \u2013 B2<\/h2>\n<p>281 \u2013 Manifesta\u00e7\u00f5es geradas por um caso de recall: an\u00e1lise e considera\u00e7\u00f5es.<\/p>\n<p>363 \u2013 An\u00e1lise do Processo de Internacionaliza\u00e7\u00e3o da TOTVS sob a \u00d3tica da Abordagem Comportamental.<\/p>\n<p>622 -A Produ\u00e7\u00e3o Cient\u00edfica Nacional Sobre Competitividade e Cluster: a Constru\u00e7\u00e3o do Campo de Estudo no Brasil.<\/p>\n<p>256 -Os efeitos da governan\u00e7a corporativa sobre o rating de cr\u00e9dito das empresas listadas na BM&amp;FBOVESPA.<\/p>\n<h2>REMark \u2013 Revista Brasileira de Marketing \u2013 B2<\/h2>\n<p>419 -Efeitos das Estrat\u00e9gias de Marketing de Compras Coletivas Sobre o Comportamento Impulsivo.<\/p>\n<p>211 -PROCESSAMENTO DE MARCAS PR\u00c9-ATENTIVO VERSUS ATENTIVO: Um teste acerca de suas diferen\u00e7as no registro dos est\u00edmulos.<\/p>\n<h2>RGSA \u2013 Revista de Gest\u00e3o Social e Ambiental \u2013 B2<\/h2>\n<p>718 -A influ\u00eancia dos valores sustent\u00e1veis na escolha de uma organiza\u00e7\u00e3o para se trabalhar.<\/p>\n<h2>RIAE \u2013 Revista Ibero-Americana de Estrat\u00e9gia \u2013 B2<\/h2>\n<p>1110 \u2013 Sali\u00eancia de Stakeholders e Performance Financeira: uma an\u00e1lise emp\u00edrica.<\/p>\n<h2>GESEC \u2013 Revista de Gest\u00e3o e Secretariado \u2013 B2<\/h2>\n<p>1204 \u2013 O processo e o contexto fomentador da aprendizagem gerencial de administradores e de n\u00e3o administradores.<\/p>\n<h2>Faces \u2013 Revista de Administra\u00e7\u00e3o FACES Journal \u2013 B1<\/h2>\n<p>844 -Um panorama da avalia\u00e7\u00e3o de resultados em educa\u00e7\u00e3o corporativa no Brasil.<\/p>\n<p>744 -O modelo Cage como preditor do modo de entrada de empresas brasileiras no exterior.<\/p>\n<h2>G&amp;R \u2013 Revista Gest\u00e3o &amp; Regionalidade -B1<\/h2>\n<p>741 \u2013 Pr\u00e1ticas de Controle Gerencial em Hospitais Universit\u00e1rios Federais.<\/p>\n<p>654 \u2013 Cursos de Nivelamento em L\u00edngua Portuguesa e Matem\u00e1tica para Estudantes do Ensino Superior? Um Estudo<\/p>\n<p>643 \u2013 Gest\u00e3o da Sa\u00fade Ind\u00edgena no Brasil: Os Distritos Sanit\u00e1rios Especiais Ind\u00edgenas\/DSEI\u2019S e o Distrito Leste de Roraima\/DSL.<\/p>\n<h2>RAI \u2013 Revista de Administra\u00e7\u00e3o e Inova\u00e7\u00e3o \u2013 B1<\/h2>\n<p>1065 \u2013 Influ\u00eancia das pr\u00e1ticas de open innovation na prospec\u00e7\u00e3o de conhecimentos para a cria\u00e7\u00e3o de valor em ambientes de alta complexidade sob condi\u00e7\u00f5es de incerteza e imprevisibilidade.<\/p>\n<p>184 -Inova\u00e7\u00e3o sustent\u00e1vel em processo: A experi\u00eancia de implanta\u00e7\u00e3o do sistema de gest\u00e3o dos servi\u00e7os de manuten\u00e7\u00e3o de redes de \u00e1gua e esgoto, da Sabesp.<\/p>\n<p>847 -Perfil Tecnol\u00f3gico da CSN: Um Estudo Patentom\u00e9trico.<\/p>\n<h2>RAM \u2013 Revista de Administra\u00e7\u00e3o Mackenzie \u2013 B1<\/h2>\n<p>912 \u2013 Avalia\u00e7\u00e3o de Taxonomias e Tipologias de Gest\u00e3o Ambiental Estrat\u00e9gica em Empresas Brasileiras por Meio da An\u00e1lise de Clusters.<\/p>\n<h2>RBGN \u2013 Revista Brasileira de Gest\u00e3o e Neg\u00f3cios \u2013 B1<\/h2>\n<p>122 -O Ritmo do Momento: Investigando o Papel da M\u00fasica ao Vivo no Comportamento do Consumidor em Ambiente de Varejo de Supermercado.<\/p>\n<p>989 -Explorando a rela\u00e7\u00e3o entre crowding e satisfa\u00e7\u00e3o: Um estudo em parques urbanos.<\/p>\n<h2>RAUSP \u2013 Revista de Administra\u00e7\u00e3o da USP \u2013 A2<\/h2>\n<p>386 \u2013 \u201cAmarga cana\u2026\u201d: representa\u00e7\u00f5es sociais do trabalho na atividade de corte de cana-de-a\u00e7\u00facar na regi\u00e3o de Ituiutaba-MG<\/p>\n<h2>RC&amp;F \u2013 Revista Contabilidade &amp; Finan\u00e7as \u2013 A2<\/h2>\n<p>554 -A Comparabilidade das Escolhas Cont\u00e1beis na Avalia\u00e7\u00e3o de Ativos Intang\u00edveis de Companhias Abertas Brasileiras.<\/p>\n<p><strong>Contato com editores:\u00a0<\/strong><\/p>\n<p>RAUSP Revista de Administra\u00e7\u00e3o da USP<br \/>\nNicolau Reinhard rausp@usp.br<\/p>\n<p>RC&amp;F Revista Contabilidade &amp; Finan\u00e7as<br \/>\nF\u00e1bio Frezatti frezatti@usp.br, recont@usp.br, recontom@usp.br<\/p>\n<p>Faces Revista de Administra\u00e7\u00e3o FACES Journal<br \/>\nHenrique Cordeiro Martins faces@fumec.br<\/p>\n<p>G&amp;R Revista Gest\u00e3o &amp; Regionalidade<br \/>\nMarco Antonio Pinheiro da Silveira marco.pinheiro@uscs.edu.br<\/p>\n<p>RAI Revista de Administra\u00e7\u00e3o e Inova\u00e7\u00e3o<br \/>\nMilton de Abreu Campanario<br \/>\ncampanariopgt@revistarai.org<\/p>\n<p>RAM Revista de Administra\u00e7\u00e3o Mackenzie<br \/>\nWalter Bataglia revista.adm@mackenzie.br<\/p>\n<p>RBGN Revista Brasileira de Gest\u00e3o e Neg\u00f3cios<br \/>\nJo\u00e3o Maur\u00edcio Gama Boaventura rbgn@fecap.br<\/p>\n<p>Contextus Revista Contempor\u00e2nea de Economia e Gest\u00e3o<br \/>\nMarcelle Colares Oliveira context@ufc.br<\/p>\n<p>InternexT Revista Eletr\u00f4nica de Neg\u00f3cios Internacionais da ESPM<br \/>\nFelipe Mendes Borini internext@espm.br<\/p>\n<p>PRETEXTO Revista PRETEXTO<br \/>\nAlexandre Teixeira Dias alexandre.tdias@fumec.br<\/p>\n<p>ReAUFSM Revista da Universidade de Santa Maria<br \/>\nClandia Maffini Gomes rea@smail.ufsm.br<\/p>\n<p>RECADM Revista Eletr\u00f4nica de Ci\u00eancia Administrativa<br \/>\nDiego Maganhotto Coraiola recadm@facecla.com.br<\/p>\n<p>REGE Revista de Gest\u00e3o USP<br \/>\nCesar Alexandre de Souza rege@usp.br<\/p>\n<p>REMark Revista Brasileira de Marketing<br \/>\nOt\u00e1vio Bandeira De Lam\u00f4nica Freire admin@revistabrasileiramarketing.org<\/p>\n<p>RGSA Revista de Gest\u00e3o Social e Ambiental<br \/>\nJacques Demajorovic rgsaeletronica@gmail.com<\/p>\n<p>RIAE Revista Ibero-Americana de Estrat\u00e9gia<br \/>\nBenny Kramer Costa bennycosta@yahoo.com.br<\/p>\n<p>FUTURE SRJ Future Studies Research Journal<br \/>\nJames Terence Coulter Wright prof_jameswright@fia.com.br<\/p>\n<p>GeP Revista de Gest\u00e3o e Projetos<br \/>\nRoque Rabechini Junior editor@revistagep.org<\/p>\n<p>GUAL Revista Gest\u00e3o Universit\u00e1ria na Am\u00e9rica Latina<br \/>\nMaur\u00edcio Fernandes Pereira gual@cse.ufsc.br<\/p>\n<p>RAHIS Revista de Administra\u00e7\u00e3o Hospitalar e Inova\u00e7\u00e3o em Sa\u00fade<br \/>\nMarcio Augusto marciouk@yahoo.com<\/p>\n<p>GESEC Revista de Gest\u00e3o e Secretariado<br \/>\nIsabel Cristina Baptista gestoreditorial@revistagesec.org.br<\/p>\n<p>TAC Tecnologias de Administra\u00e7\u00e3o e Contabilidade<br \/>\nGraziela Dias Alperstedt gradial@gmail.com<\/p>\n<p>RGFC Revista de Gest\u00e3o Finan\u00e7as e Contabilidade<br \/>\nMaria de F\u00e1tima Ara\u00fajo Fraz\u00e3o, rgfc@uneb.br<\/p>\n<p>RGSS Revista de Gest\u00e3o em Sistemas de Sa\u00fade<br \/>\nMarcos Roberto Piscopo journalrgss@gmail.com<\/p>\n<p>GEAS Revista de Gest\u00e3o Ambiental e Sustentabilidade<br \/>\nPedro Luiz C\u00f4rtes journalgeas@gmail.com, cortespl@gmail.com<\/p>\n<p>PODIUM Sport, Leisure and Tourism Review<br \/>\nJo\u00e3o Manuel Casquinha Malaia Santos jmalaia@gmail.com<\/p>\n","protected":false},"excerpt":{"rendered":"<p>Os autores dos trabalhos selecionados para fast track dever\u00e3o: a) Proceder a submiss\u00e3o do trabalho no site da revista indicada respeitando as normas editoriais e procurando incorporar as contribui\u00e7\u00f5es dos avaliadores do SemeAd. Observe-se que os pareceres das avalia\u00e7\u00f5es do SemeAd s\u00e3o de conhecimento dos editores. b) Encaminhar e-mail ao editor do peri\u00f3dico, inserindo no&#8230;<\/p>\n","protected":false},"author":4,"featured_media":0,"parent":93,"menu_order":0,"comment_status":"closed","ping_status":"closed","template":"","meta":{"_acf_changed":false,"_monsterinsights_skip_tracking":false,"_monsterinsights_sitenote_active":false,"_monsterinsights_sitenote_note":"","_monsterinsights_sitenote_category":0,"footnotes":""},"class_list":["post-99","page","type-page","status-publish","hentry"],"acf":[],"yoast_head":"<!-- This site is optimized with the Yoast SEO plugin v27.1.1 - https:\/\/yoast.com\/product\/yoast-seo-wordpress\/ -->\n<title>Resultado Fast Track - XVI SemeAd<\/title>\n<meta name=\"robots\" content=\"index, follow, max-snippet:-1, max-image-preview:large, max-video-preview:-1\" \/>\n<link rel=\"canonical\" href=\"https:\/\/semead.com.br\/16\/trabalhos\/resultado-fast-track\/\" \/>\n<meta property=\"og:locale\" content=\"pt_BR\" \/>\n<meta property=\"og:type\" content=\"article\" \/>\n<meta property=\"og:title\" content=\"Resultado Fast Track - XVI SemeAd\" \/>\n<meta property=\"og:description\" content=\"Os autores dos trabalhos selecionados para fast track dever\u00e3o: a) Proceder a submiss\u00e3o do trabalho no site da revista indicada respeitando as normas editoriais e procurando incorporar as contribui\u00e7\u00f5es dos avaliadores do SemeAd. Observe-se que os pareceres das avalia\u00e7\u00f5es do SemeAd s\u00e3o de conhecimento dos editores. b) Encaminhar e-mail ao editor do peri\u00f3dico, inserindo no...\" \/>\n<meta property=\"og:url\" content=\"https:\/\/semead.com.br\/16\/trabalhos\/resultado-fast-track\/\" \/>\n<meta property=\"og:site_name\" content=\"XVI SemeAd\" \/>\n<meta name=\"twitter:card\" content=\"summary_large_image\" \/>\n<meta name=\"twitter:label1\" content=\"Est. tempo de leitura\" \/>\n\t<meta name=\"twitter:data1\" content=\"9 minutos\" \/>\n<script type=\"application\/ld+json\" class=\"yoast-schema-graph\">{\"@context\":\"https:\/\/schema.org\",\"@graph\":[{\"@type\":\"WebPage\",\"@id\":\"https:\/\/semead.com.br\/16\/trabalhos\/resultado-fast-track\/\",\"url\":\"https:\/\/semead.com.br\/16\/trabalhos\/resultado-fast-track\/\",\"name\":\"Resultado Fast Track - XVI SemeAd\",\"isPartOf\":{\"@id\":\"https:\/\/semead.com.br\/16\/#website\"},\"datePublished\":\"2017-02-21T22:07:32+00:00\",\"breadcrumb\":{\"@id\":\"https:\/\/semead.com.br\/16\/trabalhos\/resultado-fast-track\/#breadcrumb\"},\"inLanguage\":\"pt-BR\",\"potentialAction\":[{\"@type\":\"ReadAction\",\"target\":[\"https:\/\/semead.com.br\/16\/trabalhos\/resultado-fast-track\/\"]}]},{\"@type\":\"BreadcrumbList\",\"@id\":\"https:\/\/semead.com.br\/16\/trabalhos\/resultado-fast-track\/#breadcrumb\",\"itemListElement\":[{\"@type\":\"ListItem\",\"position\":1,\"name\":\"In\u00edcio\",\"item\":\"https:\/\/semead.com.br\/16\/\"},{\"@type\":\"ListItem\",\"position\":2,\"name\":\"Trabalhos\",\"item\":\"https:\/\/semead.com.br\/16\/trabalhos\/\"},{\"@type\":\"ListItem\",\"position\":3,\"name\":\"Resultado Fast Track\"}]},{\"@type\":\"WebSite\",\"@id\":\"https:\/\/semead.com.br\/16\/#website\",\"url\":\"https:\/\/semead.com.br\/16\/\",\"name\":\"XVI SemeAd\",\"description\":\"S\u00f3 mais um site SemeAd\",\"potentialAction\":[{\"@type\":\"SearchAction\",\"target\":{\"@type\":\"EntryPoint\",\"urlTemplate\":\"https:\/\/semead.com.br\/16\/?s={search_term_string}\"},\"query-input\":{\"@type\":\"PropertyValueSpecification\",\"valueRequired\":true,\"valueName\":\"search_term_string\"}}],\"inLanguage\":\"pt-BR\"}]}<\/script>\n<!-- \/ Yoast SEO plugin. -->","yoast_head_json":{"title":"Resultado Fast Track - XVI SemeAd","robots":{"index":"index","follow":"follow","max-snippet":"max-snippet:-1","max-image-preview":"max-image-preview:large","max-video-preview":"max-video-preview:-1"},"canonical":"https:\/\/semead.com.br\/16\/trabalhos\/resultado-fast-track\/","og_locale":"pt_BR","og_type":"article","og_title":"Resultado Fast Track - XVI SemeAd","og_description":"Os autores dos trabalhos selecionados para fast track dever\u00e3o: a) Proceder a submiss\u00e3o do trabalho no site da revista indicada respeitando as normas editoriais e procurando incorporar as contribui\u00e7\u00f5es dos avaliadores do SemeAd. Observe-se que os pareceres das avalia\u00e7\u00f5es do SemeAd s\u00e3o de conhecimento dos editores. b) Encaminhar e-mail ao editor do peri\u00f3dico, inserindo no...","og_url":"https:\/\/semead.com.br\/16\/trabalhos\/resultado-fast-track\/","og_site_name":"XVI SemeAd","twitter_card":"summary_large_image","twitter_misc":{"Est. tempo de leitura":"9 minutos"},"schema":{"@context":"https:\/\/schema.org","@graph":[{"@type":"WebPage","@id":"https:\/\/semead.com.br\/16\/trabalhos\/resultado-fast-track\/","url":"https:\/\/semead.com.br\/16\/trabalhos\/resultado-fast-track\/","name":"Resultado Fast Track - XVI SemeAd","isPartOf":{"@id":"https:\/\/semead.com.br\/16\/#website"},"datePublished":"2017-02-21T22:07:32+00:00","breadcrumb":{"@id":"https:\/\/semead.com.br\/16\/trabalhos\/resultado-fast-track\/#breadcrumb"},"inLanguage":"pt-BR","potentialAction":[{"@type":"ReadAction","target":["https:\/\/semead.com.br\/16\/trabalhos\/resultado-fast-track\/"]}]},{"@type":"BreadcrumbList","@id":"https:\/\/semead.com.br\/16\/trabalhos\/resultado-fast-track\/#breadcrumb","itemListElement":[{"@type":"ListItem","position":1,"name":"In\u00edcio","item":"https:\/\/semead.com.br\/16\/"},{"@type":"ListItem","position":2,"name":"Trabalhos","item":"https:\/\/semead.com.br\/16\/trabalhos\/"},{"@type":"ListItem","position":3,"name":"Resultado Fast Track"}]},{"@type":"WebSite","@id":"https:\/\/semead.com.br\/16\/#website","url":"https:\/\/semead.com.br\/16\/","name":"XVI SemeAd","description":"S\u00f3 mais um site SemeAd","potentialAction":[{"@type":"SearchAction","target":{"@type":"EntryPoint","urlTemplate":"https:\/\/semead.com.br\/16\/?s={search_term_string}"},"query-input":{"@type":"PropertyValueSpecification","valueRequired":true,"valueName":"search_term_string"}}],"inLanguage":"pt-BR"}]}},"_links":{"self":[{"href":"https:\/\/semead.com.br\/16\/wp-json\/wp\/v2\/pages\/99","targetHints":{"allow":["GET"]}}],"collection":[{"href":"https:\/\/semead.com.br\/16\/wp-json\/wp\/v2\/pages"}],"about":[{"href":"https:\/\/semead.com.br\/16\/wp-json\/wp\/v2\/types\/page"}],"author":[{"embeddable":true,"href":"https:\/\/semead.com.br\/16\/wp-json\/wp\/v2\/users\/4"}],"replies":[{"embeddable":true,"href":"https:\/\/semead.com.br\/16\/wp-json\/wp\/v2\/comments?post=99"}],"version-history":[{"count":0,"href":"https:\/\/semead.com.br\/16\/wp-json\/wp\/v2\/pages\/99\/revisions"}],"up":[{"embeddable":true,"href":"https:\/\/semead.com.br\/16\/wp-json\/wp\/v2\/pages\/93"}],"wp:attachment":[{"href":"https:\/\/semead.com.br\/16\/wp-json\/wp\/v2\/media?parent=99"}],"curies":[{"name":"wp","href":"https:\/\/api.w.org\/{rel}","templated":true}]}}