{"id":10069,"date":"2013-04-29T14:59:34","date_gmt":"2013-04-29T14:59:34","guid":{"rendered":"http:\/\/semead.com.br\/?page_id=10069"},"modified":"2013-04-29T14:59:34","modified_gmt":"2013-04-29T14:59:34","slug":"envie-seu-trabalho","status":"publish","type":"page","link":"https:\/\/semead.com.br\/17\/envie-seu-trabalho\/","title":{"rendered":"Envie seu trabalho"},"content":{"rendered":"<p>&#8211; Para enviar um trabalho \u00e9 necess\u00e1rio estar cadastrado no sistema do Seme<i>Ad<\/i>.<\/p>\n<p>&#8211; Somente autores podem fazer a submiss\u00e3o do trabalho.<\/p>\n<p>&#8211; Se j\u00e1 possui cadastro, digite login e senha para continuar ou crie um novo cadastro.<\/p>\n<p>&#8211; Caso n\u00e3o lembre a senha, clique em <em>Esqueci a Senha<\/em> para receb\u00ea-la por e-mail.<\/p>\n<p>&#8211; Antes de enviar seu trabalho leia atentamente as instru\u00e7\u00f5es.<\/p>\n<p>&#8211; Mesmo que voc\u00ea j\u00e1 tenha cadastro, atualize seus dados antes de enviar um trabalho.<\/p>\n<p>&nbsp;<\/p>\n<h2><a href=\"http:\/\/semead.com.br\/17semead\">CLIQUE AQUI PARA ENVIAR SEU TRABALHO<\/a><\/h2>\n<p>&nbsp;<\/p>\n","protected":false},"excerpt":{"rendered":"<p>&#8211; Para enviar um trabalho \u00e9 necess\u00e1rio estar cadastrado no sistema do SemeAd. &#8211; Somente autores podem fazer a submiss\u00e3o do trabalho. &#8211; Se j\u00e1 possui cadastro, digite login e senha para continuar ou crie um novo cadastro. &#8211; Caso n\u00e3o lembre a senha, clique em Esqueci a Senha para receb\u00ea-la por e-mail. &#8211; Antes&#8230;<\/p>\n","protected":false},"author":2,"featured_media":0,"parent":0,"menu_order":0,"comment_status":"open","ping_status":"open","template":"","meta":{"_acf_changed":false,"_monsterinsights_skip_tracking":false,"_monsterinsights_sitenote_active":false,"_monsterinsights_sitenote_note":"","_monsterinsights_sitenote_category":0,"footnotes":""},"class_list":["post-10069","page","type-page","status-publish","hentry"],"acf":[],"yoast_head":"<!-- This site is optimized with the Yoast SEO plugin v27.5 - https:\/\/yoast.com\/product\/yoast-seo-wordpress\/ -->\n<title>Envie seu trabalho - XVII SemeAd<\/title>\n<meta name=\"robots\" content=\"index, follow, max-snippet:-1, max-image-preview:large, max-video-preview:-1\" \/>\n<link rel=\"canonical\" href=\"https:\/\/semead.com.br\/17\/envie-seu-trabalho\/\" \/>\n<meta property=\"og:locale\" content=\"en_US\" \/>\n<meta property=\"og:type\" content=\"article\" \/>\n<meta property=\"og:title\" content=\"Envie seu trabalho - XVII SemeAd\" \/>\n<meta property=\"og:description\" content=\"&#8211; Para enviar um trabalho \u00e9 necess\u00e1rio estar cadastrado no sistema do SemeAd. &#8211; Somente autores podem fazer a submiss\u00e3o do trabalho. &#8211; Se j\u00e1 possui cadastro, digite login e senha para continuar ou crie um novo cadastro. &#8211; Caso n\u00e3o lembre a senha, clique em Esqueci a Senha para receb\u00ea-la por e-mail. &#8211; Antes...\" \/>\n<meta property=\"og:url\" content=\"https:\/\/semead.com.br\/17\/envie-seu-trabalho\/\" \/>\n<meta property=\"og:site_name\" content=\"XVII SemeAd\" \/>\n<meta name=\"twitter:card\" content=\"summary_large_image\" \/>\n<script type=\"application\/ld+json\" class=\"yoast-schema-graph\">{\"@context\":\"https:\\\/\\\/schema.org\",\"@graph\":[{\"@type\":\"WebPage\",\"@id\":\"https:\\\/\\\/semead.com.br\\\/17\\\/envie-seu-trabalho\\\/\",\"url\":\"https:\\\/\\\/semead.com.br\\\/17\\\/envie-seu-trabalho\\\/\",\"name\":\"Envie seu trabalho - XVII SemeAd\",\"isPartOf\":{\"@id\":\"https:\\\/\\\/semead.com.br\\\/17\\\/#website\"},\"datePublished\":\"2013-04-29T14:59:34+00:00\",\"breadcrumb\":{\"@id\":\"https:\\\/\\\/semead.com.br\\\/17\\\/envie-seu-trabalho\\\/#breadcrumb\"},\"inLanguage\":\"en-US\",\"potentialAction\":[{\"@type\":\"ReadAction\",\"target\":[\"https:\\\/\\\/semead.com.br\\\/17\\\/envie-seu-trabalho\\\/\"]}]},{\"@type\":\"BreadcrumbList\",\"@id\":\"https:\\\/\\\/semead.com.br\\\/17\\\/envie-seu-trabalho\\\/#breadcrumb\",\"itemListElement\":[{\"@type\":\"ListItem\",\"position\":1,\"name\":\"In\u00edcio\",\"item\":\"https:\\\/\\\/semead.com.br\\\/17\\\/\"},{\"@type\":\"ListItem\",\"position\":2,\"name\":\"Envie seu trabalho\"}]},{\"@type\":\"WebSite\",\"@id\":\"https:\\\/\\\/semead.com.br\\\/17\\\/#website\",\"url\":\"https:\\\/\\\/semead.com.br\\\/17\\\/\",\"name\":\"XVII SemeAd\",\"description\":\"Just another SemeAd site\",\"potentialAction\":[{\"@type\":\"SearchAction\",\"target\":{\"@type\":\"EntryPoint\",\"urlTemplate\":\"https:\\\/\\\/semead.com.br\\\/17\\\/?s={search_term_string}\"},\"query-input\":{\"@type\":\"PropertyValueSpecification\",\"valueRequired\":true,\"valueName\":\"search_term_string\"}}],\"inLanguage\":\"en-US\"}]}<\/script>\n<!-- \/ Yoast SEO plugin. -->","yoast_head_json":{"title":"Envie seu trabalho - XVII SemeAd","robots":{"index":"index","follow":"follow","max-snippet":"max-snippet:-1","max-image-preview":"max-image-preview:large","max-video-preview":"max-video-preview:-1"},"canonical":"https:\/\/semead.com.br\/17\/envie-seu-trabalho\/","og_locale":"en_US","og_type":"article","og_title":"Envie seu trabalho - XVII SemeAd","og_description":"&#8211; Para enviar um trabalho \u00e9 necess\u00e1rio estar cadastrado no sistema do SemeAd. &#8211; Somente autores podem fazer a submiss\u00e3o do trabalho. &#8211; Se j\u00e1 possui cadastro, digite login e senha para continuar ou crie um novo cadastro. &#8211; Caso n\u00e3o lembre a senha, clique em Esqueci a Senha para receb\u00ea-la por e-mail. &#8211; Antes...","og_url":"https:\/\/semead.com.br\/17\/envie-seu-trabalho\/","og_site_name":"XVII SemeAd","twitter_card":"summary_large_image","schema":{"@context":"https:\/\/schema.org","@graph":[{"@type":"WebPage","@id":"https:\/\/semead.com.br\/17\/envie-seu-trabalho\/","url":"https:\/\/semead.com.br\/17\/envie-seu-trabalho\/","name":"Envie seu trabalho - XVII SemeAd","isPartOf":{"@id":"https:\/\/semead.com.br\/17\/#website"},"datePublished":"2013-04-29T14:59:34+00:00","breadcrumb":{"@id":"https:\/\/semead.com.br\/17\/envie-seu-trabalho\/#breadcrumb"},"inLanguage":"en-US","potentialAction":[{"@type":"ReadAction","target":["https:\/\/semead.com.br\/17\/envie-seu-trabalho\/"]}]},{"@type":"BreadcrumbList","@id":"https:\/\/semead.com.br\/17\/envie-seu-trabalho\/#breadcrumb","itemListElement":[{"@type":"ListItem","position":1,"name":"In\u00edcio","item":"https:\/\/semead.com.br\/17\/"},{"@type":"ListItem","position":2,"name":"Envie seu trabalho"}]},{"@type":"WebSite","@id":"https:\/\/semead.com.br\/17\/#website","url":"https:\/\/semead.com.br\/17\/","name":"XVII SemeAd","description":"Just another SemeAd site","potentialAction":[{"@type":"SearchAction","target":{"@type":"EntryPoint","urlTemplate":"https:\/\/semead.com.br\/17\/?s={search_term_string}"},"query-input":{"@type":"PropertyValueSpecification","valueRequired":true,"valueName":"search_term_string"}}],"inLanguage":"en-US"}]}},"_links":{"self":[{"href":"https:\/\/semead.com.br\/17\/wp-json\/wp\/v2\/pages\/10069","targetHints":{"allow":["GET"]}}],"collection":[{"href":"https:\/\/semead.com.br\/17\/wp-json\/wp\/v2\/pages"}],"about":[{"href":"https:\/\/semead.com.br\/17\/wp-json\/wp\/v2\/types\/page"}],"author":[{"embeddable":true,"href":"https:\/\/semead.com.br\/17\/wp-json\/wp\/v2\/users\/2"}],"replies":[{"embeddable":true,"href":"https:\/\/semead.com.br\/17\/wp-json\/wp\/v2\/comments?post=10069"}],"version-history":[{"count":0,"href":"https:\/\/semead.com.br\/17\/wp-json\/wp\/v2\/pages\/10069\/revisions"}],"wp:attachment":[{"href":"https:\/\/semead.com.br\/17\/wp-json\/wp\/v2\/media?parent=10069"}],"curies":[{"name":"wp","href":"https:\/\/api.w.org\/{rel}","templated":true}]}}