{"id":10526,"date":"2013-06-10T16:07:22","date_gmt":"2013-06-10T16:07:22","guid":{"rendered":"http:\/\/semead.com.br\/?page_id=10526"},"modified":"2013-06-10T16:07:22","modified_gmt":"2013-06-10T16:07:22","slug":"onde-ficar","status":"publish","type":"page","link":"https:\/\/semead.com.br\/17\/onde-ficar\/","title":{"rendered":"Onde Ficar"},"content":{"rendered":"<p>Na cidade de S\u00e3o Paulo temos muitas op\u00e7\u00f5es de hot\u00e9is de todos os pre\u00e7os e categorias. Confira a lista de hot\u00e9is da capital:<br \/>\n<a href=\"http:\/\/www.saopaulo.tur.br\/cidade\/sao_paulo\/index.asp\" target=\"_blank\"><span style=\"text-decoration: underline\">http:\/\/www.saopaulo.tur.br\/cidade\/sao_paulo\/index.asp<\/span><\/a><\/p>\n<p>&nbsp;<\/p>\n<p>Para este ano, temos alguns hot\u00e9is conveniados ao SemeAd, que localizam-se pr\u00f3ximos \u00e0 Cidade Universit\u00e1ria ou a esta\u00e7\u00f5es do metr\u00f4 e fornecem tarifas diferenciadas para os participantes do evento.<br \/>\nAo fazer sua reserva, pelo telefone, n\u00e3o se esque\u00e7a de pedir pela tarifa diferenciada, informando sobre sua participa\u00e7\u00e3o no XVII SemeAd. Caso queiram confirmar as tarifas promocionais, entrem em contato conosco pelo e-mail: contato@semead.com.br<\/p>\n<p><strong>Hot\u00e9is conveniados ao XVII SemeAd <\/strong><\/p>\n<p><strong>(Informar que participar\u00e1 de um evento da USP e solicitar a taxa especial do conv\u00eanio com a USP)<\/strong><\/p>\n<p>-BLUE TREE PARK PAULISTA<br \/>\nRua Peixoto Gomide, 707 \u2013 Cerqueira C\u00e9sar<br \/>\nTel: (55 11) 3147-7000.<br \/>\n<a href=\"http:\/\/www.bluetree.com.br\/\" target=\"_blank\">www.bluetree.com.br<\/a><\/p>\n<p>-HOWARD JOHNSON FARIA LIMA INN<br \/>\nRua Tavares Cabral, 61 \u2013 Pinheiros<br \/>\nTel: (55 11) 3032-2400<br \/>\nTel: 0800 55 55 98 (localidades fora da grande SP)<br \/>\n<a href=\"http:\/\/www.astron.com.br\/hoteis\/saopaulo1\" target=\"_blank\">http:\/\/www.astron.com.br\/hoteis\/saopaulo1<\/a><\/p>\n<p>-GOLDEN TOWER HOTEL<br \/>\nRua Deputado Lacerda Franco, 148 \u2013 Pinheiros<br \/>\nTel: (55 11) 3094-2220.<br \/>\n<a href=\"http:\/\/www.goldentowerhoel.com.br\/\" target=\"_blank\">www.goldentowerhoel.com.br<\/a><\/p>\n<p>-GO INN JAGUAR\u00c9<br \/>\nAvenida Jaguar\u00e9 , 1664 \u2013 Jaguar\u00e9<br \/>\nTel: (55 11) 3716-2656 \/Fax: (55 11) 3716-2676<br \/>\n<a href=\"http:\/\/www.atlanticahotels.com.br\/\" target=\"_blank\">www.atlanticahotels.com.br<\/a><\/p>\n<p>&#8211; NAHU HOSTEL<br \/>\nRua Marinha de Moura Pimenta, n\u00ba 354<br \/>\nTel: (55 11) 27298000<br \/>\n<a title=\"www.nahuhostel.com.br\" href=\"http:\/\/www.nahuhostel.com.br\/\" target=\"_blank\">www.nahuhostel.com.br<\/a><\/p>\n","protected":false},"excerpt":{"rendered":"<p>Na cidade de S\u00e3o Paulo temos muitas op\u00e7\u00f5es de hot\u00e9is de todos os pre\u00e7os e categorias. Confira a lista de hot\u00e9is da capital: http:\/\/www.saopaulo.tur.br\/cidade\/sao_paulo\/index.asp &nbsp; Para este ano, temos alguns hot\u00e9is conveniados ao SemeAd, que localizam-se pr\u00f3ximos \u00e0 Cidade Universit\u00e1ria ou a esta\u00e7\u00f5es do metr\u00f4 e fornecem tarifas diferenciadas para os participantes do evento. Ao&#8230;<\/p>\n","protected":false},"author":2,"featured_media":0,"parent":0,"menu_order":0,"comment_status":"open","ping_status":"open","template":"","meta":{"_acf_changed":false,"_monsterinsights_skip_tracking":false,"_monsterinsights_sitenote_active":false,"_monsterinsights_sitenote_note":"","_monsterinsights_sitenote_category":0,"footnotes":""},"class_list":["post-10526","page","type-page","status-publish","hentry"],"acf":[],"yoast_head":"<!-- This site is optimized with the Yoast SEO plugin v27.5 - https:\/\/yoast.com\/product\/yoast-seo-wordpress\/ -->\n<title>Onde Ficar - XVII SemeAd<\/title>\n<meta name=\"robots\" content=\"index, follow, max-snippet:-1, max-image-preview:large, max-video-preview:-1\" \/>\n<link rel=\"canonical\" href=\"https:\/\/semead.com.br\/17\/onde-ficar\/\" \/>\n<meta property=\"og:locale\" content=\"en_US\" \/>\n<meta property=\"og:type\" content=\"article\" \/>\n<meta property=\"og:title\" content=\"Onde Ficar - XVII SemeAd\" \/>\n<meta property=\"og:description\" content=\"Na cidade de S\u00e3o Paulo temos muitas op\u00e7\u00f5es de hot\u00e9is de todos os pre\u00e7os e categorias. Confira a lista de hot\u00e9is da capital: http:\/\/www.saopaulo.tur.br\/cidade\/sao_paulo\/index.asp &nbsp; Para este ano, temos alguns hot\u00e9is conveniados ao SemeAd, que localizam-se pr\u00f3ximos \u00e0 Cidade Universit\u00e1ria ou a esta\u00e7\u00f5es do metr\u00f4 e fornecem tarifas diferenciadas para os participantes do evento. Ao...\" \/>\n<meta property=\"og:url\" content=\"https:\/\/semead.com.br\/17\/onde-ficar\/\" \/>\n<meta property=\"og:site_name\" content=\"XVII SemeAd\" \/>\n<meta name=\"twitter:card\" content=\"summary_large_image\" \/>\n<meta name=\"twitter:label1\" content=\"Est. reading time\" \/>\n\t<meta name=\"twitter:data1\" content=\"1 minute\" \/>\n<script type=\"application\/ld+json\" class=\"yoast-schema-graph\">{\"@context\":\"https:\\\/\\\/schema.org\",\"@graph\":[{\"@type\":\"WebPage\",\"@id\":\"https:\\\/\\\/semead.com.br\\\/17\\\/onde-ficar\\\/\",\"url\":\"https:\\\/\\\/semead.com.br\\\/17\\\/onde-ficar\\\/\",\"name\":\"Onde Ficar - XVII SemeAd\",\"isPartOf\":{\"@id\":\"https:\\\/\\\/semead.com.br\\\/17\\\/#website\"},\"datePublished\":\"2013-06-10T16:07:22+00:00\",\"breadcrumb\":{\"@id\":\"https:\\\/\\\/semead.com.br\\\/17\\\/onde-ficar\\\/#breadcrumb\"},\"inLanguage\":\"en-US\",\"potentialAction\":[{\"@type\":\"ReadAction\",\"target\":[\"https:\\\/\\\/semead.com.br\\\/17\\\/onde-ficar\\\/\"]}]},{\"@type\":\"BreadcrumbList\",\"@id\":\"https:\\\/\\\/semead.com.br\\\/17\\\/onde-ficar\\\/#breadcrumb\",\"itemListElement\":[{\"@type\":\"ListItem\",\"position\":1,\"name\":\"In\u00edcio\",\"item\":\"https:\\\/\\\/semead.com.br\\\/17\\\/\"},{\"@type\":\"ListItem\",\"position\":2,\"name\":\"Onde Ficar\"}]},{\"@type\":\"WebSite\",\"@id\":\"https:\\\/\\\/semead.com.br\\\/17\\\/#website\",\"url\":\"https:\\\/\\\/semead.com.br\\\/17\\\/\",\"name\":\"XVII SemeAd\",\"description\":\"Just another SemeAd site\",\"potentialAction\":[{\"@type\":\"SearchAction\",\"target\":{\"@type\":\"EntryPoint\",\"urlTemplate\":\"https:\\\/\\\/semead.com.br\\\/17\\\/?s={search_term_string}\"},\"query-input\":{\"@type\":\"PropertyValueSpecification\",\"valueRequired\":true,\"valueName\":\"search_term_string\"}}],\"inLanguage\":\"en-US\"}]}<\/script>\n<!-- \/ Yoast SEO plugin. -->","yoast_head_json":{"title":"Onde Ficar - XVII SemeAd","robots":{"index":"index","follow":"follow","max-snippet":"max-snippet:-1","max-image-preview":"max-image-preview:large","max-video-preview":"max-video-preview:-1"},"canonical":"https:\/\/semead.com.br\/17\/onde-ficar\/","og_locale":"en_US","og_type":"article","og_title":"Onde Ficar - XVII SemeAd","og_description":"Na cidade de S\u00e3o Paulo temos muitas op\u00e7\u00f5es de hot\u00e9is de todos os pre\u00e7os e categorias. Confira a lista de hot\u00e9is da capital: http:\/\/www.saopaulo.tur.br\/cidade\/sao_paulo\/index.asp &nbsp; Para este ano, temos alguns hot\u00e9is conveniados ao SemeAd, que localizam-se pr\u00f3ximos \u00e0 Cidade Universit\u00e1ria ou a esta\u00e7\u00f5es do metr\u00f4 e fornecem tarifas diferenciadas para os participantes do evento. Ao...","og_url":"https:\/\/semead.com.br\/17\/onde-ficar\/","og_site_name":"XVII SemeAd","twitter_card":"summary_large_image","twitter_misc":{"Est. reading time":"1 minute"},"schema":{"@context":"https:\/\/schema.org","@graph":[{"@type":"WebPage","@id":"https:\/\/semead.com.br\/17\/onde-ficar\/","url":"https:\/\/semead.com.br\/17\/onde-ficar\/","name":"Onde Ficar - XVII SemeAd","isPartOf":{"@id":"https:\/\/semead.com.br\/17\/#website"},"datePublished":"2013-06-10T16:07:22+00:00","breadcrumb":{"@id":"https:\/\/semead.com.br\/17\/onde-ficar\/#breadcrumb"},"inLanguage":"en-US","potentialAction":[{"@type":"ReadAction","target":["https:\/\/semead.com.br\/17\/onde-ficar\/"]}]},{"@type":"BreadcrumbList","@id":"https:\/\/semead.com.br\/17\/onde-ficar\/#breadcrumb","itemListElement":[{"@type":"ListItem","position":1,"name":"In\u00edcio","item":"https:\/\/semead.com.br\/17\/"},{"@type":"ListItem","position":2,"name":"Onde Ficar"}]},{"@type":"WebSite","@id":"https:\/\/semead.com.br\/17\/#website","url":"https:\/\/semead.com.br\/17\/","name":"XVII SemeAd","description":"Just another SemeAd site","potentialAction":[{"@type":"SearchAction","target":{"@type":"EntryPoint","urlTemplate":"https:\/\/semead.com.br\/17\/?s={search_term_string}"},"query-input":{"@type":"PropertyValueSpecification","valueRequired":true,"valueName":"search_term_string"}}],"inLanguage":"en-US"}]}},"_links":{"self":[{"href":"https:\/\/semead.com.br\/17\/wp-json\/wp\/v2\/pages\/10526","targetHints":{"allow":["GET"]}}],"collection":[{"href":"https:\/\/semead.com.br\/17\/wp-json\/wp\/v2\/pages"}],"about":[{"href":"https:\/\/semead.com.br\/17\/wp-json\/wp\/v2\/types\/page"}],"author":[{"embeddable":true,"href":"https:\/\/semead.com.br\/17\/wp-json\/wp\/v2\/users\/2"}],"replies":[{"embeddable":true,"href":"https:\/\/semead.com.br\/17\/wp-json\/wp\/v2\/comments?post=10526"}],"version-history":[{"count":0,"href":"https:\/\/semead.com.br\/17\/wp-json\/wp\/v2\/pages\/10526\/revisions"}],"wp:attachment":[{"href":"https:\/\/semead.com.br\/17\/wp-json\/wp\/v2\/media?parent=10526"}],"curies":[{"name":"wp","href":"https:\/\/api.w.org\/{rel}","templated":true}]}}