{"id":10557,"date":"2013-06-11T15:13:49","date_gmt":"2013-06-11T15:13:49","guid":{"rendered":"http:\/\/semead.com.br\/?page_id=10557"},"modified":"2013-06-11T15:13:49","modified_gmt":"2013-06-11T15:13:49","slug":"submissao","status":"publish","type":"page","link":"https:\/\/semead.com.br\/17\/submissao\/","title":{"rendered":"Regras de Submiss\u00e3o"},"content":{"rendered":"<div align=\"justify\">\n<p style=\"color: #555555\">Todos os doutorandos que desejarem apresentar um artigo sobre seu projeto de tese no Cons\u00f3rcio Doutoral do XVII SemeAd devem fazer uma submiss\u00e3o\u00a0de um\u00a0artigo completo no formato de artigo cient\u00edfico de acordo com o cronograma de submiss\u00e3o do XVII SemeAd. Leia atentamente as instru\u00e7\u00f5es antes de submeter.<\/p>\n<p style=\"color: #555555\"><b>Instru\u00e7\u00f5es para Submiss\u00e3o<\/b><\/p>\n<p style=\"color: #555555\">O resumo estruturado deve contemplar as seguintes orienta\u00e7\u00f5es:<\/p>\n<p>1) na sess\u00e3o Introdu\u00e7\u00e3o, descrever brevemente o\u00a0<span style=\"font-style: inherit\">estado-da-arte,<\/span>\u00a0contextualizando o objetivo do trabalho;<br \/>\n2) na sess\u00e3o\u00a0Problema de Pesquisa e Objetivo, explicar o\u00a0<i>gap<\/i><span style=\"font-style: inherit\">\u00a0te\u00f3rico<\/span>\u00a0que voc\u00ea est\u00e1 tentando preencher, explicitando a contribui\u00e7\u00e3o;<br \/>\n3) na sess\u00e3o\u00a0Revis\u00e3o Bibliogr\u00e1fica, apresentar seus principais\u00a0<span style=\"font-style: inherit\">argumentos te\u00f3ricos<\/span>, proposi\u00e7\u00f5es e hip\u00f3teses;<br \/>\n4) na sess\u00e3o\u00a0Metodologia, expor seu\u00a0<span style=\"font-style: inherit\">desenho de pesquisa<\/span>\u00a0com o respectivo m\u00e9todo;<br \/>\n5) na sess\u00e3o\u00a0An\u00e1lise dos Resultados, apresentar eventuais resultados iniciais ou esperados;<br \/>\n6) na sess\u00e3o\u00a0Conclus\u00e3o, apresentar\u00a0 an\u00e1lises e conclus\u00f5es iniciais;<br \/>\n7) na sess\u00e3o Bibliografia, indicar as principais refer\u00eancias empregadas.<\/p>\n<p style=\"color: #555555\">O\u00a0artigo\u00a0completo deve focar sua contribui\u00e7\u00e3o e n\u00e3o o que a literatura existente relata. Algumas linhas revisando a literatura existente s\u00e3o \u00fateis, mas somente para localizar a contribui\u00e7\u00e3o do trabalho no contexto da mesma.<\/p>\n<p style=\"color: #555555\">O formato do artigo completo deve seguir a estrutura de artigo cient\u00edfico do XVII SemeAd, ressalvando-se que as se\u00e7\u00f5es sobre an\u00e1lise de resultados e conclus\u00f5es devem se ater aos eventuais resultados e conclus\u00f5es iniciais. A submiss\u00e3o do resumo e artigo d\u00e1 aos organizadores a permiss\u00e3o para dissemin\u00e1-los.\u00a0<b>Trabalhos que n\u00e3o estejam no formato especificado ser\u00e3o rejeitados.<\/b><\/p>\n<p style=\"color: #555555\"><strong style=\"font-style: inherit;color: #444444\">Formata\u00e7\u00e3o do resumo e trabalho completo:<\/strong><b>\u00a0<\/b><br \/>\n&#8211; Formato do papel: A4;<br \/>\n&#8211; Fonte: Times New Roman\/tamanho 12;<br \/>\n&#8211; Espa\u00e7amento: simples, sendo o texto disposto em uma coluna;<br \/>\n&#8211; Alinhamento: justificado;<br \/>\n&#8211; Margens: Superior: 3 cm; inferior: 2 cm; esquerda: 3 cm; direita: 2 cm.<br \/>\n&#8211; As refer\u00eancias bibliogr\u00e1ficas dever\u00e3o ser citadas ao longo do texto de acordo com o sistema (autor-data), e apresentadas em ordem alfab\u00e9tica no final do trabalho, de acordo com a norma ABNT\/NBR-6023.<\/p>\n<p style=\"color: #555555\"><a href=\"http:\/\/semead.com.br\/17semead\">Clique aqui para fazer a submiss\u00e3o do seu projeto<\/a><\/p>\n<\/div>\n","protected":false},"excerpt":{"rendered":"<p>Todos os doutorandos que desejarem apresentar um artigo sobre seu projeto de tese no Cons\u00f3rcio Doutoral do XVII SemeAd devem fazer uma submiss\u00e3o\u00a0de um\u00a0artigo completo no formato de artigo cient\u00edfico de acordo com o cronograma de submiss\u00e3o do XVII SemeAd. Leia atentamente as instru\u00e7\u00f5es antes de submeter. Instru\u00e7\u00f5es para Submiss\u00e3o O resumo estruturado deve contemplar&#8230;<\/p>\n","protected":false},"author":2,"featured_media":0,"parent":0,"menu_order":0,"comment_status":"open","ping_status":"open","template":"","meta":{"_acf_changed":false,"_monsterinsights_skip_tracking":false,"_monsterinsights_sitenote_active":false,"_monsterinsights_sitenote_note":"","_monsterinsights_sitenote_category":0,"footnotes":""},"class_list":["post-10557","page","type-page","status-publish","hentry"],"acf":[],"yoast_head":"<!-- This site is optimized with the Yoast SEO plugin v27.5 - https:\/\/yoast.com\/product\/yoast-seo-wordpress\/ -->\n<title>Regras de Submiss\u00e3o - XVII SemeAd<\/title>\n<meta name=\"robots\" content=\"index, follow, max-snippet:-1, max-image-preview:large, max-video-preview:-1\" \/>\n<link rel=\"canonical\" href=\"https:\/\/semead.com.br\/17\/submissao\/\" \/>\n<meta property=\"og:locale\" content=\"en_US\" \/>\n<meta property=\"og:type\" content=\"article\" \/>\n<meta property=\"og:title\" content=\"Regras de Submiss\u00e3o - XVII SemeAd\" \/>\n<meta property=\"og:description\" content=\"Todos os doutorandos que desejarem apresentar um artigo sobre seu projeto de tese no Cons\u00f3rcio Doutoral do XVII SemeAd devem fazer uma submiss\u00e3o\u00a0de um\u00a0artigo completo no formato de artigo cient\u00edfico de acordo com o cronograma de submiss\u00e3o do XVII SemeAd. Leia atentamente as instru\u00e7\u00f5es antes de submeter. Instru\u00e7\u00f5es para Submiss\u00e3o O resumo estruturado deve contemplar...\" \/>\n<meta property=\"og:url\" content=\"https:\/\/semead.com.br\/17\/submissao\/\" \/>\n<meta property=\"og:site_name\" content=\"XVII SemeAd\" \/>\n<meta name=\"twitter:card\" content=\"summary_large_image\" \/>\n<meta name=\"twitter:label1\" content=\"Est. reading time\" \/>\n\t<meta name=\"twitter:data1\" content=\"2 minutes\" \/>\n<script type=\"application\/ld+json\" class=\"yoast-schema-graph\">{\"@context\":\"https:\\\/\\\/schema.org\",\"@graph\":[{\"@type\":\"WebPage\",\"@id\":\"https:\\\/\\\/semead.com.br\\\/17\\\/submissao\\\/\",\"url\":\"https:\\\/\\\/semead.com.br\\\/17\\\/submissao\\\/\",\"name\":\"Regras de Submiss\u00e3o - XVII SemeAd\",\"isPartOf\":{\"@id\":\"https:\\\/\\\/semead.com.br\\\/17\\\/#website\"},\"datePublished\":\"2013-06-11T15:13:49+00:00\",\"breadcrumb\":{\"@id\":\"https:\\\/\\\/semead.com.br\\\/17\\\/submissao\\\/#breadcrumb\"},\"inLanguage\":\"en-US\",\"potentialAction\":[{\"@type\":\"ReadAction\",\"target\":[\"https:\\\/\\\/semead.com.br\\\/17\\\/submissao\\\/\"]}]},{\"@type\":\"BreadcrumbList\",\"@id\":\"https:\\\/\\\/semead.com.br\\\/17\\\/submissao\\\/#breadcrumb\",\"itemListElement\":[{\"@type\":\"ListItem\",\"position\":1,\"name\":\"In\u00edcio\",\"item\":\"https:\\\/\\\/semead.com.br\\\/17\\\/\"},{\"@type\":\"ListItem\",\"position\":2,\"name\":\"Regras de Submiss\u00e3o\"}]},{\"@type\":\"WebSite\",\"@id\":\"https:\\\/\\\/semead.com.br\\\/17\\\/#website\",\"url\":\"https:\\\/\\\/semead.com.br\\\/17\\\/\",\"name\":\"XVII SemeAd\",\"description\":\"Just another SemeAd site\",\"potentialAction\":[{\"@type\":\"SearchAction\",\"target\":{\"@type\":\"EntryPoint\",\"urlTemplate\":\"https:\\\/\\\/semead.com.br\\\/17\\\/?s={search_term_string}\"},\"query-input\":{\"@type\":\"PropertyValueSpecification\",\"valueRequired\":true,\"valueName\":\"search_term_string\"}}],\"inLanguage\":\"en-US\"}]}<\/script>\n<!-- \/ Yoast SEO plugin. -->","yoast_head_json":{"title":"Regras de Submiss\u00e3o - XVII SemeAd","robots":{"index":"index","follow":"follow","max-snippet":"max-snippet:-1","max-image-preview":"max-image-preview:large","max-video-preview":"max-video-preview:-1"},"canonical":"https:\/\/semead.com.br\/17\/submissao\/","og_locale":"en_US","og_type":"article","og_title":"Regras de Submiss\u00e3o - XVII SemeAd","og_description":"Todos os doutorandos que desejarem apresentar um artigo sobre seu projeto de tese no Cons\u00f3rcio Doutoral do XVII SemeAd devem fazer uma submiss\u00e3o\u00a0de um\u00a0artigo completo no formato de artigo cient\u00edfico de acordo com o cronograma de submiss\u00e3o do XVII SemeAd. Leia atentamente as instru\u00e7\u00f5es antes de submeter. Instru\u00e7\u00f5es para Submiss\u00e3o O resumo estruturado deve contemplar...","og_url":"https:\/\/semead.com.br\/17\/submissao\/","og_site_name":"XVII SemeAd","twitter_card":"summary_large_image","twitter_misc":{"Est. reading time":"2 minutes"},"schema":{"@context":"https:\/\/schema.org","@graph":[{"@type":"WebPage","@id":"https:\/\/semead.com.br\/17\/submissao\/","url":"https:\/\/semead.com.br\/17\/submissao\/","name":"Regras de Submiss\u00e3o - XVII SemeAd","isPartOf":{"@id":"https:\/\/semead.com.br\/17\/#website"},"datePublished":"2013-06-11T15:13:49+00:00","breadcrumb":{"@id":"https:\/\/semead.com.br\/17\/submissao\/#breadcrumb"},"inLanguage":"en-US","potentialAction":[{"@type":"ReadAction","target":["https:\/\/semead.com.br\/17\/submissao\/"]}]},{"@type":"BreadcrumbList","@id":"https:\/\/semead.com.br\/17\/submissao\/#breadcrumb","itemListElement":[{"@type":"ListItem","position":1,"name":"In\u00edcio","item":"https:\/\/semead.com.br\/17\/"},{"@type":"ListItem","position":2,"name":"Regras de Submiss\u00e3o"}]},{"@type":"WebSite","@id":"https:\/\/semead.com.br\/17\/#website","url":"https:\/\/semead.com.br\/17\/","name":"XVII SemeAd","description":"Just another SemeAd site","potentialAction":[{"@type":"SearchAction","target":{"@type":"EntryPoint","urlTemplate":"https:\/\/semead.com.br\/17\/?s={search_term_string}"},"query-input":{"@type":"PropertyValueSpecification","valueRequired":true,"valueName":"search_term_string"}}],"inLanguage":"en-US"}]}},"_links":{"self":[{"href":"https:\/\/semead.com.br\/17\/wp-json\/wp\/v2\/pages\/10557","targetHints":{"allow":["GET"]}}],"collection":[{"href":"https:\/\/semead.com.br\/17\/wp-json\/wp\/v2\/pages"}],"about":[{"href":"https:\/\/semead.com.br\/17\/wp-json\/wp\/v2\/types\/page"}],"author":[{"embeddable":true,"href":"https:\/\/semead.com.br\/17\/wp-json\/wp\/v2\/users\/2"}],"replies":[{"embeddable":true,"href":"https:\/\/semead.com.br\/17\/wp-json\/wp\/v2\/comments?post=10557"}],"version-history":[{"count":0,"href":"https:\/\/semead.com.br\/17\/wp-json\/wp\/v2\/pages\/10557\/revisions"}],"wp:attachment":[{"href":"https:\/\/semead.com.br\/17\/wp-json\/wp\/v2\/media?parent=10557"}],"curies":[{"name":"wp","href":"https:\/\/api.w.org\/{rel}","templated":true}]}}