{"id":11108,"date":"2013-10-28T12:35:33","date_gmt":"2013-10-28T12:35:33","guid":{"rendered":"http:\/\/semead.com.br\/?page_id=11108"},"modified":"2013-10-28T12:35:33","modified_gmt":"2013-10-28T12:35:33","slug":"resultado-fast-track","status":"publish","type":"page","link":"https:\/\/semead.com.br\/17\/trabalhos\/resultado-fast-track\/","title":{"rendered":"Resultado Fast Track"},"content":{"rendered":"<p>Os autores dos trabalhos selecionados para fast track dever\u00e3o:<\/p>\n<p>a) Proceder a submiss\u00e3o do trabalho no site da revista indicada respeitando as normas editoriais e procurando incorporar as contribui\u00e7\u00f5es dos avaliadores do SemeAd. Observe-se que os pareceres das avalia\u00e7\u00f5es do SemeAd s\u00e3o de conhecimento dos editores.<\/p>\n<p>b) Encaminhar e-mail ao editor do peri\u00f3dico, inserindo no campo assunto: &#8220;Fast track SemeAd 2014&#8221;, informando a submiss\u00e3o do trabalho (procure informar o n\u00famero de identifica\u00e7\u00e3o do sistema). Recomenda-se encaminhar neste e-mail explica\u00e7\u00f5es de eventuais melhorias decorrentes da avalia\u00e7\u00e3o do SemeAd.<\/p>\n<h2><\/h2>\n<h2>RAUSP Revista de Administra\u00e7\u00e3o da USP &#8211; A2<\/h2>\n<p style=\"padding-left: 30px\">393 &#8211; Uso de Governo Eletr\u00f4nico: an\u00e1lise da influencia da confiabilidade, inclina\u00e7\u00e3o c\u00edvica, utilidade e facilidade de uso percebida<\/p>\n<h2>RC&amp;F Revista Contabilidade &amp; Finan\u00e7as &#8211; A2<\/h2>\n<p style=\"padding-left: 30px\">501 &#8211; High Frequency Trading: Pre\u00e7o, Volume e Volatilidade em uma Nova Microestrutura de Mercado<br \/>\n1063 &#8211; Assimetria Informacional e o Pre\u00e7o das A\u00e7\u00f5es: An\u00e1lise da Utiliza\u00e7\u00e3o das Redes Sociais nos Mercados de Capitais Brasileiro e Norte Americano<\/p>\n<h2>ReAUFSM Revista da Universidade de Santa Maria &#8211; B1<\/h2>\n<p style=\"padding-left: 30px\">40 &#8211; STAKEHOLDERS PRESENTES NAS MISS\u00d5ES ORGANIZACIONAIS: Uma an\u00e1lise por setor e origem de controle acion\u00e1rio<br \/>\n169 &#8211; BALANCED SCORECARD: UMA PROPOSTA PARA A GEST\u00c3O ESTR\u00c1TEGICA DE UMA COOPERATIVA DE CR\u00c9DITO RURAL<\/p>\n<h2>\u00a0Faces Revista de Administra\u00e7\u00e3o FACES Journal &#8211; B1<\/h2>\n<p style=\"padding-left: 30px\">570 &#8211; O Processo de Aprendizagem de Docentes em Cargos Gerenciais: Estudo em uma Universidade Federal<br \/>\n253 &#8211; Empreendedorismo Feminino e o Processo de Cria\u00e7\u00e3o de Empresas: Estudo de Casos M\u00faltiplos em Aracaju, SE.<\/p>\n<h2>G&amp;R Revista Gest\u00e3o &amp; Regionalidade &#8211; B1<\/h2>\n<p style=\"padding-left: 30px\">960 &#8211; Pol\u00edtica P\u00fablica na Minera\u00e7\u00e3o no Estado do Par\u00e1: o que esta sendo avaliado?<br \/>\n841 &#8211; CONDI\u00c7\u00d5ES FACILITADORAS E ASPECTOS LIMITADORES AO PROCESSO DE IMPLANTA\u00c7\u00c3O DA EMPRESA ZPE CEAR\u00c1 \u00c0 LUZ DA VIS\u00c3O BASEADA NAS INSTITUI\u00c7\u00d5ES<br \/>\n752 &#8211; Destinos Tur\u00edsticos no Brasil: Um ensaio te\u00f3rico acerca dos recursos estrat\u00e9gicos que podem influenciar na sustentabilidade<\/p>\n<h2>RAM Revista de Administra\u00e7\u00e3o Mackenzie &#8211; B1<\/h2>\n<p style=\"padding-left: 30px\">1108 &#8211; APRENDIZAGEM DE EMPREENDEDORES FRENTE AOS NOVOS PROCESSOS NO MUNDO DO TRABALHO<br \/>\n423 &#8211; Diferencia\u00e7\u00e3o e competitividade da oferta de moda brasileira no mercado internacional<br \/>\n867 &#8211; Entre o viaduto, uma avenida, dois lados e diversos discursos: a participa\u00e7\u00e3o popular e a constru\u00e7\u00e3o discursiva na reforma do Viaduto Santa Tereza.<\/p>\n<h2>RAI Revista de Administra\u00e7\u00e3o e Inova\u00e7\u00e3o &#8211; B1<\/h2>\n<p style=\"padding-left: 30px\">515 &#8211; O Brasil nas revistas de not\u00edcias Der Spiegel, Le Nouvel Observateur, The Economist e Time: um olhar sobre a corrup\u00e7\u00e3o<br \/>\n542 &#8211; Empresas multinacionais e a internacionaliza\u00e7\u00e3o das atividades de pesquisa e desenvolvimento (P &amp; D) \u2013 Uma an\u00e1lise da produ\u00e7\u00e3o cient\u00edfica internacional<br \/>\n836 &#8211; PROPOSTA DE AVALIA\u00c7\u00c3O DOS SISTEMAS DE GEST\u00c3O DE RES\u00cdDUOS DE SERVI\u00c7OS DE SA\u00daDE EM ORGANIZA\u00c7\u00d5ES HOSPITALARES DA ADMINISTRA\u00c7\u00c3O P\u00daBLICA<\/p>\n<h2>RBGN Revista Brasileira de Gest\u00e3o e Neg\u00f3cios &#8211; B1<\/h2>\n<p style=\"padding-left: 30px\">1030 &#8211; FATORES QUE INFLUENCIAM O DESEMPENHO ACAD\u00caMICO<\/p>\n<h2>InternexT Revista Eletr\u00f4nica de Neg\u00f3cios Internacionais da ESPM &#8211; B2<\/h2>\n<p style=\"text-align: left;padding-left: 30px\">1112 &#8211; RELA\u00c7\u00c3O ENTRE CULTURA E USABILIDADE DE WEB SITE<br \/>\n408 &#8211; Estrat\u00e9gia de exporta\u00e7\u00e3o: revis\u00e3o de literatura e desafios para futuras pesquisas<\/p>\n<h2>PRETEXTO Revista PRETEXTO &#8211; B2<\/h2>\n<p style=\"padding-left: 30px\">628 &#8211; Discuss\u00f5es sobre o Processo Cient\u00edfico: A Forma\u00e7\u00e3o do Pesquisador na \u00c1rea de Administra\u00e7\u00e3o como Oportunidade de Desenvolvimento da Academia e das Organiza\u00e7\u00f5es<br \/>\n948 &#8211; A FENOMENOLOGIA NO CAMPO DA PESQUISA ORGANIZACIONAL: an\u00e1lise da produ\u00e7\u00e3o cient\u00edfica veiculada nacionalmente no per\u00edodo de 2000 a 2014<\/p>\n<h2>RECADM Revista Eletr\u00f4nica de Ci\u00eancia Administrativa &#8211; B2<\/h2>\n<p style=\"padding-left: 30px\">136 &#8211; A Cria\u00e7\u00e3o de Neg\u00f3cios em Micro e Pequenas Empresas da Economia Criativa<br \/>\n665 &#8211; An\u00e1lise de Conte\u00fado: uma discuss\u00e3o sobre sua abordagem quantitativa e qualitativa para estudos no Campo da Administra\u00e7\u00e3o<\/p>\n<h2>REGE Revista de Gest\u00e3o USP &#8211; B2<\/h2>\n<p style=\"padding-left: 30px\">936 &#8211; AS AVALIA\u00c7\u00d5ES DE PROGRAMAS P\u00daBLICOS REALIZADAS PELO TCU<br \/>\n1298 &#8211; DESEMPENHO FINANCEIRO DE EMPRESAS COM CARACTER\u00cdSTICAS FAMILIARES: AN\u00c1LISE DE EMPRESAS BRASILEIRAS LISTADAS NA BM&amp;F.<\/p>\n<h2>RIAE Revista Ibero-Americana de Estrat\u00e9gia &#8211; B2<\/h2>\n<p style=\"padding-left: 30px\">1246 &#8211; A ADMINISTRA\u00c7\u00c3O ESTRAT\u00c9GICA DO CAPITAL INTELECTUAL: UM MODELO BASEADO NA CAPACIDADE ABSORTIVA PARA POTENCIALIZAR INOVA\u00c7\u00c3O<\/p>\n<h2>RFA Revista de Finan\u00e7as Aplicadas &#8211; B2<\/h2>\n<p style=\"padding-left: 30px\">117 &#8211; A utiliza\u00e7\u00e3o de Redes Neurais Artificiais para previsibilidade de retornos: uma compara\u00e7\u00e3o com os modelos lineares CAPM e Tr\u00eas Fatores.<br \/>\n976 -Minimum Variance Fuzzy Possibilistic Portfolio<br \/>\n1185 &#8211; Taxa de c\u00e2mbio e Pre\u00e7o de a\u00e7\u00f5es: Evid\u00eancias para o Brasil<br \/>\n1201 &#8211; FATORES EXPLICATIVOS DO N\u00cdVEL DE EVIDENCIA\u00c7\u00c3O DO ATIVO IMOBILIZADO: UM ESTUDO NAS EMPRESAS DO SETOR INDUSTRIAL LISTADAS NA BM&amp;FBOVESPA<\/p>\n<h2>REMark Revista Brasileira de Marketing &#8211; B2<\/h2>\n<p style=\"padding-left: 30px\">437 &#8211; \u201cSenhora est\u00e1 no c\u00e9u!\u201d Estudo sobre o uso do pronome de tratamento em lojas de vestu\u00e1rio feminino<br \/>\n94 &#8211; Revis\u00e3o da produ\u00e7\u00e3o cient\u00edfica brasileira em segmenta\u00e7\u00e3o de mercado<br \/>\n1198 &#8211; O Deficiente Visual Enquanto Consumidor: estudo da percep\u00e7\u00e3o sobre os encontros de servi\u00e7os em Institui\u00e7\u00f5es de Ensino Superior<br \/>\n1225 &#8211; Muito al\u00e9m da fragr\u00e2ncia: explorando o ambiente de loja sob a perspectiva de g\u00eanero<\/p>\n<h2>RGSA Revista Gest\u00e3o Social e Ambiental &#8211; B2<\/h2>\n<p style=\"padding-left: 30px\">1128 &#8211; Uma an\u00e1lise do perfil intraempreendedor social em multinacionais<\/p>\n<h2>FUTURE SRJ Future Studies Research Journal &#8211; B3<\/h2>\n<p style=\"padding-left: 30px\">1100 &#8211; QUALIDADE DA INFORMA\u00c7\u00c3O CONT\u00c1BIL DAS ENTIDADES DO TERCEIRO SETOR BRASILEIRAS<br \/>\n65 &#8211; QUANTIFICA\u00c7\u00c3O DOS PLANOS ESTRAT\u00c9GICOS ATRAV\u00c9S DO OR\u00c7AMENTO EMPRESARIAL: UMA APLICA\u00c7\u00c3O PR\u00c1TICA COM M\u00c9TODOS ESTOC\u00c1STICOS<br \/>\n120 &#8211; A INFLU\u00caNCIA DOS ASPECTOS SOCIAIS NA COMPETITIVIDADE DAS REDES INTERORGANIZACIONAIS: A Experi\u00eancia da Rede dos Exportadores de Frango Halal Brasileiro<br \/>\n392 &#8211; Intensidade e Ado\u00e7\u00e3o da Inova\u00e7\u00e3o no Mercado da Base da Pir\u00e2mide: um estudo com produtos eletrodom\u00e9sticos<\/p>\n<h2>GUAL Revista Gest\u00e3o Universit\u00e1ria na Am\u00e9rica Latina &#8211; B3<\/h2>\n<p style=\"padding-left: 30px\">633 &#8211; A CAPES, OS CONCEITOS E OS INDICADORES BIBLIOGR\u00c1FICOS USADOS NA AVALIA\u00c7\u00c3O TRIENAL<\/p>\n<h2>RGFC Revista de Gest\u00e3o Finan\u00e7as e Contabilidade &#8211; B3<\/h2>\n<p style=\"padding-left: 30px\">521 &#8211; Avalia\u00e7\u00e3o de empresas: uma an\u00e1lise sob a \u00f3tica do \u201cvi\u00e9s de avalia\u00e7\u00e3o\u201d nos laudos de oferta p\u00fablica de aquisi\u00e7\u00e3o a\u00e7\u00f5es<br \/>\n270 &#8211; A\u00e7\u00f5es prim\u00e1rias geram retorno acima da m\u00e9dia? Evidencias de retornos anormais no mercado de capitais brasileiro<br \/>\n1111 &#8211; PRE\u00c7O DA A\u00c7\u00c3O, DISCLOSURE E ASSIMETRIA DE INFORMA\u00c7\u00c3O: O CASO OGX<br \/>\n385 &#8211; ESTUDO SOBRE A EVOLU\u00c7\u00c3O DA CONCENTRA\u00c7\u00c3O DO SETOR BANC\u00c1RIO NO BRASIL E DA TAXA DE JUROS<\/p>\n<h2>RGeAS Revista de Gest\u00e3o Ambiental e Sustentabilidade &#8211; B3<\/h2>\n<p style=\"padding-left: 30px\">1158 &#8211; COMPORTAMENTOS AMBIENTALMENTE RESPONS\u00c1VEIS E SUA RELA\u00c7\u00c3O COM A EDUCA\u00c7\u00c3O AMBIENTAL<br \/>\n659 &#8211; Capital Social com Stakeholders: Fator de Desenvolvimento Esp\u00fario ou Sustent\u00e1vel<br \/>\n1240 &#8211; DISCLOSURE AMBIENTAL DAS COMPANHIAS DO SETOR DE PETR\u00d3LEO, G\u00c1S E BIOCOMBUST\u00cdVEIS LISTADAS NA BM&amp;FBOVESPA: UMA AN\u00c1LISE A LUZ DA TEORIA DA LEGITIMIDADE<\/p>\n<h2>PODIUM Sport, LeisureandTourismReview &#8211; B3<\/h2>\n<p style=\"padding-left: 30px\">148 &#8211; AN\u00c1LISE DAS CAUSAS DA INSATISFA\u00c7\u00c3O E DO ABANDONO PELOS CLIENTES DE ACADEMIAS DE GIN\u00c1STICA<br \/>\n150 &#8211; DETERMINANTES DA LEALDADE NO MERCADO DE SERVI\u00c7OS INTEGRADOS DE SA\u00daDE DOMICILIAR<\/p>\n<h2>REGEPE Revista de Empreendedorismo e Gest\u00e3o de Pequenas Empresas &#8211; B3<\/h2>\n<p style=\"padding-left: 30px\">942 &#8211; Como Atrair Investidores Anjo para Projetos de Cria\u00e7\u00e3o de Empresas de Base Tecnol\u00f3gica<br \/>\n681 &#8211; INFLU\u00caNCIA DO INVESTIMENTO ANJO NA TOMADA DE DECIS\u00c3O E NOS PROBLEMAS DE AG\u00caNCIA: UM ESTUDO DE CASO<\/p>\n<h2>GeP Revista de Gest\u00e3o e Projetos &#8211; B3<\/h2>\n<p style=\"padding-left: 30px\">646 &#8211; \u00a0Gest\u00e3o \u00c1gil de Projetos para Empresas Criativas: a aplica\u00e7\u00e3o do Scrum e do Kanban<\/p>\n<h2>RGSS Revista de Gest\u00e3o em Sistemas de Sa\u00fade &#8211; B3<\/h2>\n<p style=\"padding-left: 30px\">871 &#8211; REDES DE ATEN\u00c7\u00c3O \u00c0 SA\u00daDE (RAS) EM REGI\u00d5ES METROPOLITANAS: EVID\u00caNCIAS PRELIMINARES<\/p>\n<h2>RAEP Revista Administra\u00e7\u00e3o: Ensino e Pesquisa &#8211; B3<\/h2>\n<p style=\"padding-left: 30px\">215 &#8211; Aprendizagem no jogo de empresas: uma an\u00e1lise piagetiana<br \/>\n207 &#8211; A aprendizagem baseada em problemas na percep\u00e7\u00e3o dos estudantes e professores do curso de administra\u00e7\u00e3o<br \/>\n68 &#8211; An\u00e1lise de M\u00e9todos Quantitativos em Previs\u00e3o de Vendas de Insumo Para Diagn\u00f3stico In Vitro<br \/>\n817 &#8211; HABITUS, ESCOLHAS E PR\u00c1TICAS DE ESTUDANTES DE INSTITUI\u00c7\u00d5ES DE ENSINO SUPERIOR EM UMA REGI\u00c3O DA BAHIA:IGUALANDO OPORTUNIDADES?<\/p>\n<h2>RCCe Revista Capital Cientifico &#8211; B3<\/h2>\n<p style=\"padding-left: 30px\">291 &#8211; INOVA\u00c7\u00c3O NA ADMINISTRA\u00c7\u00c3O P\u00daBLICA: Um Meta Estudo dos Anais do EnAnpad.<br \/>\n301 &#8211; Empreendedorismo Social, Economia Solid\u00e1ria e Cidadania no Contexto dos Catadores Cooperados de Materiais Recicl\u00e1veis<br \/>\n920 &#8211; QUALIDADE DE SERVI\u00c7O: uma an\u00e1lise na livraria x no contexto f\u00edsico e virtual<\/p>\n<h2>RISUS Journal on Innovation and Sustainability &#8211; B3<\/h2>\n<p style=\"padding-left: 30px\">1278 &#8211; A evolu\u00e7\u00e3o das pr\u00e1ticas ambientais no desenvolvimento de produtos nas organiza\u00e7\u00f5es no per\u00edodo de 2007 a 2014.<\/p>\n<h2>RAHIS Revista de Administra\u00e7\u00e3o Hospitalar e Inova\u00e7\u00e3o em Sa\u00fade &#8211; B3<\/h2>\n<p style=\"padding-left: 30px\">837 &#8211; PROPOSTA DE UMA LINHA CONCEITUAL DE PODER EM ESTUDOS SOBRE REDES<br \/>\n703 &#8211; O desafio de gerir gestores m\u00e9dicos nas institui\u00e7\u00f5es hospitalares: um estudo com hospitais privados brasileiros<br \/>\n813 &#8211; UTILIZA\u00c7\u00c3O DOS ALERTAS DE CONTROLE COMO FERRAMENTA PARA A FIDELIZA\u00c7\u00c3O DA CLIENTELA DE PEDIATRIA EM UM AMBULAT\u00d3RIO P\u00daBLICO<br \/>\n410 &#8211; IMPLANTA\u00c7\u00c3O DE PAINEL ELETR\u00d4NICO DE STATUS DE CIRURGIAS NA SALA DE ESPERA DE CENTRO CIR\u00daRGICO COMO FERRAMENTA DE COMUNICA\u00c7\u00c3O JUST IN TIME<br \/>\n495 &#8211; CELULARES E O TRABALHO: UM ESTUDO SOBRE OS IMPACTOS NO TRABALHO E P\u00d3S-TRABALHO<\/p>\n<h2>TAC Tecnologias de Administra\u00e7\u00e3o e Contabilidade<\/h2>\n<p style=\"padding-left: 30px\">195 MODELO DE GEST\u00c3O FINANCEIRA APLICADA EM EMPRESA DO SETOR DE CONSTRU\u00c7\u00c3O CIVIL<br \/>\n424 REESTRUTURA\u00c7\u00c3O DOS PROCESOS DE COMERCIALIZA\u00c7\u00c3O E ENTREGA ALINHADA \u00c0S ESTRAT\u00c9GIAS ORGANIZACIONAIS, UTILIZANDO A METODOLOGIA SINCRONISMO ORGANIZACIONAL<br \/>\n574 DESENVOLVIMENTO E LAN\u00c7AMENTO DO VOLKSWAGEN FOX: AN\u00c1LISE DO CASO BASEADO NA INOVA\u00c7\u00c3O DE VALOR<br \/>\n578 &#8220;Contribui\u00e7\u00f5es do Programa Agentes Locais de Inova\u00e7\u00e3o: Melhorias observadas em tr\u00eas empresas de confec\u00e7\u00e3o&#8221;<\/p>\n<h2><\/h2>\n<h2><strong>Contato com editores:\u00a0<\/strong><\/h2>\n<p>RAUSP Revista de Administra\u00e7\u00e3o da USP<br \/>\nNicolau Reinhard &#8211; rausp@usp.br<\/p>\n<p>RC&amp;F Revista Contabilidade &amp; Finan\u00e7as<br \/>\nF\u00e1bio Frezatti &#8211; frezatti@usp.br<\/p>\n<p>Faces Revista de Administra\u00e7\u00e3o FACES Journal<br \/>\nHenrique Cordeiro Martins &#8211; faces@fumec.br<\/p>\n<p>G&amp;R Revista Gest\u00e3o &amp; Regionalidade<br \/>\nEduardo Oliva &#8211; eduardo.oliva@uscs.edu.br<\/p>\n<p>RAM Revista de Administra\u00e7\u00e3o Mackenzie<br \/>\nSilvio Popadiuk &#8211; :spopadiuk@gmail.com\u00a0revista.adm@mackenzie.br<\/p>\n<p>RAI Revista de Administra\u00e7\u00e3o e Inova\u00e7\u00e3o<br \/>\nMilton de Abreu Campanario &#8211; campanariopgt@revistarai.org<\/p>\n<p>RBGN Revista Brasileira de Gest\u00e3o e Neg\u00f3cios<br \/>\nJo\u00e3o Maur\u00edcio Gama Boaventura &#8211; rbgn@fecap.br<\/p>\n<p>InternexT Revista Eletr\u00f4nica de Neg\u00f3cios Internacionais da ESPM<br \/>\nFelipe Mendes Borini &#8211; internext@espm.br<\/p>\n<p>PRETEXTO Revista PRETEXTO<br \/>\nAlexandre Teixeira Dias &#8211; alexandre.tdias@fumec.br<\/p>\n<p>ReAUFSM Revista da Universidade de Santa Maria<br \/>\nClandia Maffini Gomes &#8211; rea@smail.ufsm.br<\/p>\n<p>RECADM Revista Eletr\u00f4nica de Ci\u00eancia Administrativa<br \/>\nDiego Maganhotto Coraiola &#8211; recadm@facecla.com.br<\/p>\n<p>REGE Revista de Gest\u00e3o USP<br \/>\nCesar Alexandre de Souza &#8211; rege@usp.br<\/p>\n<p>RIAE Revista Ibero-Americana de Estrat\u00e9gia<br \/>\nFernando Antonio Ribeiro Serra &#8211; fernandorserra@gmail.com<\/p>\n<p>RFA Revista de Finan\u00e7as Aplicadas<br \/>\nRoy Martelanc &#8211; rmartela@usp.br<\/p>\n<p>REMark Revista Brasileira de Marketing<br \/>\nOt\u00e1vio Freire &#8211; admin@revistabrasileiramarketing.org<\/p>\n<p>FUTURE SRJ Future Studies Research Journal<br \/>\nJames Terence Coulter Wright &#8211; prof_jameswright@fia.com.br<\/p>\n<p>GUAL Revista Gest\u00e3o Universit\u00e1ria na Am\u00e9rica Latina<br \/>\nMaur\u00edcio Fernandes Pereira &#8211; revistagual@gmail.com<\/p>\n<p>RGFC Revista de Gest\u00e3o Finan\u00e7as e Contabilidade<br \/>\nMaria de F\u00e1tima Ara\u00fajo Fraz\u00e3o &#8211; rgfc@uneb.br<\/p>\n<p>RGeAS Revista de Gest\u00e3o Ambiental e Sustentabilidade<br \/>\nClaudia Terezinha Kniess &#8211; journalgeas@gmail.com<\/p>\n<p>PODIUM Sport, LeisureandTourismReview<br \/>\nJo\u00e3o Manuel Casquinha Malaia Santos &#8211; jmalaia@gmail.com<\/p>\n<p>REGEPE Revista de Empreendedorismo e Gest\u00e3o de Pequenas Empresas<br \/>\nJane Mendes Ferreira &#8211; janemff@yahoo.com.br<\/p>\n<p>GeP Revista de Gest\u00e3o e Projetos<br \/>\nMarcos Roberto Piscopo &#8211; editor@revistagep.org<\/p>\n<p>RGSS Revista de Gest\u00e3o em Sistemas de Sa\u00fade<br \/>\nMarcia Cristina Zago Novaretti &#8211; journalrgss@gmail.com<\/p>\n<p>RAEP Revista Administra\u00e7\u00e3o: Ensino e Pesquisa<br \/>\nProf. Dr. Manolita Correia Lima &#8211; mclima@espm.br<\/p>\n<p>RCCe Revista Capital Cientifico<br \/>\nProf. Silvio R. Stefano &#8211; professor-silvio@hotmail.com<\/p>\n<p>RISUS Journal on Innovation and Sustainability<br \/>\nArnoldo Jos\u00e9 de Hoyos Guevara &#8211; arnoldodehoyos@yahoo.com.br<\/p>\n<p>RAHIS Revista de Administra\u00e7\u00e3o Hospitalar e Inova\u00e7\u00e3o em Sa\u00fade<br \/>\nM\u00e1rcio Augusto Gon\u00e7alves &#8211; marciouk@yahoo.com<\/p>\n<p>RGSA Revista Gest\u00e3o Social e Ambiental<br \/>\nJacques Demajorovic &#8211; jacquesd@fei.edu.br<\/p>\n<p>TAC Tecnologias de Administra\u00e7\u00e3o e Contabilidade<br \/>\nGraziela Dias Alperstedt &#8211; tac@anpad.org.br<\/p>\n","protected":false},"excerpt":{"rendered":"<p>Os autores dos trabalhos selecionados para fast track dever\u00e3o: a) Proceder a submiss\u00e3o do trabalho no site da revista indicada respeitando as normas editoriais e procurando incorporar as contribui\u00e7\u00f5es dos avaliadores do SemeAd. Observe-se que os pareceres das avalia\u00e7\u00f5es do SemeAd s\u00e3o de conhecimento dos editores. b) Encaminhar e-mail ao editor do peri\u00f3dico, inserindo no&#8230;<\/p>\n","protected":false},"author":1,"featured_media":0,"parent":22,"menu_order":0,"comment_status":"open","ping_status":"open","template":"","meta":{"_acf_changed":false,"_monsterinsights_skip_tracking":false,"_monsterinsights_sitenote_active":false,"_monsterinsights_sitenote_note":"","_monsterinsights_sitenote_category":0,"footnotes":""},"class_list":["post-11108","page","type-page","status-publish","hentry"],"acf":[],"yoast_head":"<!-- This site is optimized with the Yoast SEO plugin v27.5 - https:\/\/yoast.com\/product\/yoast-seo-wordpress\/ -->\n<title>Resultado Fast Track - XVII SemeAd<\/title>\n<meta name=\"robots\" content=\"index, follow, max-snippet:-1, max-image-preview:large, max-video-preview:-1\" \/>\n<link rel=\"canonical\" href=\"https:\/\/semead.com.br\/17\/trabalhos\/resultado-fast-track\/\" \/>\n<meta property=\"og:locale\" content=\"en_US\" \/>\n<meta property=\"og:type\" content=\"article\" \/>\n<meta property=\"og:title\" content=\"Resultado Fast Track - XVII SemeAd\" \/>\n<meta property=\"og:description\" content=\"Os autores dos trabalhos selecionados para fast track dever\u00e3o: a) Proceder a submiss\u00e3o do trabalho no site da revista indicada respeitando as normas editoriais e procurando incorporar as contribui\u00e7\u00f5es dos avaliadores do SemeAd. Observe-se que os pareceres das avalia\u00e7\u00f5es do SemeAd s\u00e3o de conhecimento dos editores. b) Encaminhar e-mail ao editor do peri\u00f3dico, inserindo no...\" \/>\n<meta property=\"og:url\" content=\"https:\/\/semead.com.br\/17\/trabalhos\/resultado-fast-track\/\" \/>\n<meta property=\"og:site_name\" content=\"XVII SemeAd\" \/>\n<meta name=\"twitter:card\" content=\"summary_large_image\" \/>\n<meta name=\"twitter:label1\" content=\"Est. reading time\" \/>\n\t<meta name=\"twitter:data1\" content=\"10 minutes\" \/>\n<script type=\"application\/ld+json\" class=\"yoast-schema-graph\">{\"@context\":\"https:\\\/\\\/schema.org\",\"@graph\":[{\"@type\":\"WebPage\",\"@id\":\"https:\\\/\\\/semead.com.br\\\/17\\\/trabalhos\\\/resultado-fast-track\\\/\",\"url\":\"https:\\\/\\\/semead.com.br\\\/17\\\/trabalhos\\\/resultado-fast-track\\\/\",\"name\":\"Resultado Fast Track - XVII SemeAd\",\"isPartOf\":{\"@id\":\"https:\\\/\\\/semead.com.br\\\/17\\\/#website\"},\"datePublished\":\"2013-10-28T12:35:33+00:00\",\"breadcrumb\":{\"@id\":\"https:\\\/\\\/semead.com.br\\\/17\\\/trabalhos\\\/resultado-fast-track\\\/#breadcrumb\"},\"inLanguage\":\"en-US\",\"potentialAction\":[{\"@type\":\"ReadAction\",\"target\":[\"https:\\\/\\\/semead.com.br\\\/17\\\/trabalhos\\\/resultado-fast-track\\\/\"]}]},{\"@type\":\"BreadcrumbList\",\"@id\":\"https:\\\/\\\/semead.com.br\\\/17\\\/trabalhos\\\/resultado-fast-track\\\/#breadcrumb\",\"itemListElement\":[{\"@type\":\"ListItem\",\"position\":1,\"name\":\"In\u00edcio\",\"item\":\"https:\\\/\\\/semead.com.br\\\/17\\\/\"},{\"@type\":\"ListItem\",\"position\":2,\"name\":\"Trabalhos\",\"item\":\"https:\\\/\\\/semead.com.br\\\/17\\\/trabalhos\\\/\"},{\"@type\":\"ListItem\",\"position\":3,\"name\":\"Resultado Fast Track\"}]},{\"@type\":\"WebSite\",\"@id\":\"https:\\\/\\\/semead.com.br\\\/17\\\/#website\",\"url\":\"https:\\\/\\\/semead.com.br\\\/17\\\/\",\"name\":\"XVII SemeAd\",\"description\":\"Just another SemeAd site\",\"potentialAction\":[{\"@type\":\"SearchAction\",\"target\":{\"@type\":\"EntryPoint\",\"urlTemplate\":\"https:\\\/\\\/semead.com.br\\\/17\\\/?s={search_term_string}\"},\"query-input\":{\"@type\":\"PropertyValueSpecification\",\"valueRequired\":true,\"valueName\":\"search_term_string\"}}],\"inLanguage\":\"en-US\"}]}<\/script>\n<!-- \/ Yoast SEO plugin. -->","yoast_head_json":{"title":"Resultado Fast Track - XVII SemeAd","robots":{"index":"index","follow":"follow","max-snippet":"max-snippet:-1","max-image-preview":"max-image-preview:large","max-video-preview":"max-video-preview:-1"},"canonical":"https:\/\/semead.com.br\/17\/trabalhos\/resultado-fast-track\/","og_locale":"en_US","og_type":"article","og_title":"Resultado Fast Track - XVII SemeAd","og_description":"Os autores dos trabalhos selecionados para fast track dever\u00e3o: a) Proceder a submiss\u00e3o do trabalho no site da revista indicada respeitando as normas editoriais e procurando incorporar as contribui\u00e7\u00f5es dos avaliadores do SemeAd. Observe-se que os pareceres das avalia\u00e7\u00f5es do SemeAd s\u00e3o de conhecimento dos editores. b) Encaminhar e-mail ao editor do peri\u00f3dico, inserindo no...","og_url":"https:\/\/semead.com.br\/17\/trabalhos\/resultado-fast-track\/","og_site_name":"XVII SemeAd","twitter_card":"summary_large_image","twitter_misc":{"Est. reading time":"10 minutes"},"schema":{"@context":"https:\/\/schema.org","@graph":[{"@type":"WebPage","@id":"https:\/\/semead.com.br\/17\/trabalhos\/resultado-fast-track\/","url":"https:\/\/semead.com.br\/17\/trabalhos\/resultado-fast-track\/","name":"Resultado Fast Track - XVII SemeAd","isPartOf":{"@id":"https:\/\/semead.com.br\/17\/#website"},"datePublished":"2013-10-28T12:35:33+00:00","breadcrumb":{"@id":"https:\/\/semead.com.br\/17\/trabalhos\/resultado-fast-track\/#breadcrumb"},"inLanguage":"en-US","potentialAction":[{"@type":"ReadAction","target":["https:\/\/semead.com.br\/17\/trabalhos\/resultado-fast-track\/"]}]},{"@type":"BreadcrumbList","@id":"https:\/\/semead.com.br\/17\/trabalhos\/resultado-fast-track\/#breadcrumb","itemListElement":[{"@type":"ListItem","position":1,"name":"In\u00edcio","item":"https:\/\/semead.com.br\/17\/"},{"@type":"ListItem","position":2,"name":"Trabalhos","item":"https:\/\/semead.com.br\/17\/trabalhos\/"},{"@type":"ListItem","position":3,"name":"Resultado Fast Track"}]},{"@type":"WebSite","@id":"https:\/\/semead.com.br\/17\/#website","url":"https:\/\/semead.com.br\/17\/","name":"XVII SemeAd","description":"Just another SemeAd site","potentialAction":[{"@type":"SearchAction","target":{"@type":"EntryPoint","urlTemplate":"https:\/\/semead.com.br\/17\/?s={search_term_string}"},"query-input":{"@type":"PropertyValueSpecification","valueRequired":true,"valueName":"search_term_string"}}],"inLanguage":"en-US"}]}},"_links":{"self":[{"href":"https:\/\/semead.com.br\/17\/wp-json\/wp\/v2\/pages\/11108","targetHints":{"allow":["GET"]}}],"collection":[{"href":"https:\/\/semead.com.br\/17\/wp-json\/wp\/v2\/pages"}],"about":[{"href":"https:\/\/semead.com.br\/17\/wp-json\/wp\/v2\/types\/page"}],"author":[{"embeddable":true,"href":"https:\/\/semead.com.br\/17\/wp-json\/wp\/v2\/users\/1"}],"replies":[{"embeddable":true,"href":"https:\/\/semead.com.br\/17\/wp-json\/wp\/v2\/comments?post=11108"}],"version-history":[{"count":0,"href":"https:\/\/semead.com.br\/17\/wp-json\/wp\/v2\/pages\/11108\/revisions"}],"up":[{"embeddable":true,"href":"https:\/\/semead.com.br\/17\/wp-json\/wp\/v2\/pages\/22"}],"wp:attachment":[{"href":"https:\/\/semead.com.br\/17\/wp-json\/wp\/v2\/media?parent=11108"}],"curies":[{"name":"wp","href":"https:\/\/api.w.org\/{rel}","templated":true}]}}