{"id":11414,"date":"2014-09-30T18:18:07","date_gmt":"2014-09-30T21:18:07","guid":{"rendered":"http:\/\/semead.com.br\/?page_id=11414"},"modified":"2014-09-30T18:18:07","modified_gmt":"2014-09-30T21:18:07","slug":"prof-wagner-kamakura","status":"publish","type":"page","link":"https:\/\/semead.com.br\/17\/keynote-speakers\/prof-wagner-kamakura\/","title":{"rendered":"Prof. Wagner Kamakura"},"content":{"rendered":"<p><img loading=\"lazy\" decoding=\"async\" class=\"alignnone wp-image-11399 size-full\" src=\"https:\/\/semead.com.br\/17\/wp-content\/uploads\/sites\/3\/2014\/09\/Kamakura.jpg\" alt=\"Kamakura\" width=\"980\" height=\"370\" \/><\/p>\n<p>Wagner A. Kamakura\u00a0is the Jesse H. Jones Professor of Marketing at the Jones Graduate School of Business, Rice University. Prior to joining the Jones school, he taught at Duke University, University of Iowa, University of Pittsburgh and Vanderbilt University. Before joining academia, he has worked in market analysis, forecasting and planning at Duratex S.A. and Massey-Ferguson of Brazil. He has also been a visiting scholar to Australia, Brazil, China, Singapore, South Korea and Spain, where he lectures either English, Portuguese or Spanish.<\/p>\n<p>Professor Kamakura holds a\u00a0<em>Doctor Honoris Causa<\/em>\u00a0from Universidad de Granada, a PhD in Marketing from the University of Texas at Austin, a MS in Industrial Engineering from Universidade de S\u00e3o Paulo (Brazil), an EMBA from Funda\u00e7\u00e3o Get\u00falio Vargas (Brazil) and a BS in Mechanical Engineering from Instituto Tecnol\u00f3gico de Aeron\u00e1utica &#8211; ITA (Brazil).<\/p>\n<p>He has co-authored\u00a0<em>Estratifica\u00e7\u00e3o Socioeconomica e Consumo no Brasil and Market Segmentation: Conceptual and Methodological Foundations<\/em>, as well as close to a hundred articles in the leading academic journals in Marketing as well as other disciplines. His publications have received best-paper awards from the\u00a0<em>International Journal of Marketing Research, Journal of Marketing<\/em>\u00a0Research and<em>Journal of Retailing<\/em>.<\/p>\n<p>Professor Kamakura has served as the Editor of the\u00a0<em>Journal of Marketing Research<\/em>, Area Editor of<em>Marketing Science<\/em>\u00a0and Associate Editor of the\u00a0<em>Journal of Consumer Research<\/em>. He is currently a member of the editorial boards of the\u00a0<em>International Journal of Research in Marketing, Journal of Business Research, Journal of Marketing Research, Journal of Retailing and Marketing Science<\/em>. His current research interests focus on marketing analytics, consumption and time-use analysis, efficiency analysis, customer relationship management, market segmentation and market structure.<\/p>\n<p><strong>Resumo da palestra: <\/strong>Uma queixa frequente de pesquisadores na \u00e1rea de administra\u00e7\u00e3o de empresas, principalmente de jovens localizados fora de grandes centros comerciais, \u00e9 o dif\u00edcil acesso a dados reais de empresas e consumidores.\u00a0 Esse dif\u00edcil acesso \u00e9 frequentemente utilizado como desculpa para a utiliza\u00e7\u00e3o de alunos em experimentos, e para justificar estudos \u2018te\u00f3ricos\u2019 ou \u2018normativos.\u2019\u00a0 O meu prop\u00f3sito nessa palestra \u00e9 advogar o uso de dados secund\u00e1rios, e da Internet como uma alternativa barata (ou at\u00e9 mesmo gratuita) ao laborat\u00f3rio de pesquisas.\u00a0 Para tanto, \u00e9 preciso uma mudan\u00e7a de orienta\u00e7\u00e3o, focada na solu\u00e7\u00e3o de problemas enfrentados pela mercado e a sociedade, ao inv\u00e9s da teoria ou metodologia de interesse do pesquisador. Em outras palavras, o enfoque deve ser na procura de uma melhor solu\u00e7\u00e3o para problemas importantes da sociedade, e n\u00e3o na procura de problemas que se encaixem na teoria ou metodologia preferida do pesquisador.<\/p>\n<p>Utilizando alguns dos meus recentes projetos como exemplo, tentarei demonstrar que \u00e9 relativamente f\u00e1cil encontrar problemas importantes e interessantes j\u00e1 acompanhados com dados dispon\u00edveis para a pesquisa acad\u00eamica.\u00a0 Isso desde que a motiva\u00e7\u00e3o da pesquisa seja a import\u00e2ncia dos problemas \u00e0s empresas ou \u00e0 sociedade, ao inv\u00e9s das prefer\u00eancias do pesquisador. Tamb\u00e9m discutirei como a Internet pode ser utilizada como uma rica fonte de dados secund\u00e1rios e prim\u00e1rios para a pesquisa acad\u00eamica.<\/p>\n<p>Os exemplos que utilizarei (de publica\u00e7\u00f5es e estudos em progresso) s\u00e3o diretamente relacionados \u00e0 minha \u00e1rea de especializa\u00e7\u00e3o, mas os fundamentos te\u00f3ricos e a metodologia se aplicam a outras \u00e1reas de neg\u00f3cios.<\/p>\n<p><strong>\u00a0<\/strong><\/p>\n","protected":false},"excerpt":{"rendered":"<p>Wagner A. Kamakura\u00a0is the Jesse H. Jones Professor of Marketing at the Jones Graduate School of Business, Rice University. Prior to joining the Jones school, he taught at Duke University, University of Iowa, University of Pittsburgh and Vanderbilt University. Before joining academia, he has worked in market analysis, forecasting and planning at Duratex S.A. and&#8230;<\/p>\n","protected":false},"author":1,"featured_media":0,"parent":11396,"menu_order":0,"comment_status":"open","ping_status":"open","template":"","meta":{"_acf_changed":false,"_monsterinsights_skip_tracking":false,"_monsterinsights_sitenote_active":false,"_monsterinsights_sitenote_note":"","_monsterinsights_sitenote_category":0,"footnotes":""},"class_list":["post-11414","page","type-page","status-publish","hentry"],"acf":[],"yoast_head":"<!-- This site is optimized with the Yoast SEO plugin v27.5 - https:\/\/yoast.com\/product\/yoast-seo-wordpress\/ -->\n<title>Prof. Wagner Kamakura - XVII SemeAd<\/title>\n<meta name=\"robots\" content=\"index, follow, max-snippet:-1, max-image-preview:large, max-video-preview:-1\" \/>\n<link rel=\"canonical\" href=\"https:\/\/semead.com.br\/17\/keynote-speakers\/prof-wagner-kamakura\/\" \/>\n<meta property=\"og:locale\" content=\"en_US\" \/>\n<meta property=\"og:type\" content=\"article\" \/>\n<meta property=\"og:title\" content=\"Prof. Wagner Kamakura - XVII SemeAd\" \/>\n<meta property=\"og:description\" content=\"Wagner A. Kamakura\u00a0is the Jesse H. Jones Professor of Marketing at the Jones Graduate School of Business, Rice University. Prior to joining the Jones school, he taught at Duke University, University of Iowa, University of Pittsburgh and Vanderbilt University. Before joining academia, he has worked in market analysis, forecasting and planning at Duratex S.A. and...\" \/>\n<meta property=\"og:url\" content=\"https:\/\/semead.com.br\/17\/keynote-speakers\/prof-wagner-kamakura\/\" \/>\n<meta property=\"og:site_name\" content=\"XVII SemeAd\" \/>\n<meta name=\"twitter:card\" content=\"summary_large_image\" \/>\n<meta name=\"twitter:label1\" content=\"Est. reading time\" \/>\n\t<meta name=\"twitter:data1\" content=\"3 minutes\" \/>\n<script type=\"application\/ld+json\" class=\"yoast-schema-graph\">{\"@context\":\"https:\\\/\\\/schema.org\",\"@graph\":[{\"@type\":\"WebPage\",\"@id\":\"https:\\\/\\\/semead.com.br\\\/17\\\/keynote-speakers\\\/prof-wagner-kamakura\\\/\",\"url\":\"https:\\\/\\\/semead.com.br\\\/17\\\/keynote-speakers\\\/prof-wagner-kamakura\\\/\",\"name\":\"Prof. Wagner Kamakura - XVII SemeAd\",\"isPartOf\":{\"@id\":\"https:\\\/\\\/semead.com.br\\\/17\\\/#website\"},\"primaryImageOfPage\":{\"@id\":\"https:\\\/\\\/semead.com.br\\\/17\\\/keynote-speakers\\\/prof-wagner-kamakura\\\/#primaryimage\"},\"image\":{\"@id\":\"https:\\\/\\\/semead.com.br\\\/17\\\/keynote-speakers\\\/prof-wagner-kamakura\\\/#primaryimage\"},\"thumbnailUrl\":\"https:\\\/\\\/semead.com.br\\\/17\\\/wp-content\\\/uploads\\\/sites\\\/3\\\/2014\\\/09\\\/Kamakura.jpg\",\"datePublished\":\"2014-09-30T21:18:07+00:00\",\"breadcrumb\":{\"@id\":\"https:\\\/\\\/semead.com.br\\\/17\\\/keynote-speakers\\\/prof-wagner-kamakura\\\/#breadcrumb\"},\"inLanguage\":\"en-US\",\"potentialAction\":[{\"@type\":\"ReadAction\",\"target\":[\"https:\\\/\\\/semead.com.br\\\/17\\\/keynote-speakers\\\/prof-wagner-kamakura\\\/\"]}]},{\"@type\":\"ImageObject\",\"inLanguage\":\"en-US\",\"@id\":\"https:\\\/\\\/semead.com.br\\\/17\\\/keynote-speakers\\\/prof-wagner-kamakura\\\/#primaryimage\",\"url\":\"https:\\\/\\\/semead.com.br\\\/17\\\/wp-content\\\/uploads\\\/sites\\\/3\\\/2014\\\/09\\\/Kamakura.jpg\",\"contentUrl\":\"https:\\\/\\\/semead.com.br\\\/17\\\/wp-content\\\/uploads\\\/sites\\\/3\\\/2014\\\/09\\\/Kamakura.jpg\"},{\"@type\":\"BreadcrumbList\",\"@id\":\"https:\\\/\\\/semead.com.br\\\/17\\\/keynote-speakers\\\/prof-wagner-kamakura\\\/#breadcrumb\",\"itemListElement\":[{\"@type\":\"ListItem\",\"position\":1,\"name\":\"In\u00edcio\",\"item\":\"https:\\\/\\\/semead.com.br\\\/17\\\/\"},{\"@type\":\"ListItem\",\"position\":2,\"name\":\"Keynote Speakers\",\"item\":\"https:\\\/\\\/semead.com.br\\\/17\\\/keynote-speakers\\\/\"},{\"@type\":\"ListItem\",\"position\":3,\"name\":\"Prof. Wagner Kamakura\"}]},{\"@type\":\"WebSite\",\"@id\":\"https:\\\/\\\/semead.com.br\\\/17\\\/#website\",\"url\":\"https:\\\/\\\/semead.com.br\\\/17\\\/\",\"name\":\"XVII SemeAd\",\"description\":\"Just another SemeAd site\",\"potentialAction\":[{\"@type\":\"SearchAction\",\"target\":{\"@type\":\"EntryPoint\",\"urlTemplate\":\"https:\\\/\\\/semead.com.br\\\/17\\\/?s={search_term_string}\"},\"query-input\":{\"@type\":\"PropertyValueSpecification\",\"valueRequired\":true,\"valueName\":\"search_term_string\"}}],\"inLanguage\":\"en-US\"}]}<\/script>\n<!-- \/ Yoast SEO plugin. -->","yoast_head_json":{"title":"Prof. Wagner Kamakura - XVII SemeAd","robots":{"index":"index","follow":"follow","max-snippet":"max-snippet:-1","max-image-preview":"max-image-preview:large","max-video-preview":"max-video-preview:-1"},"canonical":"https:\/\/semead.com.br\/17\/keynote-speakers\/prof-wagner-kamakura\/","og_locale":"en_US","og_type":"article","og_title":"Prof. Wagner Kamakura - XVII SemeAd","og_description":"Wagner A. Kamakura\u00a0is the Jesse H. Jones Professor of Marketing at the Jones Graduate School of Business, Rice University. Prior to joining the Jones school, he taught at Duke University, University of Iowa, University of Pittsburgh and Vanderbilt University. Before joining academia, he has worked in market analysis, forecasting and planning at Duratex S.A. and...","og_url":"https:\/\/semead.com.br\/17\/keynote-speakers\/prof-wagner-kamakura\/","og_site_name":"XVII SemeAd","twitter_card":"summary_large_image","twitter_misc":{"Est. reading time":"3 minutes"},"schema":{"@context":"https:\/\/schema.org","@graph":[{"@type":"WebPage","@id":"https:\/\/semead.com.br\/17\/keynote-speakers\/prof-wagner-kamakura\/","url":"https:\/\/semead.com.br\/17\/keynote-speakers\/prof-wagner-kamakura\/","name":"Prof. Wagner Kamakura - XVII SemeAd","isPartOf":{"@id":"https:\/\/semead.com.br\/17\/#website"},"primaryImageOfPage":{"@id":"https:\/\/semead.com.br\/17\/keynote-speakers\/prof-wagner-kamakura\/#primaryimage"},"image":{"@id":"https:\/\/semead.com.br\/17\/keynote-speakers\/prof-wagner-kamakura\/#primaryimage"},"thumbnailUrl":"https:\/\/semead.com.br\/17\/wp-content\/uploads\/sites\/3\/2014\/09\/Kamakura.jpg","datePublished":"2014-09-30T21:18:07+00:00","breadcrumb":{"@id":"https:\/\/semead.com.br\/17\/keynote-speakers\/prof-wagner-kamakura\/#breadcrumb"},"inLanguage":"en-US","potentialAction":[{"@type":"ReadAction","target":["https:\/\/semead.com.br\/17\/keynote-speakers\/prof-wagner-kamakura\/"]}]},{"@type":"ImageObject","inLanguage":"en-US","@id":"https:\/\/semead.com.br\/17\/keynote-speakers\/prof-wagner-kamakura\/#primaryimage","url":"https:\/\/semead.com.br\/17\/wp-content\/uploads\/sites\/3\/2014\/09\/Kamakura.jpg","contentUrl":"https:\/\/semead.com.br\/17\/wp-content\/uploads\/sites\/3\/2014\/09\/Kamakura.jpg"},{"@type":"BreadcrumbList","@id":"https:\/\/semead.com.br\/17\/keynote-speakers\/prof-wagner-kamakura\/#breadcrumb","itemListElement":[{"@type":"ListItem","position":1,"name":"In\u00edcio","item":"https:\/\/semead.com.br\/17\/"},{"@type":"ListItem","position":2,"name":"Keynote Speakers","item":"https:\/\/semead.com.br\/17\/keynote-speakers\/"},{"@type":"ListItem","position":3,"name":"Prof. Wagner Kamakura"}]},{"@type":"WebSite","@id":"https:\/\/semead.com.br\/17\/#website","url":"https:\/\/semead.com.br\/17\/","name":"XVII SemeAd","description":"Just another SemeAd site","potentialAction":[{"@type":"SearchAction","target":{"@type":"EntryPoint","urlTemplate":"https:\/\/semead.com.br\/17\/?s={search_term_string}"},"query-input":{"@type":"PropertyValueSpecification","valueRequired":true,"valueName":"search_term_string"}}],"inLanguage":"en-US"}]}},"_links":{"self":[{"href":"https:\/\/semead.com.br\/17\/wp-json\/wp\/v2\/pages\/11414","targetHints":{"allow":["GET"]}}],"collection":[{"href":"https:\/\/semead.com.br\/17\/wp-json\/wp\/v2\/pages"}],"about":[{"href":"https:\/\/semead.com.br\/17\/wp-json\/wp\/v2\/types\/page"}],"author":[{"embeddable":true,"href":"https:\/\/semead.com.br\/17\/wp-json\/wp\/v2\/users\/1"}],"replies":[{"embeddable":true,"href":"https:\/\/semead.com.br\/17\/wp-json\/wp\/v2\/comments?post=11414"}],"version-history":[{"count":0,"href":"https:\/\/semead.com.br\/17\/wp-json\/wp\/v2\/pages\/11414\/revisions"}],"up":[{"embeddable":true,"href":"https:\/\/semead.com.br\/17\/wp-json\/wp\/v2\/pages\/11396"}],"wp:attachment":[{"href":"https:\/\/semead.com.br\/17\/wp-json\/wp\/v2\/media?parent=11414"}],"curies":[{"name":"wp","href":"https:\/\/api.w.org\/{rel}","templated":true}]}}