{"id":11417,"date":"2014-09-30T18:18:53","date_gmt":"2014-09-30T21:18:53","guid":{"rendered":"http:\/\/semead.com.br\/?page_id=11417"},"modified":"2014-09-30T18:18:53","modified_gmt":"2014-09-30T21:18:53","slug":"prof-jennifer-griffin","status":"publish","type":"page","link":"https:\/\/semead.com.br\/17\/keynote-speakers\/prof-jennifer-griffin\/","title":{"rendered":"Prof. Jennifer Griffin"},"content":{"rendered":"<p><img loading=\"lazy\" decoding=\"async\" class=\"alignnone wp-image-11398 size-full\" src=\"https:\/\/semead.com.br\/17\/wp-content\/uploads\/sites\/3\/2014\/09\/Griffin.jpg\" alt=\"Griffin\" width=\"980\" height=\"370\" \/><\/p>\n<p>Dra. Jennifer J. Griffin \u00e9 professora de Gest\u00e3o Estrat\u00e9gica e Pol\u00edtica P\u00fablica na George Washington University School of Business e diretora do Global Strategies Program no GW\u2019s Institute para Responsabilidade Corporativa. Engajada em todos os n\u00edveis de educa\u00e7\u00e3o, a Dra. Griffin examina como as empresas co-criam valor, por meio da an\u00e1lise do impacto social das empresas numa economia global, da estrat\u00e9gia de neg\u00f3cios e pol\u00edticas p\u00fablicas, e da gest\u00e3o estrat\u00e9gica de stakeholders.<\/p>\n<p>Ela tem publicado em uma s\u00e9rie de peri\u00f3dicos importantes de gest\u00e3o, como: Business &amp; Society, Business &amp; Politics, Corporate Reputation Review, Public Administration Review, International Journal of Public Affairs, Public Relations Quarterly. Dra. Griffin est\u00e1 no conselho editorial da Business &amp; Society, Journal of Business Ethics Education e International Journal of Public Affairs.<\/p>\n<p>Em 2009, seu artigo com John F. Mahon, \u201cCorporate Social Performance and Corporate Financial Performance: Twenty-five years of Incomparable Research\u201d ganhou o pr\u00eamio \u201cBusiness &amp; Society Best Paper Award in 20 years\u201d da International Association for Business and Society (IABS). Dra. Griffin recebeu a mais alta condecora\u00e7\u00e3o de ensino da GW School of Business 2008: o Pr\u00eamio de Excel\u00eancia em Ensino.<\/p>\n<p><strong>Resumo da palestra: <\/strong>Atualmente, as empresas t\u00eam enfrentado in\u00fameros desafios para manter sua competividade ao longo do tempo. Al\u00e9m dos resultados financeiros, as empresas t\u00eam sido avaliadas quanto ao seu desempenho no atendimento \u00e0s demandas dos diversos stakeholders. Uma forma de mensurar esse atendimento \u00e9 conhecida na literatura como Corporate Social Performance (CSP). O construto CSP constitui uma permanente intera\u00e7\u00e3o entre organiza\u00e7\u00f5es e seus p\u00fablicos de interesse. Neste sentido, Dra. Jennifer J. Griffin lan\u00e7a luz sobre o tema ao abordar tr\u00eas quest\u00f5es principais: O que \u00e9 CSP? Como ela pode ser medida? E, qual \u00e9 o futuro da CSP nas pesquisas acad\u00eamicas? Ao responder a essas perguntas, Dra. Jennifer ressalta a import\u00e2ncia que a literatura existente em outras \u00e1reas, como Marketing e Recursos Humanos, tem para contribuir com uma compreens\u00e3o mais rica e sistem\u00e1tica do complexo construto da CSP.<\/p>\n","protected":false},"excerpt":{"rendered":"<p>Dra. Jennifer J. Griffin \u00e9 professora de Gest\u00e3o Estrat\u00e9gica e Pol\u00edtica P\u00fablica na George Washington University School of Business e diretora do Global Strategies Program no GW\u2019s Institute para Responsabilidade Corporativa. Engajada em todos os n\u00edveis de educa\u00e7\u00e3o, a Dra. Griffin examina como as empresas co-criam valor, por meio da an\u00e1lise do impacto social das&#8230;<\/p>\n","protected":false},"author":1,"featured_media":0,"parent":11396,"menu_order":0,"comment_status":"open","ping_status":"open","template":"","meta":{"_acf_changed":false,"_monsterinsights_skip_tracking":false,"_monsterinsights_sitenote_active":false,"_monsterinsights_sitenote_note":"","_monsterinsights_sitenote_category":0,"footnotes":""},"class_list":["post-11417","page","type-page","status-publish","hentry"],"acf":[],"yoast_head":"<!-- This site is optimized with the Yoast SEO plugin v27.5 - https:\/\/yoast.com\/product\/yoast-seo-wordpress\/ -->\n<title>Prof. Jennifer Griffin - XVII SemeAd<\/title>\n<meta name=\"robots\" content=\"index, follow, max-snippet:-1, max-image-preview:large, max-video-preview:-1\" \/>\n<link rel=\"canonical\" href=\"https:\/\/semead.com.br\/17\/keynote-speakers\/prof-jennifer-griffin\/\" \/>\n<meta property=\"og:locale\" content=\"en_US\" \/>\n<meta property=\"og:type\" content=\"article\" \/>\n<meta property=\"og:title\" content=\"Prof. Jennifer Griffin - XVII SemeAd\" \/>\n<meta property=\"og:description\" content=\"Dra. Jennifer J. Griffin \u00e9 professora de Gest\u00e3o Estrat\u00e9gica e Pol\u00edtica P\u00fablica na George Washington University School of Business e diretora do Global Strategies Program no GW\u2019s Institute para Responsabilidade Corporativa. Engajada em todos os n\u00edveis de educa\u00e7\u00e3o, a Dra. Griffin examina como as empresas co-criam valor, por meio da an\u00e1lise do impacto social das...\" \/>\n<meta property=\"og:url\" content=\"https:\/\/semead.com.br\/17\/keynote-speakers\/prof-jennifer-griffin\/\" \/>\n<meta property=\"og:site_name\" content=\"XVII SemeAd\" \/>\n<meta name=\"twitter:card\" content=\"summary_large_image\" \/>\n<meta name=\"twitter:label1\" content=\"Est. reading time\" \/>\n\t<meta name=\"twitter:data1\" content=\"2 minutes\" \/>\n<script type=\"application\/ld+json\" class=\"yoast-schema-graph\">{\"@context\":\"https:\\\/\\\/schema.org\",\"@graph\":[{\"@type\":\"WebPage\",\"@id\":\"https:\\\/\\\/semead.com.br\\\/17\\\/keynote-speakers\\\/prof-jennifer-griffin\\\/\",\"url\":\"https:\\\/\\\/semead.com.br\\\/17\\\/keynote-speakers\\\/prof-jennifer-griffin\\\/\",\"name\":\"Prof. Jennifer Griffin - XVII SemeAd\",\"isPartOf\":{\"@id\":\"https:\\\/\\\/semead.com.br\\\/17\\\/#website\"},\"primaryImageOfPage\":{\"@id\":\"https:\\\/\\\/semead.com.br\\\/17\\\/keynote-speakers\\\/prof-jennifer-griffin\\\/#primaryimage\"},\"image\":{\"@id\":\"https:\\\/\\\/semead.com.br\\\/17\\\/keynote-speakers\\\/prof-jennifer-griffin\\\/#primaryimage\"},\"thumbnailUrl\":\"https:\\\/\\\/semead.com.br\\\/17\\\/wp-content\\\/uploads\\\/sites\\\/3\\\/2014\\\/09\\\/Griffin.jpg\",\"datePublished\":\"2014-09-30T21:18:53+00:00\",\"breadcrumb\":{\"@id\":\"https:\\\/\\\/semead.com.br\\\/17\\\/keynote-speakers\\\/prof-jennifer-griffin\\\/#breadcrumb\"},\"inLanguage\":\"en-US\",\"potentialAction\":[{\"@type\":\"ReadAction\",\"target\":[\"https:\\\/\\\/semead.com.br\\\/17\\\/keynote-speakers\\\/prof-jennifer-griffin\\\/\"]}]},{\"@type\":\"ImageObject\",\"inLanguage\":\"en-US\",\"@id\":\"https:\\\/\\\/semead.com.br\\\/17\\\/keynote-speakers\\\/prof-jennifer-griffin\\\/#primaryimage\",\"url\":\"https:\\\/\\\/semead.com.br\\\/17\\\/wp-content\\\/uploads\\\/sites\\\/3\\\/2014\\\/09\\\/Griffin.jpg\",\"contentUrl\":\"https:\\\/\\\/semead.com.br\\\/17\\\/wp-content\\\/uploads\\\/sites\\\/3\\\/2014\\\/09\\\/Griffin.jpg\"},{\"@type\":\"BreadcrumbList\",\"@id\":\"https:\\\/\\\/semead.com.br\\\/17\\\/keynote-speakers\\\/prof-jennifer-griffin\\\/#breadcrumb\",\"itemListElement\":[{\"@type\":\"ListItem\",\"position\":1,\"name\":\"In\u00edcio\",\"item\":\"https:\\\/\\\/semead.com.br\\\/17\\\/\"},{\"@type\":\"ListItem\",\"position\":2,\"name\":\"Keynote Speakers\",\"item\":\"https:\\\/\\\/semead.com.br\\\/17\\\/keynote-speakers\\\/\"},{\"@type\":\"ListItem\",\"position\":3,\"name\":\"Prof. Jennifer Griffin\"}]},{\"@type\":\"WebSite\",\"@id\":\"https:\\\/\\\/semead.com.br\\\/17\\\/#website\",\"url\":\"https:\\\/\\\/semead.com.br\\\/17\\\/\",\"name\":\"XVII SemeAd\",\"description\":\"Just another SemeAd site\",\"potentialAction\":[{\"@type\":\"SearchAction\",\"target\":{\"@type\":\"EntryPoint\",\"urlTemplate\":\"https:\\\/\\\/semead.com.br\\\/17\\\/?s={search_term_string}\"},\"query-input\":{\"@type\":\"PropertyValueSpecification\",\"valueRequired\":true,\"valueName\":\"search_term_string\"}}],\"inLanguage\":\"en-US\"}]}<\/script>\n<!-- \/ Yoast SEO plugin. -->","yoast_head_json":{"title":"Prof. Jennifer Griffin - XVII SemeAd","robots":{"index":"index","follow":"follow","max-snippet":"max-snippet:-1","max-image-preview":"max-image-preview:large","max-video-preview":"max-video-preview:-1"},"canonical":"https:\/\/semead.com.br\/17\/keynote-speakers\/prof-jennifer-griffin\/","og_locale":"en_US","og_type":"article","og_title":"Prof. Jennifer Griffin - XVII SemeAd","og_description":"Dra. Jennifer J. Griffin \u00e9 professora de Gest\u00e3o Estrat\u00e9gica e Pol\u00edtica P\u00fablica na George Washington University School of Business e diretora do Global Strategies Program no GW\u2019s Institute para Responsabilidade Corporativa. Engajada em todos os n\u00edveis de educa\u00e7\u00e3o, a Dra. Griffin examina como as empresas co-criam valor, por meio da an\u00e1lise do impacto social das...","og_url":"https:\/\/semead.com.br\/17\/keynote-speakers\/prof-jennifer-griffin\/","og_site_name":"XVII SemeAd","twitter_card":"summary_large_image","twitter_misc":{"Est. reading time":"2 minutes"},"schema":{"@context":"https:\/\/schema.org","@graph":[{"@type":"WebPage","@id":"https:\/\/semead.com.br\/17\/keynote-speakers\/prof-jennifer-griffin\/","url":"https:\/\/semead.com.br\/17\/keynote-speakers\/prof-jennifer-griffin\/","name":"Prof. Jennifer Griffin - XVII SemeAd","isPartOf":{"@id":"https:\/\/semead.com.br\/17\/#website"},"primaryImageOfPage":{"@id":"https:\/\/semead.com.br\/17\/keynote-speakers\/prof-jennifer-griffin\/#primaryimage"},"image":{"@id":"https:\/\/semead.com.br\/17\/keynote-speakers\/prof-jennifer-griffin\/#primaryimage"},"thumbnailUrl":"https:\/\/semead.com.br\/17\/wp-content\/uploads\/sites\/3\/2014\/09\/Griffin.jpg","datePublished":"2014-09-30T21:18:53+00:00","breadcrumb":{"@id":"https:\/\/semead.com.br\/17\/keynote-speakers\/prof-jennifer-griffin\/#breadcrumb"},"inLanguage":"en-US","potentialAction":[{"@type":"ReadAction","target":["https:\/\/semead.com.br\/17\/keynote-speakers\/prof-jennifer-griffin\/"]}]},{"@type":"ImageObject","inLanguage":"en-US","@id":"https:\/\/semead.com.br\/17\/keynote-speakers\/prof-jennifer-griffin\/#primaryimage","url":"https:\/\/semead.com.br\/17\/wp-content\/uploads\/sites\/3\/2014\/09\/Griffin.jpg","contentUrl":"https:\/\/semead.com.br\/17\/wp-content\/uploads\/sites\/3\/2014\/09\/Griffin.jpg"},{"@type":"BreadcrumbList","@id":"https:\/\/semead.com.br\/17\/keynote-speakers\/prof-jennifer-griffin\/#breadcrumb","itemListElement":[{"@type":"ListItem","position":1,"name":"In\u00edcio","item":"https:\/\/semead.com.br\/17\/"},{"@type":"ListItem","position":2,"name":"Keynote Speakers","item":"https:\/\/semead.com.br\/17\/keynote-speakers\/"},{"@type":"ListItem","position":3,"name":"Prof. Jennifer Griffin"}]},{"@type":"WebSite","@id":"https:\/\/semead.com.br\/17\/#website","url":"https:\/\/semead.com.br\/17\/","name":"XVII SemeAd","description":"Just another SemeAd site","potentialAction":[{"@type":"SearchAction","target":{"@type":"EntryPoint","urlTemplate":"https:\/\/semead.com.br\/17\/?s={search_term_string}"},"query-input":{"@type":"PropertyValueSpecification","valueRequired":true,"valueName":"search_term_string"}}],"inLanguage":"en-US"}]}},"_links":{"self":[{"href":"https:\/\/semead.com.br\/17\/wp-json\/wp\/v2\/pages\/11417","targetHints":{"allow":["GET"]}}],"collection":[{"href":"https:\/\/semead.com.br\/17\/wp-json\/wp\/v2\/pages"}],"about":[{"href":"https:\/\/semead.com.br\/17\/wp-json\/wp\/v2\/types\/page"}],"author":[{"embeddable":true,"href":"https:\/\/semead.com.br\/17\/wp-json\/wp\/v2\/users\/1"}],"replies":[{"embeddable":true,"href":"https:\/\/semead.com.br\/17\/wp-json\/wp\/v2\/comments?post=11417"}],"version-history":[{"count":0,"href":"https:\/\/semead.com.br\/17\/wp-json\/wp\/v2\/pages\/11417\/revisions"}],"up":[{"embeddable":true,"href":"https:\/\/semead.com.br\/17\/wp-json\/wp\/v2\/pages\/11396"}],"wp:attachment":[{"href":"https:\/\/semead.com.br\/17\/wp-json\/wp\/v2\/media?parent=11417"}],"curies":[{"name":"wp","href":"https:\/\/api.w.org\/{rel}","templated":true}]}}