{"id":11480,"date":"2014-10-24T10:25:03","date_gmt":"2014-10-24T12:25:03","guid":{"rendered":"http:\/\/semead.com.br\/?page_id=11480"},"modified":"2014-10-24T10:25:03","modified_gmt":"2014-10-24T12:25:03","slug":"painel-tematico-ensino-e-pesquisa-em-administracao","status":"publish","type":"page","link":"https:\/\/semead.com.br\/17\/painel-tematico-ensino-e-pesquisa-em-administracao\/","title":{"rendered":"Painel Tem\u00e1tico &#8211; Ensino e Pesquisa em Administra\u00e7\u00e3o"},"content":{"rendered":"<p style=\"text-align: center\"><strong>PAINEL TEM\u00c1TICO &#8211;\u00a0Ensino e Pesquisa em Administra\u00e7\u00e3o<\/strong><\/p>\n<p style=\"text-align: center\"><strong>T\u00edtulo:\u00a0 FRONTEIRAS DA METODOLOGIA DA PESQUISA<\/strong><\/p>\n<p><strong>Quando:<\/strong> 31\/10\/2014 das 15h30min. \u00e0s 17h &#8211; Sala G2<\/p>\n<p><strong>Objetivos: <\/strong>Promover o di\u00e1logo entre os segmentos interessados na discuss\u00e3o de quest\u00f5es sobre Fronteiras de Metodologia da Pesquisa.<\/p>\n<p><strong>Resultados esperados do painel tem\u00e1tico:\u00a0<\/strong>Contribuir para ampliar a compreens\u00e3o e a reflex\u00e3o sobre as \u00a0Fronteiras de Metodologia da Pesquisa, na \u00e1rea de Administra\u00e7\u00e3o.<strong> \u00a0<\/strong><\/p>\n<p><strong>Din\u00e2mica do Painel: &#8220;<\/strong>Entendendo que um Painel Tem\u00e1tico se destina \u00e0 troca de id\u00e9ias sobre determinado tema, onde os painelistas n\u00e3o exp\u00f5em, mas discutem ou conversam sobre um tema espec\u00edfico ante um p\u00fablico, a partir de seus pontos de vista ou entendimentos, este se inicia com o moderador ou o mediador do Painel apresentando os painelistas, em numero de dois ou mais, e formulando a primeira quest\u00e3o. Come\u00e7a, aqui, desta forma, o di\u00e1logo do Painel. O moderador interv\u00e9m, se necess\u00e1rio, para esclarecer e reconduzir o assunto, e formular novas quest\u00f5es. O painel pode prever a participa\u00e7\u00e3o do p\u00fablico presente, que por sua vez pode externar suas d\u00favidas e realizar questionamentos aos painelistas&#8221; (TARGINO; NEYRA, 2006, p. 18 e 19). \u00a0(Inf. &amp;Soc.:Est., Jo\u00e3o Pessoa, v.16, n.2, p.13-23, jul.\/dez. 2006)<\/p>\n<p><strong>Distribui\u00e7\u00e3o do tempo:<\/strong><\/p>\n<p>Primeiros dez minutos: Acomoda\u00e7\u00e3o do Moderador e dos painelistas, no local destinado ao Painel Tem\u00e1tico. Apresenta\u00e7\u00e3o formal do Moderador que l\u00ea, de forma sucinta, o curriculo vitae dos painelistas e os apresenta. Nos pr\u00f3ximos 40 minutos, o Moderador formula a primira quest\u00e3o, que ser\u00e1 respondida pelos dois painelistas, respectivamente, com tempo de dez minutos para cada um, e interv\u00e9m, se necess\u00e1rio para complementar o assunto. Em seguida, formula a segunda quest\u00e3o. Esta deve ser respondida, novamente, pelos dois painelistas, totalizando mais 20 minutos de discuss\u00f5es. Nos 30 minutos seguintes o Moderador abre as discuss\u00f5es para o p\u00fablico presente, estendendo o di\u00e1logo para todos os participantes, na ordem de manifesta\u00e7\u00e3o. Nos \u00faltimos dez minutos o Moderador do Painel Tem\u00e1tico, usando da palavra, faz um breve resumo do que foi discutido e encerra o evento, agradecendo aos painelistas e ao p\u00fablico presente.<\/p>\n<p><strong>Qualifica\u00e7\u00f5es dos Participantes:<\/strong><\/p>\n<p><strong>Moderador:<\/strong> Emerson Antonio Maccari<\/p>\n<p><strong>Painelistas:<\/strong><\/p>\n<p><strong>Amelia Silveira<\/strong>\u00a0: Possui gradua\u00e7\u00e3o em Biblioteconomia pela Universidade Federal do Rio Grande do Sul (1973), mestrado em Administra\u00e7\u00e3o pela Universidade Federal de Santa Catarina (1980) e doutorado em Ci\u00eancias da Comunica\u00e7\u00e3o pela Universidade de S\u00e3o Paulo (1989). Realizou p\u00f3s-doutorado em Ci\u00eancias da Informa\u00e7\u00e3o, em 1991, na Universidad Complutense de Madrid, Espanha e, em Administra\u00e7\u00e3o, em 1996, na Faculdade de Economia e Administra\u00e7\u00e3o da Universidade de S\u00e3o Paulo. Professora Titular da Universidade Federal de Santa Catarina de 1977 a 1998, quando se aposentou. Na Universidade Regional de Blumenau desempenhou fun\u00e7\u00f5es como professor no Programa de P\u00f3s-Gradua\u00e7\u00e3o em Administra\u00e7\u00e3o e no Curso de Doutorado em Ci\u00eancias Cont\u00e1beis e Administra\u00e7\u00e3o, de 1999 a abril de 2012. Desde agosto de 2011 atua como professor e pesquisador na Universidade Nove de Julho, no Programa de Mestrado em Gest\u00e3o e Pr\u00e1ticas Educacionais (PROGEPE). Em 2012 passou a atuar tamb\u00e9m no Programa de Mestrado e Doutorado em Administra\u00e7\u00e3o (PPGA), na Universidade Nove de Julho, na \u00e1rea de Organiza\u00e7\u00f5es. Tem experi\u00eancia na \u00e1rea de Administra\u00e7\u00e3o, com \u00eanfase em Administra\u00e7\u00e3o Universit\u00e1ria e Ensino Superior. Atua em Avalia\u00e7\u00e3o Institucional e Qualidade em Servi\u00e7os, e desenvolve pesquisas em Gest\u00e3o Educacional Contempor\u00e2nea. Tamb\u00e9m atua na \u00e1rea de Empreendedorismo em Institui\u00e7\u00f5es de Ensino Superior e no Ensino de Empreendedorismo.<\/p>\n<p><strong>Cesar Augusto Biancolino:\u00a0<\/strong>Doutor em Controladoria e Contabilidade pela Universidade de S\u00e3o Paulo &#8211; PPGCC \/ FEA \/ USP (2010). Mestre em Controladoria e Contabilidade Estrat\u00e9gica pelo Centro Universit\u00e1rio \u00c1lvares Penteado &#8211; FECAP \/ SP (2004). Licenciado em Matem\u00e1tica pelas Faculdades Oswaldo Cruz (2000). Bacharel em Ci\u00eancias Cont\u00e1beis pela Universidade de S\u00e3o Paulo &#8211; PPGCC \/ FEA \/ USP (1999). Atualmente \u00e9 Diretor do Programa de Mestrado Profissional em Administra\u00e7\u00e3o &#8211; Gest\u00e3o em Sistemas de Sa\u00fade da Universidade Nove de Julho &#8211; PMPA \/ GSS \/ UNINOVE. Professor Permanente do Programa de Mestrado Profissional em Administra\u00e7\u00e3o &#8211; Gest\u00e3o de Projetos da Universidade Nove de Julho &#8211; PMPA \/ GP \/ UNINOVE. Professor Colaborador do Programa de Mestrado e Doutorado em Administra\u00e7\u00e3o da Universidade Nove de Julho &#8211; PPGA \/ UNINOVE. Professor Doutor do Departamento de Contabilidade e Atu\u00e1ria da Universidade de S\u00e3o Paulo &#8211; EAC \/ FEA \/ USP. Membro do TECSI &#8211; Laborat\u00f3rio de Tecnologia e Sistemas de Informa\u00e7\u00e3o do Departamento de Contabilidade e Atu\u00e1ria da Faculdade de Economia, Administra\u00e7\u00e3o e Contabilidade da Universidade de S\u00e3o Paulo &#8211; TECSI \/ FEA \/ USP. Atua como Editor Adjunto da Revista de Gest\u00e3o em Sistemas de Sa\u00fade &#8211; (RGSS) PMPA \/ GSS \/ UNINOVE. Atua como docente nas seguintes disciplinas: Gest\u00e3o de Projetos de TI , Gest\u00e3o Estrat\u00e9gica de TI, Sistemas de Informa\u00e7\u00f5es Cont\u00e1beis, Microinform\u00e1tica e Metodologia da Pesquisa. Atualmente \u00e9 l\u00edder do track &#8211; Casos de Ensino &#8211; do SEMEAD &#8211; FEA \/ USP e Membro do Cons\u00f3rcio Doutoral do CONTECSI &#8211; FEA \/ USP. Atua como revisor de peri\u00f3dicos nacionais na \u00e1rea de Administra\u00e7\u00e3o e Contabilidade e como Parecerista de eventos como EnANPAD e AnPCONT. Coautor do livro Sistemas de Informa\u00e7\u00f5es Cont\u00e1beis &#8211; Uma Abordagem Gerencial (Saraiva, 2010). Consultor, Gerente de Projetos e Gerente de Neg\u00f3cios atuou no segmento da Ind\u00fastria da Tecnologia da Informa\u00e7\u00e3o no per\u00edodo de 1999 a 2012 junto a empresas como Oracle, IBM, PeopleSoft do Brasil e J.D. Edwards do Brasil.<strong>\u00a0<\/strong><\/p>\n","protected":false},"excerpt":{"rendered":"<p>PAINEL TEM\u00c1TICO &#8211;\u00a0Ensino e Pesquisa em Administra\u00e7\u00e3o T\u00edtulo:\u00a0 FRONTEIRAS DA METODOLOGIA DA PESQUISA Quando: 31\/10\/2014 das 15h30min. \u00e0s 17h &#8211; Sala G2 Objetivos: Promover o di\u00e1logo entre os segmentos interessados na discuss\u00e3o de quest\u00f5es sobre Fronteiras de Metodologia da Pesquisa. Resultados esperados do painel tem\u00e1tico:\u00a0Contribuir para ampliar a compreens\u00e3o e a reflex\u00e3o sobre as \u00a0Fronteiras&#8230;<\/p>\n","protected":false},"author":2,"featured_media":0,"parent":0,"menu_order":0,"comment_status":"open","ping_status":"open","template":"","meta":{"_acf_changed":false,"_monsterinsights_skip_tracking":false,"_monsterinsights_sitenote_active":false,"_monsterinsights_sitenote_note":"","_monsterinsights_sitenote_category":0,"footnotes":""},"class_list":["post-11480","page","type-page","status-publish","hentry"],"acf":[],"yoast_head":"<!-- This site is optimized with the Yoast SEO plugin v27.5 - https:\/\/yoast.com\/product\/yoast-seo-wordpress\/ -->\n<title>Painel Tem\u00e1tico - Ensino e Pesquisa em Administra\u00e7\u00e3o - XVII SemeAd<\/title>\n<meta name=\"robots\" content=\"index, follow, max-snippet:-1, max-image-preview:large, max-video-preview:-1\" \/>\n<link rel=\"canonical\" href=\"https:\/\/semead.com.br\/17\/painel-tematico-ensino-e-pesquisa-em-administracao\/\" \/>\n<meta property=\"og:locale\" content=\"en_US\" \/>\n<meta property=\"og:type\" content=\"article\" \/>\n<meta property=\"og:title\" content=\"Painel Tem\u00e1tico - Ensino e Pesquisa em Administra\u00e7\u00e3o - XVII SemeAd\" \/>\n<meta property=\"og:description\" content=\"PAINEL TEM\u00c1TICO &#8211;\u00a0Ensino e Pesquisa em Administra\u00e7\u00e3o T\u00edtulo:\u00a0 FRONTEIRAS DA METODOLOGIA DA PESQUISA Quando: 31\/10\/2014 das 15h30min. \u00e0s 17h &#8211; Sala G2 Objetivos: Promover o di\u00e1logo entre os segmentos interessados na discuss\u00e3o de quest\u00f5es sobre Fronteiras de Metodologia da Pesquisa. Resultados esperados do painel tem\u00e1tico:\u00a0Contribuir para ampliar a compreens\u00e3o e a reflex\u00e3o sobre as \u00a0Fronteiras...\" \/>\n<meta property=\"og:url\" content=\"https:\/\/semead.com.br\/17\/painel-tematico-ensino-e-pesquisa-em-administracao\/\" \/>\n<meta property=\"og:site_name\" content=\"XVII SemeAd\" \/>\n<meta name=\"twitter:card\" content=\"summary_large_image\" \/>\n<meta name=\"twitter:label1\" content=\"Est. reading time\" \/>\n\t<meta name=\"twitter:data1\" content=\"5 minutes\" \/>\n<script type=\"application\/ld+json\" class=\"yoast-schema-graph\">{\"@context\":\"https:\\\/\\\/schema.org\",\"@graph\":[{\"@type\":\"WebPage\",\"@id\":\"https:\\\/\\\/semead.com.br\\\/17\\\/painel-tematico-ensino-e-pesquisa-em-administracao\\\/\",\"url\":\"https:\\\/\\\/semead.com.br\\\/17\\\/painel-tematico-ensino-e-pesquisa-em-administracao\\\/\",\"name\":\"Painel Tem\u00e1tico - Ensino e Pesquisa em Administra\u00e7\u00e3o - XVII SemeAd\",\"isPartOf\":{\"@id\":\"https:\\\/\\\/semead.com.br\\\/17\\\/#website\"},\"datePublished\":\"2014-10-24T12:25:03+00:00\",\"breadcrumb\":{\"@id\":\"https:\\\/\\\/semead.com.br\\\/17\\\/painel-tematico-ensino-e-pesquisa-em-administracao\\\/#breadcrumb\"},\"inLanguage\":\"en-US\",\"potentialAction\":[{\"@type\":\"ReadAction\",\"target\":[\"https:\\\/\\\/semead.com.br\\\/17\\\/painel-tematico-ensino-e-pesquisa-em-administracao\\\/\"]}]},{\"@type\":\"BreadcrumbList\",\"@id\":\"https:\\\/\\\/semead.com.br\\\/17\\\/painel-tematico-ensino-e-pesquisa-em-administracao\\\/#breadcrumb\",\"itemListElement\":[{\"@type\":\"ListItem\",\"position\":1,\"name\":\"In\u00edcio\",\"item\":\"https:\\\/\\\/semead.com.br\\\/17\\\/\"},{\"@type\":\"ListItem\",\"position\":2,\"name\":\"Painel Tem\u00e1tico &#8211; Ensino e Pesquisa em Administra\u00e7\u00e3o\"}]},{\"@type\":\"WebSite\",\"@id\":\"https:\\\/\\\/semead.com.br\\\/17\\\/#website\",\"url\":\"https:\\\/\\\/semead.com.br\\\/17\\\/\",\"name\":\"XVII SemeAd\",\"description\":\"Just another SemeAd site\",\"potentialAction\":[{\"@type\":\"SearchAction\",\"target\":{\"@type\":\"EntryPoint\",\"urlTemplate\":\"https:\\\/\\\/semead.com.br\\\/17\\\/?s={search_term_string}\"},\"query-input\":{\"@type\":\"PropertyValueSpecification\",\"valueRequired\":true,\"valueName\":\"search_term_string\"}}],\"inLanguage\":\"en-US\"}]}<\/script>\n<!-- \/ Yoast SEO plugin. -->","yoast_head_json":{"title":"Painel Tem\u00e1tico - Ensino e Pesquisa em Administra\u00e7\u00e3o - XVII SemeAd","robots":{"index":"index","follow":"follow","max-snippet":"max-snippet:-1","max-image-preview":"max-image-preview:large","max-video-preview":"max-video-preview:-1"},"canonical":"https:\/\/semead.com.br\/17\/painel-tematico-ensino-e-pesquisa-em-administracao\/","og_locale":"en_US","og_type":"article","og_title":"Painel Tem\u00e1tico - Ensino e Pesquisa em Administra\u00e7\u00e3o - XVII SemeAd","og_description":"PAINEL TEM\u00c1TICO &#8211;\u00a0Ensino e Pesquisa em Administra\u00e7\u00e3o T\u00edtulo:\u00a0 FRONTEIRAS DA METODOLOGIA DA PESQUISA Quando: 31\/10\/2014 das 15h30min. \u00e0s 17h &#8211; Sala G2 Objetivos: Promover o di\u00e1logo entre os segmentos interessados na discuss\u00e3o de quest\u00f5es sobre Fronteiras de Metodologia da Pesquisa. Resultados esperados do painel tem\u00e1tico:\u00a0Contribuir para ampliar a compreens\u00e3o e a reflex\u00e3o sobre as \u00a0Fronteiras...","og_url":"https:\/\/semead.com.br\/17\/painel-tematico-ensino-e-pesquisa-em-administracao\/","og_site_name":"XVII SemeAd","twitter_card":"summary_large_image","twitter_misc":{"Est. reading time":"5 minutes"},"schema":{"@context":"https:\/\/schema.org","@graph":[{"@type":"WebPage","@id":"https:\/\/semead.com.br\/17\/painel-tematico-ensino-e-pesquisa-em-administracao\/","url":"https:\/\/semead.com.br\/17\/painel-tematico-ensino-e-pesquisa-em-administracao\/","name":"Painel Tem\u00e1tico - Ensino e Pesquisa em Administra\u00e7\u00e3o - XVII SemeAd","isPartOf":{"@id":"https:\/\/semead.com.br\/17\/#website"},"datePublished":"2014-10-24T12:25:03+00:00","breadcrumb":{"@id":"https:\/\/semead.com.br\/17\/painel-tematico-ensino-e-pesquisa-em-administracao\/#breadcrumb"},"inLanguage":"en-US","potentialAction":[{"@type":"ReadAction","target":["https:\/\/semead.com.br\/17\/painel-tematico-ensino-e-pesquisa-em-administracao\/"]}]},{"@type":"BreadcrumbList","@id":"https:\/\/semead.com.br\/17\/painel-tematico-ensino-e-pesquisa-em-administracao\/#breadcrumb","itemListElement":[{"@type":"ListItem","position":1,"name":"In\u00edcio","item":"https:\/\/semead.com.br\/17\/"},{"@type":"ListItem","position":2,"name":"Painel Tem\u00e1tico &#8211; Ensino e Pesquisa em Administra\u00e7\u00e3o"}]},{"@type":"WebSite","@id":"https:\/\/semead.com.br\/17\/#website","url":"https:\/\/semead.com.br\/17\/","name":"XVII SemeAd","description":"Just another SemeAd site","potentialAction":[{"@type":"SearchAction","target":{"@type":"EntryPoint","urlTemplate":"https:\/\/semead.com.br\/17\/?s={search_term_string}"},"query-input":{"@type":"PropertyValueSpecification","valueRequired":true,"valueName":"search_term_string"}}],"inLanguage":"en-US"}]}},"_links":{"self":[{"href":"https:\/\/semead.com.br\/17\/wp-json\/wp\/v2\/pages\/11480","targetHints":{"allow":["GET"]}}],"collection":[{"href":"https:\/\/semead.com.br\/17\/wp-json\/wp\/v2\/pages"}],"about":[{"href":"https:\/\/semead.com.br\/17\/wp-json\/wp\/v2\/types\/page"}],"author":[{"embeddable":true,"href":"https:\/\/semead.com.br\/17\/wp-json\/wp\/v2\/users\/2"}],"replies":[{"embeddable":true,"href":"https:\/\/semead.com.br\/17\/wp-json\/wp\/v2\/comments?post=11480"}],"version-history":[{"count":0,"href":"https:\/\/semead.com.br\/17\/wp-json\/wp\/v2\/pages\/11480\/revisions"}],"wp:attachment":[{"href":"https:\/\/semead.com.br\/17\/wp-json\/wp\/v2\/media?parent=11480"}],"curies":[{"name":"wp","href":"https:\/\/api.w.org\/{rel}","templated":true}]}}