{"id":11492,"date":"2014-10-24T10:24:56","date_gmt":"2014-10-24T12:24:56","guid":{"rendered":"http:\/\/semead.com.br\/?page_id=11492"},"modified":"2014-10-24T10:24:56","modified_gmt":"2014-10-24T12:24:56","slug":"painel-tematico-financas","status":"publish","type":"page","link":"https:\/\/semead.com.br\/17\/painel-tematico-financas\/","title":{"rendered":"Painel Tem\u00e1tico &#8211; Finan\u00e7as"},"content":{"rendered":"<p style=\"text-align: center\"><strong>PAINEL TEM\u00c1TICO &#8211; Finan\u00e7as<\/strong><\/p>\n<p style=\"text-align: center\"><strong>Tema: Recomenda\u00e7\u00f5es para incrementar e qualificar a sua produ\u00e7\u00e3o acad\u00eamica.<\/strong><\/p>\n<p style=\"text-align: left\"><strong>Quando:<\/strong> 31\/10\/2014 das 15h30min. \u00e0s 17h &#8211; Sala E1<\/p>\n<p>&nbsp;<\/p>\n<p><strong>Coordenador do Painel:\u00a0<\/strong><\/p>\n<p><strong>Roy<\/strong><strong>\u00a0Martelanc<\/strong><\/p>\n<p>Professor de Finan\u00e7as da FEA\/USP.<\/p>\n<p>Editor da Revista de Finan\u00e7as Aplicadas.<\/p>\n<p>Coordenador da \u00e1rea de finan\u00e7as do Semead.<\/p>\n<p>&nbsp;<\/p>\n<p><strong>Painelistas:<\/strong><\/p>\n<p>&nbsp;<\/p>\n<p><strong>Eduardo Kazuo Kayo<\/strong><\/p>\n<p>Professor de Finan\u00e7as da FEA\/USP.<\/p>\n<p>Editor do N\u00famero Especial da RAUSP \u201cInvestments: strategies and performance metrics\u201d.<\/p>\n<p>Coordenador da Divis\u00e3o de Finan\u00e7as da ANPAD.<\/p>\n<p>Bolsista de Produtividade em Pesquisa do CNPq &#8211; N\u00edvel 2.<\/p>\n<p>&nbsp;<\/p>\n<p><strong>Wilson Toshiro Nakamura<\/strong><\/p>\n<p>Professor de Finan\u00e7as do Mackenzie.<\/p>\n<p>Editor associado da revista Contabilidade, Gest\u00e3o e Governan\u00e7a.<\/p>\n<p>Editor associado da revista TPA &#8211; Teoria e Pr\u00e1tica em Administra\u00e7\u00e3o.<\/p>\n<p>L\u00edder do tema de estrutura\u00e7\u00e3o e reestrutura\u00e7\u00e3o financeira do Semead.<\/p>\n<p>Bolsista de Produtividade em Pesquisa do CNPq &#8211; N\u00edvel 2.<\/p>\n<p>&nbsp;<\/p>\n<p>&nbsp;<\/p>\n","protected":false},"excerpt":{"rendered":"<p>PAINEL TEM\u00c1TICO &#8211; Finan\u00e7as Tema: Recomenda\u00e7\u00f5es para incrementar e qualificar a sua produ\u00e7\u00e3o acad\u00eamica. Quando: 31\/10\/2014 das 15h30min. \u00e0s 17h &#8211; Sala E1 &nbsp; Coordenador do Painel:\u00a0 Roy\u00a0Martelanc Professor de Finan\u00e7as da FEA\/USP. Editor da Revista de Finan\u00e7as Aplicadas. Coordenador da \u00e1rea de finan\u00e7as do Semead. &nbsp; Painelistas: &nbsp; Eduardo Kazuo Kayo Professor de Finan\u00e7as&#8230;<\/p>\n","protected":false},"author":2,"featured_media":0,"parent":0,"menu_order":0,"comment_status":"open","ping_status":"open","template":"","meta":{"_acf_changed":false,"_monsterinsights_skip_tracking":false,"_monsterinsights_sitenote_active":false,"_monsterinsights_sitenote_note":"","_monsterinsights_sitenote_category":0,"footnotes":""},"class_list":["post-11492","page","type-page","status-publish","hentry"],"acf":[],"yoast_head":"<!-- This site is optimized with the Yoast SEO plugin v27.5 - https:\/\/yoast.com\/product\/yoast-seo-wordpress\/ -->\n<title>Painel Tem\u00e1tico - Finan\u00e7as - XVII SemeAd<\/title>\n<meta name=\"robots\" content=\"index, follow, max-snippet:-1, max-image-preview:large, max-video-preview:-1\" \/>\n<link rel=\"canonical\" href=\"https:\/\/semead.com.br\/17\/painel-tematico-financas\/\" \/>\n<meta property=\"og:locale\" content=\"en_US\" \/>\n<meta property=\"og:type\" content=\"article\" \/>\n<meta property=\"og:title\" content=\"Painel Tem\u00e1tico - Finan\u00e7as - XVII SemeAd\" \/>\n<meta property=\"og:description\" content=\"PAINEL TEM\u00c1TICO &#8211; Finan\u00e7as Tema: Recomenda\u00e7\u00f5es para incrementar e qualificar a sua produ\u00e7\u00e3o acad\u00eamica. Quando: 31\/10\/2014 das 15h30min. \u00e0s 17h &#8211; Sala E1 &nbsp; Coordenador do Painel:\u00a0 Roy\u00a0Martelanc Professor de Finan\u00e7as da FEA\/USP. Editor da Revista de Finan\u00e7as Aplicadas. Coordenador da \u00e1rea de finan\u00e7as do Semead. &nbsp; Painelistas: &nbsp; Eduardo Kazuo Kayo Professor de Finan\u00e7as...\" \/>\n<meta property=\"og:url\" content=\"https:\/\/semead.com.br\/17\/painel-tematico-financas\/\" \/>\n<meta property=\"og:site_name\" content=\"XVII SemeAd\" \/>\n<meta name=\"twitter:card\" content=\"summary_large_image\" \/>\n<meta name=\"twitter:label1\" content=\"Est. reading time\" \/>\n\t<meta name=\"twitter:data1\" content=\"1 minute\" \/>\n<script type=\"application\/ld+json\" class=\"yoast-schema-graph\">{\"@context\":\"https:\\\/\\\/schema.org\",\"@graph\":[{\"@type\":\"WebPage\",\"@id\":\"https:\\\/\\\/semead.com.br\\\/17\\\/painel-tematico-financas\\\/\",\"url\":\"https:\\\/\\\/semead.com.br\\\/17\\\/painel-tematico-financas\\\/\",\"name\":\"Painel Tem\u00e1tico - Finan\u00e7as - XVII SemeAd\",\"isPartOf\":{\"@id\":\"https:\\\/\\\/semead.com.br\\\/17\\\/#website\"},\"datePublished\":\"2014-10-24T12:24:56+00:00\",\"breadcrumb\":{\"@id\":\"https:\\\/\\\/semead.com.br\\\/17\\\/painel-tematico-financas\\\/#breadcrumb\"},\"inLanguage\":\"en-US\",\"potentialAction\":[{\"@type\":\"ReadAction\",\"target\":[\"https:\\\/\\\/semead.com.br\\\/17\\\/painel-tematico-financas\\\/\"]}]},{\"@type\":\"BreadcrumbList\",\"@id\":\"https:\\\/\\\/semead.com.br\\\/17\\\/painel-tematico-financas\\\/#breadcrumb\",\"itemListElement\":[{\"@type\":\"ListItem\",\"position\":1,\"name\":\"In\u00edcio\",\"item\":\"https:\\\/\\\/semead.com.br\\\/17\\\/\"},{\"@type\":\"ListItem\",\"position\":2,\"name\":\"Painel Tem\u00e1tico &#8211; Finan\u00e7as\"}]},{\"@type\":\"WebSite\",\"@id\":\"https:\\\/\\\/semead.com.br\\\/17\\\/#website\",\"url\":\"https:\\\/\\\/semead.com.br\\\/17\\\/\",\"name\":\"XVII SemeAd\",\"description\":\"Just another SemeAd site\",\"potentialAction\":[{\"@type\":\"SearchAction\",\"target\":{\"@type\":\"EntryPoint\",\"urlTemplate\":\"https:\\\/\\\/semead.com.br\\\/17\\\/?s={search_term_string}\"},\"query-input\":{\"@type\":\"PropertyValueSpecification\",\"valueRequired\":true,\"valueName\":\"search_term_string\"}}],\"inLanguage\":\"en-US\"}]}<\/script>\n<!-- \/ Yoast SEO plugin. -->","yoast_head_json":{"title":"Painel Tem\u00e1tico - Finan\u00e7as - XVII SemeAd","robots":{"index":"index","follow":"follow","max-snippet":"max-snippet:-1","max-image-preview":"max-image-preview:large","max-video-preview":"max-video-preview:-1"},"canonical":"https:\/\/semead.com.br\/17\/painel-tematico-financas\/","og_locale":"en_US","og_type":"article","og_title":"Painel Tem\u00e1tico - Finan\u00e7as - XVII SemeAd","og_description":"PAINEL TEM\u00c1TICO &#8211; Finan\u00e7as Tema: Recomenda\u00e7\u00f5es para incrementar e qualificar a sua produ\u00e7\u00e3o acad\u00eamica. Quando: 31\/10\/2014 das 15h30min. \u00e0s 17h &#8211; Sala E1 &nbsp; Coordenador do Painel:\u00a0 Roy\u00a0Martelanc Professor de Finan\u00e7as da FEA\/USP. Editor da Revista de Finan\u00e7as Aplicadas. Coordenador da \u00e1rea de finan\u00e7as do Semead. &nbsp; Painelistas: &nbsp; Eduardo Kazuo Kayo Professor de Finan\u00e7as...","og_url":"https:\/\/semead.com.br\/17\/painel-tematico-financas\/","og_site_name":"XVII SemeAd","twitter_card":"summary_large_image","twitter_misc":{"Est. reading time":"1 minute"},"schema":{"@context":"https:\/\/schema.org","@graph":[{"@type":"WebPage","@id":"https:\/\/semead.com.br\/17\/painel-tematico-financas\/","url":"https:\/\/semead.com.br\/17\/painel-tematico-financas\/","name":"Painel Tem\u00e1tico - Finan\u00e7as - XVII SemeAd","isPartOf":{"@id":"https:\/\/semead.com.br\/17\/#website"},"datePublished":"2014-10-24T12:24:56+00:00","breadcrumb":{"@id":"https:\/\/semead.com.br\/17\/painel-tematico-financas\/#breadcrumb"},"inLanguage":"en-US","potentialAction":[{"@type":"ReadAction","target":["https:\/\/semead.com.br\/17\/painel-tematico-financas\/"]}]},{"@type":"BreadcrumbList","@id":"https:\/\/semead.com.br\/17\/painel-tematico-financas\/#breadcrumb","itemListElement":[{"@type":"ListItem","position":1,"name":"In\u00edcio","item":"https:\/\/semead.com.br\/17\/"},{"@type":"ListItem","position":2,"name":"Painel Tem\u00e1tico &#8211; Finan\u00e7as"}]},{"@type":"WebSite","@id":"https:\/\/semead.com.br\/17\/#website","url":"https:\/\/semead.com.br\/17\/","name":"XVII SemeAd","description":"Just another SemeAd site","potentialAction":[{"@type":"SearchAction","target":{"@type":"EntryPoint","urlTemplate":"https:\/\/semead.com.br\/17\/?s={search_term_string}"},"query-input":{"@type":"PropertyValueSpecification","valueRequired":true,"valueName":"search_term_string"}}],"inLanguage":"en-US"}]}},"_links":{"self":[{"href":"https:\/\/semead.com.br\/17\/wp-json\/wp\/v2\/pages\/11492","targetHints":{"allow":["GET"]}}],"collection":[{"href":"https:\/\/semead.com.br\/17\/wp-json\/wp\/v2\/pages"}],"about":[{"href":"https:\/\/semead.com.br\/17\/wp-json\/wp\/v2\/types\/page"}],"author":[{"embeddable":true,"href":"https:\/\/semead.com.br\/17\/wp-json\/wp\/v2\/users\/2"}],"replies":[{"embeddable":true,"href":"https:\/\/semead.com.br\/17\/wp-json\/wp\/v2\/comments?post=11492"}],"version-history":[{"count":0,"href":"https:\/\/semead.com.br\/17\/wp-json\/wp\/v2\/pages\/11492\/revisions"}],"wp:attachment":[{"href":"https:\/\/semead.com.br\/17\/wp-json\/wp\/v2\/media?parent=11492"}],"curies":[{"name":"wp","href":"https:\/\/api.w.org\/{rel}","templated":true}]}}