{"id":11498,"date":"2014-10-24T10:24:48","date_gmt":"2014-10-24T12:24:48","guid":{"rendered":"http:\/\/semead.com.br\/?page_id=11498"},"modified":"2014-10-24T10:24:48","modified_gmt":"2014-10-24T12:24:48","slug":"painel-tematico-gestao-socioambiental","status":"publish","type":"page","link":"https:\/\/semead.com.br\/17\/painel-tematico-gestao-socioambiental\/","title":{"rendered":"Painel Tem\u00e1tico &#8211; Gest\u00e3o Socioambiental"},"content":{"rendered":"<p style=\"text-align: center\"><strong>PAINEL TEM\u00c1TICO &#8211;\u00a0Gest\u00e3o Socioambiental<\/strong><\/p>\n<p style=\"text-align: center\"><strong>T\u00edtulo: Relat\u00f3rios de Sustentabilidade: desafios para implanta\u00e7\u00e3o.<\/strong><\/p>\n<p><strong>Quando:<\/strong> 31\/10\/2014 das 15h30min. \u00e0s 17h &#8211; Sala A5<\/p>\n<p><strong>Objetivos:<\/strong><\/p>\n<p>Apresentar as principais pr\u00e1ticas de publica\u00e7\u00e3o de relat\u00f3rios de sustentabilidade nas empresas.<\/p>\n<p>Discutir as principais dificuldades na implanta\u00e7\u00e3o da publica\u00e7\u00e3o de relat\u00f3rios de sustentabilidade nas empresas.<\/p>\n<p>Permitir a troca de experi\u00eancias e de opini\u00f5es entre os participantes do painel.<\/p>\n<p><strong>Din\u00e2mica do Painel\u00a0<\/strong><\/p>\n<p>Din\u00e2mica:<\/p>\n<ul>\n<li>Abertura \u2013 Coordenador da sess\u00e3o \u2013 5 minutos<\/li>\n<li>Apresenta\u00e7\u00e3o do panelista 1 \u2013 at\u00e9 25 minutos<\/li>\n<li>Apresenta\u00e7\u00e3o do panelista 2 \u2013 at\u00e9 25 minutos<\/li>\n<li>Quest\u00f5es feitas pela plateia e pelo coordenador \u2013 at\u00e9 30 minutos<\/li>\n<li>Fechamento \u2013 Coordenador da sess\u00e3o \u2013 5 minutos<\/li>\n<\/ul>\n<p><strong><br \/>\nCoordenador:<\/strong> Flavio Hourneaux Junior \u2013 FEA-USP<\/p>\n<p><strong><em><br \/>\nPALESTRANTES<\/em><\/strong><em>:<\/em><\/p>\n<p><em>\u00a0<\/em><\/p>\n<p><strong>ITA\u00da UNIBANCO<\/strong><\/p>\n<p><strong><em>Alex Silva \u2013 Diretoria de Controle Financeiro<\/em><\/strong><\/p>\n<p>Graduado em Ci\u00eancias Cont\u00e1beis pela FEA-USP. No Ita\u00fa Unibanco h\u00e1 4 anos, ocupa o cargo de analista financeiro s\u00eanior, liderando o processo de relato integrado na \u00e1rea de Finan\u00e7as. Com experi\u00eancia nas \u00e1reas de Contabilidade Societ\u00e1ria, Contabilidade Gerencial, Normas Internacionais de Contabilidade (IFRS) e Per\u00edcia Cont\u00e1bil.<\/p>\n<p>&nbsp;<\/p>\n<p><strong>REPORT\u00a0SUSTENTABILIDADE<\/strong> (<a href=\"http:\/\/www.reportsustentabilidade.com.br\/2013\/\">http:\/\/www.reportsustentabilidade.com.br<\/a>)<\/p>\n<p><strong>Fernando Bad\u00f4 &#8211; Consultor de Conte\u00fado:<\/strong> Formado em jornalismo pela Faculdade de Comunica\u00e7\u00e3o Social C\u00e1sper L\u00edbero, \u00e9\u00a0especializado em comunica\u00e7\u00e3o corporativa pela Universidade Anhembi-Morumbi. Iniciou carreira na Ag\u00eancia Estado, em 2000, e teve passagens pelo jornal Folha de S.Paulo, pelo portal Terra e pela Editora Abril. Na Report Sustentabilidade desde 2006, atua na produ\u00e7\u00e3o e edi\u00e7\u00e3o de conte\u00fado relacionado \u00e0 sustentabilidade em empresas como Bradesco, AES Brasil, Usiminas, Vale, entre outros.<\/p>\n<p>&nbsp;<\/p>\n<p><strong>Fab\u00edola Nascimento- Consultora de Sustentabilidade:\u00a0<\/strong>Jornalista formada pela Universidade Presbiteriana Mackenzie e p\u00f3s-graduada em Meio Ambiente, Desenvolvimento Sustent\u00e1vel e Quest\u00f5es Globais pela FAAP (Funda\u00e7\u00e3o Armando \u00c1lvares Penteado), trabalha na Report Sustentabilidade desde 2011. Atua na an\u00e1lise de indicadores GRI e em processos de consulta a<em>stakeholders<\/em> e defini\u00e7\u00e3o de temas relevantes. Dentre as empresas atendidas, destacam-se Natura, Ita\u00fa, Santander, Unilever, Cosan, entre outras.<\/p>\n<p>&nbsp;<\/p>\n","protected":false},"excerpt":{"rendered":"<p>PAINEL TEM\u00c1TICO &#8211;\u00a0Gest\u00e3o Socioambiental T\u00edtulo: Relat\u00f3rios de Sustentabilidade: desafios para implanta\u00e7\u00e3o. Quando: 31\/10\/2014 das 15h30min. \u00e0s 17h &#8211; Sala A5 Objetivos: Apresentar as principais pr\u00e1ticas de publica\u00e7\u00e3o de relat\u00f3rios de sustentabilidade nas empresas. Discutir as principais dificuldades na implanta\u00e7\u00e3o da publica\u00e7\u00e3o de relat\u00f3rios de sustentabilidade nas empresas. Permitir a troca de experi\u00eancias e de opini\u00f5es&#8230;<\/p>\n","protected":false},"author":2,"featured_media":0,"parent":0,"menu_order":0,"comment_status":"open","ping_status":"open","template":"","meta":{"_acf_changed":false,"_monsterinsights_skip_tracking":false,"_monsterinsights_sitenote_active":false,"_monsterinsights_sitenote_note":"","_monsterinsights_sitenote_category":0,"footnotes":""},"class_list":["post-11498","page","type-page","status-publish","hentry"],"acf":[],"yoast_head":"<!-- This site is optimized with the Yoast SEO plugin v27.5 - https:\/\/yoast.com\/product\/yoast-seo-wordpress\/ -->\n<title>Painel Tem\u00e1tico - Gest\u00e3o Socioambiental - XVII SemeAd<\/title>\n<meta name=\"robots\" content=\"index, follow, max-snippet:-1, max-image-preview:large, max-video-preview:-1\" \/>\n<link rel=\"canonical\" href=\"https:\/\/semead.com.br\/17\/painel-tematico-gestao-socioambiental\/\" \/>\n<meta property=\"og:locale\" content=\"en_US\" \/>\n<meta property=\"og:type\" content=\"article\" \/>\n<meta property=\"og:title\" content=\"Painel Tem\u00e1tico - Gest\u00e3o Socioambiental - XVII SemeAd\" \/>\n<meta property=\"og:description\" content=\"PAINEL TEM\u00c1TICO &#8211;\u00a0Gest\u00e3o Socioambiental T\u00edtulo: Relat\u00f3rios de Sustentabilidade: desafios para implanta\u00e7\u00e3o. Quando: 31\/10\/2014 das 15h30min. \u00e0s 17h &#8211; Sala A5 Objetivos: Apresentar as principais pr\u00e1ticas de publica\u00e7\u00e3o de relat\u00f3rios de sustentabilidade nas empresas. Discutir as principais dificuldades na implanta\u00e7\u00e3o da publica\u00e7\u00e3o de relat\u00f3rios de sustentabilidade nas empresas. Permitir a troca de experi\u00eancias e de opini\u00f5es...\" \/>\n<meta property=\"og:url\" content=\"https:\/\/semead.com.br\/17\/painel-tematico-gestao-socioambiental\/\" \/>\n<meta property=\"og:site_name\" content=\"XVII SemeAd\" \/>\n<meta name=\"twitter:card\" content=\"summary_large_image\" \/>\n<meta name=\"twitter:label1\" content=\"Est. reading time\" \/>\n\t<meta name=\"twitter:data1\" content=\"2 minutes\" \/>\n<script type=\"application\/ld+json\" class=\"yoast-schema-graph\">{\"@context\":\"https:\\\/\\\/schema.org\",\"@graph\":[{\"@type\":\"WebPage\",\"@id\":\"https:\\\/\\\/semead.com.br\\\/17\\\/painel-tematico-gestao-socioambiental\\\/\",\"url\":\"https:\\\/\\\/semead.com.br\\\/17\\\/painel-tematico-gestao-socioambiental\\\/\",\"name\":\"Painel Tem\u00e1tico - Gest\u00e3o Socioambiental - XVII SemeAd\",\"isPartOf\":{\"@id\":\"https:\\\/\\\/semead.com.br\\\/17\\\/#website\"},\"datePublished\":\"2014-10-24T12:24:48+00:00\",\"breadcrumb\":{\"@id\":\"https:\\\/\\\/semead.com.br\\\/17\\\/painel-tematico-gestao-socioambiental\\\/#breadcrumb\"},\"inLanguage\":\"en-US\",\"potentialAction\":[{\"@type\":\"ReadAction\",\"target\":[\"https:\\\/\\\/semead.com.br\\\/17\\\/painel-tematico-gestao-socioambiental\\\/\"]}]},{\"@type\":\"BreadcrumbList\",\"@id\":\"https:\\\/\\\/semead.com.br\\\/17\\\/painel-tematico-gestao-socioambiental\\\/#breadcrumb\",\"itemListElement\":[{\"@type\":\"ListItem\",\"position\":1,\"name\":\"In\u00edcio\",\"item\":\"https:\\\/\\\/semead.com.br\\\/17\\\/\"},{\"@type\":\"ListItem\",\"position\":2,\"name\":\"Painel Tem\u00e1tico &#8211; Gest\u00e3o Socioambiental\"}]},{\"@type\":\"WebSite\",\"@id\":\"https:\\\/\\\/semead.com.br\\\/17\\\/#website\",\"url\":\"https:\\\/\\\/semead.com.br\\\/17\\\/\",\"name\":\"XVII SemeAd\",\"description\":\"Just another SemeAd site\",\"potentialAction\":[{\"@type\":\"SearchAction\",\"target\":{\"@type\":\"EntryPoint\",\"urlTemplate\":\"https:\\\/\\\/semead.com.br\\\/17\\\/?s={search_term_string}\"},\"query-input\":{\"@type\":\"PropertyValueSpecification\",\"valueRequired\":true,\"valueName\":\"search_term_string\"}}],\"inLanguage\":\"en-US\"}]}<\/script>\n<!-- \/ Yoast SEO plugin. -->","yoast_head_json":{"title":"Painel Tem\u00e1tico - Gest\u00e3o Socioambiental - XVII SemeAd","robots":{"index":"index","follow":"follow","max-snippet":"max-snippet:-1","max-image-preview":"max-image-preview:large","max-video-preview":"max-video-preview:-1"},"canonical":"https:\/\/semead.com.br\/17\/painel-tematico-gestao-socioambiental\/","og_locale":"en_US","og_type":"article","og_title":"Painel Tem\u00e1tico - Gest\u00e3o Socioambiental - XVII SemeAd","og_description":"PAINEL TEM\u00c1TICO &#8211;\u00a0Gest\u00e3o Socioambiental T\u00edtulo: Relat\u00f3rios de Sustentabilidade: desafios para implanta\u00e7\u00e3o. Quando: 31\/10\/2014 das 15h30min. \u00e0s 17h &#8211; Sala A5 Objetivos: Apresentar as principais pr\u00e1ticas de publica\u00e7\u00e3o de relat\u00f3rios de sustentabilidade nas empresas. Discutir as principais dificuldades na implanta\u00e7\u00e3o da publica\u00e7\u00e3o de relat\u00f3rios de sustentabilidade nas empresas. Permitir a troca de experi\u00eancias e de opini\u00f5es...","og_url":"https:\/\/semead.com.br\/17\/painel-tematico-gestao-socioambiental\/","og_site_name":"XVII SemeAd","twitter_card":"summary_large_image","twitter_misc":{"Est. reading time":"2 minutes"},"schema":{"@context":"https:\/\/schema.org","@graph":[{"@type":"WebPage","@id":"https:\/\/semead.com.br\/17\/painel-tematico-gestao-socioambiental\/","url":"https:\/\/semead.com.br\/17\/painel-tematico-gestao-socioambiental\/","name":"Painel Tem\u00e1tico - Gest\u00e3o Socioambiental - XVII SemeAd","isPartOf":{"@id":"https:\/\/semead.com.br\/17\/#website"},"datePublished":"2014-10-24T12:24:48+00:00","breadcrumb":{"@id":"https:\/\/semead.com.br\/17\/painel-tematico-gestao-socioambiental\/#breadcrumb"},"inLanguage":"en-US","potentialAction":[{"@type":"ReadAction","target":["https:\/\/semead.com.br\/17\/painel-tematico-gestao-socioambiental\/"]}]},{"@type":"BreadcrumbList","@id":"https:\/\/semead.com.br\/17\/painel-tematico-gestao-socioambiental\/#breadcrumb","itemListElement":[{"@type":"ListItem","position":1,"name":"In\u00edcio","item":"https:\/\/semead.com.br\/17\/"},{"@type":"ListItem","position":2,"name":"Painel Tem\u00e1tico &#8211; Gest\u00e3o Socioambiental"}]},{"@type":"WebSite","@id":"https:\/\/semead.com.br\/17\/#website","url":"https:\/\/semead.com.br\/17\/","name":"XVII SemeAd","description":"Just another SemeAd site","potentialAction":[{"@type":"SearchAction","target":{"@type":"EntryPoint","urlTemplate":"https:\/\/semead.com.br\/17\/?s={search_term_string}"},"query-input":{"@type":"PropertyValueSpecification","valueRequired":true,"valueName":"search_term_string"}}],"inLanguage":"en-US"}]}},"_links":{"self":[{"href":"https:\/\/semead.com.br\/17\/wp-json\/wp\/v2\/pages\/11498","targetHints":{"allow":["GET"]}}],"collection":[{"href":"https:\/\/semead.com.br\/17\/wp-json\/wp\/v2\/pages"}],"about":[{"href":"https:\/\/semead.com.br\/17\/wp-json\/wp\/v2\/types\/page"}],"author":[{"embeddable":true,"href":"https:\/\/semead.com.br\/17\/wp-json\/wp\/v2\/users\/2"}],"replies":[{"embeddable":true,"href":"https:\/\/semead.com.br\/17\/wp-json\/wp\/v2\/comments?post=11498"}],"version-history":[{"count":0,"href":"https:\/\/semead.com.br\/17\/wp-json\/wp\/v2\/pages\/11498\/revisions"}],"wp:attachment":[{"href":"https:\/\/semead.com.br\/17\/wp-json\/wp\/v2\/media?parent=11498"}],"curies":[{"name":"wp","href":"https:\/\/api.w.org\/{rel}","templated":true}]}}