{"id":11500,"date":"2014-10-24T10:24:44","date_gmt":"2014-10-24T12:24:44","guid":{"rendered":"http:\/\/semead.com.br\/?page_id=11500"},"modified":"2014-10-24T10:24:44","modified_gmt":"2014-10-24T12:24:44","slug":"painel-tematico-marketing","status":"publish","type":"page","link":"https:\/\/semead.com.br\/17\/painel-tematico-marketing\/","title":{"rendered":"Painel Tem\u00e1tico &#8211; Marketing"},"content":{"rendered":"<p style=\"text-align: center\"><strong>PAINEL TEM\u00c1TICO &#8211; Marketing<\/strong><\/p>\n<p style=\"text-align: center\"><strong>T\u00edtulo: Desafios atuais da pesquisa em marcas no Brasil.<\/strong><\/p>\n<p><strong>Quando:<\/strong> 31\/10\/2014 das 15h30min. \u00e0s 17h &#8211; Sala A1<\/p>\n<p><strong>Coordenador:<\/strong><\/p>\n<p>Prof. Dr. Guilherme de Farias\u00a0Shiraishi<\/p>\n<p><strong>Din\u00e2mica do Painel:<\/strong><\/p>\n<p>-Abertura: 1 minuto.<\/p>\n<p>-Exposi\u00e7\u00e3o inicial: 20 minutos par cada palestrante.<\/p>\n<p>-Perguntas e debate: 20 minutos.<\/p>\n<p>&nbsp;<\/p>\n<p><strong>Painelistas:<\/strong><\/p>\n<p>Prof. Dr. Francisco Antonio Serralvo, Prof. Dr. Josmar Andrade, Prof. Dr. Marcos Machado<\/p>\n<p><strong>Prof. Dr. Franscisco Antonio Serralvo:<\/strong> Diretor da Faculdade de Economia, Administra\u00e7\u00e3o, Cont\u00e1beis e Atuariais &#8211; FEA-PUC\/SP (gest\u00e3o 2013\/2017), Professor Titular da cadeira de marketing, com reg\u00eancia de disciplina, pesquisa e orienta\u00e7\u00e3o no Programa de Estudos P\u00f3s-Graduados em Administra\u00e7\u00e3o (mestrado e doutorado), al\u00e9m de orienta\u00e7\u00e3o de projetos de inicia\u00e7\u00e3o cient\u00edfica e monografia de gradua\u00e7\u00e3o em administra\u00e7\u00e3o da Pontif\u00edcia Universidade Cat\u00f3lica de S\u00e3o Paulo &#8211; PUC\/SP. \u00c9 pesquisador e l\u00edder do Grupo de Estudos da Marca &#8211; GEMA (PUC-SP). Coordena o curso de especializa\u00e7\u00e3o &#8211; MBA Executivo &#8211; Gest\u00e3o de Neg\u00f3cios em Vendas da PUC-SP. Foi coordenador (gest\u00e3o 2009\/2013) do Programa de Estudos P\u00f3s-Graduados em Administra\u00e7\u00e3o da PUC\/SP. \u00c9 p\u00f3s-doutor em administra\u00e7\u00e3o (marketing) pela Universidade de Santiago de Compostela (Espanha), doutor em ci\u00eancias sociais e mestre em administra\u00e7\u00e3o pela PUC-SP e bacharel em administra\u00e7\u00e3o de empresas pela Universidade de Mar\u00edlia. Tem experi\u00eancia na \u00e1rea de Administra\u00e7\u00e3o, com \u00eanfase em Marketing, atuando principalmente com os seguintes temas: estudos da teoria em marketing, comportamento do consumidor e gest\u00e3o de marcas.<\/p>\n<p>&nbsp;<\/p>\n<p><strong>Prof. Dr. Josmar Andrade:<\/strong> Graduado em Comunica\u00e7\u00e3o Social (Jornalismo) pela Universidade de S\u00e3o Paulo (1986) e em Administra\u00e7\u00e3o pela Universidade de S\u00e3o Paulo (1999). Possui Mestrado (2004) e Doutorado (2009, aprovado com men\u00e7\u00e3o de distin\u00e7\u00e3o e louvor) em Administra\u00e7\u00e3o pela Universidade de S\u00e3o Paulo. \u00c9 Professor Doutor da Escola de Artes, Ci\u00eancias e Humanidades da Universidade de S\u00e3o Paulo, lecionando disciplinas ligadas \u00e0 Gest\u00e3o de Marketing no curso de bacharelado em Marketing da institui\u00e7\u00e3o. \u00c9 o atual Coordenador do curso de Bacharelado em Marketing da EACH USP (2013\/2015). Desenvolve pesquisas voltadas a aspectos da gest\u00e3o da Comunica\u00e7\u00e3o Integrada de Marketing, no marketing para produtos culturais, com foco no cinema. Tem diversos trabalhos publicados sobre os efeitos da globaliza\u00e7\u00e3o no Marketing, na linguagem e na est\u00e9tica da Propaganda e em quest\u00f5es \u00e9ticas do Marketing. Possui uma carreira de mais de 25 anos de experi\u00eancia profissional, trabalhando em ag\u00eancias de propaganda (Kramer &amp; Perroy Propaganda, Andrade Propaganda), clientes (Alpha Engenharia), e ve\u00edculos de comunica\u00e7\u00e3o (Folha de S. Paulo, Grupo Bandeirantes de Comunica\u00e7\u00e3o, R\u00e1dio Alpha FM e 89 FM). Desenvolveu atividades de consultoria no planejamento estrat\u00e9gico de marketing e na implementa\u00e7\u00e3o de programas de comunica\u00e7\u00e3o. Profissional premiado (Medalha de Bronze no Clube de Cria\u00e7\u00e3o de S\u00e3o Paulo e da Pe\u00e7a Promocional do Ano no Festival Brasileiro de Promo\u00e7\u00e3o e Merchandising em 1992), foi professor orientador do grupo de alunos das Faculdades Integradas Rio Branco de S\u00e3o Paulo vencedor do Galo de Ouro no Festival Publicit\u00e1rio de Gramado em 2003.<\/p>\n<p>&nbsp;<\/p>\n<p><strong>Prof. Dr. Marcos Machado:<\/strong> MARCOS MACHADO \u00e9 formado em Administra\u00e7\u00e3o de Empresas pela FGV\/SP, Direito\/USP, p\u00f3s-graduado em Marketing pela ESPM\/SP, mestre em Administra\u00e7\u00e3o pela PUC\/SP e doutor pela FEA\/USP. Professor da ESPM desde 1993, onde \u00e9 coordenador de Gest\u00e3o de Marcas do MBA. Foi executivo de Marketing em empresas multinacionais por 15 anos. Coautor da edi\u00e7\u00e3o brasileira do livro &#8220;Strategic Brand Management&#8221;, de Kevin Keller. Idealizador do conceito de trabalho da TopBrands em 1999. Foi criador e 1\u00b0 Presidente do Comit\u00ea de Branding da ABA.<\/p>\n","protected":false},"excerpt":{"rendered":"<p>PAINEL TEM\u00c1TICO &#8211; Marketing T\u00edtulo: Desafios atuais da pesquisa em marcas no Brasil. Quando: 31\/10\/2014 das 15h30min. \u00e0s 17h &#8211; Sala A1 Coordenador: Prof. Dr. Guilherme de Farias\u00a0Shiraishi Din\u00e2mica do Painel: -Abertura: 1 minuto. -Exposi\u00e7\u00e3o inicial: 20 minutos par cada palestrante. -Perguntas e debate: 20 minutos. &nbsp; Painelistas: Prof. Dr. Francisco Antonio Serralvo, Prof. Dr&#8230;.<\/p>\n","protected":false},"author":2,"featured_media":0,"parent":0,"menu_order":0,"comment_status":"open","ping_status":"open","template":"","meta":{"_acf_changed":false,"_monsterinsights_skip_tracking":false,"_monsterinsights_sitenote_active":false,"_monsterinsights_sitenote_note":"","_monsterinsights_sitenote_category":0,"footnotes":""},"class_list":["post-11500","page","type-page","status-publish","hentry"],"acf":[],"yoast_head":"<!-- This site is optimized with the Yoast SEO plugin v27.5 - https:\/\/yoast.com\/product\/yoast-seo-wordpress\/ -->\n<title>Painel Tem\u00e1tico - Marketing - XVII SemeAd<\/title>\n<meta name=\"robots\" content=\"index, follow, max-snippet:-1, max-image-preview:large, max-video-preview:-1\" \/>\n<link rel=\"canonical\" href=\"https:\/\/semead.com.br\/17\/painel-tematico-marketing\/\" \/>\n<meta property=\"og:locale\" content=\"en_US\" \/>\n<meta property=\"og:type\" content=\"article\" \/>\n<meta property=\"og:title\" content=\"Painel Tem\u00e1tico - Marketing - XVII SemeAd\" \/>\n<meta property=\"og:description\" content=\"PAINEL TEM\u00c1TICO &#8211; Marketing T\u00edtulo: Desafios atuais da pesquisa em marcas no Brasil. Quando: 31\/10\/2014 das 15h30min. \u00e0s 17h &#8211; Sala A1 Coordenador: Prof. Dr. Guilherme de Farias\u00a0Shiraishi Din\u00e2mica do Painel: -Abertura: 1 minuto. -Exposi\u00e7\u00e3o inicial: 20 minutos par cada palestrante. -Perguntas e debate: 20 minutos. &nbsp; Painelistas: Prof. Dr. Francisco Antonio Serralvo, Prof. Dr....\" \/>\n<meta property=\"og:url\" content=\"https:\/\/semead.com.br\/17\/painel-tematico-marketing\/\" \/>\n<meta property=\"og:site_name\" content=\"XVII SemeAd\" \/>\n<meta name=\"twitter:card\" content=\"summary_large_image\" \/>\n<meta name=\"twitter:label1\" content=\"Est. reading time\" \/>\n\t<meta name=\"twitter:data1\" content=\"3 minutes\" \/>\n<script type=\"application\/ld+json\" class=\"yoast-schema-graph\">{\"@context\":\"https:\\\/\\\/schema.org\",\"@graph\":[{\"@type\":\"WebPage\",\"@id\":\"https:\\\/\\\/semead.com.br\\\/17\\\/painel-tematico-marketing\\\/\",\"url\":\"https:\\\/\\\/semead.com.br\\\/17\\\/painel-tematico-marketing\\\/\",\"name\":\"Painel Tem\u00e1tico - Marketing - XVII SemeAd\",\"isPartOf\":{\"@id\":\"https:\\\/\\\/semead.com.br\\\/17\\\/#website\"},\"datePublished\":\"2014-10-24T12:24:44+00:00\",\"breadcrumb\":{\"@id\":\"https:\\\/\\\/semead.com.br\\\/17\\\/painel-tematico-marketing\\\/#breadcrumb\"},\"inLanguage\":\"en-US\",\"potentialAction\":[{\"@type\":\"ReadAction\",\"target\":[\"https:\\\/\\\/semead.com.br\\\/17\\\/painel-tematico-marketing\\\/\"]}]},{\"@type\":\"BreadcrumbList\",\"@id\":\"https:\\\/\\\/semead.com.br\\\/17\\\/painel-tematico-marketing\\\/#breadcrumb\",\"itemListElement\":[{\"@type\":\"ListItem\",\"position\":1,\"name\":\"In\u00edcio\",\"item\":\"https:\\\/\\\/semead.com.br\\\/17\\\/\"},{\"@type\":\"ListItem\",\"position\":2,\"name\":\"Painel Tem\u00e1tico &#8211; Marketing\"}]},{\"@type\":\"WebSite\",\"@id\":\"https:\\\/\\\/semead.com.br\\\/17\\\/#website\",\"url\":\"https:\\\/\\\/semead.com.br\\\/17\\\/\",\"name\":\"XVII SemeAd\",\"description\":\"Just another SemeAd site\",\"potentialAction\":[{\"@type\":\"SearchAction\",\"target\":{\"@type\":\"EntryPoint\",\"urlTemplate\":\"https:\\\/\\\/semead.com.br\\\/17\\\/?s={search_term_string}\"},\"query-input\":{\"@type\":\"PropertyValueSpecification\",\"valueRequired\":true,\"valueName\":\"search_term_string\"}}],\"inLanguage\":\"en-US\"}]}<\/script>\n<!-- \/ Yoast SEO plugin. -->","yoast_head_json":{"title":"Painel Tem\u00e1tico - Marketing - XVII SemeAd","robots":{"index":"index","follow":"follow","max-snippet":"max-snippet:-1","max-image-preview":"max-image-preview:large","max-video-preview":"max-video-preview:-1"},"canonical":"https:\/\/semead.com.br\/17\/painel-tematico-marketing\/","og_locale":"en_US","og_type":"article","og_title":"Painel Tem\u00e1tico - Marketing - XVII SemeAd","og_description":"PAINEL TEM\u00c1TICO &#8211; Marketing T\u00edtulo: Desafios atuais da pesquisa em marcas no Brasil. Quando: 31\/10\/2014 das 15h30min. \u00e0s 17h &#8211; Sala A1 Coordenador: Prof. Dr. Guilherme de Farias\u00a0Shiraishi Din\u00e2mica do Painel: -Abertura: 1 minuto. -Exposi\u00e7\u00e3o inicial: 20 minutos par cada palestrante. -Perguntas e debate: 20 minutos. &nbsp; Painelistas: Prof. Dr. Francisco Antonio Serralvo, Prof. Dr....","og_url":"https:\/\/semead.com.br\/17\/painel-tematico-marketing\/","og_site_name":"XVII SemeAd","twitter_card":"summary_large_image","twitter_misc":{"Est. reading time":"3 minutes"},"schema":{"@context":"https:\/\/schema.org","@graph":[{"@type":"WebPage","@id":"https:\/\/semead.com.br\/17\/painel-tematico-marketing\/","url":"https:\/\/semead.com.br\/17\/painel-tematico-marketing\/","name":"Painel Tem\u00e1tico - Marketing - XVII SemeAd","isPartOf":{"@id":"https:\/\/semead.com.br\/17\/#website"},"datePublished":"2014-10-24T12:24:44+00:00","breadcrumb":{"@id":"https:\/\/semead.com.br\/17\/painel-tematico-marketing\/#breadcrumb"},"inLanguage":"en-US","potentialAction":[{"@type":"ReadAction","target":["https:\/\/semead.com.br\/17\/painel-tematico-marketing\/"]}]},{"@type":"BreadcrumbList","@id":"https:\/\/semead.com.br\/17\/painel-tematico-marketing\/#breadcrumb","itemListElement":[{"@type":"ListItem","position":1,"name":"In\u00edcio","item":"https:\/\/semead.com.br\/17\/"},{"@type":"ListItem","position":2,"name":"Painel Tem\u00e1tico &#8211; Marketing"}]},{"@type":"WebSite","@id":"https:\/\/semead.com.br\/17\/#website","url":"https:\/\/semead.com.br\/17\/","name":"XVII SemeAd","description":"Just another SemeAd site","potentialAction":[{"@type":"SearchAction","target":{"@type":"EntryPoint","urlTemplate":"https:\/\/semead.com.br\/17\/?s={search_term_string}"},"query-input":{"@type":"PropertyValueSpecification","valueRequired":true,"valueName":"search_term_string"}}],"inLanguage":"en-US"}]}},"_links":{"self":[{"href":"https:\/\/semead.com.br\/17\/wp-json\/wp\/v2\/pages\/11500","targetHints":{"allow":["GET"]}}],"collection":[{"href":"https:\/\/semead.com.br\/17\/wp-json\/wp\/v2\/pages"}],"about":[{"href":"https:\/\/semead.com.br\/17\/wp-json\/wp\/v2\/types\/page"}],"author":[{"embeddable":true,"href":"https:\/\/semead.com.br\/17\/wp-json\/wp\/v2\/users\/2"}],"replies":[{"embeddable":true,"href":"https:\/\/semead.com.br\/17\/wp-json\/wp\/v2\/comments?post=11500"}],"version-history":[{"count":0,"href":"https:\/\/semead.com.br\/17\/wp-json\/wp\/v2\/pages\/11500\/revisions"}],"wp:attachment":[{"href":"https:\/\/semead.com.br\/17\/wp-json\/wp\/v2\/media?parent=11500"}],"curies":[{"name":"wp","href":"https:\/\/api.w.org\/{rel}","templated":true}]}}