{"id":11502,"date":"2014-10-24T10:24:42","date_gmt":"2014-10-24T12:24:42","guid":{"rendered":"http:\/\/semead.com.br\/?page_id=11502"},"modified":"2014-10-24T10:24:42","modified_gmt":"2014-10-24T12:24:42","slug":"painel-tematico-tecnologia-da-informacao","status":"publish","type":"page","link":"https:\/\/semead.com.br\/17\/painel-tematico-tecnologia-da-informacao\/","title":{"rendered":"Painel Tem\u00e1tico &#8211; Tecnologia da Informa\u00e7\u00e3o"},"content":{"rendered":"<p style=\"text-align: center\"><strong>PAINEL TEM\u00c1TICO &#8211; Tecnologia da Informa\u00e7\u00e3o<\/strong><\/p>\n<p style=\"text-align: center\"><strong>T\u00edtulo: \u201cPesquisa em SI\/ADI no Brasil: como caracteriz\u00e1-la\/como divulga-la\u201d<\/strong><\/p>\n<p>&nbsp;<\/p>\n<p><strong>Quando:<\/strong> 31\/10\/2014 das 15h30min. \u00e0s 17h &#8211; Sala E9<\/p>\n<p><strong>\u00a0<\/strong><\/p>\n<p><strong>Coordenador<\/strong>: Cesar Alexandre de Souza (FEA\/USP)<\/p>\n<p><strong>\u00a0<\/strong><\/p>\n<p><strong>Painelistas:<\/strong><\/p>\n<p>Prof. Alexandre Graeml (UTFPR)<\/p>\n<p>Prof. Edmir Parada Vasques Prado (EACH\/USP)<\/p>\n<p>Prof. Ernani Marques dos Santos (UFBA)<\/p>\n<p>Prof. Rodrigo Baroni de Carvalho (PUC\/MG)<\/p>\n<p>&nbsp;<\/p>\n<p><strong>Alexandre Reis Graeml<\/strong> \u00e9 engenheiro eletr\u00f4nico formado pelo Centro Federal de Educa\u00e7\u00e3o Tecnol\u00f3gica do Paran\u00e1, posteriormente convertido na Universidade Tecnol\u00f3gica Federal do Paran\u00e1 (UTFPR), mestre e doutor em Administra\u00e7\u00e3o de Empresas pela Escola de Administra\u00e7\u00e3o de Empresas de S\u00e3o Paulo da Funda\u00e7\u00e3o Get\u00falio Vargas (FGV-EAESP). \u00c9 professor da UTFPR .<\/p>\n<p><strong>Edmir Parada Vasques Prado<\/strong> possui gradua\u00e7\u00e3o em Engenharia Mec\u00e2nica (EPUSP) pela Universidade de S\u00e3o Paulo (1985), mestrado em Administra\u00e7\u00e3o pela Universidade de S\u00e3o Paulo (2000) e doutorado em Administra\u00e7\u00e3o pela Universidade de S\u00e3o Paulo (2005). Atualmente \u00e9 professor do curso de Sistemas de Informa\u00e7\u00e3o da EACH\/USP.<\/p>\n<p><strong>Ernani Marques dos Santos<\/strong> possui gradua\u00e7\u00e3o em Administra\u00e7\u00e3o de Empresas pela Universidade Cat\u00f3lica do Salvador (1997), gradua\u00e7\u00e3o em Processamento de Dados pela Universidade Salvador (1991), Mestrado em Administra\u00e7\u00e3o pela Universidade Federal da Bahia (2004), Doutorado em Administra\u00e7\u00e3o pela Universidade de S\u00e3o Paulo (2008), e P\u00f3s Doutorado em Administra\u00e7\u00e3o na Universidade de S\u00e3o Paulo (2009-2010). Foi Visiting Researcher na London School of Economics (Information Systems and Innovation Group &#8211; Department of Management) no per\u00edodo 2006-2007. \u00c9 professor do NPGA\/UFBA.<\/p>\n<p><strong>Rodrigo Baroni de Carvalho<\/strong> possui Doutorado em Ci\u00eancia da Informa\u00e7\u00e3o pela Universidade Federal de Minas Gerais (2006) com per\u00edodo de doutorado-sandu\u00edche (2004 a 2005) na Universidade de Toronto, Canad\u00e1 (Faculty of Information Studies). Tem gradua\u00e7\u00e3o em Ci\u00eancia da Computa\u00e7\u00e3o pela Universidade Federal de Minas Gerais (1992) e Mestrado em Ci\u00eancia da Informa\u00e7\u00e3o pela Universidade Federal de Minas Gerais (2000). \u00c9 professor da PUC\/MG.<\/p>\n","protected":false},"excerpt":{"rendered":"<p>PAINEL TEM\u00c1TICO &#8211; Tecnologia da Informa\u00e7\u00e3o T\u00edtulo: \u201cPesquisa em SI\/ADI no Brasil: como caracteriz\u00e1-la\/como divulga-la\u201d &nbsp; Quando: 31\/10\/2014 das 15h30min. \u00e0s 17h &#8211; Sala E9 \u00a0 Coordenador: Cesar Alexandre de Souza (FEA\/USP) \u00a0 Painelistas: Prof. Alexandre Graeml (UTFPR) Prof. Edmir Parada Vasques Prado (EACH\/USP) Prof. Ernani Marques dos Santos (UFBA) Prof. Rodrigo Baroni de Carvalho&#8230;<\/p>\n","protected":false},"author":2,"featured_media":0,"parent":0,"menu_order":0,"comment_status":"open","ping_status":"open","template":"","meta":{"_acf_changed":false,"_monsterinsights_skip_tracking":false,"_monsterinsights_sitenote_active":false,"_monsterinsights_sitenote_note":"","_monsterinsights_sitenote_category":0,"footnotes":""},"class_list":["post-11502","page","type-page","status-publish","hentry"],"acf":[],"yoast_head":"<!-- This site is optimized with the Yoast SEO plugin v27.5 - https:\/\/yoast.com\/product\/yoast-seo-wordpress\/ -->\n<title>Painel Tem\u00e1tico - Tecnologia da Informa\u00e7\u00e3o - XVII SemeAd<\/title>\n<meta name=\"robots\" content=\"index, follow, max-snippet:-1, max-image-preview:large, max-video-preview:-1\" \/>\n<link rel=\"canonical\" href=\"https:\/\/semead.com.br\/17\/painel-tematico-tecnologia-da-informacao\/\" \/>\n<meta property=\"og:locale\" content=\"en_US\" \/>\n<meta property=\"og:type\" content=\"article\" \/>\n<meta property=\"og:title\" content=\"Painel Tem\u00e1tico - Tecnologia da Informa\u00e7\u00e3o - XVII SemeAd\" \/>\n<meta property=\"og:description\" content=\"PAINEL TEM\u00c1TICO &#8211; Tecnologia da Informa\u00e7\u00e3o T\u00edtulo: \u201cPesquisa em SI\/ADI no Brasil: como caracteriz\u00e1-la\/como divulga-la\u201d &nbsp; Quando: 31\/10\/2014 das 15h30min. \u00e0s 17h &#8211; Sala E9 \u00a0 Coordenador: Cesar Alexandre de Souza (FEA\/USP) \u00a0 Painelistas: Prof. Alexandre Graeml (UTFPR) Prof. Edmir Parada Vasques Prado (EACH\/USP) Prof. Ernani Marques dos Santos (UFBA) Prof. Rodrigo Baroni de Carvalho...\" \/>\n<meta property=\"og:url\" content=\"https:\/\/semead.com.br\/17\/painel-tematico-tecnologia-da-informacao\/\" \/>\n<meta property=\"og:site_name\" content=\"XVII SemeAd\" \/>\n<meta name=\"twitter:card\" content=\"summary_large_image\" \/>\n<meta name=\"twitter:label1\" content=\"Est. reading time\" \/>\n\t<meta name=\"twitter:data1\" content=\"2 minutes\" \/>\n<script type=\"application\/ld+json\" class=\"yoast-schema-graph\">{\"@context\":\"https:\\\/\\\/schema.org\",\"@graph\":[{\"@type\":\"WebPage\",\"@id\":\"https:\\\/\\\/semead.com.br\\\/17\\\/painel-tematico-tecnologia-da-informacao\\\/\",\"url\":\"https:\\\/\\\/semead.com.br\\\/17\\\/painel-tematico-tecnologia-da-informacao\\\/\",\"name\":\"Painel Tem\u00e1tico - Tecnologia da Informa\u00e7\u00e3o - XVII SemeAd\",\"isPartOf\":{\"@id\":\"https:\\\/\\\/semead.com.br\\\/17\\\/#website\"},\"datePublished\":\"2014-10-24T12:24:42+00:00\",\"breadcrumb\":{\"@id\":\"https:\\\/\\\/semead.com.br\\\/17\\\/painel-tematico-tecnologia-da-informacao\\\/#breadcrumb\"},\"inLanguage\":\"en-US\",\"potentialAction\":[{\"@type\":\"ReadAction\",\"target\":[\"https:\\\/\\\/semead.com.br\\\/17\\\/painel-tematico-tecnologia-da-informacao\\\/\"]}]},{\"@type\":\"BreadcrumbList\",\"@id\":\"https:\\\/\\\/semead.com.br\\\/17\\\/painel-tematico-tecnologia-da-informacao\\\/#breadcrumb\",\"itemListElement\":[{\"@type\":\"ListItem\",\"position\":1,\"name\":\"In\u00edcio\",\"item\":\"https:\\\/\\\/semead.com.br\\\/17\\\/\"},{\"@type\":\"ListItem\",\"position\":2,\"name\":\"Painel Tem\u00e1tico &#8211; Tecnologia da Informa\u00e7\u00e3o\"}]},{\"@type\":\"WebSite\",\"@id\":\"https:\\\/\\\/semead.com.br\\\/17\\\/#website\",\"url\":\"https:\\\/\\\/semead.com.br\\\/17\\\/\",\"name\":\"XVII SemeAd\",\"description\":\"Just another SemeAd site\",\"potentialAction\":[{\"@type\":\"SearchAction\",\"target\":{\"@type\":\"EntryPoint\",\"urlTemplate\":\"https:\\\/\\\/semead.com.br\\\/17\\\/?s={search_term_string}\"},\"query-input\":{\"@type\":\"PropertyValueSpecification\",\"valueRequired\":true,\"valueName\":\"search_term_string\"}}],\"inLanguage\":\"en-US\"}]}<\/script>\n<!-- \/ Yoast SEO plugin. -->","yoast_head_json":{"title":"Painel Tem\u00e1tico - Tecnologia da Informa\u00e7\u00e3o - XVII SemeAd","robots":{"index":"index","follow":"follow","max-snippet":"max-snippet:-1","max-image-preview":"max-image-preview:large","max-video-preview":"max-video-preview:-1"},"canonical":"https:\/\/semead.com.br\/17\/painel-tematico-tecnologia-da-informacao\/","og_locale":"en_US","og_type":"article","og_title":"Painel Tem\u00e1tico - Tecnologia da Informa\u00e7\u00e3o - XVII SemeAd","og_description":"PAINEL TEM\u00c1TICO &#8211; Tecnologia da Informa\u00e7\u00e3o T\u00edtulo: \u201cPesquisa em SI\/ADI no Brasil: como caracteriz\u00e1-la\/como divulga-la\u201d &nbsp; Quando: 31\/10\/2014 das 15h30min. \u00e0s 17h &#8211; Sala E9 \u00a0 Coordenador: Cesar Alexandre de Souza (FEA\/USP) \u00a0 Painelistas: Prof. Alexandre Graeml (UTFPR) Prof. Edmir Parada Vasques Prado (EACH\/USP) Prof. Ernani Marques dos Santos (UFBA) Prof. Rodrigo Baroni de Carvalho...","og_url":"https:\/\/semead.com.br\/17\/painel-tematico-tecnologia-da-informacao\/","og_site_name":"XVII SemeAd","twitter_card":"summary_large_image","twitter_misc":{"Est. reading time":"2 minutes"},"schema":{"@context":"https:\/\/schema.org","@graph":[{"@type":"WebPage","@id":"https:\/\/semead.com.br\/17\/painel-tematico-tecnologia-da-informacao\/","url":"https:\/\/semead.com.br\/17\/painel-tematico-tecnologia-da-informacao\/","name":"Painel Tem\u00e1tico - Tecnologia da Informa\u00e7\u00e3o - XVII SemeAd","isPartOf":{"@id":"https:\/\/semead.com.br\/17\/#website"},"datePublished":"2014-10-24T12:24:42+00:00","breadcrumb":{"@id":"https:\/\/semead.com.br\/17\/painel-tematico-tecnologia-da-informacao\/#breadcrumb"},"inLanguage":"en-US","potentialAction":[{"@type":"ReadAction","target":["https:\/\/semead.com.br\/17\/painel-tematico-tecnologia-da-informacao\/"]}]},{"@type":"BreadcrumbList","@id":"https:\/\/semead.com.br\/17\/painel-tematico-tecnologia-da-informacao\/#breadcrumb","itemListElement":[{"@type":"ListItem","position":1,"name":"In\u00edcio","item":"https:\/\/semead.com.br\/17\/"},{"@type":"ListItem","position":2,"name":"Painel Tem\u00e1tico &#8211; Tecnologia da Informa\u00e7\u00e3o"}]},{"@type":"WebSite","@id":"https:\/\/semead.com.br\/17\/#website","url":"https:\/\/semead.com.br\/17\/","name":"XVII SemeAd","description":"Just another SemeAd site","potentialAction":[{"@type":"SearchAction","target":{"@type":"EntryPoint","urlTemplate":"https:\/\/semead.com.br\/17\/?s={search_term_string}"},"query-input":{"@type":"PropertyValueSpecification","valueRequired":true,"valueName":"search_term_string"}}],"inLanguage":"en-US"}]}},"_links":{"self":[{"href":"https:\/\/semead.com.br\/17\/wp-json\/wp\/v2\/pages\/11502","targetHints":{"allow":["GET"]}}],"collection":[{"href":"https:\/\/semead.com.br\/17\/wp-json\/wp\/v2\/pages"}],"about":[{"href":"https:\/\/semead.com.br\/17\/wp-json\/wp\/v2\/types\/page"}],"author":[{"embeddable":true,"href":"https:\/\/semead.com.br\/17\/wp-json\/wp\/v2\/users\/2"}],"replies":[{"embeddable":true,"href":"https:\/\/semead.com.br\/17\/wp-json\/wp\/v2\/comments?post=11502"}],"version-history":[{"count":0,"href":"https:\/\/semead.com.br\/17\/wp-json\/wp\/v2\/pages\/11502\/revisions"}],"wp:attachment":[{"href":"https:\/\/semead.com.br\/17\/wp-json\/wp\/v2\/media?parent=11502"}],"curies":[{"name":"wp","href":"https:\/\/api.w.org\/{rel}","templated":true}]}}