{"id":11504,"date":"2014-10-24T10:24:40","date_gmt":"2014-10-24T12:24:40","guid":{"rendered":"http:\/\/semead.com.br\/?page_id=11504"},"modified":"2014-10-24T10:24:40","modified_gmt":"2014-10-24T12:24:40","slug":"painel-tematico-empreendedorismo","status":"publish","type":"page","link":"https:\/\/semead.com.br\/17\/painel-tematico-empreendedorismo\/","title":{"rendered":"Painel Tem\u00e1tico &#8211; Empreendedorismo"},"content":{"rendered":"<p style=\"text-align: center\"><strong>PAINEL TEM\u00c1TICO &#8211; Empreendedorismo<\/strong><\/p>\n<p style=\"text-align: center\"><strong>T\u00edtulo:\u00a0Desafios do Ensino do empreendedorismo para adultos: Dar \u00eanfase a constru\u00e7\u00e3o do modelo e plano de neg\u00f3cio ou no ensino do comportamento e processo empreendedor?\u00a0 Experi\u00eancias de abordagens e de metodologias de ensino.<\/strong><\/p>\n<p><strong>Quando:<\/strong> 31\/10\/2014 das 15h30min. \u00e0s 17h &#8211; Sala G3<br \/>\n<strong>Coordenador<\/strong> \u2013\u00a0Prof. Dr. Silvio Aparecido dos Santos (USP\/FEA):<br \/>\n<strong>Painelistas:<\/strong><\/p>\n<p>Edson Sadao \u2013 FEI \/ FECAP<\/p>\n<p>M\u00e1rcio Kuniyoshi\u00a0 &#8211; Universidade Metodista \/PUC \u2013 Pontif\u00edcia Universidade Cat\u00f3lica de S\u00e3o Paulo.<\/p>\n<p>V\u00e2nia Maria Jorge Nassif &#8211; UNINOVE<\/p>\n<p><strong>Prof. Dr. Silvio Aparecido dos Santos:<\/strong> Professor titular da Faculdade de Economia Administra\u00e7\u00e3o e Contabilidade da Universidade de S\u00e3o Paulo. Graduado em Administra\u00e7\u00e3o pela UEM-PR, Mestrado em Administra\u00e7\u00e3o pela UFMG, Doutor pela FEA\/USP e P\u00f3s-doutoramento pela Bentley University (USA) e pela ESSEC (Fran\u00e7a) focados em empreendedorismo. Dedica-se ao ensino e a pesquisa de empreendedorismo a 30 anos. Foi consultor da ONUDI e OEA em temas de empreendedorismo e cria\u00e7\u00e3o de empresas de base tecnol\u00f3gica. Autor de 04 livros de empreendedorismo. Coordena o GPEADE \u2013 Grupo de Pesquisa em Administra\u00e7\u00e3o Avan\u00e7ada e Empreendedorismo. Foi Diretor Cient\u00edfico da ANPAD Associa\u00e7\u00e3o Nacional de P\u00f3s-gradua\u00e7\u00e3o em Administra\u00e7\u00e3o. Foi um dos fundadores da ANPROTEC \u2013 Associa\u00e7\u00e3o Nacional de Entidades Promotoras de Empresas de Base Tecnol\u00f3gica. Integrou o Conselho do CIETEC &#8211; Centro Incubador de Empresas Tecnol\u00f3gicas, Leciona disciplina de cria\u00e7\u00e3o de empresas de base tecnol\u00f3gica no PPGA- Programa de P\u00f3s-gradua\u00e7\u00e3o em Administra\u00e7\u00e3o da FEA\/USP e empreendedorismo inovador no Programa de Mestrado de Empreendedorismo da mesma institui\u00e7\u00e3o. Orientou teses de doutoramento, mestrado <em>stricto-sensu<\/em> e p\u00f3s-doutoramento em temas de empreendedorismo independente e corporativo. Possui artigos publicados no Brasil, Europa, Am\u00e9rica do Norte e Am\u00e9rica Latina. \u00a0Participou como consultor de empreendedorismo de Base Tecnol\u00f3gica em pa\u00edses como Col\u00f4mbia, Chile, Russia, Tallinn, Canad\u00e1, Costa Rica, Argentina, Equador, dentre outros.<\/p>\n<p>&nbsp;<\/p>\n<p><strong>Professor Edson Sadao:\u00a0<\/strong>Edson Sadao Iizuka \u00e9 Graduado (1996), Mestre (2003) e Doutor (2008) em Administra\u00e7\u00e3o P\u00fablica e Governo pela EAESP-FGV. Especialista em Lideran\u00e7a para o Terceiro Setor (1999) e foi trainee GIFE (programa apoiado pela Funda\u00e7\u00e3o Kellogg). \u00c9 docente dos cursos de Gradua\u00e7\u00e3o em Administra\u00e7\u00e3o do Centro Universit\u00e1rio da FEI (desde 2013) e FECAP (desde 2000); pertence ao corpo docente permanente dos programas de Mestrado e Doutorado em Administra\u00e7\u00e3o do Centro Universit\u00e1rio da FEI (desde 2013); docente colaborador do programa de stricto sensu MPA com \u00eanfase em Finan\u00e7as da FECAP (desde 2010). Tem como principais tem\u00e1ticas de pesquisa: Gest\u00e3o Social; Inova\u00e7\u00e3o na Gest\u00e3o P\u00fablica Local; Processo Decis\u00f3rio, Neg\u00f3cios Sociais e Empreendedorismo (\u00eanfase no Empreendedorismo Social).<\/p>\n<p>&nbsp;<\/p>\n<p><strong>Professor M\u00e1rcio Kuniyoshi:\u00a0<\/strong>Doutor em Administra\u00e7\u00e3o pela Faculdade de Economia, Administra\u00e7\u00e3o e Contabilidade da Universidade de S\u00e3o Paulo (2008), mestre em Administra\u00e7\u00e3o pela Pontif\u00edcia Universidade Cat\u00f3lica de S\u00e3o Paulo (2001) e bacharel em Administra\u00e7\u00e3o de Empresas pela Pontif\u00edcia Universidade Cat\u00f3lica de S\u00e3o Paulo (1994). Parecerista de peri\u00f3dicos listados no Webqualis Administra\u00e7\u00e3o. Professor Titular do Programa de P\u00f3s-gradua\u00e7\u00e3o em Administra\u00e7\u00e3o da Universidade Metodista de S\u00e3o Paulo. Vice coordenador de curso de gradua\u00e7\u00e3o (Campus Ipiranga) e professor do curso de Administra\u00e7\u00e3o de Empresas &#8211; \u00e1rea Administra\u00e7\u00e3o Geral &#8211; da Pontif\u00edcia Universidade Cat\u00f3lica de S\u00e3o Paulo. Tem experi\u00eancia na \u00e1rea de Administra\u00e7\u00e3o, com \u00eanfase em Administra\u00e7\u00e3o, atuando principalmente nos seguintes temas: modelos de gest\u00e3o, inova\u00e7\u00e3o e competitividade, gest\u00e3o do conhecimento, planejamento estrat\u00e9gico e estrat\u00e9gias competitivas e empreendedorismo (independente e corporativo). Subcoordena o GPEADE &#8211; Grupo de Pesquisa em Administra\u00e7\u00e3o Avan\u00e7ada e Empreendedorismo e Pesquisador Associado do NPGT &#8211; N\u00facleo de Pol\u00edtica e Gest\u00e3o Tecnol\u00f3gica listados no diret\u00f3rio de grupos de pesquisa do CNPq, cujas linhas de pesquisa s\u00e3o: novos modelos de gest\u00e3o\/Gest\u00e3o do Conhecimento, empreendedorismo independente e corporativo com \u00eanfase em cria\u00e7\u00e3o de empresas e neg\u00f3cios de base tecnol\u00f3gica.<\/p>\n<p>&nbsp;<\/p>\n<p><strong>Professora V\u00e2nia Maria Jorge Nassif:\u00a0<\/strong>Livre-Docente na \u00e1rea de Recursos Humanos pela FEARP\/USP, P\u00f3s Doutorado na linha de empreendedorismo e compet\u00eancias empreendedoras na FGV-SP. Doutora em Administra\u00e7\u00e3o de Empresas pela Universidade Presbiteriana Mackenzie, Mestrado em Educa\u00e7\u00e3o pela Universidade de Ribeir\u00e3o Preto e Gradua\u00e7\u00e3o em Psicologia FFCL-RAP\/USP. Presidente da Associa\u00e7\u00e3o Nacional de Estudos em Empreendedorismo e Gest\u00e3o de Pequenas Empresas ANEGEPE. Professora e Pesquisadora da Universidade Nove de Julho &#8211; UNINOVE\/SP no n\u00facleo de estudo de Gest\u00e3o do Esporte e Empreendedorismo. Professora do MBA da Fundace-USP\/RP. Pesquisadora FAPESP-SP. Avaliadora de peri\u00f3dicos cient\u00edficos de diferentes fontes de fomento \u00e0 pesquisa e de congressos nacionais e internacionais. Autora de artigos cient\u00edficos e de cap\u00edtulos de livros. Experi\u00eancia empresarial e consultoria na \u00e1rea de Pessoas e Gest\u00e3o de Micro e Pequenas Empresas<strong>.<\/strong><\/p>\n","protected":false},"excerpt":{"rendered":"<p>PAINEL TEM\u00c1TICO &#8211; Empreendedorismo T\u00edtulo:\u00a0Desafios do Ensino do empreendedorismo para adultos: Dar \u00eanfase a constru\u00e7\u00e3o do modelo e plano de neg\u00f3cio ou no ensino do comportamento e processo empreendedor?\u00a0 Experi\u00eancias de abordagens e de metodologias de ensino. Quando: 31\/10\/2014 das 15h30min. \u00e0s 17h &#8211; Sala G3 Coordenador \u2013\u00a0Prof. Dr. Silvio Aparecido dos Santos (USP\/FEA): Painelistas:&#8230;<\/p>\n","protected":false},"author":2,"featured_media":0,"parent":0,"menu_order":0,"comment_status":"open","ping_status":"open","template":"","meta":{"_acf_changed":false,"_monsterinsights_skip_tracking":false,"_monsterinsights_sitenote_active":false,"_monsterinsights_sitenote_note":"","_monsterinsights_sitenote_category":0,"footnotes":""},"class_list":["post-11504","page","type-page","status-publish","hentry"],"acf":[],"yoast_head":"<!-- This site is optimized with the Yoast SEO plugin v27.5 - https:\/\/yoast.com\/product\/yoast-seo-wordpress\/ -->\n<title>Painel Tem\u00e1tico - Empreendedorismo - XVII SemeAd<\/title>\n<meta name=\"robots\" content=\"index, follow, max-snippet:-1, max-image-preview:large, max-video-preview:-1\" \/>\n<link rel=\"canonical\" href=\"https:\/\/semead.com.br\/17\/painel-tematico-empreendedorismo\/\" \/>\n<meta property=\"og:locale\" content=\"en_US\" \/>\n<meta property=\"og:type\" content=\"article\" \/>\n<meta property=\"og:title\" content=\"Painel Tem\u00e1tico - Empreendedorismo - XVII SemeAd\" \/>\n<meta property=\"og:description\" content=\"PAINEL TEM\u00c1TICO &#8211; Empreendedorismo T\u00edtulo:\u00a0Desafios do Ensino do empreendedorismo para adultos: Dar \u00eanfase a constru\u00e7\u00e3o do modelo e plano de neg\u00f3cio ou no ensino do comportamento e processo empreendedor?\u00a0 Experi\u00eancias de abordagens e de metodologias de ensino. Quando: 31\/10\/2014 das 15h30min. \u00e0s 17h &#8211; Sala G3 Coordenador \u2013\u00a0Prof. Dr. Silvio Aparecido dos Santos (USP\/FEA): Painelistas:...\" \/>\n<meta property=\"og:url\" content=\"https:\/\/semead.com.br\/17\/painel-tematico-empreendedorismo\/\" \/>\n<meta property=\"og:site_name\" content=\"XVII SemeAd\" \/>\n<meta name=\"twitter:card\" content=\"summary_large_image\" \/>\n<meta name=\"twitter:label1\" content=\"Est. reading time\" \/>\n\t<meta name=\"twitter:data1\" content=\"4 minutes\" \/>\n<script type=\"application\/ld+json\" class=\"yoast-schema-graph\">{\"@context\":\"https:\\\/\\\/schema.org\",\"@graph\":[{\"@type\":\"WebPage\",\"@id\":\"https:\\\/\\\/semead.com.br\\\/17\\\/painel-tematico-empreendedorismo\\\/\",\"url\":\"https:\\\/\\\/semead.com.br\\\/17\\\/painel-tematico-empreendedorismo\\\/\",\"name\":\"Painel Tem\u00e1tico - Empreendedorismo - XVII SemeAd\",\"isPartOf\":{\"@id\":\"https:\\\/\\\/semead.com.br\\\/17\\\/#website\"},\"datePublished\":\"2014-10-24T12:24:40+00:00\",\"breadcrumb\":{\"@id\":\"https:\\\/\\\/semead.com.br\\\/17\\\/painel-tematico-empreendedorismo\\\/#breadcrumb\"},\"inLanguage\":\"en-US\",\"potentialAction\":[{\"@type\":\"ReadAction\",\"target\":[\"https:\\\/\\\/semead.com.br\\\/17\\\/painel-tematico-empreendedorismo\\\/\"]}]},{\"@type\":\"BreadcrumbList\",\"@id\":\"https:\\\/\\\/semead.com.br\\\/17\\\/painel-tematico-empreendedorismo\\\/#breadcrumb\",\"itemListElement\":[{\"@type\":\"ListItem\",\"position\":1,\"name\":\"In\u00edcio\",\"item\":\"https:\\\/\\\/semead.com.br\\\/17\\\/\"},{\"@type\":\"ListItem\",\"position\":2,\"name\":\"Painel Tem\u00e1tico &#8211; Empreendedorismo\"}]},{\"@type\":\"WebSite\",\"@id\":\"https:\\\/\\\/semead.com.br\\\/17\\\/#website\",\"url\":\"https:\\\/\\\/semead.com.br\\\/17\\\/\",\"name\":\"XVII SemeAd\",\"description\":\"Just another SemeAd site\",\"potentialAction\":[{\"@type\":\"SearchAction\",\"target\":{\"@type\":\"EntryPoint\",\"urlTemplate\":\"https:\\\/\\\/semead.com.br\\\/17\\\/?s={search_term_string}\"},\"query-input\":{\"@type\":\"PropertyValueSpecification\",\"valueRequired\":true,\"valueName\":\"search_term_string\"}}],\"inLanguage\":\"en-US\"}]}<\/script>\n<!-- \/ Yoast SEO plugin. -->","yoast_head_json":{"title":"Painel Tem\u00e1tico - Empreendedorismo - XVII SemeAd","robots":{"index":"index","follow":"follow","max-snippet":"max-snippet:-1","max-image-preview":"max-image-preview:large","max-video-preview":"max-video-preview:-1"},"canonical":"https:\/\/semead.com.br\/17\/painel-tematico-empreendedorismo\/","og_locale":"en_US","og_type":"article","og_title":"Painel Tem\u00e1tico - Empreendedorismo - XVII SemeAd","og_description":"PAINEL TEM\u00c1TICO &#8211; Empreendedorismo T\u00edtulo:\u00a0Desafios do Ensino do empreendedorismo para adultos: Dar \u00eanfase a constru\u00e7\u00e3o do modelo e plano de neg\u00f3cio ou no ensino do comportamento e processo empreendedor?\u00a0 Experi\u00eancias de abordagens e de metodologias de ensino. Quando: 31\/10\/2014 das 15h30min. \u00e0s 17h &#8211; Sala G3 Coordenador \u2013\u00a0Prof. Dr. Silvio Aparecido dos Santos (USP\/FEA): Painelistas:...","og_url":"https:\/\/semead.com.br\/17\/painel-tematico-empreendedorismo\/","og_site_name":"XVII SemeAd","twitter_card":"summary_large_image","twitter_misc":{"Est. reading time":"4 minutes"},"schema":{"@context":"https:\/\/schema.org","@graph":[{"@type":"WebPage","@id":"https:\/\/semead.com.br\/17\/painel-tematico-empreendedorismo\/","url":"https:\/\/semead.com.br\/17\/painel-tematico-empreendedorismo\/","name":"Painel Tem\u00e1tico - Empreendedorismo - XVII SemeAd","isPartOf":{"@id":"https:\/\/semead.com.br\/17\/#website"},"datePublished":"2014-10-24T12:24:40+00:00","breadcrumb":{"@id":"https:\/\/semead.com.br\/17\/painel-tematico-empreendedorismo\/#breadcrumb"},"inLanguage":"en-US","potentialAction":[{"@type":"ReadAction","target":["https:\/\/semead.com.br\/17\/painel-tematico-empreendedorismo\/"]}]},{"@type":"BreadcrumbList","@id":"https:\/\/semead.com.br\/17\/painel-tematico-empreendedorismo\/#breadcrumb","itemListElement":[{"@type":"ListItem","position":1,"name":"In\u00edcio","item":"https:\/\/semead.com.br\/17\/"},{"@type":"ListItem","position":2,"name":"Painel Tem\u00e1tico &#8211; Empreendedorismo"}]},{"@type":"WebSite","@id":"https:\/\/semead.com.br\/17\/#website","url":"https:\/\/semead.com.br\/17\/","name":"XVII SemeAd","description":"Just another SemeAd site","potentialAction":[{"@type":"SearchAction","target":{"@type":"EntryPoint","urlTemplate":"https:\/\/semead.com.br\/17\/?s={search_term_string}"},"query-input":{"@type":"PropertyValueSpecification","valueRequired":true,"valueName":"search_term_string"}}],"inLanguage":"en-US"}]}},"_links":{"self":[{"href":"https:\/\/semead.com.br\/17\/wp-json\/wp\/v2\/pages\/11504","targetHints":{"allow":["GET"]}}],"collection":[{"href":"https:\/\/semead.com.br\/17\/wp-json\/wp\/v2\/pages"}],"about":[{"href":"https:\/\/semead.com.br\/17\/wp-json\/wp\/v2\/types\/page"}],"author":[{"embeddable":true,"href":"https:\/\/semead.com.br\/17\/wp-json\/wp\/v2\/users\/2"}],"replies":[{"embeddable":true,"href":"https:\/\/semead.com.br\/17\/wp-json\/wp\/v2\/comments?post=11504"}],"version-history":[{"count":0,"href":"https:\/\/semead.com.br\/17\/wp-json\/wp\/v2\/pages\/11504\/revisions"}],"wp:attachment":[{"href":"https:\/\/semead.com.br\/17\/wp-json\/wp\/v2\/media?parent=11504"}],"curies":[{"name":"wp","href":"https:\/\/api.w.org\/{rel}","templated":true}]}}