{"id":11506,"date":"2014-10-24T10:24:32","date_gmt":"2014-10-24T12:24:32","guid":{"rendered":"http:\/\/semead.com.br\/?page_id=11506"},"modified":"2014-10-24T10:24:32","modified_gmt":"2014-10-24T12:24:32","slug":"painel-tematico-gestao-da-inovacao","status":"publish","type":"page","link":"https:\/\/semead.com.br\/17\/painel-tematico-gestao-da-inovacao\/","title":{"rendered":"Painel Tem\u00e1tico &#8211; Gest\u00e3o da Inova\u00e7\u00e3o"},"content":{"rendered":"<p style=\"text-align: center\"><strong>PAINEL TEM\u00c1TICO &#8211; Gest\u00e3o da Inova\u00e7\u00e3o<\/strong><\/p>\n<p style=\"text-align: center\"><strong>T\u00edtulo:\u00a0Ambientes de Inova\u00e7\u00e3o &#8211; Incubadoras de Empresas e Parques Tecnol\u00f3gicos<\/strong><\/p>\n<p>&nbsp;<\/p>\n<p><strong>Quando:<\/strong> 31\/10\/2014 das 15h30min. \u00e0s 17h &#8211; Sala A7<\/p>\n<p><strong>Objetivo:<\/strong> Discutir os modelos atuais e o futuro dos ambientes de inova\u00e7\u00e3o no Brasil e no Mundo. Ambientes de inova\u00e7\u00e3o incluem: <span id=\"DWT75\" class=\"ZmSearchResult\">incubadoras<\/span> de empresas, parques tecnologicos e clusters de empresas. V\u00e3o ser tratados os desafios associados a estrategia, internacionaliza\u00e7\u00e3o e sustentabilidade dos ambientes de inova\u00e7\u00e3o.<\/p>\n<div><\/div>\n<p><strong>Moderador:<\/strong>\u00a0Prof. Dr. Guilherme Ary Plonski<\/p>\n<p>&nbsp;<\/p>\n<p><strong>Painelistas :<\/strong><\/p>\n<p><strong>Desempenho de Empresas Incubadas &#8211;<\/strong>\u00a0<strong>Prof. Dr. Tales Andreassi<\/strong> (FGV &#8211; EAESP):\u00a0Graduado em Administra\u00e7\u00e3o pela Universidade de S\u00e3o Paulo (1989), mestrado em Administra\u00e7\u00e3o pela Universidade de S\u00e3o Paulo (1994), mestrado em Science And Technology Policy Studies pelo SPRU, Sussex University (1998), doutorado em Administra\u00e7\u00e3o pela Universidade de S\u00e3o Paulo (1999) e p\u00f3s doutorado\/Pesquisador visitante da Simon Fraser University, Canad\u00e1 (2000). Atualmente \u00e9 Professor (NDP) da Funda\u00e7\u00e3o Getulio Vargas de S\u00e3o Paulo e Coordenador do Centro de Empreendedorismo e Novos Neg\u00f3cios da FGV-EAESP. Nesta mesma institui\u00e7\u00e3o, foi Vice Coordenador do Mestrado\/Doutorado Acad\u00eamico (2009) e Coordenador do Mestrado Profissional em Gest\u00e3o Internacional (2010-2012). Suas principais \u00e1reas de interesse s\u00e3o: empreendedorismo, inova\u00e7\u00e3o tecnol\u00f3gica e estrat\u00e9gia. Autor de seis livros, 16 cap\u00edtulos de livros, 36 artigos publicados em peri\u00f3dicos nacionais e internacionais (RAE, RAUSP, RAC, International Journal of Entrepreneurship and Innovation Management, entre outros) e 50 trabalhos apresentados em congressos e confer\u00eancias no Brasil e no Exterior. Foi professor visitante da Universidade Central do Equador e do Xavier Institute of Management and Entrepreneurship, na India. Desde 2009 \u00e9 o lider do tema Empreendedorismo e Inova\u00e7\u00e3o do ENANPAD, Divis\u00e3o GCT. Possui projetos de pesquisa financiados por institui\u00e7\u00f5es brasileiras (PRO-ADM\/CAPES) e internacionais (VEWA\/B\u00e9lgica e Goldman Sachs Foundation). Membro do corpo editorial de seis revistas acad\u00eamicas (RAE, RAI, Revista de Neg\u00f3cios, Journal of Operations and Supply Chain Management, REGEPE, Revista Brasiliense de Ci\u00eancias Socias). Articulista do jornal Folha de S\u00e3o Paulo, no qual possui uma coluna quinzenal sobre empreendedorismo.<br \/>\n<strong>Parques Tecnol\u00f3gicos e\u00a0<em>CleanTech Clusters &#8211;\u00a0<\/em>\u00a0Profa. Dra. Desiree Zouain<\/strong> (IPEN &#8211; USP):\u00a0Bacharel Em Fisica pela Universidade do Estado do Rio de Janeiro, mestre em Engenharia Nuclear pela Universidade Federal do Rio de Janeiro e doutora em Tecnologia Nuclear pela Universidade de S\u00e3o Paulo, com \u00eanfase em gest\u00e3o de tecnologia e da inova\u00e7\u00e3o. Foi Coordenadora de Ci\u00eancia, Tecnologia e Inova\u00e7\u00e3o da Secretaria de Desenvolvimento Economico, Ciencia e Tecnologiado Estado de S\u00e3o Paulo. \u00c9 professora doutora do programa de p\u00f3s-gradua\u00e7\u00e3o USP-IPEN, coordenadora de projetos do N\u00facleo de Pol\u00edtica e Gest\u00e3o Tecnol\u00f3gica da Universidade de S\u00e3o Paulo e coordenadora cient\u00edfica do Projeto do Parque Tecnol\u00f3gico de Sorocaba. Membro da International Society for Professional Innovation Management (ISPIM), tem experi\u00eancia na \u00e1rea de gest\u00e3o de tecnologia e inova\u00e7\u00e3o, com \u00eanfase em Planejamento de Ci\u00eancia e Tecnologia, atuando principalmente nos seguintes temas: parques cient\u00edficos e tecnol\u00f3gicos, ambientes inovadores(incubadoras, p\u00f3los, arranjos de empresas), desenvolvimento de regi\u00f5es metropolitanas, empreendedorismo e gest\u00e3o empresarial. Foi membro dos Conselhos das seguintes organiza\u00e7\u00f5es: Parque Tecnol\u00f3gico de Botucatu, Parque Tecnol\u00f3gico de Piracicaba (APLA), Associa\u00e7\u00e3o Parque Tecnol\u00f3gico de S\u00e3o Jos\u00e9 dos Campos, Parque Tecnol\u00f3gico de S\u00e3o Jos\u00e9 do Rio Preto, Funda\u00e7\u00e3o Parque Tecnol\u00f3gico de Santos, Funda\u00e7\u00e3o Parque de Alta Tecnologia de S\u00e3o Carlos, Empresa Municipal Parque Tecnol\u00f3gico de Sorocaba, P\u00f3lo de Pesquisa e Inova\u00e7\u00e3o da UNICAMP-Parque Cient\u00edfico da UNICAMP, Conselho de Acompanhamento do Projeto SIRIUS &#8211; Centro Nacional de Pesquisa em EnergIa e Materiais (Campinas). \u00c9 membro do Comit\u00ea de Avalia\u00e7\u00e3o de Projetos para o Parque Tecnol\u00f3gico de Sorocaba.<\/p>\n<p><strong>Estrat\u00e9gia, Governan\u00e7a e Financiamento em Incubadoras de Empresas:\u00a0Prof. Dr. Moacir de Miranda Oliveira Jr. <\/strong>(FEA-USP)<strong>:\u00a0<\/strong>Possui Livre Doc\u00eancia em Administra\u00e7\u00e3o pela Universidade de S\u00e3o Paulo (2009), Doutorado em Administra\u00e7\u00e3o pela Universidade de S\u00e3o Paulo (2000), Mestrado em Administra\u00e7\u00e3o pela Universidade de S\u00e3o Paulo (1994). Realizou Bolsa Doutorado Sandu\u00edche junto \u00e0 University of Cambridge &#8211; Judge Business School, na Inglaterra (1997\/1998). Realizou curso de extens\u00e3o junto \u00e0 Harvard Business School (2009 e 2010). Cursou a gradua\u00e7\u00e3o em Administra\u00e7\u00e3o de Empresas na Universidade de Pernambuco (1989). Atualmente \u00e9 Vice-Chefe (2013 &#8211; Atual) e Professor Associado do Departamento de Administra\u00e7\u00e3o da Faculdade de Economia, Administra\u00e7\u00e3o e Contabilidade da Universidade de S\u00e3o Paulo (FEA-USP). \u00c9 o Coordenador (2014 &#8211; Atual) do PPGA &#8211; Programa de P\u00f3s-Gradua\u00e7\u00e3o em Administra\u00e7\u00e3o (Mestrado e Doutorado Acad\u00eamico) da FEA &#8211; USP. Foi o vencedor do 53o. Pr\u00eamio Jabuti 2011 na Categoria Economia, Administra\u00e7\u00e3o e Neg\u00f3cios. Foi Coordenador de subprojeto em projeto tem\u00e1tico financiado pela FAPESP (Projeto GINEBRA &#8211; Gest\u00e3o para a Internacionaliza\u00e7\u00e3o de Empresas Brasileiras) (2006-2010). \u00c9 Coordenador no Brasil do CASIC Center for Advanced Studies in International Competitiveness, em parceria com universidades americanas, europ\u00e9ias e asi\u00e1ticas (2010 atual). Foi Cordenador da \u00e1rea de Administra\u00e7\u00e3o Geral do Departamento de Administra\u00e7\u00e3o (2011-2014) da qual foi tamb\u00e9m Vice-coordenador (2007-2011). Foi Diretor da AIB &#8211; Academy of International Business\/ Latin America Chapter &#8211; AIB-LAT (2008-2012). Foi o Diretor Organizador da primeira confer\u00eancia da AIB-LAT em 2010. Foi membro do Local Organizing Committee da confer\u00eancia mundial da Academy of International Business em 2010. \u00c9 membro do Scientific Committee, Latin American Chapter, Academy of International Business, desde 2008. Foi membro do Conselho Cient\u00edfico da ALTEC 2013 &#8211; XV Congresso de Gest\u00e3o da Tecnologia Latino-Iberoamericana. Foi Diretor Acad\u00eamico do XII &#8211; ENGEMA &#8211; Encontro de Gest\u00e3o do Meio Ambiente (2010). Foi o Coordenador no Brasil do Global Call Center Research Project (2004-2005), projeto de pesquisa realizado em 22 pa\u00edses sob a coordena\u00e7\u00e3o da Cornell University. \u00c9 Membro do Editorial Review Board do International Journal of Emerging Markets. \u00c9 Coordenador de Projetos da FIA &#8211; Funda\u00e7\u00e3o Instituto de Administra\u00e7\u00e3o, na qual atua desde 1995. Tem 4 livros publicados como autor ou organizador e artigos publicados em revistas nacionais e internacionais, dentre as quais se destacam: European Management Journal, Thunderbird International Business Review, Journal of Technology Management &amp; Innovation, International Journal of Business and Emerging Markets, Brazilian Administration Review, International Journal of Management, Revista de Administra\u00e7\u00e3o (FEA-USP), Brazilian Business Review, Revista de Administra\u00e7\u00e3o Contempor\u00e2nea, Economia Global e Gest\u00e3o &#8211; ISCTE (Portugal), RAE &#8211; Revista de Administra\u00e7\u00e3o de Empresas (Impresso).<\/p>\n<p><strong>Prof. Dr. Guilherme Ary Plonski<\/strong>: Mestre e Doutor em Engenharia de Produ\u00e7\u00e3o, Escola Polit\u00e9cnica da Universidade de S\u00e3o Paulo (USP). P\u00f3s-Doutorado (Fulbright Visiting Research Scholar), Center for Science and Technology Policy, Rensselaer Polytechnic Institute (RPI). Professor Titular do Departamento de Administra\u00e7\u00e3o da Faculdade de Economia, Administra\u00e7\u00e3o e Contabilidade (FEA) e Professor Associado do Departamento de Engenharia de Produ\u00e7\u00e3o da Escola Polit\u00e9cnica (POLI), ambas da USP. Coordenador Cient\u00edfico do N\u00facleo de Pol\u00edtica e Gest\u00e3o Tecnol\u00f3gica (PGT\/USP). Foi Diretor Superintendente (2001-2006) do Instituto de Pesquisas Tecnol\u00f3gicas do Estado de S\u00e3o Paulo (IPT). Foi Presidente da Associa\u00e7\u00e3o Nacional de Entidades Promotoras de Empreendimentos Inovadores (ANPROTEC). Integra a Junta de Governadores do TECHNION &#8211; Israel Institute of Technology.<\/p>\n","protected":false},"excerpt":{"rendered":"<p>PAINEL TEM\u00c1TICO &#8211; Gest\u00e3o da Inova\u00e7\u00e3o T\u00edtulo:\u00a0Ambientes de Inova\u00e7\u00e3o &#8211; Incubadoras de Empresas e Parques Tecnol\u00f3gicos &nbsp; Quando: 31\/10\/2014 das 15h30min. \u00e0s 17h &#8211; Sala A7 Objetivo: Discutir os modelos atuais e o futuro dos ambientes de inova\u00e7\u00e3o no Brasil e no Mundo. Ambientes de inova\u00e7\u00e3o incluem: incubadoras de empresas, parques tecnologicos e clusters de&#8230;<\/p>\n","protected":false},"author":2,"featured_media":0,"parent":0,"menu_order":0,"comment_status":"open","ping_status":"open","template":"","meta":{"_acf_changed":false,"_monsterinsights_skip_tracking":false,"_monsterinsights_sitenote_active":false,"_monsterinsights_sitenote_note":"","_monsterinsights_sitenote_category":0,"footnotes":""},"class_list":["post-11506","page","type-page","status-publish","hentry"],"acf":[],"yoast_head":"<!-- This site is optimized with the Yoast SEO plugin v27.5 - https:\/\/yoast.com\/product\/yoast-seo-wordpress\/ -->\n<title>Painel Tem\u00e1tico - Gest\u00e3o da Inova\u00e7\u00e3o - XVII SemeAd<\/title>\n<meta name=\"robots\" content=\"index, follow, max-snippet:-1, max-image-preview:large, max-video-preview:-1\" \/>\n<link rel=\"canonical\" href=\"https:\/\/semead.com.br\/17\/painel-tematico-gestao-da-inovacao\/\" \/>\n<meta property=\"og:locale\" content=\"en_US\" \/>\n<meta property=\"og:type\" content=\"article\" \/>\n<meta property=\"og:title\" content=\"Painel Tem\u00e1tico - Gest\u00e3o da Inova\u00e7\u00e3o - XVII SemeAd\" \/>\n<meta property=\"og:description\" content=\"PAINEL TEM\u00c1TICO &#8211; Gest\u00e3o da Inova\u00e7\u00e3o T\u00edtulo:\u00a0Ambientes de Inova\u00e7\u00e3o &#8211; Incubadoras de Empresas e Parques Tecnol\u00f3gicos &nbsp; Quando: 31\/10\/2014 das 15h30min. \u00e0s 17h &#8211; Sala A7 Objetivo: Discutir os modelos atuais e o futuro dos ambientes de inova\u00e7\u00e3o no Brasil e no Mundo. Ambientes de inova\u00e7\u00e3o incluem: incubadoras de empresas, parques tecnologicos e clusters de...\" \/>\n<meta property=\"og:url\" content=\"https:\/\/semead.com.br\/17\/painel-tematico-gestao-da-inovacao\/\" \/>\n<meta property=\"og:site_name\" content=\"XVII SemeAd\" \/>\n<meta name=\"twitter:card\" content=\"summary_large_image\" \/>\n<meta name=\"twitter:label1\" content=\"Est. reading time\" \/>\n\t<meta name=\"twitter:data1\" content=\"6 minutes\" \/>\n<script type=\"application\/ld+json\" class=\"yoast-schema-graph\">{\"@context\":\"https:\\\/\\\/schema.org\",\"@graph\":[{\"@type\":\"WebPage\",\"@id\":\"https:\\\/\\\/semead.com.br\\\/17\\\/painel-tematico-gestao-da-inovacao\\\/\",\"url\":\"https:\\\/\\\/semead.com.br\\\/17\\\/painel-tematico-gestao-da-inovacao\\\/\",\"name\":\"Painel Tem\u00e1tico - Gest\u00e3o da Inova\u00e7\u00e3o - XVII SemeAd\",\"isPartOf\":{\"@id\":\"https:\\\/\\\/semead.com.br\\\/17\\\/#website\"},\"datePublished\":\"2014-10-24T12:24:32+00:00\",\"breadcrumb\":{\"@id\":\"https:\\\/\\\/semead.com.br\\\/17\\\/painel-tematico-gestao-da-inovacao\\\/#breadcrumb\"},\"inLanguage\":\"en-US\",\"potentialAction\":[{\"@type\":\"ReadAction\",\"target\":[\"https:\\\/\\\/semead.com.br\\\/17\\\/painel-tematico-gestao-da-inovacao\\\/\"]}]},{\"@type\":\"BreadcrumbList\",\"@id\":\"https:\\\/\\\/semead.com.br\\\/17\\\/painel-tematico-gestao-da-inovacao\\\/#breadcrumb\",\"itemListElement\":[{\"@type\":\"ListItem\",\"position\":1,\"name\":\"In\u00edcio\",\"item\":\"https:\\\/\\\/semead.com.br\\\/17\\\/\"},{\"@type\":\"ListItem\",\"position\":2,\"name\":\"Painel Tem\u00e1tico &#8211; Gest\u00e3o da Inova\u00e7\u00e3o\"}]},{\"@type\":\"WebSite\",\"@id\":\"https:\\\/\\\/semead.com.br\\\/17\\\/#website\",\"url\":\"https:\\\/\\\/semead.com.br\\\/17\\\/\",\"name\":\"XVII SemeAd\",\"description\":\"Just another SemeAd site\",\"potentialAction\":[{\"@type\":\"SearchAction\",\"target\":{\"@type\":\"EntryPoint\",\"urlTemplate\":\"https:\\\/\\\/semead.com.br\\\/17\\\/?s={search_term_string}\"},\"query-input\":{\"@type\":\"PropertyValueSpecification\",\"valueRequired\":true,\"valueName\":\"search_term_string\"}}],\"inLanguage\":\"en-US\"}]}<\/script>\n<!-- \/ Yoast SEO plugin. -->","yoast_head_json":{"title":"Painel Tem\u00e1tico - Gest\u00e3o da Inova\u00e7\u00e3o - XVII SemeAd","robots":{"index":"index","follow":"follow","max-snippet":"max-snippet:-1","max-image-preview":"max-image-preview:large","max-video-preview":"max-video-preview:-1"},"canonical":"https:\/\/semead.com.br\/17\/painel-tematico-gestao-da-inovacao\/","og_locale":"en_US","og_type":"article","og_title":"Painel Tem\u00e1tico - Gest\u00e3o da Inova\u00e7\u00e3o - XVII SemeAd","og_description":"PAINEL TEM\u00c1TICO &#8211; Gest\u00e3o da Inova\u00e7\u00e3o T\u00edtulo:\u00a0Ambientes de Inova\u00e7\u00e3o &#8211; Incubadoras de Empresas e Parques Tecnol\u00f3gicos &nbsp; Quando: 31\/10\/2014 das 15h30min. \u00e0s 17h &#8211; Sala A7 Objetivo: Discutir os modelos atuais e o futuro dos ambientes de inova\u00e7\u00e3o no Brasil e no Mundo. Ambientes de inova\u00e7\u00e3o incluem: incubadoras de empresas, parques tecnologicos e clusters de...","og_url":"https:\/\/semead.com.br\/17\/painel-tematico-gestao-da-inovacao\/","og_site_name":"XVII SemeAd","twitter_card":"summary_large_image","twitter_misc":{"Est. reading time":"6 minutes"},"schema":{"@context":"https:\/\/schema.org","@graph":[{"@type":"WebPage","@id":"https:\/\/semead.com.br\/17\/painel-tematico-gestao-da-inovacao\/","url":"https:\/\/semead.com.br\/17\/painel-tematico-gestao-da-inovacao\/","name":"Painel Tem\u00e1tico - Gest\u00e3o da Inova\u00e7\u00e3o - XVII SemeAd","isPartOf":{"@id":"https:\/\/semead.com.br\/17\/#website"},"datePublished":"2014-10-24T12:24:32+00:00","breadcrumb":{"@id":"https:\/\/semead.com.br\/17\/painel-tematico-gestao-da-inovacao\/#breadcrumb"},"inLanguage":"en-US","potentialAction":[{"@type":"ReadAction","target":["https:\/\/semead.com.br\/17\/painel-tematico-gestao-da-inovacao\/"]}]},{"@type":"BreadcrumbList","@id":"https:\/\/semead.com.br\/17\/painel-tematico-gestao-da-inovacao\/#breadcrumb","itemListElement":[{"@type":"ListItem","position":1,"name":"In\u00edcio","item":"https:\/\/semead.com.br\/17\/"},{"@type":"ListItem","position":2,"name":"Painel Tem\u00e1tico &#8211; Gest\u00e3o da Inova\u00e7\u00e3o"}]},{"@type":"WebSite","@id":"https:\/\/semead.com.br\/17\/#website","url":"https:\/\/semead.com.br\/17\/","name":"XVII SemeAd","description":"Just another SemeAd site","potentialAction":[{"@type":"SearchAction","target":{"@type":"EntryPoint","urlTemplate":"https:\/\/semead.com.br\/17\/?s={search_term_string}"},"query-input":{"@type":"PropertyValueSpecification","valueRequired":true,"valueName":"search_term_string"}}],"inLanguage":"en-US"}]}},"_links":{"self":[{"href":"https:\/\/semead.com.br\/17\/wp-json\/wp\/v2\/pages\/11506","targetHints":{"allow":["GET"]}}],"collection":[{"href":"https:\/\/semead.com.br\/17\/wp-json\/wp\/v2\/pages"}],"about":[{"href":"https:\/\/semead.com.br\/17\/wp-json\/wp\/v2\/types\/page"}],"author":[{"embeddable":true,"href":"https:\/\/semead.com.br\/17\/wp-json\/wp\/v2\/users\/2"}],"replies":[{"embeddable":true,"href":"https:\/\/semead.com.br\/17\/wp-json\/wp\/v2\/comments?post=11506"}],"version-history":[{"count":0,"href":"https:\/\/semead.com.br\/17\/wp-json\/wp\/v2\/pages\/11506\/revisions"}],"wp:attachment":[{"href":"https:\/\/semead.com.br\/17\/wp-json\/wp\/v2\/media?parent=11506"}],"curies":[{"name":"wp","href":"https:\/\/api.w.org\/{rel}","templated":true}]}}