{"id":11514,"date":"2014-10-24T10:24:38","date_gmt":"2014-10-24T12:24:38","guid":{"rendered":"http:\/\/semead.com.br\/?page_id=11514"},"modified":"2014-10-24T10:24:38","modified_gmt":"2014-10-24T12:24:38","slug":"painel-tematico-operacoes","status":"publish","type":"page","link":"https:\/\/semead.com.br\/17\/painel-tematico-operacoes\/","title":{"rendered":"Painel Tem\u00e1tico &#8211; Opera\u00e7\u00f5es"},"content":{"rendered":"<p style=\"text-align: center\"><strong>PAINEL TEM\u00c1TICO &#8211; Opera\u00e7\u00f5es<\/strong><\/p>\n<p style=\"text-align: center\"><strong>T\u00edtulo: Manufatura Aditiva \/ Impress\u00e3o 3D &#8211; Desafios e Impactos na Estrat\u00e9gia de Opera\u00e7\u00f5es nas Empresas<\/strong><\/p>\n<p>&nbsp;<\/p>\n<p><strong>Quando:<\/strong> 31\/10\/2014 das 15h30min. \u00e0s 17h &#8211; Sala E7<\/p>\n<p>&nbsp;<\/p>\n<p><strong>Participantes:\u00a0<\/strong><\/p>\n<p><strong>Coordenadora &#8211; Profa.Dra.Adriana\u00a0Marotti de Mello (FEA\/USP) :\u00a0<\/strong>Possui gradua\u00e7\u00e3o em Engenharia Qu\u00edmica pela Universidade de S\u00e3o Paulo (1993), mestrado em Engenharia (Engenharia de Produ\u00e7\u00e3o) pela Universidade de S\u00e3o Paulo (2006) e doutorado em Engenharia de Produ\u00e7\u00e3o pela Universidade de S\u00e3o Paulo (2010). \u00c9 professora do curso de Administra\u00e7\u00e3o de Empresas, na \u00e1rea de Produ\u00e7\u00e3o e Opera\u00e7\u00f5es da FEA\/USP. Tem experi\u00eancia na ind\u00fastria automotiva nas \u00e1reas de qualidade e estrat\u00e9gia. Seus interesses de pesquisa incluem: Gest\u00e3o de Inova\u00e7\u00e3o e Tecnologia nas empresas, Novas Tecnologias na Ind\u00fastria Automotiva e Gest\u00e3o de Opera\u00e7\u00f5es Sustent\u00e1veis<\/p>\n<p><strong>Palestrante &#8211; Prof.Dr.Eduardo Zancul (Poli\/USP):\u00a0<\/strong>Professor da Escola Polit\u00e9cnica (POLI) da Universidade de S\u00e3o Paulo (USP), atuando no Departamento de Engenharia de Produ\u00e7\u00e3o. Vice-coordenador do InovaLab@POLI &#8211; complexo laboratorial focado no aprimoramento do ensino pr\u00e1tico de gradua\u00e7\u00e3o em engenharia. Vice-coordenador do curso de Engenharia de Produ\u00e7\u00e3o da POLI-USP. Pesquisador do Observat\u00f3rio da Inova\u00e7\u00e3o e Competitividade (OIC), localizado no Instituto de Estudos Avan\u00e7ados (IEA-USP). Empreendedor membro da equipe que fundou o portal educacional Veduca. Apoia atividades de empreendedorismo na POLI, apoiando e participando de projetos PIPE-FAPESP. Atua em pesquisa em gest\u00e3o do desenvolvimento de produtos, Product Lifecycle Management (PLM), manufatura aditiva e ensino de engenharia. Possui mais de 8 anos de experi\u00eancia em consultoria de estrat\u00e9gia, tendo sido gerente da Bain&amp;Company at\u00e9 2012. Foi pesquisador assistente do Laboratorium f\u00fcr Werkzeugmaschinen und Betriebslehre (WZL) da RWTH Aachen University entre 2005 e 2007. Engenheiro Mec\u00e2nico (1997), mestre em Engenharia de Produ\u00e7\u00e3o (2000) e doutor em Engenharia de Produ\u00e7\u00e3o (2009) pela Escola de Engenharia de S\u00e3o Carlos da USP.<\/p>\n<p><strong>Debatedor &#8211; Prof.Dr.Paulo Tromboni (FEA\/USP):\u00a0<\/strong>Professor Associado do Depto. de Administra\u00e7\u00e3o da USP. Livre Docente e Doutor (USP, 1995 e 2010), Mestre (INPE, 1984) e Engenheiro (ITA,1979). Dedica-se \u00e0 gest\u00e3o estrat\u00e9gica da tecnologia e opera\u00e7\u00f5es, incluindo gest\u00e3o de projetos, ambiental e da inova\u00e7\u00e3o. \u00c9 autor em cerca de 110 trabalhos cient\u00edficos e Conselheiro Editorial de revistas acad\u00eamicas. Orientou 9 mestres e 4 doutores. Participou de mais de 60 bancas de mestrado e doutorado. Na Funda\u00e7\u00e3o Instituto de Administra\u00e7\u00e3o (FIA) \u00e9 coordenador dos cursos de p\u00f3s gradua\u00e7ao Administra\u00e7\u00e3o de Opera\u00e7\u00f5es de Neg\u00f3cios e Gest\u00e3o da Qualidade e Desenvolvimento de Produtos e Servi\u00e7os. Foi Secretario Adjunto dos Transportes do Estado de S\u00e3o Paulo (2003-2006). Coordenou a Avalia\u00e7\u00e3o Ambiental Estrat\u00e9gica do Rodoanel Mario Covas. Integrou o Conselho Estadual do Meio Ambiente (2003 2004). No INPE, respondeu pelos contratos industriais na Miss\u00e3o Espacial Completa Brasileira e no China Brazil Earth Resources Satellite (1987-1992). Foi Diretor Administrativo da Associa\u00e7\u00e3o Nacional de Pesquisa e P\u00f3s Gradua\u00e7\u00e3o em Administra\u00e7\u00e3o (ANPAD 2003-2004), Presidente do Sindicato dos Engenheiros no Estado de S\u00e3o Paulo (SEESP 1998-2001), Diretor da Federa\u00e7\u00e3o Nacional dos Engenheiros (FNE 1995-2002) e Conselheiro Regional de Engenharia, Arquitetura e Agronomia (CREA-SP 1995-2000).<\/p>\n<p>&nbsp;<\/p>\n<p>&nbsp;<\/p>\n","protected":false},"excerpt":{"rendered":"<p>PAINEL TEM\u00c1TICO &#8211; Opera\u00e7\u00f5es T\u00edtulo: Manufatura Aditiva \/ Impress\u00e3o 3D &#8211; Desafios e Impactos na Estrat\u00e9gia de Opera\u00e7\u00f5es nas Empresas &nbsp; Quando: 31\/10\/2014 das 15h30min. \u00e0s 17h &#8211; Sala E7 &nbsp; Participantes:\u00a0 Coordenadora &#8211; Profa.Dra.Adriana\u00a0Marotti de Mello (FEA\/USP) :\u00a0Possui gradua\u00e7\u00e3o em Engenharia Qu\u00edmica pela Universidade de S\u00e3o Paulo (1993), mestrado em Engenharia (Engenharia de Produ\u00e7\u00e3o)&#8230;<\/p>\n","protected":false},"author":2,"featured_media":0,"parent":0,"menu_order":0,"comment_status":"open","ping_status":"open","template":"","meta":{"_acf_changed":false,"_monsterinsights_skip_tracking":false,"_monsterinsights_sitenote_active":false,"_monsterinsights_sitenote_note":"","_monsterinsights_sitenote_category":0,"footnotes":""},"class_list":["post-11514","page","type-page","status-publish","hentry"],"acf":[],"yoast_head":"<!-- This site is optimized with the Yoast SEO plugin v27.5 - https:\/\/yoast.com\/product\/yoast-seo-wordpress\/ -->\n<title>Painel Tem\u00e1tico - Opera\u00e7\u00f5es - XVII SemeAd<\/title>\n<meta name=\"robots\" content=\"index, follow, max-snippet:-1, max-image-preview:large, max-video-preview:-1\" \/>\n<link rel=\"canonical\" href=\"https:\/\/semead.com.br\/17\/painel-tematico-operacoes\/\" \/>\n<meta property=\"og:locale\" content=\"en_US\" \/>\n<meta property=\"og:type\" content=\"article\" \/>\n<meta property=\"og:title\" content=\"Painel Tem\u00e1tico - Opera\u00e7\u00f5es - XVII SemeAd\" \/>\n<meta property=\"og:description\" content=\"PAINEL TEM\u00c1TICO &#8211; Opera\u00e7\u00f5es T\u00edtulo: Manufatura Aditiva \/ Impress\u00e3o 3D &#8211; Desafios e Impactos na Estrat\u00e9gia de Opera\u00e7\u00f5es nas Empresas &nbsp; Quando: 31\/10\/2014 das 15h30min. \u00e0s 17h &#8211; Sala E7 &nbsp; Participantes:\u00a0 Coordenadora &#8211; Profa.Dra.Adriana\u00a0Marotti de Mello (FEA\/USP) :\u00a0Possui gradua\u00e7\u00e3o em Engenharia Qu\u00edmica pela Universidade de S\u00e3o Paulo (1993), mestrado em Engenharia (Engenharia de Produ\u00e7\u00e3o)...\" \/>\n<meta property=\"og:url\" content=\"https:\/\/semead.com.br\/17\/painel-tematico-operacoes\/\" \/>\n<meta property=\"og:site_name\" content=\"XVII SemeAd\" \/>\n<meta name=\"twitter:card\" content=\"summary_large_image\" \/>\n<meta name=\"twitter:label1\" content=\"Est. reading time\" \/>\n\t<meta name=\"twitter:data1\" content=\"3 minutes\" \/>\n<script type=\"application\/ld+json\" class=\"yoast-schema-graph\">{\"@context\":\"https:\\\/\\\/schema.org\",\"@graph\":[{\"@type\":\"WebPage\",\"@id\":\"https:\\\/\\\/semead.com.br\\\/17\\\/painel-tematico-operacoes\\\/\",\"url\":\"https:\\\/\\\/semead.com.br\\\/17\\\/painel-tematico-operacoes\\\/\",\"name\":\"Painel Tem\u00e1tico - Opera\u00e7\u00f5es - XVII SemeAd\",\"isPartOf\":{\"@id\":\"https:\\\/\\\/semead.com.br\\\/17\\\/#website\"},\"datePublished\":\"2014-10-24T12:24:38+00:00\",\"breadcrumb\":{\"@id\":\"https:\\\/\\\/semead.com.br\\\/17\\\/painel-tematico-operacoes\\\/#breadcrumb\"},\"inLanguage\":\"en-US\",\"potentialAction\":[{\"@type\":\"ReadAction\",\"target\":[\"https:\\\/\\\/semead.com.br\\\/17\\\/painel-tematico-operacoes\\\/\"]}]},{\"@type\":\"BreadcrumbList\",\"@id\":\"https:\\\/\\\/semead.com.br\\\/17\\\/painel-tematico-operacoes\\\/#breadcrumb\",\"itemListElement\":[{\"@type\":\"ListItem\",\"position\":1,\"name\":\"In\u00edcio\",\"item\":\"https:\\\/\\\/semead.com.br\\\/17\\\/\"},{\"@type\":\"ListItem\",\"position\":2,\"name\":\"Painel Tem\u00e1tico &#8211; Opera\u00e7\u00f5es\"}]},{\"@type\":\"WebSite\",\"@id\":\"https:\\\/\\\/semead.com.br\\\/17\\\/#website\",\"url\":\"https:\\\/\\\/semead.com.br\\\/17\\\/\",\"name\":\"XVII SemeAd\",\"description\":\"Just another SemeAd site\",\"potentialAction\":[{\"@type\":\"SearchAction\",\"target\":{\"@type\":\"EntryPoint\",\"urlTemplate\":\"https:\\\/\\\/semead.com.br\\\/17\\\/?s={search_term_string}\"},\"query-input\":{\"@type\":\"PropertyValueSpecification\",\"valueRequired\":true,\"valueName\":\"search_term_string\"}}],\"inLanguage\":\"en-US\"}]}<\/script>\n<!-- \/ Yoast SEO plugin. -->","yoast_head_json":{"title":"Painel Tem\u00e1tico - Opera\u00e7\u00f5es - XVII SemeAd","robots":{"index":"index","follow":"follow","max-snippet":"max-snippet:-1","max-image-preview":"max-image-preview:large","max-video-preview":"max-video-preview:-1"},"canonical":"https:\/\/semead.com.br\/17\/painel-tematico-operacoes\/","og_locale":"en_US","og_type":"article","og_title":"Painel Tem\u00e1tico - Opera\u00e7\u00f5es - XVII SemeAd","og_description":"PAINEL TEM\u00c1TICO &#8211; Opera\u00e7\u00f5es T\u00edtulo: Manufatura Aditiva \/ Impress\u00e3o 3D &#8211; Desafios e Impactos na Estrat\u00e9gia de Opera\u00e7\u00f5es nas Empresas &nbsp; Quando: 31\/10\/2014 das 15h30min. \u00e0s 17h &#8211; Sala E7 &nbsp; Participantes:\u00a0 Coordenadora &#8211; Profa.Dra.Adriana\u00a0Marotti de Mello (FEA\/USP) :\u00a0Possui gradua\u00e7\u00e3o em Engenharia Qu\u00edmica pela Universidade de S\u00e3o Paulo (1993), mestrado em Engenharia (Engenharia de Produ\u00e7\u00e3o)...","og_url":"https:\/\/semead.com.br\/17\/painel-tematico-operacoes\/","og_site_name":"XVII SemeAd","twitter_card":"summary_large_image","twitter_misc":{"Est. reading time":"3 minutes"},"schema":{"@context":"https:\/\/schema.org","@graph":[{"@type":"WebPage","@id":"https:\/\/semead.com.br\/17\/painel-tematico-operacoes\/","url":"https:\/\/semead.com.br\/17\/painel-tematico-operacoes\/","name":"Painel Tem\u00e1tico - Opera\u00e7\u00f5es - XVII SemeAd","isPartOf":{"@id":"https:\/\/semead.com.br\/17\/#website"},"datePublished":"2014-10-24T12:24:38+00:00","breadcrumb":{"@id":"https:\/\/semead.com.br\/17\/painel-tematico-operacoes\/#breadcrumb"},"inLanguage":"en-US","potentialAction":[{"@type":"ReadAction","target":["https:\/\/semead.com.br\/17\/painel-tematico-operacoes\/"]}]},{"@type":"BreadcrumbList","@id":"https:\/\/semead.com.br\/17\/painel-tematico-operacoes\/#breadcrumb","itemListElement":[{"@type":"ListItem","position":1,"name":"In\u00edcio","item":"https:\/\/semead.com.br\/17\/"},{"@type":"ListItem","position":2,"name":"Painel Tem\u00e1tico &#8211; Opera\u00e7\u00f5es"}]},{"@type":"WebSite","@id":"https:\/\/semead.com.br\/17\/#website","url":"https:\/\/semead.com.br\/17\/","name":"XVII SemeAd","description":"Just another SemeAd site","potentialAction":[{"@type":"SearchAction","target":{"@type":"EntryPoint","urlTemplate":"https:\/\/semead.com.br\/17\/?s={search_term_string}"},"query-input":{"@type":"PropertyValueSpecification","valueRequired":true,"valueName":"search_term_string"}}],"inLanguage":"en-US"}]}},"_links":{"self":[{"href":"https:\/\/semead.com.br\/17\/wp-json\/wp\/v2\/pages\/11514","targetHints":{"allow":["GET"]}}],"collection":[{"href":"https:\/\/semead.com.br\/17\/wp-json\/wp\/v2\/pages"}],"about":[{"href":"https:\/\/semead.com.br\/17\/wp-json\/wp\/v2\/types\/page"}],"author":[{"embeddable":true,"href":"https:\/\/semead.com.br\/17\/wp-json\/wp\/v2\/users\/2"}],"replies":[{"embeddable":true,"href":"https:\/\/semead.com.br\/17\/wp-json\/wp\/v2\/comments?post=11514"}],"version-history":[{"count":0,"href":"https:\/\/semead.com.br\/17\/wp-json\/wp\/v2\/pages\/11514\/revisions"}],"wp:attachment":[{"href":"https:\/\/semead.com.br\/17\/wp-json\/wp\/v2\/media?parent=11514"}],"curies":[{"name":"wp","href":"https:\/\/api.w.org\/{rel}","templated":true}]}}