{"id":11520,"date":"2014-10-24T10:36:47","date_gmt":"2014-10-24T12:36:47","guid":{"rendered":"http:\/\/semead.com.br\/?page_id=11520"},"modified":"2014-10-24T10:36:47","modified_gmt":"2014-10-24T12:36:47","slug":"paineis-tematicos","status":"publish","type":"page","link":"https:\/\/semead.com.br\/17\/programacao\/paineis-tematicos\/","title":{"rendered":"Pain\u00e9is Tem\u00e1ticos"},"content":{"rendered":"<p>Confira a programa\u00e7\u00e3o dos Pain\u00e9is Tem\u00e1ticos do XVII SemeAd. Basta clicar na \u00e1rea de interesse para conferir mais informa\u00e7\u00f5es.<\/p>\n[table \u201c18\u201d not found \/]<br \/>\n\n","protected":false},"excerpt":{"rendered":"<p>Confira a programa\u00e7\u00e3o dos Pain\u00e9is Tem\u00e1ticos do XVII SemeAd. Basta clicar na \u00e1rea de interesse para conferir mais informa\u00e7\u00f5es.<\/p>\n","protected":false},"author":2,"featured_media":0,"parent":26,"menu_order":0,"comment_status":"open","ping_status":"open","template":"","meta":{"_acf_changed":false,"_monsterinsights_skip_tracking":false,"_monsterinsights_sitenote_active":false,"_monsterinsights_sitenote_note":"","_monsterinsights_sitenote_category":0,"footnotes":""},"class_list":["post-11520","page","type-page","status-publish","hentry"],"acf":[],"yoast_head":"<!-- This site is optimized with the Yoast SEO plugin v27.5 - https:\/\/yoast.com\/product\/yoast-seo-wordpress\/ -->\n<title>Pain\u00e9is Tem\u00e1ticos - XVII SemeAd<\/title>\n<meta name=\"robots\" content=\"index, follow, max-snippet:-1, max-image-preview:large, max-video-preview:-1\" \/>\n<link rel=\"canonical\" href=\"https:\/\/semead.com.br\/17\/programacao\/paineis-tematicos\/\" \/>\n<meta property=\"og:locale\" content=\"en_US\" \/>\n<meta property=\"og:type\" content=\"article\" \/>\n<meta property=\"og:title\" content=\"Pain\u00e9is Tem\u00e1ticos - XVII SemeAd\" \/>\n<meta property=\"og:description\" content=\"Confira a programa\u00e7\u00e3o dos Pain\u00e9is Tem\u00e1ticos do XVII SemeAd. Basta clicar na \u00e1rea de interesse para conferir mais informa\u00e7\u00f5es.\" \/>\n<meta property=\"og:url\" content=\"https:\/\/semead.com.br\/17\/programacao\/paineis-tematicos\/\" \/>\n<meta property=\"og:site_name\" content=\"XVII SemeAd\" \/>\n<meta name=\"twitter:card\" content=\"summary_large_image\" \/>\n<script type=\"application\/ld+json\" class=\"yoast-schema-graph\">{\"@context\":\"https:\\\/\\\/schema.org\",\"@graph\":[{\"@type\":\"WebPage\",\"@id\":\"https:\\\/\\\/semead.com.br\\\/17\\\/programacao\\\/paineis-tematicos\\\/\",\"url\":\"https:\\\/\\\/semead.com.br\\\/17\\\/programacao\\\/paineis-tematicos\\\/\",\"name\":\"Pain\u00e9is Tem\u00e1ticos - XVII SemeAd\",\"isPartOf\":{\"@id\":\"https:\\\/\\\/semead.com.br\\\/17\\\/#website\"},\"datePublished\":\"2014-10-24T12:36:47+00:00\",\"breadcrumb\":{\"@id\":\"https:\\\/\\\/semead.com.br\\\/17\\\/programacao\\\/paineis-tematicos\\\/#breadcrumb\"},\"inLanguage\":\"en-US\",\"potentialAction\":[{\"@type\":\"ReadAction\",\"target\":[\"https:\\\/\\\/semead.com.br\\\/17\\\/programacao\\\/paineis-tematicos\\\/\"]}]},{\"@type\":\"BreadcrumbList\",\"@id\":\"https:\\\/\\\/semead.com.br\\\/17\\\/programacao\\\/paineis-tematicos\\\/#breadcrumb\",\"itemListElement\":[{\"@type\":\"ListItem\",\"position\":1,\"name\":\"In\u00edcio\",\"item\":\"https:\\\/\\\/semead.com.br\\\/17\\\/\"},{\"@type\":\"ListItem\",\"position\":2,\"name\":\"Programa\u00e7\u00e3o\",\"item\":\"https:\\\/\\\/semead.com.br\\\/17\\\/programacao\\\/\"},{\"@type\":\"ListItem\",\"position\":3,\"name\":\"Pain\u00e9is Tem\u00e1ticos\"}]},{\"@type\":\"WebSite\",\"@id\":\"https:\\\/\\\/semead.com.br\\\/17\\\/#website\",\"url\":\"https:\\\/\\\/semead.com.br\\\/17\\\/\",\"name\":\"XVII SemeAd\",\"description\":\"Just another SemeAd site\",\"potentialAction\":[{\"@type\":\"SearchAction\",\"target\":{\"@type\":\"EntryPoint\",\"urlTemplate\":\"https:\\\/\\\/semead.com.br\\\/17\\\/?s={search_term_string}\"},\"query-input\":{\"@type\":\"PropertyValueSpecification\",\"valueRequired\":true,\"valueName\":\"search_term_string\"}}],\"inLanguage\":\"en-US\"}]}<\/script>\n<!-- \/ Yoast SEO plugin. -->","yoast_head_json":{"title":"Pain\u00e9is Tem\u00e1ticos - XVII SemeAd","robots":{"index":"index","follow":"follow","max-snippet":"max-snippet:-1","max-image-preview":"max-image-preview:large","max-video-preview":"max-video-preview:-1"},"canonical":"https:\/\/semead.com.br\/17\/programacao\/paineis-tematicos\/","og_locale":"en_US","og_type":"article","og_title":"Pain\u00e9is Tem\u00e1ticos - XVII SemeAd","og_description":"Confira a programa\u00e7\u00e3o dos Pain\u00e9is Tem\u00e1ticos do XVII SemeAd. Basta clicar na \u00e1rea de interesse para conferir mais informa\u00e7\u00f5es.","og_url":"https:\/\/semead.com.br\/17\/programacao\/paineis-tematicos\/","og_site_name":"XVII SemeAd","twitter_card":"summary_large_image","schema":{"@context":"https:\/\/schema.org","@graph":[{"@type":"WebPage","@id":"https:\/\/semead.com.br\/17\/programacao\/paineis-tematicos\/","url":"https:\/\/semead.com.br\/17\/programacao\/paineis-tematicos\/","name":"Pain\u00e9is Tem\u00e1ticos - XVII SemeAd","isPartOf":{"@id":"https:\/\/semead.com.br\/17\/#website"},"datePublished":"2014-10-24T12:36:47+00:00","breadcrumb":{"@id":"https:\/\/semead.com.br\/17\/programacao\/paineis-tematicos\/#breadcrumb"},"inLanguage":"en-US","potentialAction":[{"@type":"ReadAction","target":["https:\/\/semead.com.br\/17\/programacao\/paineis-tematicos\/"]}]},{"@type":"BreadcrumbList","@id":"https:\/\/semead.com.br\/17\/programacao\/paineis-tematicos\/#breadcrumb","itemListElement":[{"@type":"ListItem","position":1,"name":"In\u00edcio","item":"https:\/\/semead.com.br\/17\/"},{"@type":"ListItem","position":2,"name":"Programa\u00e7\u00e3o","item":"https:\/\/semead.com.br\/17\/programacao\/"},{"@type":"ListItem","position":3,"name":"Pain\u00e9is Tem\u00e1ticos"}]},{"@type":"WebSite","@id":"https:\/\/semead.com.br\/17\/#website","url":"https:\/\/semead.com.br\/17\/","name":"XVII SemeAd","description":"Just another SemeAd site","potentialAction":[{"@type":"SearchAction","target":{"@type":"EntryPoint","urlTemplate":"https:\/\/semead.com.br\/17\/?s={search_term_string}"},"query-input":{"@type":"PropertyValueSpecification","valueRequired":true,"valueName":"search_term_string"}}],"inLanguage":"en-US"}]}},"_links":{"self":[{"href":"https:\/\/semead.com.br\/17\/wp-json\/wp\/v2\/pages\/11520","targetHints":{"allow":["GET"]}}],"collection":[{"href":"https:\/\/semead.com.br\/17\/wp-json\/wp\/v2\/pages"}],"about":[{"href":"https:\/\/semead.com.br\/17\/wp-json\/wp\/v2\/types\/page"}],"author":[{"embeddable":true,"href":"https:\/\/semead.com.br\/17\/wp-json\/wp\/v2\/users\/2"}],"replies":[{"embeddable":true,"href":"https:\/\/semead.com.br\/17\/wp-json\/wp\/v2\/comments?post=11520"}],"version-history":[{"count":0,"href":"https:\/\/semead.com.br\/17\/wp-json\/wp\/v2\/pages\/11520\/revisions"}],"up":[{"embeddable":true,"href":"https:\/\/semead.com.br\/17\/wp-json\/wp\/v2\/pages\/26"}],"wp:attachment":[{"href":"https:\/\/semead.com.br\/17\/wp-json\/wp\/v2\/media?parent=11520"}],"curies":[{"name":"wp","href":"https:\/\/api.w.org\/{rel}","templated":true}]}}