{"id":11564,"date":"2014-10-24T15:16:09","date_gmt":"2014-10-24T17:16:09","guid":{"rendered":"http:\/\/semead.com.br\/?page_id=11564"},"modified":"2014-10-24T15:16:09","modified_gmt":"2014-10-24T17:16:09","slug":"sessoes-de-apresentacao","status":"publish","type":"page","link":"https:\/\/semead.com.br\/17\/programacao\/sessoes-de-apresentacao\/","title":{"rendered":"Sess\u00f5es de Apresenta\u00e7\u00e3o"},"content":{"rendered":"<h2>Programa\u00e7\u00e3o de apresenta\u00e7\u00e3o dos trabalhos<\/h2>\n<p><a href=\"https:\/\/semead.com.br\/17\/wp-content\/uploads\/sites\/3\/2012\/12\/Programa-Apresentacoes-DIA-30-e-31-completa.pdf\" target=\"_blank\">Programa\u00e7\u00e3o dos dias 29, 30 e 31<\/a><\/p>\n<p><em>*Programa\u00e7\u00e3o sujeita \u00e0 altera\u00e7\u00f5es<\/em><\/p>\n","protected":false},"excerpt":{"rendered":"<p>Programa\u00e7\u00e3o de apresenta\u00e7\u00e3o dos trabalhos Programa\u00e7\u00e3o dos dias 29, 30 e 31 *Programa\u00e7\u00e3o sujeita \u00e0 altera\u00e7\u00f5es<\/p>\n","protected":false},"author":2,"featured_media":0,"parent":26,"menu_order":0,"comment_status":"open","ping_status":"open","template":"","meta":{"_acf_changed":false,"_monsterinsights_skip_tracking":false,"_monsterinsights_sitenote_active":false,"_monsterinsights_sitenote_note":"","_monsterinsights_sitenote_category":0,"footnotes":""},"class_list":["post-11564","page","type-page","status-publish","hentry"],"acf":[],"yoast_head":"<!-- This site is optimized with the Yoast SEO plugin v27.5 - https:\/\/yoast.com\/product\/yoast-seo-wordpress\/ -->\n<title>Sess\u00f5es de Apresenta\u00e7\u00e3o - XVII SemeAd<\/title>\n<meta name=\"robots\" content=\"index, follow, max-snippet:-1, max-image-preview:large, max-video-preview:-1\" \/>\n<link rel=\"canonical\" href=\"https:\/\/semead.com.br\/17\/programacao\/sessoes-de-apresentacao\/\" \/>\n<meta property=\"og:locale\" content=\"en_US\" \/>\n<meta property=\"og:type\" content=\"article\" \/>\n<meta property=\"og:title\" content=\"Sess\u00f5es de Apresenta\u00e7\u00e3o - XVII SemeAd\" \/>\n<meta property=\"og:description\" content=\"Programa\u00e7\u00e3o de apresenta\u00e7\u00e3o dos trabalhos Programa\u00e7\u00e3o dos dias 29, 30 e 31 *Programa\u00e7\u00e3o sujeita \u00e0 altera\u00e7\u00f5es\" \/>\n<meta property=\"og:url\" content=\"https:\/\/semead.com.br\/17\/programacao\/sessoes-de-apresentacao\/\" \/>\n<meta property=\"og:site_name\" content=\"XVII SemeAd\" \/>\n<meta name=\"twitter:card\" content=\"summary_large_image\" \/>\n<script type=\"application\/ld+json\" class=\"yoast-schema-graph\">{\"@context\":\"https:\\\/\\\/schema.org\",\"@graph\":[{\"@type\":\"WebPage\",\"@id\":\"https:\\\/\\\/semead.com.br\\\/17\\\/programacao\\\/sessoes-de-apresentacao\\\/\",\"url\":\"https:\\\/\\\/semead.com.br\\\/17\\\/programacao\\\/sessoes-de-apresentacao\\\/\",\"name\":\"Sess\u00f5es de Apresenta\u00e7\u00e3o - XVII SemeAd\",\"isPartOf\":{\"@id\":\"https:\\\/\\\/semead.com.br\\\/17\\\/#website\"},\"datePublished\":\"2014-10-24T17:16:09+00:00\",\"breadcrumb\":{\"@id\":\"https:\\\/\\\/semead.com.br\\\/17\\\/programacao\\\/sessoes-de-apresentacao\\\/#breadcrumb\"},\"inLanguage\":\"en-US\",\"potentialAction\":[{\"@type\":\"ReadAction\",\"target\":[\"https:\\\/\\\/semead.com.br\\\/17\\\/programacao\\\/sessoes-de-apresentacao\\\/\"]}]},{\"@type\":\"BreadcrumbList\",\"@id\":\"https:\\\/\\\/semead.com.br\\\/17\\\/programacao\\\/sessoes-de-apresentacao\\\/#breadcrumb\",\"itemListElement\":[{\"@type\":\"ListItem\",\"position\":1,\"name\":\"In\u00edcio\",\"item\":\"https:\\\/\\\/semead.com.br\\\/17\\\/\"},{\"@type\":\"ListItem\",\"position\":2,\"name\":\"Programa\u00e7\u00e3o\",\"item\":\"https:\\\/\\\/semead.com.br\\\/17\\\/programacao\\\/\"},{\"@type\":\"ListItem\",\"position\":3,\"name\":\"Sess\u00f5es de Apresenta\u00e7\u00e3o\"}]},{\"@type\":\"WebSite\",\"@id\":\"https:\\\/\\\/semead.com.br\\\/17\\\/#website\",\"url\":\"https:\\\/\\\/semead.com.br\\\/17\\\/\",\"name\":\"XVII SemeAd\",\"description\":\"Just another SemeAd site\",\"potentialAction\":[{\"@type\":\"SearchAction\",\"target\":{\"@type\":\"EntryPoint\",\"urlTemplate\":\"https:\\\/\\\/semead.com.br\\\/17\\\/?s={search_term_string}\"},\"query-input\":{\"@type\":\"PropertyValueSpecification\",\"valueRequired\":true,\"valueName\":\"search_term_string\"}}],\"inLanguage\":\"en-US\"}]}<\/script>\n<!-- \/ Yoast SEO plugin. -->","yoast_head_json":{"title":"Sess\u00f5es de Apresenta\u00e7\u00e3o - XVII SemeAd","robots":{"index":"index","follow":"follow","max-snippet":"max-snippet:-1","max-image-preview":"max-image-preview:large","max-video-preview":"max-video-preview:-1"},"canonical":"https:\/\/semead.com.br\/17\/programacao\/sessoes-de-apresentacao\/","og_locale":"en_US","og_type":"article","og_title":"Sess\u00f5es de Apresenta\u00e7\u00e3o - XVII SemeAd","og_description":"Programa\u00e7\u00e3o de apresenta\u00e7\u00e3o dos trabalhos Programa\u00e7\u00e3o dos dias 29, 30 e 31 *Programa\u00e7\u00e3o sujeita \u00e0 altera\u00e7\u00f5es","og_url":"https:\/\/semead.com.br\/17\/programacao\/sessoes-de-apresentacao\/","og_site_name":"XVII SemeAd","twitter_card":"summary_large_image","schema":{"@context":"https:\/\/schema.org","@graph":[{"@type":"WebPage","@id":"https:\/\/semead.com.br\/17\/programacao\/sessoes-de-apresentacao\/","url":"https:\/\/semead.com.br\/17\/programacao\/sessoes-de-apresentacao\/","name":"Sess\u00f5es de Apresenta\u00e7\u00e3o - XVII SemeAd","isPartOf":{"@id":"https:\/\/semead.com.br\/17\/#website"},"datePublished":"2014-10-24T17:16:09+00:00","breadcrumb":{"@id":"https:\/\/semead.com.br\/17\/programacao\/sessoes-de-apresentacao\/#breadcrumb"},"inLanguage":"en-US","potentialAction":[{"@type":"ReadAction","target":["https:\/\/semead.com.br\/17\/programacao\/sessoes-de-apresentacao\/"]}]},{"@type":"BreadcrumbList","@id":"https:\/\/semead.com.br\/17\/programacao\/sessoes-de-apresentacao\/#breadcrumb","itemListElement":[{"@type":"ListItem","position":1,"name":"In\u00edcio","item":"https:\/\/semead.com.br\/17\/"},{"@type":"ListItem","position":2,"name":"Programa\u00e7\u00e3o","item":"https:\/\/semead.com.br\/17\/programacao\/"},{"@type":"ListItem","position":3,"name":"Sess\u00f5es de Apresenta\u00e7\u00e3o"}]},{"@type":"WebSite","@id":"https:\/\/semead.com.br\/17\/#website","url":"https:\/\/semead.com.br\/17\/","name":"XVII SemeAd","description":"Just another SemeAd site","potentialAction":[{"@type":"SearchAction","target":{"@type":"EntryPoint","urlTemplate":"https:\/\/semead.com.br\/17\/?s={search_term_string}"},"query-input":{"@type":"PropertyValueSpecification","valueRequired":true,"valueName":"search_term_string"}}],"inLanguage":"en-US"}]}},"_links":{"self":[{"href":"https:\/\/semead.com.br\/17\/wp-json\/wp\/v2\/pages\/11564","targetHints":{"allow":["GET"]}}],"collection":[{"href":"https:\/\/semead.com.br\/17\/wp-json\/wp\/v2\/pages"}],"about":[{"href":"https:\/\/semead.com.br\/17\/wp-json\/wp\/v2\/types\/page"}],"author":[{"embeddable":true,"href":"https:\/\/semead.com.br\/17\/wp-json\/wp\/v2\/users\/2"}],"replies":[{"embeddable":true,"href":"https:\/\/semead.com.br\/17\/wp-json\/wp\/v2\/comments?post=11564"}],"version-history":[{"count":0,"href":"https:\/\/semead.com.br\/17\/wp-json\/wp\/v2\/pages\/11564\/revisions"}],"up":[{"embeddable":true,"href":"https:\/\/semead.com.br\/17\/wp-json\/wp\/v2\/pages\/26"}],"wp:attachment":[{"href":"https:\/\/semead.com.br\/17\/wp-json\/wp\/v2\/media?parent=11564"}],"curies":[{"name":"wp","href":"https:\/\/api.w.org\/{rel}","templated":true}]}}