{"id":11592,"date":"2014-10-28T12:27:10","date_gmt":"2014-10-28T14:27:10","guid":{"rendered":"http:\/\/semead.com.br\/?page_id=11592"},"modified":"2014-10-28T12:27:10","modified_gmt":"2014-10-28T14:27:10","slug":"melhor-avaliador-por-area","status":"publish","type":"page","link":"https:\/\/semead.com.br\/17\/evento\/melhor-avaliador-por-area\/","title":{"rendered":"Melhor Avaliador por \u00c1rea"},"content":{"rendered":"<h2>INDICADOS A PR\u00caMIO &#8220;MELHOR AVALIADOR POR \u00c1REA&#8221;<\/h2>\n<table>\n<tbody>\n<tr>\n<td width=\"271\"><strong>NOME<\/strong><\/td>\n<td width=\"314\"><strong>INSITUI\u00c7\u00c3O<\/strong><\/td>\n<td width=\"188\"><strong>\u00c1REA<\/strong><\/td>\n<\/tr>\n<tr>\n<td>Adilson Caldeira<\/td>\n<td>Universidade Presbiteriana Mackenzie<\/td>\n<td>TECNOLOGIA DA INFO<\/td>\n<\/tr>\n<tr>\n<td>ALEXANDRE RIPAMONTI<\/td>\n<td>USP &#8211; Universidade de S\u00e3o Paulo<\/td>\n<td>FINAN\u00c7AS<\/td>\n<\/tr>\n<tr>\n<td>Alvaro Machado Dias<\/td>\n<td>Universidade Federal de S\u00e3o Paulo &#8211; UNIFESP<\/td>\n<td>TECNOLOGICA<\/td>\n<\/tr>\n<tr>\n<td>Ana Julia Dal Forno<\/td>\n<td>Universidade Federal de Santa Catarina<\/td>\n<td>OPERA\u00c7\u00d5ES<\/td>\n<\/tr>\n<tr>\n<td>Andr\u00e9 Lu\u00eds de Castro Moura Duarte<\/td>\n<td>Insper Instituto de Ensino e Pesquisa<\/td>\n<td>OPERA\u00c7\u00d5ES<\/td>\n<\/tr>\n<tr>\n<td>Antonio Benedito de Oliveira Junior<\/td>\n<td>Centro Universit\u00e1rio da FEI<\/td>\n<td>MARKETING<\/td>\n<\/tr>\n<tr>\n<td>Armindo dos Santos de Sousa Teod\u00f3sio<\/td>\n<td>PUC Minas<\/td>\n<td>EMPREENDEDORISMO<\/td>\n<\/tr>\n<tr>\n<td>BRENO AUGUSTO DE OLIVEIRA SILVA<\/td>\n<td>Instituto Federal do Tri\u00e2ngulo Mineiro &#8211; IFTM<\/td>\n<td>FINAN\u00c7AS<\/td>\n<\/tr>\n<tr>\n<td>Brivaldo Andr\u00e9 Marinho da Silva<\/td>\n<td>Universidade Federal da Para\u00edba &#8211; UFPB<\/td>\n<td>TECNOLOGIA DA INFO<\/td>\n<\/tr>\n<tr>\n<td>Catarina Cec\u00edlia Odelius<\/td>\n<td>UNB &#8211; Universidade de Bras\u00edlia<\/td>\n<td>ESTUDOS ORGANIZACIONAIS<\/td>\n<\/tr>\n<tr>\n<td>Cely Ades<\/td>\n<td>Universidade Presbiteriana Mackenzie<\/td>\n<td>TECNOLOGICA<\/td>\n<\/tr>\n<tr>\n<td>C\u00e9sar Augusto Biancolino<\/td>\n<td>UNINOVE \u2013 Universidade Nove de Julho<\/td>\n<td>GEST\u00c3O DA INOVA\u00c7\u00c3O<\/td>\n<\/tr>\n<tr>\n<td>Claudia Ruberg<\/td>\n<td>Universidade Federal da Para\u00edba &#8211; UFPB<\/td>\n<td>GEST\u00c3O SOCIOAMBIENTAL<\/td>\n<\/tr>\n<tr>\n<td>Claudia Sofia Frias Pinto<\/td>\n<td>FGV\/SP<\/td>\n<td>ESTRAT\u00c9GIA<\/td>\n<\/tr>\n<tr>\n<td>Cristiana Ituassu<\/td>\n<td>Centro Universit\u00e1rio UNA<\/td>\n<td>MARKETING<\/td>\n<\/tr>\n<tr>\n<td>Crounel Marins<\/td>\n<td>USP &#8211; Universidade de S\u00e3o Paulo<\/td>\n<td>EMPREENDEDORISMO<\/td>\n<\/tr>\n<tr>\n<td>Dennys Eduardo Rossetto Alves de Ara\u00fajo<\/td>\n<td>ESPM<\/td>\n<td>EMPREENDEDORISMO<\/td>\n<\/tr>\n<tr>\n<td>Diego Bonaldo Coelho<\/td>\n<td>ESPM<\/td>\n<td>ESTRAT\u00c9GIA<\/td>\n<\/tr>\n<tr>\n<td>Di\u00f3genes de Souza Bido<\/td>\n<td>Universidade Presbiteriana Mackenzie<\/td>\n<td>ENSINO E PESQUISA<\/td>\n<\/tr>\n<tr>\n<td>F\u00e1bio Ytoshi Shibao<\/td>\n<td>UNINOVE \u2013 Universidade Nove de Julho<\/td>\n<td>GEST\u00c3O SOCIOAMBIENTAL<\/td>\n<\/tr>\n<tr>\n<td>Fernando Thiago<\/td>\n<td>Universidade Municipal de S\u00e3o Caetano do Sul &#8211; USCS<\/td>\n<td>GEST\u00c3O DE PESSOAS<\/td>\n<\/tr>\n<tr>\n<td>Geraldino Carneiro de Ara\u00fajo<\/td>\n<td>UNINOVE \u2013 Universidade Nove de Julho<\/td>\n<td>GEST\u00c3O SOCIOAMBIENTAL<\/td>\n<\/tr>\n<tr>\n<td>Jo\u00e3o Ant\u00f4nio Gomes Pereira<\/td>\n<td>Universidade Federal do Pampa &#8211; UNIPAMPA<\/td>\n<td>GEST\u00c3O DA INOVA\u00c7\u00c3O<\/td>\n<\/tr>\n<tr>\n<td>Leo Raifur<\/td>\n<td>Universidade Estadual do Centro Oeste &#8211; UNICENTRO<\/td>\n<td>FINAN\u00c7AS<\/td>\n<\/tr>\n<tr>\n<td>Lilian Cristina Schreiner<\/td>\n<td>USP &#8211; Universidade de S\u00e3o Paulo<\/td>\n<td>TECNOLOGICA<\/td>\n<\/tr>\n<tr>\n<td>Manuella Maia Ribeiro<\/td>\n<td>FGV\/SP<\/td>\n<td>ADM P\u00daBLICA<\/td>\n<\/tr>\n<tr>\n<td>Marco Antonio Batista da Silva<\/td>\n<td>UNINOVE \u2013 Universidade Nove de Julho<\/td>\n<td>GEST\u00c3O DE PESSOAS<\/td>\n<\/tr>\n<tr>\n<td>Marco Ant\u00f4nio Silva<\/td>\n<td>ESPM<\/td>\n<td>ENSINO E PESQUISA<\/td>\n<\/tr>\n<tr>\n<td>Marcus Vin\u00edcius Peinado Gomes<\/td>\n<td>Funda\u00e7\u00e3o Get\u00falio vargas<\/td>\n<td>ADM P\u00daBLICA<\/td>\n<\/tr>\n<tr>\n<td>Maria Laura Ferranty MacLennan<\/td>\n<td>USP &#8211; Universidade de S\u00e3o Paulo<\/td>\n<td>ESTRAT\u00c9GIA<\/td>\n<\/tr>\n<tr>\n<td>Marina Dantas de Figueiredo<\/td>\n<td>Universidade de Fortaleza &#8211; UNIFOR<\/td>\n<td>ESTUDOS ORGANIZACIONAIS<\/td>\n<\/tr>\n<tr>\n<td>Nelsio Rodrigues de Abreu<\/td>\n<td>Universidade Federal da Para\u00edba &#8211; UFPB<\/td>\n<td>MARKETING<\/td>\n<\/tr>\n<tr>\n<td>PEDRO EINSTEIN DOS SANTOS ANCELES<\/td>\n<td>USP &#8211; Universidade de S\u00e3o Paulo<\/td>\n<td>ESTRAT\u00c9GIA<\/td>\n<\/tr>\n<tr>\n<td>Raoni Barros Bagno<\/td>\n<td>PUC Minas<\/td>\n<td>OPERA\u00c7\u00d5ES<\/td>\n<\/tr>\n<tr>\n<td>Renata S. Bernardes de Queiroz<\/td>\n<td>USP &#8211; Universidade de S\u00e3o Paulo<\/td>\n<td>TECNOLOGICA<\/td>\n<\/tr>\n<tr>\n<td>Roberto Campos da Rocha Miranda<\/td>\n<td>Cefor\/C\u00e2mara dos Deputados<\/td>\n<td>ADM P\u00daBLICA<\/td>\n<\/tr>\n<tr>\n<td>ROBERTO CARLOS BERNARDES<\/td>\n<td>Centro Universit\u00e1rio da FEI<\/td>\n<td>GEST\u00c3O DA INOVA\u00c7\u00c3O<\/td>\n<\/tr>\n<tr>\n<td>Rodrigo Baroni de Carvalho<\/td>\n<td>PUC Minas<\/td>\n<td>TECNOLOGIA DA INFO<\/td>\n<\/tr>\n<tr>\n<td>RODRIGO DE SOUZA GON\u00c7ALVES<\/td>\n<td>UNB &#8211; Universidade de Bras\u00edlia<\/td>\n<td>FINAN\u00c7AS<\/td>\n<\/tr>\n<tr>\n<td>Sandro A Gon\u00e7alves<\/td>\n<td>Universidade Federal do Paran\u00e1 &#8211; UFPR<\/td>\n<td>ESTUDOS ORGANIZACIONAIS<\/td>\n<\/tr>\n<tr>\n<td>Sergio Silva Braga Junior<\/td>\n<td>UNESP<\/td>\n<td>MARKETING<\/td>\n<\/tr>\n<tr>\n<td>Tania Pereira Christopoulos<\/td>\n<td>USP &#8211; Universidade de S\u00e3o Paulo<\/td>\n<td>ADM P\u00daBLICA<\/td>\n<\/tr>\n<tr>\n<td>Tarcita Cabral Ghizoni de Sousa<\/td>\n<td>Universidade do Vale do Itaja\u00ed &#8211; UNIVALI<\/td>\n<td>ENSINO E PESQUISA<\/td>\n<\/tr>\n<tr>\n<td>Wilson Aparecido Costa de Amorim<\/td>\n<td>Faculdade de Economia, Administra\u00e7\u00e3o e Contabilidade (FEA-USP)<\/td>\n<td>GEST\u00c3O DE PESSOAS<\/p>\n<p>&nbsp;<\/td>\n<\/tr>\n<\/tbody>\n<\/table>\n<p><a href=\"https:\/\/semead.com.br\/17\/wp-content\/uploads\/sites\/3\/2013\/04\/Semead-2014-Premiacao.pdf\" class=\"symple-button  teal  symple-all\" target=\"_blank\" title=\"Premia\u00e7\u00e3o\"><span class=\"symple-button-inner\">Resultado da Premia\u00e7\u00e3o<\/span><\/a><\/p>\n","protected":false},"excerpt":{"rendered":"<p>INDICADOS A PR\u00caMIO &#8220;MELHOR AVALIADOR POR \u00c1REA&#8221; NOME INSITUI\u00c7\u00c3O \u00c1REA Adilson Caldeira Universidade Presbiteriana Mackenzie TECNOLOGIA DA INFO ALEXANDRE RIPAMONTI USP &#8211; Universidade de S\u00e3o Paulo FINAN\u00c7AS Alvaro Machado Dias Universidade Federal de S\u00e3o Paulo &#8211; UNIFESP TECNOLOGICA Ana Julia Dal Forno Universidade Federal de Santa Catarina OPERA\u00c7\u00d5ES Andr\u00e9 Lu\u00eds de Castro Moura Duarte Insper&#8230;<\/p>\n","protected":false},"author":1,"featured_media":0,"parent":11666,"menu_order":0,"comment_status":"open","ping_status":"open","template":"","meta":{"_acf_changed":false,"_monsterinsights_skip_tracking":false,"_monsterinsights_sitenote_active":false,"_monsterinsights_sitenote_note":"","_monsterinsights_sitenote_category":0,"footnotes":""},"class_list":["post-11592","page","type-page","status-publish","hentry"],"acf":[],"yoast_head":"<!-- This site is optimized with the Yoast SEO plugin v27.5 - https:\/\/yoast.com\/product\/yoast-seo-wordpress\/ -->\n<title>Melhor Avaliador por \u00c1rea - XVII SemeAd<\/title>\n<meta name=\"robots\" content=\"index, follow, max-snippet:-1, max-image-preview:large, max-video-preview:-1\" \/>\n<link rel=\"canonical\" href=\"https:\/\/semead.com.br\/17\/evento\/melhor-avaliador-por-area\/\" \/>\n<meta property=\"og:locale\" content=\"en_US\" \/>\n<meta property=\"og:type\" content=\"article\" \/>\n<meta property=\"og:title\" content=\"Melhor Avaliador por \u00c1rea - XVII SemeAd\" \/>\n<meta property=\"og:description\" content=\"INDICADOS A PR\u00caMIO &#8220;MELHOR AVALIADOR POR \u00c1REA&#8221; NOME INSITUI\u00c7\u00c3O \u00c1REA Adilson Caldeira Universidade Presbiteriana Mackenzie TECNOLOGIA DA INFO ALEXANDRE RIPAMONTI USP &#8211; Universidade de S\u00e3o Paulo FINAN\u00c7AS Alvaro Machado Dias Universidade Federal de S\u00e3o Paulo &#8211; UNIFESP TECNOLOGICA Ana Julia Dal Forno Universidade Federal de Santa Catarina OPERA\u00c7\u00d5ES Andr\u00e9 Lu\u00eds de Castro Moura Duarte Insper...\" \/>\n<meta property=\"og:url\" content=\"https:\/\/semead.com.br\/17\/evento\/melhor-avaliador-por-area\/\" \/>\n<meta property=\"og:site_name\" content=\"XVII SemeAd\" \/>\n<meta name=\"twitter:card\" content=\"summary_large_image\" \/>\n<meta name=\"twitter:label1\" content=\"Est. reading time\" \/>\n\t<meta name=\"twitter:data1\" content=\"3 minutes\" \/>\n<script type=\"application\/ld+json\" class=\"yoast-schema-graph\">{\"@context\":\"https:\\\/\\\/schema.org\",\"@graph\":[{\"@type\":\"WebPage\",\"@id\":\"https:\\\/\\\/semead.com.br\\\/17\\\/evento\\\/melhor-avaliador-por-area\\\/\",\"url\":\"https:\\\/\\\/semead.com.br\\\/17\\\/evento\\\/melhor-avaliador-por-area\\\/\",\"name\":\"Melhor Avaliador por \u00c1rea - XVII SemeAd\",\"isPartOf\":{\"@id\":\"https:\\\/\\\/semead.com.br\\\/17\\\/#website\"},\"datePublished\":\"2014-10-28T14:27:10+00:00\",\"breadcrumb\":{\"@id\":\"https:\\\/\\\/semead.com.br\\\/17\\\/evento\\\/melhor-avaliador-por-area\\\/#breadcrumb\"},\"inLanguage\":\"en-US\",\"potentialAction\":[{\"@type\":\"ReadAction\",\"target\":[\"https:\\\/\\\/semead.com.br\\\/17\\\/evento\\\/melhor-avaliador-por-area\\\/\"]}]},{\"@type\":\"BreadcrumbList\",\"@id\":\"https:\\\/\\\/semead.com.br\\\/17\\\/evento\\\/melhor-avaliador-por-area\\\/#breadcrumb\",\"itemListElement\":[{\"@type\":\"ListItem\",\"position\":1,\"name\":\"In\u00edcio\",\"item\":\"https:\\\/\\\/semead.com.br\\\/17\\\/\"},{\"@type\":\"ListItem\",\"position\":2,\"name\":\"Evento\",\"item\":\"https:\\\/\\\/semead.com.br\\\/17\\\/evento\\\/\"},{\"@type\":\"ListItem\",\"position\":3,\"name\":\"Melhor Avaliador por \u00c1rea\"}]},{\"@type\":\"WebSite\",\"@id\":\"https:\\\/\\\/semead.com.br\\\/17\\\/#website\",\"url\":\"https:\\\/\\\/semead.com.br\\\/17\\\/\",\"name\":\"XVII SemeAd\",\"description\":\"Just another SemeAd site\",\"potentialAction\":[{\"@type\":\"SearchAction\",\"target\":{\"@type\":\"EntryPoint\",\"urlTemplate\":\"https:\\\/\\\/semead.com.br\\\/17\\\/?s={search_term_string}\"},\"query-input\":{\"@type\":\"PropertyValueSpecification\",\"valueRequired\":true,\"valueName\":\"search_term_string\"}}],\"inLanguage\":\"en-US\"}]}<\/script>\n<!-- \/ Yoast SEO plugin. -->","yoast_head_json":{"title":"Melhor Avaliador por \u00c1rea - XVII SemeAd","robots":{"index":"index","follow":"follow","max-snippet":"max-snippet:-1","max-image-preview":"max-image-preview:large","max-video-preview":"max-video-preview:-1"},"canonical":"https:\/\/semead.com.br\/17\/evento\/melhor-avaliador-por-area\/","og_locale":"en_US","og_type":"article","og_title":"Melhor Avaliador por \u00c1rea - XVII SemeAd","og_description":"INDICADOS A PR\u00caMIO &#8220;MELHOR AVALIADOR POR \u00c1REA&#8221; NOME INSITUI\u00c7\u00c3O \u00c1REA Adilson Caldeira Universidade Presbiteriana Mackenzie TECNOLOGIA DA INFO ALEXANDRE RIPAMONTI USP &#8211; Universidade de S\u00e3o Paulo FINAN\u00c7AS Alvaro Machado Dias Universidade Federal de S\u00e3o Paulo &#8211; UNIFESP TECNOLOGICA Ana Julia Dal Forno Universidade Federal de Santa Catarina OPERA\u00c7\u00d5ES Andr\u00e9 Lu\u00eds de Castro Moura Duarte Insper...","og_url":"https:\/\/semead.com.br\/17\/evento\/melhor-avaliador-por-area\/","og_site_name":"XVII SemeAd","twitter_card":"summary_large_image","twitter_misc":{"Est. reading time":"3 minutes"},"schema":{"@context":"https:\/\/schema.org","@graph":[{"@type":"WebPage","@id":"https:\/\/semead.com.br\/17\/evento\/melhor-avaliador-por-area\/","url":"https:\/\/semead.com.br\/17\/evento\/melhor-avaliador-por-area\/","name":"Melhor Avaliador por \u00c1rea - XVII SemeAd","isPartOf":{"@id":"https:\/\/semead.com.br\/17\/#website"},"datePublished":"2014-10-28T14:27:10+00:00","breadcrumb":{"@id":"https:\/\/semead.com.br\/17\/evento\/melhor-avaliador-por-area\/#breadcrumb"},"inLanguage":"en-US","potentialAction":[{"@type":"ReadAction","target":["https:\/\/semead.com.br\/17\/evento\/melhor-avaliador-por-area\/"]}]},{"@type":"BreadcrumbList","@id":"https:\/\/semead.com.br\/17\/evento\/melhor-avaliador-por-area\/#breadcrumb","itemListElement":[{"@type":"ListItem","position":1,"name":"In\u00edcio","item":"https:\/\/semead.com.br\/17\/"},{"@type":"ListItem","position":2,"name":"Evento","item":"https:\/\/semead.com.br\/17\/evento\/"},{"@type":"ListItem","position":3,"name":"Melhor Avaliador por \u00c1rea"}]},{"@type":"WebSite","@id":"https:\/\/semead.com.br\/17\/#website","url":"https:\/\/semead.com.br\/17\/","name":"XVII SemeAd","description":"Just another SemeAd site","potentialAction":[{"@type":"SearchAction","target":{"@type":"EntryPoint","urlTemplate":"https:\/\/semead.com.br\/17\/?s={search_term_string}"},"query-input":{"@type":"PropertyValueSpecification","valueRequired":true,"valueName":"search_term_string"}}],"inLanguage":"en-US"}]}},"_links":{"self":[{"href":"https:\/\/semead.com.br\/17\/wp-json\/wp\/v2\/pages\/11592","targetHints":{"allow":["GET"]}}],"collection":[{"href":"https:\/\/semead.com.br\/17\/wp-json\/wp\/v2\/pages"}],"about":[{"href":"https:\/\/semead.com.br\/17\/wp-json\/wp\/v2\/types\/page"}],"author":[{"embeddable":true,"href":"https:\/\/semead.com.br\/17\/wp-json\/wp\/v2\/users\/1"}],"replies":[{"embeddable":true,"href":"https:\/\/semead.com.br\/17\/wp-json\/wp\/v2\/comments?post=11592"}],"version-history":[{"count":0,"href":"https:\/\/semead.com.br\/17\/wp-json\/wp\/v2\/pages\/11592\/revisions"}],"up":[{"embeddable":true,"href":"https:\/\/semead.com.br\/17\/wp-json\/wp\/v2\/pages\/11666"}],"wp:attachment":[{"href":"https:\/\/semead.com.br\/17\/wp-json\/wp\/v2\/media?parent=11592"}],"curies":[{"name":"wp","href":"https:\/\/api.w.org\/{rel}","templated":true}]}}