{"id":13,"date":"2013-04-26T00:10:07","date_gmt":"2013-04-26T00:10:07","guid":{"rendered":"http:\/\/semead.com.br\/?page_id=13"},"modified":"2013-04-26T00:10:07","modified_gmt":"2013-04-26T00:10:07","slug":"financas","status":"publish","type":"page","link":"https:\/\/semead.com.br\/17\/areas\/financas\/","title":{"rendered":"Finan\u00e7as"},"content":{"rendered":"<p><span style=\"font-size: medium\"><strong>Coordenador: Prof. Dr. Roy Martelanc \u2013 FEA\/USP<\/strong><\/span><\/p>\n<p><strong>1. Estrutura de capital e capital de giro<\/strong><\/p>\n<p style=\"padding-left: 30px;text-align: justify\">Estrutura de capital, custo de capital, capital de giro, intang\u00edveis, gera\u00e7\u00e3o de valor, avalia\u00e7\u00e3o de empresas.<\/p>\n<p style=\"padding-left: 30px\"><em><span style=\"color: #222222\">\u00a0Prof. Dr. Eduardo Lucchesi Pozzi (Fecap)<\/span><\/em><\/p>\n<p><strong>\u00a02. Estrutura\u00e7\u00e3o e reestrutura\u00e7\u00e3o financeira<\/strong><\/p>\n<p style=\"padding-left: 30px;text-align: justify\">Estrutura de propriedade, reestrutura\u00e7\u00e3o financeira, fundos de private equity e venture capital, fus\u00f5es e aquisi\u00e7\u00f5es, emiss\u00f5es de a\u00e7\u00f5es, an\u00e1lise de projetos de investimento.<\/p>\n<p style=\"padding-left: 30px\"><em><span style=\"color: #222222\">Prof. Dr. Wilson Toshiro Nakamura (Mackenzie)<\/span><\/em><\/p>\n<p><strong>3. Governan\u00e7a e dividendos<\/strong><\/p>\n<p style=\"padding-left: 30px;text-align: justify\">Governan\u00e7a corporativa, teoria da ag\u00eancia, gerenciamento de resultados, pol\u00edticas de dividendos.<\/p>\n<p style=\"padding-left: 30px\"><em><span style=\"color: #222222\">Profa. Dra. Elizabeth Krauter (FEARP)<\/span><\/em><\/p>\n<p><strong>\u00a04. T\u00e9cnicas de investimento<\/strong><\/p>\n<p style=\"padding-left: 30px;text-align: justify\">Pol\u00edticas de investimento no mercado de capitais, an\u00e1lise fundamentalista, an\u00e1lise t\u00e9cnica, performance de carteiras.<\/p>\n<p style=\"padding-left: 30px\"><em><span style=\"color: #222222\">Prof. Dr. Ricardo Goulart Serra (Insper)<\/span><\/em><\/p>\n<p><strong>5. Finan\u00e7as comportamentais e pessoais<\/strong><\/p>\n<p style=\"padding-left: 30px\">Finan\u00e7as comportamentais, finan\u00e7as pessoais.<\/p>\n<p style=\"padding-left: 30px\"><em><span style=\"color: #222222\">Prof. Dr. Wesley Mendes-da-Silva (FGV)<\/span><\/em><\/p>\n<p><strong>6. Apre\u00e7amento de ativos<\/strong><\/p>\n<p style=\"padding-left: 30px\">Apre\u00e7amento de ativos, apre\u00e7amento de derivativos, efici\u00eancia de mercado, anomalias de mercado.<\/p>\n<p style=\"padding-left: 30px\"><em><span style=\"color: #222222\">\u00a0Prof. Dr. Herbert Kimura (UNB)<\/span><\/em><\/p>\n<p><strong>7. Contabilidade financeira e gerencial<\/strong><\/p>\n<p style=\"padding-left: 30px;text-align: justify\">Contabilidade financeira, auditoria, contabilidade gerencial, planejamento e controle financeiro, custos.<\/p>\n<p style=\"padding-left: 30px\"><em><span style=\"color: #222222\">Profa. Dra. Luciana Massaro Onusic (UNIFESP)<\/span><\/em><\/p>\n<p><strong>8. Institui\u00e7\u00f5es financeiras<\/strong><\/p>\n<p style=\"padding-left: 30px;text-align: justify\">Institui\u00e7\u00f5es financeiras, institui\u00e7\u00f5s securit\u00e1rias, demonstra\u00e7\u00f5es financeiras de IFs, gest\u00e3o de risco em IFs, fontes de recurso de terceiros, securitiza\u00e7\u00e3o.<\/p>\n<p style=\"padding-left: 30px\"><em><span style=\"color: #222222\">\u00a0Prof. Dr. Carlos Eduardo de Mori Luporini (FEA)<\/span><\/em><\/p>\n<p><strong>9. Cr\u00e9dito<\/strong><\/p>\n<p style=\"padding-left: 30px\">An\u00e1lise de cr\u00e9dito, an\u00e1lise de demonstrativos financeiros, gest\u00e3o de risco corporativo.<\/p>\n<p style=\"padding-left: 30px\"><em><span style=\"color: #222222\">Profa. Dra. Rosana Tavares (FEA)<\/span><\/em><\/p>\n<p>\u00a0<span style=\"color: #555555\">Para submeter relatos t\u00e9cnicos da \u00e1rea de Finan\u00e7as,\u00a0<\/span><a style=\"color: #2c95ea\" title=\"Tecnol\u00f3gica\" href=\"http:\/\/semead.com.br\/areas\/tecnologica\/\">clique aqui<\/a><span style=\"color: #555555\">.<\/span><\/p>\n","protected":false},"excerpt":{"rendered":"<p>Coordenador: Prof. Dr. Roy Martelanc \u2013 FEA\/USP 1. Estrutura de capital e capital de giro Estrutura de capital, custo de capital, capital de giro, intang\u00edveis, gera\u00e7\u00e3o de valor, avalia\u00e7\u00e3o de empresas. \u00a0Prof. Dr. Eduardo Lucchesi Pozzi (Fecap) \u00a02. Estrutura\u00e7\u00e3o e reestrutura\u00e7\u00e3o financeira Estrutura de propriedade, reestrutura\u00e7\u00e3o financeira, fundos de private equity e venture capital, fus\u00f5es&#8230;<\/p>\n","protected":false},"author":1,"featured_media":0,"parent":9,"menu_order":4,"comment_status":"open","ping_status":"closed","template":"","meta":{"_acf_changed":false,"_monsterinsights_skip_tracking":false,"_monsterinsights_sitenote_active":false,"_monsterinsights_sitenote_note":"","_monsterinsights_sitenote_category":0,"footnotes":""},"class_list":["post-13","page","type-page","status-publish","hentry"],"acf":[],"yoast_head":"<!-- This site is optimized with the Yoast SEO plugin v27.5 - https:\/\/yoast.com\/product\/yoast-seo-wordpress\/ -->\n<title>Finan\u00e7as - XVII SemeAd<\/title>\n<meta name=\"robots\" content=\"index, follow, max-snippet:-1, max-image-preview:large, max-video-preview:-1\" \/>\n<link rel=\"canonical\" href=\"https:\/\/semead.com.br\/17\/areas\/financas\/\" \/>\n<meta property=\"og:locale\" content=\"en_US\" \/>\n<meta property=\"og:type\" content=\"article\" \/>\n<meta property=\"og:title\" content=\"Finan\u00e7as - XVII SemeAd\" \/>\n<meta property=\"og:description\" content=\"Coordenador: Prof. Dr. Roy Martelanc \u2013 FEA\/USP 1. Estrutura de capital e capital de giro Estrutura de capital, custo de capital, capital de giro, intang\u00edveis, gera\u00e7\u00e3o de valor, avalia\u00e7\u00e3o de empresas. \u00a0Prof. Dr. Eduardo Lucchesi Pozzi (Fecap) \u00a02. Estrutura\u00e7\u00e3o e reestrutura\u00e7\u00e3o financeira Estrutura de propriedade, reestrutura\u00e7\u00e3o financeira, fundos de private equity e venture capital, fus\u00f5es...\" \/>\n<meta property=\"og:url\" content=\"https:\/\/semead.com.br\/17\/areas\/financas\/\" \/>\n<meta property=\"og:site_name\" content=\"XVII SemeAd\" \/>\n<meta name=\"twitter:card\" content=\"summary_large_image\" \/>\n<meta name=\"twitter:label1\" content=\"Est. reading time\" \/>\n\t<meta name=\"twitter:data1\" content=\"1 minute\" \/>\n<script type=\"application\/ld+json\" class=\"yoast-schema-graph\">{\"@context\":\"https:\\\/\\\/schema.org\",\"@graph\":[{\"@type\":\"WebPage\",\"@id\":\"https:\\\/\\\/semead.com.br\\\/17\\\/areas\\\/financas\\\/\",\"url\":\"https:\\\/\\\/semead.com.br\\\/17\\\/areas\\\/financas\\\/\",\"name\":\"Finan\u00e7as - XVII SemeAd\",\"isPartOf\":{\"@id\":\"https:\\\/\\\/semead.com.br\\\/17\\\/#website\"},\"datePublished\":\"2013-04-26T00:10:07+00:00\",\"breadcrumb\":{\"@id\":\"https:\\\/\\\/semead.com.br\\\/17\\\/areas\\\/financas\\\/#breadcrumb\"},\"inLanguage\":\"en-US\",\"potentialAction\":[{\"@type\":\"ReadAction\",\"target\":[\"https:\\\/\\\/semead.com.br\\\/17\\\/areas\\\/financas\\\/\"]}]},{\"@type\":\"BreadcrumbList\",\"@id\":\"https:\\\/\\\/semead.com.br\\\/17\\\/areas\\\/financas\\\/#breadcrumb\",\"itemListElement\":[{\"@type\":\"ListItem\",\"position\":1,\"name\":\"In\u00edcio\",\"item\":\"https:\\\/\\\/semead.com.br\\\/17\\\/\"},{\"@type\":\"ListItem\",\"position\":2,\"name\":\"\u00c1reas\",\"item\":\"https:\\\/\\\/semead.com.br\\\/17\\\/areas\\\/\"},{\"@type\":\"ListItem\",\"position\":3,\"name\":\"Finan\u00e7as\"}]},{\"@type\":\"WebSite\",\"@id\":\"https:\\\/\\\/semead.com.br\\\/17\\\/#website\",\"url\":\"https:\\\/\\\/semead.com.br\\\/17\\\/\",\"name\":\"XVII SemeAd\",\"description\":\"Just another SemeAd site\",\"potentialAction\":[{\"@type\":\"SearchAction\",\"target\":{\"@type\":\"EntryPoint\",\"urlTemplate\":\"https:\\\/\\\/semead.com.br\\\/17\\\/?s={search_term_string}\"},\"query-input\":{\"@type\":\"PropertyValueSpecification\",\"valueRequired\":true,\"valueName\":\"search_term_string\"}}],\"inLanguage\":\"en-US\"}]}<\/script>\n<!-- \/ Yoast SEO plugin. -->","yoast_head_json":{"title":"Finan\u00e7as - XVII SemeAd","robots":{"index":"index","follow":"follow","max-snippet":"max-snippet:-1","max-image-preview":"max-image-preview:large","max-video-preview":"max-video-preview:-1"},"canonical":"https:\/\/semead.com.br\/17\/areas\/financas\/","og_locale":"en_US","og_type":"article","og_title":"Finan\u00e7as - XVII SemeAd","og_description":"Coordenador: Prof. Dr. Roy Martelanc \u2013 FEA\/USP 1. Estrutura de capital e capital de giro Estrutura de capital, custo de capital, capital de giro, intang\u00edveis, gera\u00e7\u00e3o de valor, avalia\u00e7\u00e3o de empresas. \u00a0Prof. Dr. Eduardo Lucchesi Pozzi (Fecap) \u00a02. Estrutura\u00e7\u00e3o e reestrutura\u00e7\u00e3o financeira Estrutura de propriedade, reestrutura\u00e7\u00e3o financeira, fundos de private equity e venture capital, fus\u00f5es...","og_url":"https:\/\/semead.com.br\/17\/areas\/financas\/","og_site_name":"XVII SemeAd","twitter_card":"summary_large_image","twitter_misc":{"Est. reading time":"1 minute"},"schema":{"@context":"https:\/\/schema.org","@graph":[{"@type":"WebPage","@id":"https:\/\/semead.com.br\/17\/areas\/financas\/","url":"https:\/\/semead.com.br\/17\/areas\/financas\/","name":"Finan\u00e7as - XVII SemeAd","isPartOf":{"@id":"https:\/\/semead.com.br\/17\/#website"},"datePublished":"2013-04-26T00:10:07+00:00","breadcrumb":{"@id":"https:\/\/semead.com.br\/17\/areas\/financas\/#breadcrumb"},"inLanguage":"en-US","potentialAction":[{"@type":"ReadAction","target":["https:\/\/semead.com.br\/17\/areas\/financas\/"]}]},{"@type":"BreadcrumbList","@id":"https:\/\/semead.com.br\/17\/areas\/financas\/#breadcrumb","itemListElement":[{"@type":"ListItem","position":1,"name":"In\u00edcio","item":"https:\/\/semead.com.br\/17\/"},{"@type":"ListItem","position":2,"name":"\u00c1reas","item":"https:\/\/semead.com.br\/17\/areas\/"},{"@type":"ListItem","position":3,"name":"Finan\u00e7as"}]},{"@type":"WebSite","@id":"https:\/\/semead.com.br\/17\/#website","url":"https:\/\/semead.com.br\/17\/","name":"XVII SemeAd","description":"Just another SemeAd site","potentialAction":[{"@type":"SearchAction","target":{"@type":"EntryPoint","urlTemplate":"https:\/\/semead.com.br\/17\/?s={search_term_string}"},"query-input":{"@type":"PropertyValueSpecification","valueRequired":true,"valueName":"search_term_string"}}],"inLanguage":"en-US"}]}},"_links":{"self":[{"href":"https:\/\/semead.com.br\/17\/wp-json\/wp\/v2\/pages\/13","targetHints":{"allow":["GET"]}}],"collection":[{"href":"https:\/\/semead.com.br\/17\/wp-json\/wp\/v2\/pages"}],"about":[{"href":"https:\/\/semead.com.br\/17\/wp-json\/wp\/v2\/types\/page"}],"author":[{"embeddable":true,"href":"https:\/\/semead.com.br\/17\/wp-json\/wp\/v2\/users\/1"}],"replies":[{"embeddable":true,"href":"https:\/\/semead.com.br\/17\/wp-json\/wp\/v2\/comments?post=13"}],"version-history":[{"count":0,"href":"https:\/\/semead.com.br\/17\/wp-json\/wp\/v2\/pages\/13\/revisions"}],"up":[{"embeddable":true,"href":"https:\/\/semead.com.br\/17\/wp-json\/wp\/v2\/pages\/9"}],"wp:attachment":[{"href":"https:\/\/semead.com.br\/17\/wp-json\/wp\/v2\/media?parent=13"}],"curies":[{"name":"wp","href":"https:\/\/api.w.org\/{rel}","templated":true}]}}