{"id":14,"date":"2013-04-26T00:11:27","date_gmt":"2013-04-26T00:11:27","guid":{"rendered":"http:\/\/semead.com.br\/?page_id=14"},"modified":"2013-04-26T00:11:27","modified_gmt":"2013-04-26T00:11:27","slug":"gestao-de-pessoas","status":"publish","type":"page","link":"https:\/\/semead.com.br\/17\/areas\/gestao-de-pessoas\/","title":{"rendered":"Gest\u00e3o de Pessoas"},"content":{"rendered":"<p><span style=\"font-size: medium\"><strong>Coordenador: Prof. Dr. Edson Kubo \u2013 USCS<\/strong><\/span><\/p>\n<p><strong>1. Temas emergentes e modismos em gest\u00e3o de pessoas<\/strong><\/p>\n<p style=\"padding-left: 30px;text-align: justify\">Novas tend\u00eancias em Gest\u00e3o de Pessoas, abordado com uma perspectiva cr\u00edtica dos discursos e modismos que envolvem o tema.<\/p>\n<p style=\"padding-left: 30px\"><em>Prof. Dr. Marcelo Ant\u00f4nio Treff &#8211; PUC\/SP<\/em><\/p>\n<p><strong>\u00a02. Carreiras, Compet\u00eancias e Internacional<\/strong><\/p>\n<p style=\"padding-left: 30px;text-align: justify\">Tipos de carreiras, as gera\u00e7\u00f5es dos profissionais, compet\u00eancias individuas e ou\/ organizacionais demandadas pelas empresas em uma perspectiva nacional ou internacional.<\/p>\n<p style=\"padding-left: 30px\"><em>Prof. Dr. Silvio Roberto Stefano &#8211; UNICENTRO<\/em><\/p>\n<p><strong>\u00a03. Incentivos, Remunera\u00e7\u00e3o e Satisfa\u00e7\u00e3o no trabalho<\/strong><\/p>\n<p style=\"padding-left: 30px;text-align: justify\">Incentivos organizacionais, que contribuem para o bem-estar do elemento humano nas organiza\u00e7\u00f5es, al\u00e9m da qualidade e sentido no trabalho.<\/p>\n<p style=\"padding-left: 30px\"><em>Profa. Dra. Andrea Leite Rodrigues \u2013 EACH\/USP<\/em><\/p>\n<p><strong>\u00a0 4. Gest\u00e3o de Pessoas e Rela\u00e7\u00f5es de Trabalho<\/strong><\/p>\n<p style=\"padding-left: 30px;text-align: justify\">Representa\u00e7\u00e3o do trabalhador &#8211; diversidade, contrato psicol\u00f3gico e intera\u00e7\u00e3o humana em ambiente organizacional, incluindo as rela\u00e7\u00f5es sindicais e a voz dos empregados em gest\u00e3o de pessoas.<\/p>\n<p style=\"padding-left: 30px\"><em>Prof. Dr. Victor de la Paz Richarte Martinez \u2013 ESPM<\/em><\/p>\n<p><strong>5. Pol\u00edticas, Modelos e Pr\u00e1ticas<\/strong><\/p>\n<p style=\"padding-left: 30px;text-align: justify\">Converg\u00eancias e diverg\u00eancias entre os quadros te\u00f3ricos e as pol\u00edticas, modelos e pr\u00e1ticas de gest\u00e3o de pessoas institucionalizadas no contexto das organiza\u00e7\u00f5es. Pol\u00edticas, modelos e pr\u00e1ticas para aprimorar a gest\u00e3o de pessoas e suas fun\u00e7\u00f5es, tais como recrutamento, sele\u00e7\u00e3o, gest\u00e3o do desempenho, higiene e seguran\u00e7a no trabalho, avalia\u00e7\u00e3o de resultados, assim como a reformula\u00e7\u00e3o da \u00e1rea de gest\u00e3o de pessoas nas organiza\u00e7\u00f5es.<\/p>\n<p style=\"padding-left: 30px\"><em>Profa. Dra. Ana Carolina de Aguiar Rodrigues &#8211; FEA\/USP<\/em><\/p>\n<p>\u00a0<span style=\"color: #555555\">Para submeter relatos t\u00e9cnicos da \u00e1rea de Gest\u00e3o de Pessoas,\u00a0<\/span><a style=\"color: #2c95ea\" title=\"Tecnol\u00f3gica\" href=\"http:\/\/semead.com.br\/areas\/tecnologica\/\">clique aqui<\/a><span style=\"color: #555555\">.<\/span><\/p>\n","protected":false},"excerpt":{"rendered":"<p>Coordenador: Prof. Dr. Edson Kubo \u2013 USCS 1. Temas emergentes e modismos em gest\u00e3o de pessoas Novas tend\u00eancias em Gest\u00e3o de Pessoas, abordado com uma perspectiva cr\u00edtica dos discursos e modismos que envolvem o tema. Prof. Dr. Marcelo Ant\u00f4nio Treff &#8211; PUC\/SP \u00a02. Carreiras, Compet\u00eancias e Internacional Tipos de carreiras, as gera\u00e7\u00f5es dos profissionais, compet\u00eancias&#8230;<\/p>\n","protected":false},"author":1,"featured_media":0,"parent":9,"menu_order":5,"comment_status":"open","ping_status":"closed","template":"","meta":{"_acf_changed":false,"_monsterinsights_skip_tracking":false,"_monsterinsights_sitenote_active":false,"_monsterinsights_sitenote_note":"","_monsterinsights_sitenote_category":0,"footnotes":""},"class_list":["post-14","page","type-page","status-publish","hentry"],"acf":[],"yoast_head":"<!-- This site is optimized with the Yoast SEO plugin v27.5 - https:\/\/yoast.com\/product\/yoast-seo-wordpress\/ -->\n<title>Gest\u00e3o de Pessoas - XVII SemeAd<\/title>\n<meta name=\"robots\" content=\"index, follow, max-snippet:-1, max-image-preview:large, max-video-preview:-1\" \/>\n<link rel=\"canonical\" href=\"https:\/\/semead.com.br\/17\/areas\/gestao-de-pessoas\/\" \/>\n<meta property=\"og:locale\" content=\"en_US\" \/>\n<meta property=\"og:type\" content=\"article\" \/>\n<meta property=\"og:title\" content=\"Gest\u00e3o de Pessoas - XVII SemeAd\" \/>\n<meta property=\"og:description\" content=\"Coordenador: Prof. Dr. Edson Kubo \u2013 USCS 1. Temas emergentes e modismos em gest\u00e3o de pessoas Novas tend\u00eancias em Gest\u00e3o de Pessoas, abordado com uma perspectiva cr\u00edtica dos discursos e modismos que envolvem o tema. Prof. Dr. Marcelo Ant\u00f4nio Treff &#8211; PUC\/SP \u00a02. Carreiras, Compet\u00eancias e Internacional Tipos de carreiras, as gera\u00e7\u00f5es dos profissionais, compet\u00eancias...\" \/>\n<meta property=\"og:url\" content=\"https:\/\/semead.com.br\/17\/areas\/gestao-de-pessoas\/\" \/>\n<meta property=\"og:site_name\" content=\"XVII SemeAd\" \/>\n<meta name=\"twitter:card\" content=\"summary_large_image\" \/>\n<meta name=\"twitter:label1\" content=\"Est. reading time\" \/>\n\t<meta name=\"twitter:data1\" content=\"1 minute\" \/>\n<script type=\"application\/ld+json\" class=\"yoast-schema-graph\">{\"@context\":\"https:\\\/\\\/schema.org\",\"@graph\":[{\"@type\":\"WebPage\",\"@id\":\"https:\\\/\\\/semead.com.br\\\/17\\\/areas\\\/gestao-de-pessoas\\\/\",\"url\":\"https:\\\/\\\/semead.com.br\\\/17\\\/areas\\\/gestao-de-pessoas\\\/\",\"name\":\"Gest\u00e3o de Pessoas - XVII SemeAd\",\"isPartOf\":{\"@id\":\"https:\\\/\\\/semead.com.br\\\/17\\\/#website\"},\"datePublished\":\"2013-04-26T00:11:27+00:00\",\"breadcrumb\":{\"@id\":\"https:\\\/\\\/semead.com.br\\\/17\\\/areas\\\/gestao-de-pessoas\\\/#breadcrumb\"},\"inLanguage\":\"en-US\",\"potentialAction\":[{\"@type\":\"ReadAction\",\"target\":[\"https:\\\/\\\/semead.com.br\\\/17\\\/areas\\\/gestao-de-pessoas\\\/\"]}]},{\"@type\":\"BreadcrumbList\",\"@id\":\"https:\\\/\\\/semead.com.br\\\/17\\\/areas\\\/gestao-de-pessoas\\\/#breadcrumb\",\"itemListElement\":[{\"@type\":\"ListItem\",\"position\":1,\"name\":\"In\u00edcio\",\"item\":\"https:\\\/\\\/semead.com.br\\\/17\\\/\"},{\"@type\":\"ListItem\",\"position\":2,\"name\":\"\u00c1reas\",\"item\":\"https:\\\/\\\/semead.com.br\\\/17\\\/areas\\\/\"},{\"@type\":\"ListItem\",\"position\":3,\"name\":\"Gest\u00e3o de Pessoas\"}]},{\"@type\":\"WebSite\",\"@id\":\"https:\\\/\\\/semead.com.br\\\/17\\\/#website\",\"url\":\"https:\\\/\\\/semead.com.br\\\/17\\\/\",\"name\":\"XVII SemeAd\",\"description\":\"Just another SemeAd site\",\"potentialAction\":[{\"@type\":\"SearchAction\",\"target\":{\"@type\":\"EntryPoint\",\"urlTemplate\":\"https:\\\/\\\/semead.com.br\\\/17\\\/?s={search_term_string}\"},\"query-input\":{\"@type\":\"PropertyValueSpecification\",\"valueRequired\":true,\"valueName\":\"search_term_string\"}}],\"inLanguage\":\"en-US\"}]}<\/script>\n<!-- \/ Yoast SEO plugin. -->","yoast_head_json":{"title":"Gest\u00e3o de Pessoas - XVII SemeAd","robots":{"index":"index","follow":"follow","max-snippet":"max-snippet:-1","max-image-preview":"max-image-preview:large","max-video-preview":"max-video-preview:-1"},"canonical":"https:\/\/semead.com.br\/17\/areas\/gestao-de-pessoas\/","og_locale":"en_US","og_type":"article","og_title":"Gest\u00e3o de Pessoas - XVII SemeAd","og_description":"Coordenador: Prof. Dr. Edson Kubo \u2013 USCS 1. Temas emergentes e modismos em gest\u00e3o de pessoas Novas tend\u00eancias em Gest\u00e3o de Pessoas, abordado com uma perspectiva cr\u00edtica dos discursos e modismos que envolvem o tema. Prof. Dr. Marcelo Ant\u00f4nio Treff &#8211; PUC\/SP \u00a02. Carreiras, Compet\u00eancias e Internacional Tipos de carreiras, as gera\u00e7\u00f5es dos profissionais, compet\u00eancias...","og_url":"https:\/\/semead.com.br\/17\/areas\/gestao-de-pessoas\/","og_site_name":"XVII SemeAd","twitter_card":"summary_large_image","twitter_misc":{"Est. reading time":"1 minute"},"schema":{"@context":"https:\/\/schema.org","@graph":[{"@type":"WebPage","@id":"https:\/\/semead.com.br\/17\/areas\/gestao-de-pessoas\/","url":"https:\/\/semead.com.br\/17\/areas\/gestao-de-pessoas\/","name":"Gest\u00e3o de Pessoas - XVII SemeAd","isPartOf":{"@id":"https:\/\/semead.com.br\/17\/#website"},"datePublished":"2013-04-26T00:11:27+00:00","breadcrumb":{"@id":"https:\/\/semead.com.br\/17\/areas\/gestao-de-pessoas\/#breadcrumb"},"inLanguage":"en-US","potentialAction":[{"@type":"ReadAction","target":["https:\/\/semead.com.br\/17\/areas\/gestao-de-pessoas\/"]}]},{"@type":"BreadcrumbList","@id":"https:\/\/semead.com.br\/17\/areas\/gestao-de-pessoas\/#breadcrumb","itemListElement":[{"@type":"ListItem","position":1,"name":"In\u00edcio","item":"https:\/\/semead.com.br\/17\/"},{"@type":"ListItem","position":2,"name":"\u00c1reas","item":"https:\/\/semead.com.br\/17\/areas\/"},{"@type":"ListItem","position":3,"name":"Gest\u00e3o de Pessoas"}]},{"@type":"WebSite","@id":"https:\/\/semead.com.br\/17\/#website","url":"https:\/\/semead.com.br\/17\/","name":"XVII SemeAd","description":"Just another SemeAd site","potentialAction":[{"@type":"SearchAction","target":{"@type":"EntryPoint","urlTemplate":"https:\/\/semead.com.br\/17\/?s={search_term_string}"},"query-input":{"@type":"PropertyValueSpecification","valueRequired":true,"valueName":"search_term_string"}}],"inLanguage":"en-US"}]}},"_links":{"self":[{"href":"https:\/\/semead.com.br\/17\/wp-json\/wp\/v2\/pages\/14","targetHints":{"allow":["GET"]}}],"collection":[{"href":"https:\/\/semead.com.br\/17\/wp-json\/wp\/v2\/pages"}],"about":[{"href":"https:\/\/semead.com.br\/17\/wp-json\/wp\/v2\/types\/page"}],"author":[{"embeddable":true,"href":"https:\/\/semead.com.br\/17\/wp-json\/wp\/v2\/users\/1"}],"replies":[{"embeddable":true,"href":"https:\/\/semead.com.br\/17\/wp-json\/wp\/v2\/comments?post=14"}],"version-history":[{"count":0,"href":"https:\/\/semead.com.br\/17\/wp-json\/wp\/v2\/pages\/14\/revisions"}],"up":[{"embeddable":true,"href":"https:\/\/semead.com.br\/17\/wp-json\/wp\/v2\/pages\/9"}],"wp:attachment":[{"href":"https:\/\/semead.com.br\/17\/wp-json\/wp\/v2\/media?parent=14"}],"curies":[{"name":"wp","href":"https:\/\/api.w.org\/{rel}","templated":true}]}}