{"id":16,"date":"2013-04-26T00:12:21","date_gmt":"2013-04-26T00:12:21","guid":{"rendered":"http:\/\/semead.com.br\/?page_id=16"},"modified":"2013-04-26T00:12:21","modified_gmt":"2013-04-26T00:12:21","slug":"gestao-da-tecnologia-da-informacao","status":"publish","type":"page","link":"https:\/\/semead.com.br\/17\/areas\/gestao-da-tecnologia-da-informacao\/","title":{"rendered":"Tecnologia da Informa\u00e7\u00e3o"},"content":{"rendered":"<p><span style=\"font-size: medium\"><strong>Coordenador:\u00a0<strong style=\"color: #222222\">Prof. Dr.\u00a0<strong>Cesar Alexandre Souza \u2013 FEA\/USP.<\/strong><\/strong><\/strong><\/span><\/p>\n<p><strong>1. Gest\u00e3o Estrat\u00e9gica de TI e Governan\u00e7a de TI<\/strong><\/p>\n<p style=\"padding-left: 30px;text-align: justify\">Governan\u00e7a de TI; Gest\u00e3o de TI; alinhamento estrat\u00e9gico de TI; planejamento de TI, Terceiriza\u00e7\u00e3o; An\u00e1lise do Valor de TI; Riscos e seguran\u00e7a em TI; Auditoria de Sistemas; Avalia\u00e7\u00e3o da Ado\u00e7\u00e3o de Frameworks ITIL \/ COBIT; Arquitetura e Infraestrutura em TI&#8221;<\/p>\n<p style=\"padding-left: 30px\"><em>Prof. Dr. Rodrigo Baroni de Carvalho (PUC Minas)<\/em><\/p>\n<p><strong>2. Inova\u00e7\u00f5es em Ti e Redes Sociais<\/strong><\/p>\n<p style=\"padding-left: 30px;text-align: justify\">Estudos que Envolvam a Inova\u00e7\u00e3o em Produtos, Processos, Servi\u00e7os e Modelos de Neg\u00f3cios, pela Aplica\u00e7\u00e3o e Uso de Tecnologias de Informa\u00e7\u00e3o e Redes Sociais. (Inova\u00e7\u00f5es a partir da TI e Redes Sociais).<\/p>\n<p style=\"padding-left: 30px\"><em>Prof. Dr. Gilberto Perez \u2013 Universidade Mackenzie<\/em><\/p>\n<p><strong>3. Sistemas de Informa\u00e7\u00f5es e Impactos Organizacionais da TI<\/strong><\/p>\n<p style=\"padding-left: 30px;text-align: justify\">Ado\u00e7\u00e3o, uso e impactos organizacionais de: Sistemas Empresariais &#8211; Sistemas ERP (Enterprise Resource Planning), CRM (Customer Relationship Management), SCM (Supply Chain Management), BI (Business Intelligence); sistemas interorganizacionais para cadeias colaborativas; computa\u00e7\u00e3o m\u00f3vel; neg\u00f3cios eletr\u00f4nicos; internet banking; ou que abordem a automatiza\u00e7\u00e3o e redesenho de processos administrativos, de neg\u00f3cios e industriais.<\/p>\n<p style=\"padding-left: 30px\"><em>Prof. Dr. S\u00edlvio Carvalho Neto \u2013 UniFACEF<\/em><\/p>\n<p><span style=\"color: #555555\">Para submeter relatos t\u00e9cnicos da \u00e1rea de Tecnologia da Informa\u00e7\u00e3o,\u00a0<\/span><a style=\"color: #2c95ea\" title=\"Tecnol\u00f3gica\" href=\"http:\/\/semead.com.br\/areas\/tecnologica\/\">clique aqui<\/a><span style=\"color: #555555\">.<\/span><\/p>\n","protected":false},"excerpt":{"rendered":"<p>Coordenador:\u00a0Prof. Dr.\u00a0Cesar Alexandre Souza \u2013 FEA\/USP. 1. Gest\u00e3o Estrat\u00e9gica de TI e Governan\u00e7a de TI Governan\u00e7a de TI; Gest\u00e3o de TI; alinhamento estrat\u00e9gico de TI; planejamento de TI, Terceiriza\u00e7\u00e3o; An\u00e1lise do Valor de TI; Riscos e seguran\u00e7a em TI; Auditoria de Sistemas; Avalia\u00e7\u00e3o da Ado\u00e7\u00e3o de Frameworks ITIL \/ COBIT; Arquitetura e Infraestrutura em TI&#8221;&#8230;<\/p>\n","protected":false},"author":1,"featured_media":0,"parent":9,"menu_order":70,"comment_status":"open","ping_status":"closed","template":"","meta":{"_acf_changed":false,"_monsterinsights_skip_tracking":false,"_monsterinsights_sitenote_active":false,"_monsterinsights_sitenote_note":"","_monsterinsights_sitenote_category":0,"footnotes":""},"class_list":["post-16","page","type-page","status-publish","hentry"],"acf":[],"yoast_head":"<!-- This site is optimized with the Yoast SEO plugin v27.5 - https:\/\/yoast.com\/product\/yoast-seo-wordpress\/ -->\n<title>Tecnologia da Informa\u00e7\u00e3o - XVII SemeAd<\/title>\n<meta name=\"robots\" content=\"index, follow, max-snippet:-1, max-image-preview:large, max-video-preview:-1\" \/>\n<link rel=\"canonical\" href=\"https:\/\/semead.com.br\/17\/areas\/gestao-da-tecnologia-da-informacao\/\" \/>\n<meta property=\"og:locale\" content=\"en_US\" \/>\n<meta property=\"og:type\" content=\"article\" \/>\n<meta property=\"og:title\" content=\"Tecnologia da Informa\u00e7\u00e3o - XVII SemeAd\" \/>\n<meta property=\"og:description\" content=\"Coordenador:\u00a0Prof. Dr.\u00a0Cesar Alexandre Souza \u2013 FEA\/USP. 1. Gest\u00e3o Estrat\u00e9gica de TI e Governan\u00e7a de TI Governan\u00e7a de TI; Gest\u00e3o de TI; alinhamento estrat\u00e9gico de TI; planejamento de TI, Terceiriza\u00e7\u00e3o; An\u00e1lise do Valor de TI; Riscos e seguran\u00e7a em TI; Auditoria de Sistemas; Avalia\u00e7\u00e3o da Ado\u00e7\u00e3o de Frameworks ITIL \/ COBIT; Arquitetura e Infraestrutura em TI&#8221;...\" \/>\n<meta property=\"og:url\" content=\"https:\/\/semead.com.br\/17\/areas\/gestao-da-tecnologia-da-informacao\/\" \/>\n<meta property=\"og:site_name\" content=\"XVII SemeAd\" \/>\n<meta name=\"twitter:card\" content=\"summary_large_image\" \/>\n<meta name=\"twitter:label1\" content=\"Est. reading time\" \/>\n\t<meta name=\"twitter:data1\" content=\"1 minute\" \/>\n<script type=\"application\/ld+json\" class=\"yoast-schema-graph\">{\"@context\":\"https:\\\/\\\/schema.org\",\"@graph\":[{\"@type\":\"WebPage\",\"@id\":\"https:\\\/\\\/semead.com.br\\\/17\\\/areas\\\/gestao-da-tecnologia-da-informacao\\\/\",\"url\":\"https:\\\/\\\/semead.com.br\\\/17\\\/areas\\\/gestao-da-tecnologia-da-informacao\\\/\",\"name\":\"Tecnologia da Informa\u00e7\u00e3o - XVII SemeAd\",\"isPartOf\":{\"@id\":\"https:\\\/\\\/semead.com.br\\\/17\\\/#website\"},\"datePublished\":\"2013-04-26T00:12:21+00:00\",\"breadcrumb\":{\"@id\":\"https:\\\/\\\/semead.com.br\\\/17\\\/areas\\\/gestao-da-tecnologia-da-informacao\\\/#breadcrumb\"},\"inLanguage\":\"en-US\",\"potentialAction\":[{\"@type\":\"ReadAction\",\"target\":[\"https:\\\/\\\/semead.com.br\\\/17\\\/areas\\\/gestao-da-tecnologia-da-informacao\\\/\"]}]},{\"@type\":\"BreadcrumbList\",\"@id\":\"https:\\\/\\\/semead.com.br\\\/17\\\/areas\\\/gestao-da-tecnologia-da-informacao\\\/#breadcrumb\",\"itemListElement\":[{\"@type\":\"ListItem\",\"position\":1,\"name\":\"In\u00edcio\",\"item\":\"https:\\\/\\\/semead.com.br\\\/17\\\/\"},{\"@type\":\"ListItem\",\"position\":2,\"name\":\"\u00c1reas\",\"item\":\"https:\\\/\\\/semead.com.br\\\/17\\\/areas\\\/\"},{\"@type\":\"ListItem\",\"position\":3,\"name\":\"Tecnologia da Informa\u00e7\u00e3o\"}]},{\"@type\":\"WebSite\",\"@id\":\"https:\\\/\\\/semead.com.br\\\/17\\\/#website\",\"url\":\"https:\\\/\\\/semead.com.br\\\/17\\\/\",\"name\":\"XVII SemeAd\",\"description\":\"Just another SemeAd site\",\"potentialAction\":[{\"@type\":\"SearchAction\",\"target\":{\"@type\":\"EntryPoint\",\"urlTemplate\":\"https:\\\/\\\/semead.com.br\\\/17\\\/?s={search_term_string}\"},\"query-input\":{\"@type\":\"PropertyValueSpecification\",\"valueRequired\":true,\"valueName\":\"search_term_string\"}}],\"inLanguage\":\"en-US\"}]}<\/script>\n<!-- \/ Yoast SEO plugin. -->","yoast_head_json":{"title":"Tecnologia da Informa\u00e7\u00e3o - XVII SemeAd","robots":{"index":"index","follow":"follow","max-snippet":"max-snippet:-1","max-image-preview":"max-image-preview:large","max-video-preview":"max-video-preview:-1"},"canonical":"https:\/\/semead.com.br\/17\/areas\/gestao-da-tecnologia-da-informacao\/","og_locale":"en_US","og_type":"article","og_title":"Tecnologia da Informa\u00e7\u00e3o - XVII SemeAd","og_description":"Coordenador:\u00a0Prof. Dr.\u00a0Cesar Alexandre Souza \u2013 FEA\/USP. 1. Gest\u00e3o Estrat\u00e9gica de TI e Governan\u00e7a de TI Governan\u00e7a de TI; Gest\u00e3o de TI; alinhamento estrat\u00e9gico de TI; planejamento de TI, Terceiriza\u00e7\u00e3o; An\u00e1lise do Valor de TI; Riscos e seguran\u00e7a em TI; Auditoria de Sistemas; Avalia\u00e7\u00e3o da Ado\u00e7\u00e3o de Frameworks ITIL \/ COBIT; Arquitetura e Infraestrutura em TI&#8221;...","og_url":"https:\/\/semead.com.br\/17\/areas\/gestao-da-tecnologia-da-informacao\/","og_site_name":"XVII SemeAd","twitter_card":"summary_large_image","twitter_misc":{"Est. reading time":"1 minute"},"schema":{"@context":"https:\/\/schema.org","@graph":[{"@type":"WebPage","@id":"https:\/\/semead.com.br\/17\/areas\/gestao-da-tecnologia-da-informacao\/","url":"https:\/\/semead.com.br\/17\/areas\/gestao-da-tecnologia-da-informacao\/","name":"Tecnologia da Informa\u00e7\u00e3o - XVII SemeAd","isPartOf":{"@id":"https:\/\/semead.com.br\/17\/#website"},"datePublished":"2013-04-26T00:12:21+00:00","breadcrumb":{"@id":"https:\/\/semead.com.br\/17\/areas\/gestao-da-tecnologia-da-informacao\/#breadcrumb"},"inLanguage":"en-US","potentialAction":[{"@type":"ReadAction","target":["https:\/\/semead.com.br\/17\/areas\/gestao-da-tecnologia-da-informacao\/"]}]},{"@type":"BreadcrumbList","@id":"https:\/\/semead.com.br\/17\/areas\/gestao-da-tecnologia-da-informacao\/#breadcrumb","itemListElement":[{"@type":"ListItem","position":1,"name":"In\u00edcio","item":"https:\/\/semead.com.br\/17\/"},{"@type":"ListItem","position":2,"name":"\u00c1reas","item":"https:\/\/semead.com.br\/17\/areas\/"},{"@type":"ListItem","position":3,"name":"Tecnologia da Informa\u00e7\u00e3o"}]},{"@type":"WebSite","@id":"https:\/\/semead.com.br\/17\/#website","url":"https:\/\/semead.com.br\/17\/","name":"XVII SemeAd","description":"Just another SemeAd site","potentialAction":[{"@type":"SearchAction","target":{"@type":"EntryPoint","urlTemplate":"https:\/\/semead.com.br\/17\/?s={search_term_string}"},"query-input":{"@type":"PropertyValueSpecification","valueRequired":true,"valueName":"search_term_string"}}],"inLanguage":"en-US"}]}},"_links":{"self":[{"href":"https:\/\/semead.com.br\/17\/wp-json\/wp\/v2\/pages\/16","targetHints":{"allow":["GET"]}}],"collection":[{"href":"https:\/\/semead.com.br\/17\/wp-json\/wp\/v2\/pages"}],"about":[{"href":"https:\/\/semead.com.br\/17\/wp-json\/wp\/v2\/types\/page"}],"author":[{"embeddable":true,"href":"https:\/\/semead.com.br\/17\/wp-json\/wp\/v2\/users\/1"}],"replies":[{"embeddable":true,"href":"https:\/\/semead.com.br\/17\/wp-json\/wp\/v2\/comments?post=16"}],"version-history":[{"count":0,"href":"https:\/\/semead.com.br\/17\/wp-json\/wp\/v2\/pages\/16\/revisions"}],"up":[{"embeddable":true,"href":"https:\/\/semead.com.br\/17\/wp-json\/wp\/v2\/pages\/9"}],"wp:attachment":[{"href":"https:\/\/semead.com.br\/17\/wp-json\/wp\/v2\/media?parent=16"}],"curies":[{"name":"wp","href":"https:\/\/api.w.org\/{rel}","templated":true}]}}