{"id":18,"date":"2013-04-26T00:13:44","date_gmt":"2013-04-26T00:13:44","guid":{"rendered":"http:\/\/semead.com.br\/?page_id=18"},"modified":"2013-04-26T00:13:44","modified_gmt":"2013-04-26T00:13:44","slug":"administracao-publica","status":"publish","type":"page","link":"https:\/\/semead.com.br\/17\/areas\/administracao-publica\/","title":{"rendered":"Administra\u00e7\u00e3o P\u00fablica"},"content":{"rendered":"<p><span style=\"font-size: medium\"><strong>Coordenador: Prof. Dr. Jos\u00e9 Carlos Vaz \u2013 EACH\/USP<\/strong><\/span><\/p>\n<p><strong>1. Atendimento ao Cidad\u00e3o e Presta\u00e7\u00e3o de Servi\u00e7os<\/strong><\/p>\n<p style=\"padding-left: 30px;text-align: justify\">Os esfor\u00e7os da Administra\u00e7\u00e3o P\u00fablica para a amplia\u00e7\u00e3o da oferta de servi\u00e7os aos cidad\u00e3os, tanto em termos de maior abrang\u00eancia, quanto de aprofundamento da qualidade ofertada s\u00e3o o objeto deste tema. Incluem-se aqui trabalhos que estudem impactos, condi\u00e7\u00f5es de oferta e consumo e aspectos metodol\u00f3gicos, organizacionais e tecnol\u00f3gicos de pol\u00edticas e servi\u00e7os diretamente relacionados ao atendimento ao cidad\u00e3o, tanto em termos presenciais quanto por meio de recursos de governo eletr\u00f4nico.&#8221;<\/p>\n<p style=\"padding-left: 30px;text-align: justify\"><em><strong style=\"color: #222222\">\u00a0<\/strong><span style=\"color: #222222\">Profa. Dra.\u00a0Gabriela S. Lotta (UFABC)<\/span><\/em><\/p>\n<p><strong>2. Promo\u00e7\u00e3o da Efici\u00eancia, Otimiza\u00e7\u00e3o de Processos e de Recursos P\u00fablicos<\/strong><\/p>\n<p style=\"padding-left: 30px;text-align: justify\">Gest\u00e3o de recursos p\u00fablicos, do ponto de vista econ\u00f4mico, financeiro e or\u00e7ament\u00e1rio. O foco do tema \u00e9 a otimiza\u00e7\u00e3o do uso dos recursos, a partir da perspectiva que este objetivo permanente da Administra\u00e7\u00e3o P\u00fablica pode ser atingido por meio de m\u00faltiplas estrat\u00e9gias, que v\u00e3o desde a otimiza\u00e7\u00e3o de processos at\u00e9 a gest\u00e3o financeira e or\u00e7ament\u00e1ria.<\/p>\n<p style=\"padding-left: 30px;text-align: justify\"><em><span style=\"color: #222222\">Prof. Dr.<\/span><strong style=\"color: #222222\">\u00a0<\/strong><span style=\"color: #222222\">Valdemir Pires FCLAR (UNESP)<\/span><\/em><\/p>\n<p><strong>3. Gest\u00e3o Organizacional: Recursos Humanos, Arranjos Institucionais e Planejamento<\/strong><\/p>\n<p style=\"padding-left: 30px;text-align: justify\">A gest\u00e3o das organiza\u00e7\u00f5es p\u00fablicas \u00e9 o objeto central deste tema. Entram neste campo os estudos sobre recursos humanos no setor p\u00fablico, estudos sobre pr\u00e1ticas de governan\u00e7a, desenho organizacional, arranjos institucionais envolvendo m\u00faltiplas organiza\u00e7\u00f5es envolvidas na produ\u00e7\u00e3o de servi\u00e7os e pol\u00edticas p\u00fablicas e trabalhos sobre abordagens, m\u00e9todos e casos sobre planejamento estrat\u00e9gico em organiza\u00e7\u00f5es p\u00fablicas.<\/p>\n<p style=\"padding-left: 30px;text-align: justify\"><em><span style=\"color: #222222\">Prof. DR. Eduardo Lima Caldas &#8211; (EACH-USP)\u00a0<\/span><\/em><\/p>\n<p><strong>4. Rela\u00e7\u00e3o Governo-Sociedade: Transpar\u00eancia, Accountability e Participa\u00e7\u00e3o<\/strong><\/p>\n<p style=\"padding-left: 30px;text-align: justify\">A Administra\u00e7\u00e3o P\u00fablica brasileira enfrenta demandas crescentes em termos de transpar\u00eancia, accountability e aprofundamento da participa\u00e7\u00e3o social nos processos decis\u00f3rios. Em uma sociedade complexa, o Estado cada vez mais precisa relacionar-se com organiza\u00e7\u00f5es da sociedade civil e com os cidad\u00e3os. Neste tema ser\u00e3o aceitos trabalhos que abordem esta rela\u00e7\u00e3o do ponto de vista da Administra\u00e7\u00e3o P\u00fablica, versando sobre as capacidades estatais, os impactos das pr\u00e1ticas e experi\u00eancias e as din\u00e2micas sociopol\u00edticas estabelecidas entre os atores envolvidos.&#8221;<\/p>\n<p style=\"padding-left: 30px;text-align: justify\"><em><span style=\"color: #222222\">Prof. Dr.<\/span><strong style=\"color: #222222\">\u00a0<\/strong><span style=\"color: #222222\">Oswaldo Gon\u00e7alves Junior (Unicamp &#8211; Limeira \/ FCLAR- UNESP)<\/span><\/em><\/p>\n<p><strong>5. Gest\u00e3o em Sa\u00fade<\/strong><\/p>\n<p style=\"padding-left: 30px;text-align: justify\">A gest\u00e3o no campo da promo\u00e7\u00e3o de servi\u00e7os e pol\u00edticas de sa\u00fade abarca iniciativas no campo do setor p\u00fablico e tamb\u00e9m do setor privado. Neste tema, teremos trabalhos sobre a gest\u00e3o de organiza\u00e7\u00f5es p\u00fablicas e privadas voltadas \u00e0 presta\u00e7\u00e3o de servi\u00e7os de sa\u00fade, al\u00e9m de trabalhos envolvendo a gest\u00e0o das pol\u00edticas de sa\u00fade e seus aspectos econ\u00f4micos, sociais e tecnol\u00f3gicos.&#8221;<\/p>\n<p style=\"padding-left: 30px;text-align: justify\"><em><span style=\"color: #222222\">Prof. Dr.<\/span><strong style=\"color: #222222\">\u00a0<\/strong><span style=\"color: #222222\">Marcelo Caldeira Pedroso (FEA-USP)\u00a0<\/span><\/em><\/p>\n<p><strong>6.\u00a0Inova\u00e7\u00e3o em Administra\u00e7\u00e3o P\u00fablica<\/strong><\/p>\n<p style=\"padding-left: 30px;text-align: justify\">Os grandes desafios impostos \u00e0 Administra\u00e7\u00e3o P\u00fablica brasileira demandam uma capacidade de inova\u00e7\u00e3o para ampliar a capacidade do Estado de prover servi\u00e7os e atender \u00e0s necessidades da sociedade. A preocupa\u00e7\u00e3o da implanta\u00e7\u00e3o de pr\u00e1ticas sustent\u00e1veis e sistem\u00e1ticas de inova\u00e7\u00e3o nas organiza\u00e7\u00f5es p\u00fablicas tem se ampliado, recentemente. Por conta disto, neste ano o SEMEAD resolveu destacar este tema, recebendo aqui trabalhos que estudem m\u00e9todos e pr\u00e1ticas de produ\u00e7\u00e3o de inova\u00e7\u00e3o e de ambientes prop\u00edcios \u00e0 inova\u00e7\u00e3o no \u00e2mbito das organiza\u00e7\u00f5es p\u00fablicas e das redes de produ\u00e7\u00e3o de servi\u00e7os p\u00fablicos, envolvendo, inclusive, parceiros privados.<\/p>\n<p><strong>7. Organiza\u00e7\u00f5es do terceiro setor<\/strong><\/p>\n<p style=\"padding-left: 30px;text-align: justify\">\u00c9tica no terceiro setor. Modelos de gest\u00e3o e capacita\u00e7\u00e3o no terceiro setor. Qualidade de servi\u00e7o no terceiro setor. Transmiss\u00e3o do conhecimento em organiza\u00e7\u00f5es do Terceiro Setor. Avalia\u00e7\u00e3o de projetos sociais. Terceiro setor e desenvolvimento social. Neg\u00f3cios sociais. Al\u00e9m desses temas mais espec\u00edficos, s\u00e3o estimulados artigos que articulam temas dos Estudos Organizacionais em organiza\u00e7\u00f5es do Terceiro Setor.<\/p>\n<p style=\"padding-left: 30px;text-align: justify\"><em><span style=\"color: #222222\">Prof. Dr.<\/span><strong style=\"color: #222222\">\u00a0<\/strong><span style=\"color: #222222\">Luciano Antonio Prates Junqueira (PUC-SP)\u00a0<\/span><\/em><\/p>\n<p style=\"padding-left: 30px;text-align: justify\">\n<p>Para submeter relatos t\u00e9cnicos da \u00e1rea de \u00a0Administra\u00e7\u00e3o P\u00fablica, <a title=\"Tecnol\u00f3gica\" href=\"http:\/\/semead.com.br\/areas\/tecnologica\/\">clique aqui<\/a>.<\/p>\n","protected":false},"excerpt":{"rendered":"<p>Coordenador: Prof. Dr. Jos\u00e9 Carlos Vaz \u2013 EACH\/USP 1. Atendimento ao Cidad\u00e3o e Presta\u00e7\u00e3o de Servi\u00e7os Os esfor\u00e7os da Administra\u00e7\u00e3o P\u00fablica para a amplia\u00e7\u00e3o da oferta de servi\u00e7os aos cidad\u00e3os, tanto em termos de maior abrang\u00eancia, quanto de aprofundamento da qualidade ofertada s\u00e3o o objeto deste tema. Incluem-se aqui trabalhos que estudem impactos, condi\u00e7\u00f5es de&#8230;<\/p>\n","protected":false},"author":1,"featured_media":0,"parent":9,"menu_order":90,"comment_status":"open","ping_status":"closed","template":"","meta":{"_acf_changed":false,"_monsterinsights_skip_tracking":false,"_monsterinsights_sitenote_active":false,"_monsterinsights_sitenote_note":"","_monsterinsights_sitenote_category":0,"footnotes":""},"class_list":["post-18","page","type-page","status-publish","hentry"],"acf":[],"yoast_head":"<!-- This site is optimized with the Yoast SEO plugin v27.5 - https:\/\/yoast.com\/product\/yoast-seo-wordpress\/ -->\n<title>Administra\u00e7\u00e3o P\u00fablica - XVII SemeAd<\/title>\n<meta name=\"robots\" content=\"index, follow, max-snippet:-1, max-image-preview:large, max-video-preview:-1\" \/>\n<link rel=\"canonical\" href=\"https:\/\/semead.com.br\/17\/areas\/administracao-publica\/\" \/>\n<meta property=\"og:locale\" content=\"en_US\" \/>\n<meta property=\"og:type\" content=\"article\" \/>\n<meta property=\"og:title\" content=\"Administra\u00e7\u00e3o P\u00fablica - XVII SemeAd\" \/>\n<meta property=\"og:description\" content=\"Coordenador: Prof. Dr. Jos\u00e9 Carlos Vaz \u2013 EACH\/USP 1. Atendimento ao Cidad\u00e3o e Presta\u00e7\u00e3o de Servi\u00e7os Os esfor\u00e7os da Administra\u00e7\u00e3o P\u00fablica para a amplia\u00e7\u00e3o da oferta de servi\u00e7os aos cidad\u00e3os, tanto em termos de maior abrang\u00eancia, quanto de aprofundamento da qualidade ofertada s\u00e3o o objeto deste tema. Incluem-se aqui trabalhos que estudem impactos, condi\u00e7\u00f5es de...\" \/>\n<meta property=\"og:url\" content=\"https:\/\/semead.com.br\/17\/areas\/administracao-publica\/\" \/>\n<meta property=\"og:site_name\" content=\"XVII SemeAd\" \/>\n<meta name=\"twitter:card\" content=\"summary_large_image\" \/>\n<meta name=\"twitter:label1\" content=\"Est. reading time\" \/>\n\t<meta name=\"twitter:data1\" content=\"3 minutes\" \/>\n<script type=\"application\/ld+json\" class=\"yoast-schema-graph\">{\"@context\":\"https:\\\/\\\/schema.org\",\"@graph\":[{\"@type\":\"WebPage\",\"@id\":\"https:\\\/\\\/semead.com.br\\\/17\\\/areas\\\/administracao-publica\\\/\",\"url\":\"https:\\\/\\\/semead.com.br\\\/17\\\/areas\\\/administracao-publica\\\/\",\"name\":\"Administra\u00e7\u00e3o P\u00fablica - XVII SemeAd\",\"isPartOf\":{\"@id\":\"https:\\\/\\\/semead.com.br\\\/17\\\/#website\"},\"datePublished\":\"2013-04-26T00:13:44+00:00\",\"breadcrumb\":{\"@id\":\"https:\\\/\\\/semead.com.br\\\/17\\\/areas\\\/administracao-publica\\\/#breadcrumb\"},\"inLanguage\":\"en-US\",\"potentialAction\":[{\"@type\":\"ReadAction\",\"target\":[\"https:\\\/\\\/semead.com.br\\\/17\\\/areas\\\/administracao-publica\\\/\"]}]},{\"@type\":\"BreadcrumbList\",\"@id\":\"https:\\\/\\\/semead.com.br\\\/17\\\/areas\\\/administracao-publica\\\/#breadcrumb\",\"itemListElement\":[{\"@type\":\"ListItem\",\"position\":1,\"name\":\"In\u00edcio\",\"item\":\"https:\\\/\\\/semead.com.br\\\/17\\\/\"},{\"@type\":\"ListItem\",\"position\":2,\"name\":\"\u00c1reas\",\"item\":\"https:\\\/\\\/semead.com.br\\\/17\\\/areas\\\/\"},{\"@type\":\"ListItem\",\"position\":3,\"name\":\"Administra\u00e7\u00e3o P\u00fablica\"}]},{\"@type\":\"WebSite\",\"@id\":\"https:\\\/\\\/semead.com.br\\\/17\\\/#website\",\"url\":\"https:\\\/\\\/semead.com.br\\\/17\\\/\",\"name\":\"XVII SemeAd\",\"description\":\"Just another SemeAd site\",\"potentialAction\":[{\"@type\":\"SearchAction\",\"target\":{\"@type\":\"EntryPoint\",\"urlTemplate\":\"https:\\\/\\\/semead.com.br\\\/17\\\/?s={search_term_string}\"},\"query-input\":{\"@type\":\"PropertyValueSpecification\",\"valueRequired\":true,\"valueName\":\"search_term_string\"}}],\"inLanguage\":\"en-US\"}]}<\/script>\n<!-- \/ Yoast SEO plugin. -->","yoast_head_json":{"title":"Administra\u00e7\u00e3o P\u00fablica - XVII SemeAd","robots":{"index":"index","follow":"follow","max-snippet":"max-snippet:-1","max-image-preview":"max-image-preview:large","max-video-preview":"max-video-preview:-1"},"canonical":"https:\/\/semead.com.br\/17\/areas\/administracao-publica\/","og_locale":"en_US","og_type":"article","og_title":"Administra\u00e7\u00e3o P\u00fablica - XVII SemeAd","og_description":"Coordenador: Prof. Dr. Jos\u00e9 Carlos Vaz \u2013 EACH\/USP 1. Atendimento ao Cidad\u00e3o e Presta\u00e7\u00e3o de Servi\u00e7os Os esfor\u00e7os da Administra\u00e7\u00e3o P\u00fablica para a amplia\u00e7\u00e3o da oferta de servi\u00e7os aos cidad\u00e3os, tanto em termos de maior abrang\u00eancia, quanto de aprofundamento da qualidade ofertada s\u00e3o o objeto deste tema. Incluem-se aqui trabalhos que estudem impactos, condi\u00e7\u00f5es de...","og_url":"https:\/\/semead.com.br\/17\/areas\/administracao-publica\/","og_site_name":"XVII SemeAd","twitter_card":"summary_large_image","twitter_misc":{"Est. reading time":"3 minutes"},"schema":{"@context":"https:\/\/schema.org","@graph":[{"@type":"WebPage","@id":"https:\/\/semead.com.br\/17\/areas\/administracao-publica\/","url":"https:\/\/semead.com.br\/17\/areas\/administracao-publica\/","name":"Administra\u00e7\u00e3o P\u00fablica - XVII SemeAd","isPartOf":{"@id":"https:\/\/semead.com.br\/17\/#website"},"datePublished":"2013-04-26T00:13:44+00:00","breadcrumb":{"@id":"https:\/\/semead.com.br\/17\/areas\/administracao-publica\/#breadcrumb"},"inLanguage":"en-US","potentialAction":[{"@type":"ReadAction","target":["https:\/\/semead.com.br\/17\/areas\/administracao-publica\/"]}]},{"@type":"BreadcrumbList","@id":"https:\/\/semead.com.br\/17\/areas\/administracao-publica\/#breadcrumb","itemListElement":[{"@type":"ListItem","position":1,"name":"In\u00edcio","item":"https:\/\/semead.com.br\/17\/"},{"@type":"ListItem","position":2,"name":"\u00c1reas","item":"https:\/\/semead.com.br\/17\/areas\/"},{"@type":"ListItem","position":3,"name":"Administra\u00e7\u00e3o P\u00fablica"}]},{"@type":"WebSite","@id":"https:\/\/semead.com.br\/17\/#website","url":"https:\/\/semead.com.br\/17\/","name":"XVII SemeAd","description":"Just another SemeAd site","potentialAction":[{"@type":"SearchAction","target":{"@type":"EntryPoint","urlTemplate":"https:\/\/semead.com.br\/17\/?s={search_term_string}"},"query-input":{"@type":"PropertyValueSpecification","valueRequired":true,"valueName":"search_term_string"}}],"inLanguage":"en-US"}]}},"_links":{"self":[{"href":"https:\/\/semead.com.br\/17\/wp-json\/wp\/v2\/pages\/18","targetHints":{"allow":["GET"]}}],"collection":[{"href":"https:\/\/semead.com.br\/17\/wp-json\/wp\/v2\/pages"}],"about":[{"href":"https:\/\/semead.com.br\/17\/wp-json\/wp\/v2\/types\/page"}],"author":[{"embeddable":true,"href":"https:\/\/semead.com.br\/17\/wp-json\/wp\/v2\/users\/1"}],"replies":[{"embeddable":true,"href":"https:\/\/semead.com.br\/17\/wp-json\/wp\/v2\/comments?post=18"}],"version-history":[{"count":0,"href":"https:\/\/semead.com.br\/17\/wp-json\/wp\/v2\/pages\/18\/revisions"}],"up":[{"embeddable":true,"href":"https:\/\/semead.com.br\/17\/wp-json\/wp\/v2\/pages\/9"}],"wp:attachment":[{"href":"https:\/\/semead.com.br\/17\/wp-json\/wp\/v2\/media?parent=18"}],"curies":[{"name":"wp","href":"https:\/\/api.w.org\/{rel}","templated":true}]}}