{"id":20,"date":"2013-04-26T00:14:25","date_gmt":"2013-04-26T00:14:25","guid":{"rendered":"http:\/\/semead.com.br\/?page_id=20"},"modified":"2013-04-26T00:14:25","modified_gmt":"2013-04-26T00:14:25","slug":"estudos-organizacionais","status":"publish","type":"page","link":"https:\/\/semead.com.br\/17\/areas\/estudos-organizacionais\/","title":{"rendered":"Estudos Organizacionais"},"content":{"rendered":"<p><span style=\"font-size: medium\"><strong>Coordenadora: Profa. Dra. Darcy Mitiko Mori Hanashiro \u2013 Mackenzie<\/strong><\/span><\/p>\n<p><strong>1. Abordagem institucional nos Estudos Organizacionais<\/strong><\/p>\n<p style=\"padding-left: 30px;text-align: justify\">Processos de institucionaliza\u00e7\u00e3o. Rela\u00e7\u00e3o entre institui\u00e7\u00f5es e organiza\u00e7\u00f5es: o pilar regulador, o normativo e o cognitivo. Isomorfismo. Campo organizacional: forma\u00e7\u00e3o e estrutura\u00e7\u00e3o. L\u00f3gica Institucional: constru\u00e7\u00e3o hist\u00f3rico-social de pr\u00e1ticas e valores. Perspectiva institucional e abordagem de poder nas organiza\u00e7\u00f5es. Processos de desinstitucionaliza\u00e7\u00e3o e reinstitucionaliza\u00e7\u00e3o.<\/p>\n<p style=\"padding-left: 30px\"><em>Prof. Dr. Arnaldo Luiz Ryngelblum &#8211; UNIP<\/em><\/p>\n<p><strong>2. Aprendizagem nas organiza\u00e7\u00f5es<\/strong><\/p>\n<p style=\"padding-left: 30px;text-align: justify\">Aprendizagem individual, em grupo e organizacional. Organiza\u00e7\u00f5es que aprendem. Diferentes perspectivas te\u00f3ricas em aprendizagem organizacional (psicol\u00f3gica, sociol\u00f3gica e da ci\u00eancia administrativa). Fatores e condicionantes da aprendizagem organizacional. Agentes da aprendizagem organizacional. Mensura\u00e7\u00e3o da aprendizagem. Aprendizagem organizacional e compet\u00eancias. Aprendizagem e Inova\u00e7\u00e3o. Aprendizagem e cultura.<\/p>\n<p style=\"padding-left: 30px\"><em>Prof. Dr. Alexandre Teixeira Dias &#8211; FUMEC<\/em><\/p>\n<p><strong>3. Comportamento organizacional<\/strong><\/p>\n<p style=\"padding-left: 30px;text-align: justify\">Diversidade nas organiza\u00e7\u00f5es. Diferen\u00e7as individuais. Mulheres e carreiras. Atitudes e satisfa\u00e7\u00e3o no trabalho. Comprometimento organizacional. \u00c9tica e responsabilidade social. Emo\u00e7\u00f5es e sentimentos. Personalidade e valores. Percep\u00e7\u00e3o, atribui\u00e7\u00e3o, tomada de decis\u00e3o. Motiva\u00e7\u00e3o. Estresse e QVT. Lideran\u00e7a nas organiza\u00e7\u00f5es. Conflito e negocia\u00e7\u00e3o. Organiza\u00e7\u00e3o virtual, equipes virtuais, equipes multiculturais. Estrutura organizacional. Mudan\u00e7a organizacional.<\/p>\n<p style=\"padding-left: 30px\"><em>Profa. Dra. Gisela Demo (UnB)<\/em><\/p>\n<p><strong>4. Simbolismos, Cultura e Identidades Organizacionais<\/strong><\/p>\n<p style=\"padding-left: 30px;text-align: justify\">Diferentes perspectivas te\u00f3ricas, metodol\u00f3gicas e epistemol\u00f3gicas em cultura organizacional. Cultura nacional. Cultura Brasileira. O lado est\u00e9tico da vida organizacional. Simbolismo organizacional. Identidades e identifica\u00e7\u00e3o com e nas organiza\u00e7\u00f5es. Cultura e identidade. Cultura de inova\u00e7\u00e3o.<\/p>\n<p style=\"padding-left: 30px\"><em>Profa. Dra. Let\u00edcia Fantinel &#8211; UFES<\/em><\/p>\n<p><strong>5. Abordagens Relacionais \u00e0s Organiza\u00e7\u00f5es<\/strong><\/p>\n<p style=\"padding-left: 30px;text-align: justify\">Abarca estudos intra- e inter-organizacionais. Internamente \u00e0 firma, interessa explorar relacionamentos formais e informais, hierarquias informais. Efeitos da inser\u00e7\u00e3o na rede para o desempenho, inova\u00e7\u00e3o e aprendizagem organizacional. Entre firmas, enfatizamos o car\u00e1ter \u2018relacional da firma\u2019, sua inser\u00e7\u00e3o social, a porosidade aliada ao relacionamento informal entre indiv\u00edduos fronteiri\u00e7os. Governan\u00e7a em rede. Fen\u00f4menos novos: empresa virtual, firma ef\u00eamera (exemplo: firmas baseadas em projeto), movimentos sociais articulados atrav\u00e9s de rede. Impacto das m\u00eddias sociais externas e internas \u00e0s firmas. Gostar\u00edamos de receber textos emp\u00edricos (quantitativos e qualitativos), assim como textos te\u00f3ricos<\/p>\n<p style=\"padding-left: 30px\"><em>Prof. Dr. Charles Kirschbaum (Insper)<\/em><\/p>\n<p>&nbsp;<\/p>\n","protected":false},"excerpt":{"rendered":"<p>Coordenadora: Profa. Dra. Darcy Mitiko Mori Hanashiro \u2013 Mackenzie 1. Abordagem institucional nos Estudos Organizacionais Processos de institucionaliza\u00e7\u00e3o. Rela\u00e7\u00e3o entre institui\u00e7\u00f5es e organiza\u00e7\u00f5es: o pilar regulador, o normativo e o cognitivo. Isomorfismo. Campo organizacional: forma\u00e7\u00e3o e estrutura\u00e7\u00e3o. L\u00f3gica Institucional: constru\u00e7\u00e3o hist\u00f3rico-social de pr\u00e1ticas e valores. Perspectiva institucional e abordagem de poder nas organiza\u00e7\u00f5es. Processos de&#8230;<\/p>\n","protected":false},"author":1,"featured_media":0,"parent":9,"menu_order":110,"comment_status":"open","ping_status":"closed","template":"","meta":{"_acf_changed":false,"_monsterinsights_skip_tracking":false,"_monsterinsights_sitenote_active":false,"_monsterinsights_sitenote_note":"","_monsterinsights_sitenote_category":0,"footnotes":""},"class_list":["post-20","page","type-page","status-publish","hentry"],"acf":[],"yoast_head":"<!-- This site is optimized with the Yoast SEO plugin v27.5 - https:\/\/yoast.com\/product\/yoast-seo-wordpress\/ -->\n<title>Estudos Organizacionais - XVII SemeAd<\/title>\n<meta name=\"robots\" content=\"index, follow, max-snippet:-1, max-image-preview:large, max-video-preview:-1\" \/>\n<link rel=\"canonical\" href=\"https:\/\/semead.com.br\/17\/areas\/estudos-organizacionais\/\" \/>\n<meta property=\"og:locale\" content=\"en_US\" \/>\n<meta property=\"og:type\" content=\"article\" \/>\n<meta property=\"og:title\" content=\"Estudos Organizacionais - XVII SemeAd\" \/>\n<meta property=\"og:description\" content=\"Coordenadora: Profa. Dra. Darcy Mitiko Mori Hanashiro \u2013 Mackenzie 1. Abordagem institucional nos Estudos Organizacionais Processos de institucionaliza\u00e7\u00e3o. Rela\u00e7\u00e3o entre institui\u00e7\u00f5es e organiza\u00e7\u00f5es: o pilar regulador, o normativo e o cognitivo. Isomorfismo. Campo organizacional: forma\u00e7\u00e3o e estrutura\u00e7\u00e3o. L\u00f3gica Institucional: constru\u00e7\u00e3o hist\u00f3rico-social de pr\u00e1ticas e valores. Perspectiva institucional e abordagem de poder nas organiza\u00e7\u00f5es. Processos de...\" \/>\n<meta property=\"og:url\" content=\"https:\/\/semead.com.br\/17\/areas\/estudos-organizacionais\/\" \/>\n<meta property=\"og:site_name\" content=\"XVII SemeAd\" \/>\n<meta name=\"twitter:card\" content=\"summary_large_image\" \/>\n<meta name=\"twitter:label1\" content=\"Est. reading time\" \/>\n\t<meta name=\"twitter:data1\" content=\"2 minutes\" \/>\n<script type=\"application\/ld+json\" class=\"yoast-schema-graph\">{\"@context\":\"https:\\\/\\\/schema.org\",\"@graph\":[{\"@type\":\"WebPage\",\"@id\":\"https:\\\/\\\/semead.com.br\\\/17\\\/areas\\\/estudos-organizacionais\\\/\",\"url\":\"https:\\\/\\\/semead.com.br\\\/17\\\/areas\\\/estudos-organizacionais\\\/\",\"name\":\"Estudos Organizacionais - XVII SemeAd\",\"isPartOf\":{\"@id\":\"https:\\\/\\\/semead.com.br\\\/17\\\/#website\"},\"datePublished\":\"2013-04-26T00:14:25+00:00\",\"breadcrumb\":{\"@id\":\"https:\\\/\\\/semead.com.br\\\/17\\\/areas\\\/estudos-organizacionais\\\/#breadcrumb\"},\"inLanguage\":\"en-US\",\"potentialAction\":[{\"@type\":\"ReadAction\",\"target\":[\"https:\\\/\\\/semead.com.br\\\/17\\\/areas\\\/estudos-organizacionais\\\/\"]}]},{\"@type\":\"BreadcrumbList\",\"@id\":\"https:\\\/\\\/semead.com.br\\\/17\\\/areas\\\/estudos-organizacionais\\\/#breadcrumb\",\"itemListElement\":[{\"@type\":\"ListItem\",\"position\":1,\"name\":\"In\u00edcio\",\"item\":\"https:\\\/\\\/semead.com.br\\\/17\\\/\"},{\"@type\":\"ListItem\",\"position\":2,\"name\":\"\u00c1reas\",\"item\":\"https:\\\/\\\/semead.com.br\\\/17\\\/areas\\\/\"},{\"@type\":\"ListItem\",\"position\":3,\"name\":\"Estudos Organizacionais\"}]},{\"@type\":\"WebSite\",\"@id\":\"https:\\\/\\\/semead.com.br\\\/17\\\/#website\",\"url\":\"https:\\\/\\\/semead.com.br\\\/17\\\/\",\"name\":\"XVII SemeAd\",\"description\":\"Just another SemeAd site\",\"potentialAction\":[{\"@type\":\"SearchAction\",\"target\":{\"@type\":\"EntryPoint\",\"urlTemplate\":\"https:\\\/\\\/semead.com.br\\\/17\\\/?s={search_term_string}\"},\"query-input\":{\"@type\":\"PropertyValueSpecification\",\"valueRequired\":true,\"valueName\":\"search_term_string\"}}],\"inLanguage\":\"en-US\"}]}<\/script>\n<!-- \/ Yoast SEO plugin. -->","yoast_head_json":{"title":"Estudos Organizacionais - XVII SemeAd","robots":{"index":"index","follow":"follow","max-snippet":"max-snippet:-1","max-image-preview":"max-image-preview:large","max-video-preview":"max-video-preview:-1"},"canonical":"https:\/\/semead.com.br\/17\/areas\/estudos-organizacionais\/","og_locale":"en_US","og_type":"article","og_title":"Estudos Organizacionais - XVII SemeAd","og_description":"Coordenadora: Profa. Dra. Darcy Mitiko Mori Hanashiro \u2013 Mackenzie 1. Abordagem institucional nos Estudos Organizacionais Processos de institucionaliza\u00e7\u00e3o. Rela\u00e7\u00e3o entre institui\u00e7\u00f5es e organiza\u00e7\u00f5es: o pilar regulador, o normativo e o cognitivo. Isomorfismo. Campo organizacional: forma\u00e7\u00e3o e estrutura\u00e7\u00e3o. L\u00f3gica Institucional: constru\u00e7\u00e3o hist\u00f3rico-social de pr\u00e1ticas e valores. Perspectiva institucional e abordagem de poder nas organiza\u00e7\u00f5es. Processos de...","og_url":"https:\/\/semead.com.br\/17\/areas\/estudos-organizacionais\/","og_site_name":"XVII SemeAd","twitter_card":"summary_large_image","twitter_misc":{"Est. reading time":"2 minutes"},"schema":{"@context":"https:\/\/schema.org","@graph":[{"@type":"WebPage","@id":"https:\/\/semead.com.br\/17\/areas\/estudos-organizacionais\/","url":"https:\/\/semead.com.br\/17\/areas\/estudos-organizacionais\/","name":"Estudos Organizacionais - XVII SemeAd","isPartOf":{"@id":"https:\/\/semead.com.br\/17\/#website"},"datePublished":"2013-04-26T00:14:25+00:00","breadcrumb":{"@id":"https:\/\/semead.com.br\/17\/areas\/estudos-organizacionais\/#breadcrumb"},"inLanguage":"en-US","potentialAction":[{"@type":"ReadAction","target":["https:\/\/semead.com.br\/17\/areas\/estudos-organizacionais\/"]}]},{"@type":"BreadcrumbList","@id":"https:\/\/semead.com.br\/17\/areas\/estudos-organizacionais\/#breadcrumb","itemListElement":[{"@type":"ListItem","position":1,"name":"In\u00edcio","item":"https:\/\/semead.com.br\/17\/"},{"@type":"ListItem","position":2,"name":"\u00c1reas","item":"https:\/\/semead.com.br\/17\/areas\/"},{"@type":"ListItem","position":3,"name":"Estudos Organizacionais"}]},{"@type":"WebSite","@id":"https:\/\/semead.com.br\/17\/#website","url":"https:\/\/semead.com.br\/17\/","name":"XVII SemeAd","description":"Just another SemeAd site","potentialAction":[{"@type":"SearchAction","target":{"@type":"EntryPoint","urlTemplate":"https:\/\/semead.com.br\/17\/?s={search_term_string}"},"query-input":{"@type":"PropertyValueSpecification","valueRequired":true,"valueName":"search_term_string"}}],"inLanguage":"en-US"}]}},"_links":{"self":[{"href":"https:\/\/semead.com.br\/17\/wp-json\/wp\/v2\/pages\/20","targetHints":{"allow":["GET"]}}],"collection":[{"href":"https:\/\/semead.com.br\/17\/wp-json\/wp\/v2\/pages"}],"about":[{"href":"https:\/\/semead.com.br\/17\/wp-json\/wp\/v2\/types\/page"}],"author":[{"embeddable":true,"href":"https:\/\/semead.com.br\/17\/wp-json\/wp\/v2\/users\/1"}],"replies":[{"embeddable":true,"href":"https:\/\/semead.com.br\/17\/wp-json\/wp\/v2\/comments?post=20"}],"version-history":[{"count":0,"href":"https:\/\/semead.com.br\/17\/wp-json\/wp\/v2\/pages\/20\/revisions"}],"up":[{"embeddable":true,"href":"https:\/\/semead.com.br\/17\/wp-json\/wp\/v2\/pages\/9"}],"wp:attachment":[{"href":"https:\/\/semead.com.br\/17\/wp-json\/wp\/v2\/media?parent=20"}],"curies":[{"name":"wp","href":"https:\/\/api.w.org\/{rel}","templated":true}]}}