{"id":25,"date":"2013-04-26T00:17:14","date_gmt":"2013-04-26T00:17:14","guid":{"rendered":"http:\/\/semead.com.br\/?page_id=25"},"modified":"2025-05-29T20:23:37","modified_gmt":"2025-05-29T20:23:37","slug":"indicacao-para-periodicos","status":"publish","type":"page","link":"https:\/\/semead.com.br\/17\/indicacao-para-periodicos\/","title":{"rendered":"Indica\u00e7\u00e3o para Peri\u00f3dicos"},"content":{"rendered":"<p>Os trabalhos melhor avaliados ser\u00e3o encaminhados para o\u00a0fast-track\u00a0nos peri\u00f3dicos que ap\u00f3iam o SemeAd.\u00a0 Os autores podem escolher at\u00e9 um peri\u00f3dico para cada extrato do sistema qualis, entre os peri\u00f3dicos que apoiam o SemeAd. Os trabalhos selecionados para o fast track resultam da apura\u00e7\u00e3o dos melhores trabalhos com base na avalia\u00e7\u00e3o dos pareceristas, cada trabalho selecionado \u00e9 encaminhado a um \u00fanico peri\u00f3dico respeitando uma prefer\u00eancia decorrente da classifica\u00e7\u00e3o dos trabalhos.<\/p>\n<p>Ressalva-se que n\u00e3o necessariamente todos os trabalhos indicados aos peri\u00f3dicos ser\u00e3o selecionados para o\u00a0fast-track, pois os editores analisam esses trabalhos e selecionam quais ser\u00e3o aceitos. A divulga\u00e7\u00e3o dos trabalhos aceitos ser\u00e1 publicado no site do SemeAd.<\/p>\n<p>Esclarece-se que os trabalhados aceitos pelos peri\u00f3dicos para o\u00a0fast-track\u00a0automaticamente superaram a fase de\u00a0desk review\u00a0e j\u00e1 entram diretamente na fase de\u00a0blind review\u00a0de cada peri\u00f3dico, ou seja, podem concluir o processo completo de avalia\u00e7\u00e3o em prazos mais curtos. Cabe ressalvar que estar aprovado no\u00a0fast-track\u00a0n\u00e3o significa que o artigo est\u00e1 automaticamente aprovado para publica\u00e7\u00e3o e sim que dever\u00e1 continuar no processo de avalia\u00e7\u00e3o conforme os crit\u00e9rios de cada peri\u00f3dico.<\/p>\n","protected":false},"excerpt":{"rendered":"<p>Os trabalhos melhor avaliados ser\u00e3o encaminhados para o\u00a0fast-track\u00a0nos peri\u00f3dicos que ap\u00f3iam o SemeAd.\u00a0 Os autores podem escolher at\u00e9 um peri\u00f3dico para cada extrato do sistema qualis, entre os peri\u00f3dicos que apoiam o SemeAd. Os trabalhos selecionados para o fast track resultam da apura\u00e7\u00e3o dos melhores trabalhos com base na avalia\u00e7\u00e3o dos pareceristas, cada trabalho selecionado&#8230;<\/p>\n","protected":false},"author":1,"featured_media":0,"parent":0,"menu_order":0,"comment_status":"open","ping_status":"open","template":"","meta":{"_acf_changed":false,"_monsterinsights_skip_tracking":false,"_monsterinsights_sitenote_active":false,"_monsterinsights_sitenote_note":"","_monsterinsights_sitenote_category":0,"footnotes":""},"class_list":["post-25","page","type-page","status-publish","hentry"],"acf":[],"yoast_head":"<!-- This site is optimized with the Yoast SEO plugin v27.5 - https:\/\/yoast.com\/product\/yoast-seo-wordpress\/ -->\n<title>Indica\u00e7\u00e3o para Peri\u00f3dicos - XVII SemeAd<\/title>\n<meta name=\"robots\" content=\"index, follow, max-snippet:-1, max-image-preview:large, max-video-preview:-1\" \/>\n<link rel=\"canonical\" href=\"https:\/\/semead.com.br\/17\/indicacao-para-periodicos\/\" \/>\n<meta property=\"og:locale\" content=\"en_US\" \/>\n<meta property=\"og:type\" content=\"article\" \/>\n<meta property=\"og:title\" content=\"Indica\u00e7\u00e3o para Peri\u00f3dicos - XVII SemeAd\" \/>\n<meta property=\"og:description\" content=\"Os trabalhos melhor avaliados ser\u00e3o encaminhados para o\u00a0fast-track\u00a0nos peri\u00f3dicos que ap\u00f3iam o SemeAd.\u00a0 Os autores podem escolher at\u00e9 um peri\u00f3dico para cada extrato do sistema qualis, entre os peri\u00f3dicos que apoiam o SemeAd. Os trabalhos selecionados para o fast track resultam da apura\u00e7\u00e3o dos melhores trabalhos com base na avalia\u00e7\u00e3o dos pareceristas, cada trabalho selecionado...\" \/>\n<meta property=\"og:url\" content=\"https:\/\/semead.com.br\/17\/indicacao-para-periodicos\/\" \/>\n<meta property=\"og:site_name\" content=\"XVII SemeAd\" \/>\n<meta property=\"article:modified_time\" content=\"2025-05-29T20:23:37+00:00\" \/>\n<meta name=\"twitter:card\" content=\"summary_large_image\" \/>\n<meta name=\"twitter:label1\" content=\"Est. reading time\" \/>\n\t<meta name=\"twitter:data1\" content=\"1 minute\" \/>\n<script type=\"application\/ld+json\" class=\"yoast-schema-graph\">{\"@context\":\"https:\\\/\\\/schema.org\",\"@graph\":[{\"@type\":\"WebPage\",\"@id\":\"https:\\\/\\\/semead.com.br\\\/17\\\/indicacao-para-periodicos\\\/\",\"url\":\"https:\\\/\\\/semead.com.br\\\/17\\\/indicacao-para-periodicos\\\/\",\"name\":\"Indica\u00e7\u00e3o para Peri\u00f3dicos - XVII SemeAd\",\"isPartOf\":{\"@id\":\"https:\\\/\\\/semead.com.br\\\/17\\\/#website\"},\"datePublished\":\"2013-04-26T00:17:14+00:00\",\"dateModified\":\"2025-05-29T20:23:37+00:00\",\"breadcrumb\":{\"@id\":\"https:\\\/\\\/semead.com.br\\\/17\\\/indicacao-para-periodicos\\\/#breadcrumb\"},\"inLanguage\":\"en-US\",\"potentialAction\":[{\"@type\":\"ReadAction\",\"target\":[\"https:\\\/\\\/semead.com.br\\\/17\\\/indicacao-para-periodicos\\\/\"]}]},{\"@type\":\"BreadcrumbList\",\"@id\":\"https:\\\/\\\/semead.com.br\\\/17\\\/indicacao-para-periodicos\\\/#breadcrumb\",\"itemListElement\":[{\"@type\":\"ListItem\",\"position\":1,\"name\":\"In\u00edcio\",\"item\":\"https:\\\/\\\/semead.com.br\\\/17\\\/\"},{\"@type\":\"ListItem\",\"position\":2,\"name\":\"Indica\u00e7\u00e3o para Peri\u00f3dicos\"}]},{\"@type\":\"WebSite\",\"@id\":\"https:\\\/\\\/semead.com.br\\\/17\\\/#website\",\"url\":\"https:\\\/\\\/semead.com.br\\\/17\\\/\",\"name\":\"XVII SemeAd\",\"description\":\"Just another SemeAd site\",\"potentialAction\":[{\"@type\":\"SearchAction\",\"target\":{\"@type\":\"EntryPoint\",\"urlTemplate\":\"https:\\\/\\\/semead.com.br\\\/17\\\/?s={search_term_string}\"},\"query-input\":{\"@type\":\"PropertyValueSpecification\",\"valueRequired\":true,\"valueName\":\"search_term_string\"}}],\"inLanguage\":\"en-US\"}]}<\/script>\n<!-- \/ Yoast SEO plugin. -->","yoast_head_json":{"title":"Indica\u00e7\u00e3o para Peri\u00f3dicos - XVII SemeAd","robots":{"index":"index","follow":"follow","max-snippet":"max-snippet:-1","max-image-preview":"max-image-preview:large","max-video-preview":"max-video-preview:-1"},"canonical":"https:\/\/semead.com.br\/17\/indicacao-para-periodicos\/","og_locale":"en_US","og_type":"article","og_title":"Indica\u00e7\u00e3o para Peri\u00f3dicos - XVII SemeAd","og_description":"Os trabalhos melhor avaliados ser\u00e3o encaminhados para o\u00a0fast-track\u00a0nos peri\u00f3dicos que ap\u00f3iam o SemeAd.\u00a0 Os autores podem escolher at\u00e9 um peri\u00f3dico para cada extrato do sistema qualis, entre os peri\u00f3dicos que apoiam o SemeAd. Os trabalhos selecionados para o fast track resultam da apura\u00e7\u00e3o dos melhores trabalhos com base na avalia\u00e7\u00e3o dos pareceristas, cada trabalho selecionado...","og_url":"https:\/\/semead.com.br\/17\/indicacao-para-periodicos\/","og_site_name":"XVII SemeAd","article_modified_time":"2025-05-29T20:23:37+00:00","twitter_card":"summary_large_image","twitter_misc":{"Est. reading time":"1 minute"},"schema":{"@context":"https:\/\/schema.org","@graph":[{"@type":"WebPage","@id":"https:\/\/semead.com.br\/17\/indicacao-para-periodicos\/","url":"https:\/\/semead.com.br\/17\/indicacao-para-periodicos\/","name":"Indica\u00e7\u00e3o para Peri\u00f3dicos - XVII SemeAd","isPartOf":{"@id":"https:\/\/semead.com.br\/17\/#website"},"datePublished":"2013-04-26T00:17:14+00:00","dateModified":"2025-05-29T20:23:37+00:00","breadcrumb":{"@id":"https:\/\/semead.com.br\/17\/indicacao-para-periodicos\/#breadcrumb"},"inLanguage":"en-US","potentialAction":[{"@type":"ReadAction","target":["https:\/\/semead.com.br\/17\/indicacao-para-periodicos\/"]}]},{"@type":"BreadcrumbList","@id":"https:\/\/semead.com.br\/17\/indicacao-para-periodicos\/#breadcrumb","itemListElement":[{"@type":"ListItem","position":1,"name":"In\u00edcio","item":"https:\/\/semead.com.br\/17\/"},{"@type":"ListItem","position":2,"name":"Indica\u00e7\u00e3o para Peri\u00f3dicos"}]},{"@type":"WebSite","@id":"https:\/\/semead.com.br\/17\/#website","url":"https:\/\/semead.com.br\/17\/","name":"XVII SemeAd","description":"Just another SemeAd site","potentialAction":[{"@type":"SearchAction","target":{"@type":"EntryPoint","urlTemplate":"https:\/\/semead.com.br\/17\/?s={search_term_string}"},"query-input":{"@type":"PropertyValueSpecification","valueRequired":true,"valueName":"search_term_string"}}],"inLanguage":"en-US"}]}},"_links":{"self":[{"href":"https:\/\/semead.com.br\/17\/wp-json\/wp\/v2\/pages\/25","targetHints":{"allow":["GET"]}}],"collection":[{"href":"https:\/\/semead.com.br\/17\/wp-json\/wp\/v2\/pages"}],"about":[{"href":"https:\/\/semead.com.br\/17\/wp-json\/wp\/v2\/types\/page"}],"author":[{"embeddable":true,"href":"https:\/\/semead.com.br\/17\/wp-json\/wp\/v2\/users\/1"}],"replies":[{"embeddable":true,"href":"https:\/\/semead.com.br\/17\/wp-json\/wp\/v2\/comments?post=25"}],"version-history":[{"count":1,"href":"https:\/\/semead.com.br\/17\/wp-json\/wp\/v2\/pages\/25\/revisions"}],"predecessor-version":[{"id":11982,"href":"https:\/\/semead.com.br\/17\/wp-json\/wp\/v2\/pages\/25\/revisions\/11982"}],"wp:attachment":[{"href":"https:\/\/semead.com.br\/17\/wp-json\/wp\/v2\/media?parent=25"}],"curies":[{"name":"wp","href":"https:\/\/api.w.org\/{rel}","templated":true}]}}