{"id":34,"date":"2013-04-26T00:22:59","date_gmt":"2013-04-26T00:22:59","guid":{"rendered":"http:\/\/semead.com.br\/?page_id=34"},"modified":"2013-04-26T00:22:59","modified_gmt":"2013-04-26T00:22:59","slug":"contato","status":"publish","type":"page","link":"https:\/\/semead.com.br\/17\/contato\/","title":{"rendered":"Contato"},"content":{"rendered":"<p><strong>Seme<em>Ad<\/em><\/strong><br \/>\nSecretaria do Programa de P\u00f3s-Gradua\u00e7\u00e3o em Administra\u00e7\u00e3o &#8211; USP<br \/>\nAv. Prof. Luciano Gualberto, 908. Cid. Universit\u00e1ria, \u00a0S\u00e3o Paulo &#8211; SP<br \/>\nCEP: 05508-010<\/p>\n<p><strong>Hor\u00e1rio de Atendimento:<\/strong><br \/>\nDe 2\u00aa a 6\u00aa das 14:00h \u00e0s 18:00h, sala C1 &#8211; FEA-USP<br \/>\nEXECPCIONALMENTE NO DIA 24\/09, O ATENDIMENTO SER\u00c1 REALIZADO NO PER\u00cdODO DA MANH\u00c3, DAS 09h \u00c0S 13h.<br \/>\nTelefones: (011) 3091-5805 Fax: (011) 3818-4003<br \/>\ne-mail: contato@semead.com.br<\/p>\n<p class=\"wpcf7-contact-form-not-found\"><strong>Error:<\/strong> Contact form not found.<\/p>\n","protected":false},"excerpt":{"rendered":"<p>SemeAd Secretaria do Programa de P\u00f3s-Gradua\u00e7\u00e3o em Administra\u00e7\u00e3o &#8211; USP Av. Prof. Luciano Gualberto, 908. Cid. Universit\u00e1ria, \u00a0S\u00e3o Paulo &#8211; SP CEP: 05508-010 Hor\u00e1rio de Atendimento: De 2\u00aa a 6\u00aa das 14:00h \u00e0s 18:00h, sala C1 &#8211; FEA-USP EXECPCIONALMENTE NO DIA 24\/09, O ATENDIMENTO SER\u00c1 REALIZADO NO PER\u00cdODO DA MANH\u00c3, DAS 09h \u00c0S 13h. Telefones:&#8230;<\/p>\n","protected":false},"author":1,"featured_media":0,"parent":0,"menu_order":0,"comment_status":"open","ping_status":"open","template":"","meta":{"_acf_changed":false,"_monsterinsights_skip_tracking":false,"_monsterinsights_sitenote_active":false,"_monsterinsights_sitenote_note":"","_monsterinsights_sitenote_category":0,"footnotes":""},"class_list":["post-34","page","type-page","status-publish","hentry"],"acf":[],"yoast_head":"<!-- This site is optimized with the Yoast SEO plugin v27.5 - https:\/\/yoast.com\/product\/yoast-seo-wordpress\/ -->\n<title>Contato - XVII SemeAd<\/title>\n<meta name=\"robots\" content=\"index, follow, max-snippet:-1, max-image-preview:large, max-video-preview:-1\" \/>\n<link rel=\"canonical\" href=\"https:\/\/semead.com.br\/17\/contato\/\" \/>\n<meta property=\"og:locale\" content=\"en_US\" \/>\n<meta property=\"og:type\" content=\"article\" \/>\n<meta property=\"og:title\" content=\"Contato - XVII SemeAd\" \/>\n<meta property=\"og:description\" content=\"SemeAd Secretaria do Programa de P\u00f3s-Gradua\u00e7\u00e3o em Administra\u00e7\u00e3o &#8211; USP Av. Prof. Luciano Gualberto, 908. Cid. Universit\u00e1ria, \u00a0S\u00e3o Paulo &#8211; SP CEP: 05508-010 Hor\u00e1rio de Atendimento: De 2\u00aa a 6\u00aa das 14:00h \u00e0s 18:00h, sala C1 &#8211; FEA-USP EXECPCIONALMENTE NO DIA 24\/09, O ATENDIMENTO SER\u00c1 REALIZADO NO PER\u00cdODO DA MANH\u00c3, DAS 09h \u00c0S 13h. Telefones:...\" \/>\n<meta property=\"og:url\" content=\"https:\/\/semead.com.br\/17\/contato\/\" \/>\n<meta property=\"og:site_name\" content=\"XVII SemeAd\" \/>\n<meta name=\"twitter:card\" content=\"summary_large_image\" \/>\n<script type=\"application\/ld+json\" class=\"yoast-schema-graph\">{\"@context\":\"https:\\\/\\\/schema.org\",\"@graph\":[{\"@type\":\"WebPage\",\"@id\":\"https:\\\/\\\/semead.com.br\\\/17\\\/contato\\\/\",\"url\":\"https:\\\/\\\/semead.com.br\\\/17\\\/contato\\\/\",\"name\":\"Contato - XVII SemeAd\",\"isPartOf\":{\"@id\":\"https:\\\/\\\/semead.com.br\\\/17\\\/#website\"},\"datePublished\":\"2013-04-26T00:22:59+00:00\",\"breadcrumb\":{\"@id\":\"https:\\\/\\\/semead.com.br\\\/17\\\/contato\\\/#breadcrumb\"},\"inLanguage\":\"en-US\",\"potentialAction\":[{\"@type\":\"ReadAction\",\"target\":[\"https:\\\/\\\/semead.com.br\\\/17\\\/contato\\\/\"]}]},{\"@type\":\"BreadcrumbList\",\"@id\":\"https:\\\/\\\/semead.com.br\\\/17\\\/contato\\\/#breadcrumb\",\"itemListElement\":[{\"@type\":\"ListItem\",\"position\":1,\"name\":\"In\u00edcio\",\"item\":\"https:\\\/\\\/semead.com.br\\\/17\\\/\"},{\"@type\":\"ListItem\",\"position\":2,\"name\":\"Contato\"}]},{\"@type\":\"WebSite\",\"@id\":\"https:\\\/\\\/semead.com.br\\\/17\\\/#website\",\"url\":\"https:\\\/\\\/semead.com.br\\\/17\\\/\",\"name\":\"XVII SemeAd\",\"description\":\"Just another SemeAd site\",\"potentialAction\":[{\"@type\":\"SearchAction\",\"target\":{\"@type\":\"EntryPoint\",\"urlTemplate\":\"https:\\\/\\\/semead.com.br\\\/17\\\/?s={search_term_string}\"},\"query-input\":{\"@type\":\"PropertyValueSpecification\",\"valueRequired\":true,\"valueName\":\"search_term_string\"}}],\"inLanguage\":\"en-US\"}]}<\/script>\n<!-- \/ Yoast SEO plugin. -->","yoast_head_json":{"title":"Contato - XVII SemeAd","robots":{"index":"index","follow":"follow","max-snippet":"max-snippet:-1","max-image-preview":"max-image-preview:large","max-video-preview":"max-video-preview:-1"},"canonical":"https:\/\/semead.com.br\/17\/contato\/","og_locale":"en_US","og_type":"article","og_title":"Contato - XVII SemeAd","og_description":"SemeAd Secretaria do Programa de P\u00f3s-Gradua\u00e7\u00e3o em Administra\u00e7\u00e3o &#8211; USP Av. Prof. Luciano Gualberto, 908. Cid. Universit\u00e1ria, \u00a0S\u00e3o Paulo &#8211; SP CEP: 05508-010 Hor\u00e1rio de Atendimento: De 2\u00aa a 6\u00aa das 14:00h \u00e0s 18:00h, sala C1 &#8211; FEA-USP EXECPCIONALMENTE NO DIA 24\/09, O ATENDIMENTO SER\u00c1 REALIZADO NO PER\u00cdODO DA MANH\u00c3, DAS 09h \u00c0S 13h. Telefones:...","og_url":"https:\/\/semead.com.br\/17\/contato\/","og_site_name":"XVII SemeAd","twitter_card":"summary_large_image","schema":{"@context":"https:\/\/schema.org","@graph":[{"@type":"WebPage","@id":"https:\/\/semead.com.br\/17\/contato\/","url":"https:\/\/semead.com.br\/17\/contato\/","name":"Contato - XVII SemeAd","isPartOf":{"@id":"https:\/\/semead.com.br\/17\/#website"},"datePublished":"2013-04-26T00:22:59+00:00","breadcrumb":{"@id":"https:\/\/semead.com.br\/17\/contato\/#breadcrumb"},"inLanguage":"en-US","potentialAction":[{"@type":"ReadAction","target":["https:\/\/semead.com.br\/17\/contato\/"]}]},{"@type":"BreadcrumbList","@id":"https:\/\/semead.com.br\/17\/contato\/#breadcrumb","itemListElement":[{"@type":"ListItem","position":1,"name":"In\u00edcio","item":"https:\/\/semead.com.br\/17\/"},{"@type":"ListItem","position":2,"name":"Contato"}]},{"@type":"WebSite","@id":"https:\/\/semead.com.br\/17\/#website","url":"https:\/\/semead.com.br\/17\/","name":"XVII SemeAd","description":"Just another SemeAd site","potentialAction":[{"@type":"SearchAction","target":{"@type":"EntryPoint","urlTemplate":"https:\/\/semead.com.br\/17\/?s={search_term_string}"},"query-input":{"@type":"PropertyValueSpecification","valueRequired":true,"valueName":"search_term_string"}}],"inLanguage":"en-US"}]}},"_links":{"self":[{"href":"https:\/\/semead.com.br\/17\/wp-json\/wp\/v2\/pages\/34","targetHints":{"allow":["GET"]}}],"collection":[{"href":"https:\/\/semead.com.br\/17\/wp-json\/wp\/v2\/pages"}],"about":[{"href":"https:\/\/semead.com.br\/17\/wp-json\/wp\/v2\/types\/page"}],"author":[{"embeddable":true,"href":"https:\/\/semead.com.br\/17\/wp-json\/wp\/v2\/users\/1"}],"replies":[{"embeddable":true,"href":"https:\/\/semead.com.br\/17\/wp-json\/wp\/v2\/comments?post=34"}],"version-history":[{"count":0,"href":"https:\/\/semead.com.br\/17\/wp-json\/wp\/v2\/pages\/34\/revisions"}],"wp:attachment":[{"href":"https:\/\/semead.com.br\/17\/wp-json\/wp\/v2\/media?parent=34"}],"curies":[{"name":"wp","href":"https:\/\/api.w.org\/{rel}","templated":true}]}}