{"id":4937,"date":"2012-12-01T12:13:47","date_gmt":"2012-12-01T12:13:47","guid":{"rendered":"http:\/\/localhost\/zeta\/?page_id=4937"},"modified":"2012-12-01T12:13:47","modified_gmt":"2012-12-01T12:13:47","slug":"homepage-version-2","status":"publish","type":"page","link":"https:\/\/semead.com.br\/17\/","title":{"rendered":"Home"},"content":{"rendered":"<p>[symple_column size=&#8221;one-half&#8221; position=&#8221;first&#8221;]<\/p>\n<p>[symple_heading type=&#8221;h2&#8243; title=&#8221;Aviso&#8221;]<\/p>\n<h2>V\u00eddeos<\/h2>\n<p>Est\u00e3o dispon\u00edveis os v\u00eddeos do SemeAd, <a href=\"http:\/\/www.fea.usp.br\/videos_view.php?id=365\" target=\"_blank\">Clique Aqui <\/a>\u00a0para assist\u00ed-los<\/p>\n<h2><\/h2>\n<h2><\/h2>\n<h2>Resultado do Fast Track<\/h2>\n<p><a href=\"http:\/\/semead.com.br\/trabalhos\/resultado-fast-track\/\">Consulte aqui <\/a>o resultado do Fast Track<\/p>\n<h2><\/h2>\n<h2>Programa\u00e7\u00e3o Dispon\u00edvel &#8211; Atualizada<\/h2>\n<p>Acesse abaixo a programa\u00e7\u00e3o de apresenta\u00e7\u00e3o de trabalhos do SemeAd<\/p>\n<p><a href=\"https:\/\/semead.com.br\/17\/wp-content\/uploads\/sites\/3\/2012\/12\/Programa-Apresentacoes-DIA-30-e-31-completa.pdf\" target=\"_blank\">Programa\u00e7\u00e3o dos dias 29, 30 e 31<\/a><\/p>\n<h2><\/h2>\n<h2>Professores Indicados ao Pr\u00eamio &#8220;Melhor Avaliador por \u00c1rea&#8221;<\/h2>\n<p><a title=\"Melhor Avaliador por \u00c1rea\" href=\"http:\/\/semead.com.br\/evento\/melhor-avaliador-por-area\/\" target=\"_blank\">Consulte Aqui<\/a><\/p>\n<h2><\/h2>\n<h2><\/h2>\n<h2>[\/symple_column]<\/h2>\n<p>[symple_column size=&#8221;one-half&#8221; position=&#8221;last&#8221;]<\/p>\n<p>[symple_heading type=&#8221;h2&#8243; title=&#8221;Apoio \/ Realiza\u00e7\u00e3o&#8221;]<\/p>\n<p><a href=\"http:\/\/www.fea.usp.br\" target=\"_blank\"><img loading=\"lazy\" decoding=\"async\" class=\"alignnone size-full wp-image-10394\" src=\"https:\/\/semead.com.br\/17\/wp-content\/uploads\/sites\/3\/2012\/12\/logo-fea.jpg\" alt=\"logo-fea\" width=\"260\" height=\"180\" \/><\/a><a href=\"http:\/\/www.capes.gov.br\/\"><img loading=\"lazy\" decoding=\"async\" class=\"alignnone size-full wp-image-9876\" src=\"https:\/\/semead.com.br\/17\/wp-content\/uploads\/sites\/3\/2013\/04\/logo_capes.gif\" alt=\"logo_capes\" width=\"260\" height=\"180\" \/><\/a><\/p>\n<p><a href=\"http:\/\/www.fapesp.br\/\" target=\"_blank\"><img loading=\"lazy\" decoding=\"async\" class=\"alignnone size-full wp-image-11446\" src=\"https:\/\/semead.com.br\/17\/wp-content\/uploads\/sites\/3\/2012\/12\/FAPESP_logo_isolado_azul.png\" alt=\"FAPESP_logo_isolado_azul\" width=\"250\" height=\"80\" \/><\/a>\u00a0<a href=\"http:\/\/www.cnpq.br\/\" target=\"_blank\"><img loading=\"lazy\" decoding=\"async\" class=\"alignnone size-full wp-image-11444\" src=\"https:\/\/semead.com.br\/17\/wp-content\/uploads\/sites\/3\/2012\/12\/cnpq.png\" alt=\"cnpq\" width=\"250\" height=\"111\" \/><\/a><\/p>\n<h2><\/h2>\n<p>[symple_heading type=&#8221;h2&#8243; title=&#8221;Datas Importantes&#8221;]<\/p>\n\n<p>[\/symple_column]<\/p>\n<p>&nbsp;<\/p>\n<hr \/>\n<p>[symple_heading type=&#8221;h2&#8243; title=&#8221;Parceiros&#8221;]<\/p>\n<p style=\"font-weight: 400;color: #222222\">[symple_column size=&#8221;one-fourth&#8221;]<a href=\"http:\/\/www.emeraldinsight.com\/\" target=\"_blank\"><img loading=\"lazy\" decoding=\"async\" class=\"alignnone size-full wp-image-10886\" src=\"https:\/\/semead.com.br\/17\/wp-content\/uploads\/sites\/3\/2013\/08\/download.jpg\" alt=\"Emerald\" width=\"116\" height=\"166\" \/><\/a>[\/symple_column]<\/p>\n<p style=\"font-weight: 400;color: #222222\">[symple_column size=&#8221;one-fourth&#8221;]<a href=\"http:\/\/www2.espm.br\/\" target=\"_blank\"><img loading=\"lazy\" decoding=\"async\" class=\"size-full wp-image-10376 aligncenter\" src=\"https:\/\/semead.com.br\/17\/wp-content\/uploads\/sites\/3\/2012\/12\/logo-espm.gif\" alt=\"logo-espm\" width=\"200\" height=\"180\" \/><\/a><a href=\"http:\/\/www.fia.com.br\" target=\"_blank\"><br \/>\n<\/a>[\/symple_column]<\/p>\n<p style=\"font-weight: 400;color: #222222\">[symple_column size=&#8221;one-fourth&#8221;]<\/p>\n<p><a href=\"http:\/\/www.fia.com.br\" target=\"_blank\"><img loading=\"lazy\" decoding=\"async\" class=\"wp-image-10373 size-full aligncenter\" src=\"https:\/\/semead.com.br\/17\/wp-content\/uploads\/sites\/3\/2012\/12\/logo-fia.gif\" alt=\"logo-fia\" width=\"200\" height=\"180\" \/><\/a><\/p>\n<p style=\"font-weight: 400;color: #222222\">[\/symple_column]<\/p>\n<p style=\"font-weight: 400;color: #222222\">[symple_column size=&#8221;one-fourth&#8221; position=&#8221;last&#8221;]<\/p>\n<p style=\"font-weight: 400;color: #222222\"><a href=\"http:\/\/www.mackenzie.br\/\" target=\"_blank\"><img loading=\"lazy\" decoding=\"async\" class=\"wp-image-10858 size-full aligncenter\" src=\"http:\/\/semead.com.br\/wp-content\/uploads\/2013\/07\/mackenzie-e1406134223976.png\" alt=\"mackenzie\" width=\"170\" height=\"114\" \/><\/a>[\/symple_column]<\/p>\n<p style=\"font-weight: 400;color: #222222\">[symple_column size=&#8221;one-third&#8221;]<a href=\"http:\/\/uninove.br\" target=\"_blank\"><img loading=\"lazy\" decoding=\"async\" class=\"size-full wp-image-10379 aligncenter\" src=\"https:\/\/semead.com.br\/17\/wp-content\/uploads\/sites\/3\/2012\/12\/logo-uninove.gif\" alt=\"logo-uninove\" width=\"200\" height=\"180\" \/><\/a>[\/symple_column]<\/p>\n<p style=\"font-weight: 400;color: #222222\">[symple_column size=&#8221;one-third&#8221;]<a href=\"http:\/\/www.unip.br\" target=\"_blank\"><img loading=\"lazy\" decoding=\"async\" class=\"wp-image-11351 size-full aligncenter\" src=\"http:\/\/semead.com.br\/wp-content\/uploads\/2012\/12\/UNIP-e1406134173295.jpg\" alt=\"UNIP\" width=\"170\" height=\"54\" \/><\/a>[\/symple_column]<\/p>\n<p style=\"font-weight: 400;color: #222222\">[symple_column size=&#8221;one-third&#8221; position=&#8221;last&#8221;]<a href=\"http:\/\/www.uscs.edu.br\/\" target=\"_blank\"><img loading=\"lazy\" decoding=\"async\" class=\"size-full wp-image-10378 aligncenter\" src=\"https:\/\/semead.com.br\/17\/wp-content\/uploads\/sites\/3\/2012\/12\/logo-uscs.gif\" alt=\"logo-uscs\" width=\"200\" height=\"180\" \/><\/a>[\/symple_column]<\/p>\n","protected":false},"excerpt":{"rendered":"<p>[symple_column size=&#8221;one-half&#8221; position=&#8221;first&#8221;] [symple_heading type=&#8221;h2&#8243; title=&#8221;Aviso&#8221;] V\u00eddeos Est\u00e3o dispon\u00edveis os v\u00eddeos do SemeAd, Clique Aqui \u00a0para assist\u00ed-los Resultado do Fast Track Consulte aqui o resultado do Fast Track Programa\u00e7\u00e3o Dispon\u00edvel &#8211; Atualizada Acesse abaixo a programa\u00e7\u00e3o de apresenta\u00e7\u00e3o de trabalhos do SemeAd Programa\u00e7\u00e3o dos dias 29, 30 e 31 Professores Indicados ao Pr\u00eamio &#8220;Melhor Avaliador&#8230;<\/p>\n","protected":false},"author":1,"featured_media":0,"parent":0,"menu_order":0,"comment_status":"open","ping_status":"closed","template":"","meta":{"_acf_changed":false,"_monsterinsights_skip_tracking":false,"_monsterinsights_sitenote_active":false,"_monsterinsights_sitenote_note":"","_monsterinsights_sitenote_category":0,"footnotes":""},"class_list":["post-4937","page","type-page","status-publish","hentry"],"acf":[],"yoast_head":"<!-- This site is optimized with the Yoast SEO plugin v27.5 - https:\/\/yoast.com\/product\/yoast-seo-wordpress\/ -->\n<title>Home - XVII SemeAd<\/title>\n<meta name=\"robots\" content=\"index, follow, max-snippet:-1, max-image-preview:large, max-video-preview:-1\" \/>\n<link rel=\"canonical\" href=\"https:\/\/semead.com.br\/17\/\" \/>\n<meta property=\"og:locale\" content=\"en_US\" \/>\n<meta property=\"og:type\" content=\"article\" \/>\n<meta property=\"og:title\" content=\"Home - XVII SemeAd\" \/>\n<meta property=\"og:description\" content=\"[symple_column size=&#8221;one-half&#8221; position=&#8221;first&#8221;] [symple_heading type=&#8221;h2&#8243; title=&#8221;Aviso&#8221;] V\u00eddeos Est\u00e3o dispon\u00edveis os v\u00eddeos do SemeAd, Clique Aqui \u00a0para assist\u00ed-los Resultado do Fast Track Consulte aqui o resultado do Fast Track Programa\u00e7\u00e3o Dispon\u00edvel &#8211; Atualizada Acesse abaixo a programa\u00e7\u00e3o de apresenta\u00e7\u00e3o de trabalhos do SemeAd Programa\u00e7\u00e3o dos dias 29, 30 e 31 Professores Indicados ao Pr\u00eamio &#8220;Melhor Avaliador...\" \/>\n<meta property=\"og:url\" content=\"https:\/\/semead.com.br\/17\/\" \/>\n<meta property=\"og:site_name\" content=\"XVII SemeAd\" \/>\n<meta name=\"twitter:card\" content=\"summary_large_image\" \/>\n<meta name=\"twitter:label1\" content=\"Est. reading time\" \/>\n\t<meta name=\"twitter:data1\" content=\"1 minute\" \/>\n<script type=\"application\/ld+json\" class=\"yoast-schema-graph\">{\"@context\":\"https:\\\/\\\/schema.org\",\"@graph\":[{\"@type\":\"WebPage\",\"@id\":\"https:\\\/\\\/semead.com.br\\\/17\\\/\",\"url\":\"https:\\\/\\\/semead.com.br\\\/17\\\/\",\"name\":\"Home - XVII SemeAd\",\"isPartOf\":{\"@id\":\"https:\\\/\\\/semead.com.br\\\/17\\\/#website\"},\"primaryImageOfPage\":{\"@id\":\"https:\\\/\\\/semead.com.br\\\/17\\\/#primaryimage\"},\"image\":{\"@id\":\"https:\\\/\\\/semead.com.br\\\/17\\\/#primaryimage\"},\"thumbnailUrl\":\"https:\\\/\\\/semead.com.br\\\/17\\\/wp-content\\\/uploads\\\/sites\\\/3\\\/2012\\\/12\\\/logo-fea.jpg\",\"datePublished\":\"2012-12-01T12:13:47+00:00\",\"breadcrumb\":{\"@id\":\"https:\\\/\\\/semead.com.br\\\/17\\\/#breadcrumb\"},\"inLanguage\":\"en-US\",\"potentialAction\":[{\"@type\":\"ReadAction\",\"target\":[\"https:\\\/\\\/semead.com.br\\\/17\\\/\"]}]},{\"@type\":\"ImageObject\",\"inLanguage\":\"en-US\",\"@id\":\"https:\\\/\\\/semead.com.br\\\/17\\\/#primaryimage\",\"url\":\"https:\\\/\\\/semead.com.br\\\/17\\\/wp-content\\\/uploads\\\/sites\\\/3\\\/2012\\\/12\\\/logo-fea.jpg\",\"contentUrl\":\"https:\\\/\\\/semead.com.br\\\/17\\\/wp-content\\\/uploads\\\/sites\\\/3\\\/2012\\\/12\\\/logo-fea.jpg\"},{\"@type\":\"BreadcrumbList\",\"@id\":\"https:\\\/\\\/semead.com.br\\\/17\\\/#breadcrumb\",\"itemListElement\":[{\"@type\":\"ListItem\",\"position\":1,\"name\":\"In\u00edcio\",\"item\":\"https:\\\/\\\/semead.com.br\\\/17\\\/\"},{\"@type\":\"ListItem\",\"position\":2,\"name\":\"Home\"}]},{\"@type\":\"WebSite\",\"@id\":\"https:\\\/\\\/semead.com.br\\\/17\\\/#website\",\"url\":\"https:\\\/\\\/semead.com.br\\\/17\\\/\",\"name\":\"XVII SemeAd\",\"description\":\"Just another SemeAd site\",\"potentialAction\":[{\"@type\":\"SearchAction\",\"target\":{\"@type\":\"EntryPoint\",\"urlTemplate\":\"https:\\\/\\\/semead.com.br\\\/17\\\/?s={search_term_string}\"},\"query-input\":{\"@type\":\"PropertyValueSpecification\",\"valueRequired\":true,\"valueName\":\"search_term_string\"}}],\"inLanguage\":\"en-US\"}]}<\/script>\n<!-- \/ Yoast SEO plugin. -->","yoast_head_json":{"title":"Home - XVII SemeAd","robots":{"index":"index","follow":"follow","max-snippet":"max-snippet:-1","max-image-preview":"max-image-preview:large","max-video-preview":"max-video-preview:-1"},"canonical":"https:\/\/semead.com.br\/17\/","og_locale":"en_US","og_type":"article","og_title":"Home - XVII SemeAd","og_description":"[symple_column size=&#8221;one-half&#8221; position=&#8221;first&#8221;] [symple_heading type=&#8221;h2&#8243; title=&#8221;Aviso&#8221;] V\u00eddeos Est\u00e3o dispon\u00edveis os v\u00eddeos do SemeAd, Clique Aqui \u00a0para assist\u00ed-los Resultado do Fast Track Consulte aqui o resultado do Fast Track Programa\u00e7\u00e3o Dispon\u00edvel &#8211; Atualizada Acesse abaixo a programa\u00e7\u00e3o de apresenta\u00e7\u00e3o de trabalhos do SemeAd Programa\u00e7\u00e3o dos dias 29, 30 e 31 Professores Indicados ao Pr\u00eamio &#8220;Melhor Avaliador...","og_url":"https:\/\/semead.com.br\/17\/","og_site_name":"XVII SemeAd","twitter_card":"summary_large_image","twitter_misc":{"Est. reading time":"1 minute"},"schema":{"@context":"https:\/\/schema.org","@graph":[{"@type":"WebPage","@id":"https:\/\/semead.com.br\/17\/","url":"https:\/\/semead.com.br\/17\/","name":"Home - XVII SemeAd","isPartOf":{"@id":"https:\/\/semead.com.br\/17\/#website"},"primaryImageOfPage":{"@id":"https:\/\/semead.com.br\/17\/#primaryimage"},"image":{"@id":"https:\/\/semead.com.br\/17\/#primaryimage"},"thumbnailUrl":"https:\/\/semead.com.br\/17\/wp-content\/uploads\/sites\/3\/2012\/12\/logo-fea.jpg","datePublished":"2012-12-01T12:13:47+00:00","breadcrumb":{"@id":"https:\/\/semead.com.br\/17\/#breadcrumb"},"inLanguage":"en-US","potentialAction":[{"@type":"ReadAction","target":["https:\/\/semead.com.br\/17\/"]}]},{"@type":"ImageObject","inLanguage":"en-US","@id":"https:\/\/semead.com.br\/17\/#primaryimage","url":"https:\/\/semead.com.br\/17\/wp-content\/uploads\/sites\/3\/2012\/12\/logo-fea.jpg","contentUrl":"https:\/\/semead.com.br\/17\/wp-content\/uploads\/sites\/3\/2012\/12\/logo-fea.jpg"},{"@type":"BreadcrumbList","@id":"https:\/\/semead.com.br\/17\/#breadcrumb","itemListElement":[{"@type":"ListItem","position":1,"name":"In\u00edcio","item":"https:\/\/semead.com.br\/17\/"},{"@type":"ListItem","position":2,"name":"Home"}]},{"@type":"WebSite","@id":"https:\/\/semead.com.br\/17\/#website","url":"https:\/\/semead.com.br\/17\/","name":"XVII SemeAd","description":"Just another SemeAd site","potentialAction":[{"@type":"SearchAction","target":{"@type":"EntryPoint","urlTemplate":"https:\/\/semead.com.br\/17\/?s={search_term_string}"},"query-input":{"@type":"PropertyValueSpecification","valueRequired":true,"valueName":"search_term_string"}}],"inLanguage":"en-US"}]}},"_links":{"self":[{"href":"https:\/\/semead.com.br\/17\/wp-json\/wp\/v2\/pages\/4937","targetHints":{"allow":["GET"]}}],"collection":[{"href":"https:\/\/semead.com.br\/17\/wp-json\/wp\/v2\/pages"}],"about":[{"href":"https:\/\/semead.com.br\/17\/wp-json\/wp\/v2\/types\/page"}],"author":[{"embeddable":true,"href":"https:\/\/semead.com.br\/17\/wp-json\/wp\/v2\/users\/1"}],"replies":[{"embeddable":true,"href":"https:\/\/semead.com.br\/17\/wp-json\/wp\/v2\/comments?post=4937"}],"version-history":[{"count":0,"href":"https:\/\/semead.com.br\/17\/wp-json\/wp\/v2\/pages\/4937\/revisions"}],"wp:attachment":[{"href":"https:\/\/semead.com.br\/17\/wp-json\/wp\/v2\/media?parent=4937"}],"curies":[{"name":"wp","href":"https:\/\/api.w.org\/{rel}","templated":true}]}}