{"id":9778,"date":"2013-04-26T10:12:57","date_gmt":"2013-04-26T10:12:57","guid":{"rendered":"http:\/\/semead.com.br\/?page_id=9778"},"modified":"2013-04-26T10:12:57","modified_gmt":"2013-04-26T10:12:57","slug":"premiacao","status":"publish","type":"page","link":"https:\/\/semead.com.br\/17\/premiacao\/","title":{"rendered":"Premia\u00e7\u00e3o"},"content":{"rendered":"<p>Para esta edi\u00e7\u00e3o, ser\u00e3o consideradas tr\u00eas categorias de pr\u00eamios:<\/p>\n<p>&#8211; Melhor trabalho do Tema: selecionado pela lideran\u00e7a do tema entre os trabalhos melhor avaliados de acordo com os pareceristas.<\/p>\n<p>&#8211; Melhor trabalho da \u00c1rea: selecionado pela coordena\u00e7\u00e3o da \u00e1rea entre os trabalhos premiados como o melhor de cada tema.<\/p>\n<p>&#8211; Melhor trabalho do SemeAd: selecionado pela coordena\u00e7\u00e3o do SemeAd, entre os trabalhos premiados como o melhor de cada \u00e1rea\u201d.<\/p>\n<p><a href=\"https:\/\/semead.com.br\/17\/wp-content\/uploads\/sites\/3\/2013\/04\/Semead-2014-Premiacao.pdf\" class=\"symple-button  teal  symple-all\" target=\"_blank\" title=\"Premia\u00e7\u00e3o\"><span class=\"symple-button-inner\">Resultado da Premia\u00e7\u00e3o<\/span><\/a><\/p>\n","protected":false},"excerpt":{"rendered":"<p>Para esta edi\u00e7\u00e3o, ser\u00e3o consideradas tr\u00eas categorias de pr\u00eamios: &#8211; Melhor trabalho do Tema: selecionado pela lideran\u00e7a do tema entre os trabalhos melhor avaliados de acordo com os pareceristas. &#8211; Melhor trabalho da \u00c1rea: selecionado pela coordena\u00e7\u00e3o da \u00e1rea entre os trabalhos premiados como o melhor de cada tema. &#8211; Melhor trabalho do SemeAd: selecionado&#8230;<\/p>\n","protected":false},"author":1,"featured_media":0,"parent":0,"menu_order":0,"comment_status":"open","ping_status":"open","template":"","meta":{"_acf_changed":false,"_monsterinsights_skip_tracking":false,"_monsterinsights_sitenote_active":false,"_monsterinsights_sitenote_note":"","_monsterinsights_sitenote_category":0,"footnotes":""},"class_list":["post-9778","page","type-page","status-publish","hentry"],"acf":[],"yoast_head":"<!-- This site is optimized with the Yoast SEO plugin v27.5 - https:\/\/yoast.com\/product\/yoast-seo-wordpress\/ -->\n<title>Premia\u00e7\u00e3o - XVII SemeAd<\/title>\n<meta name=\"robots\" content=\"index, follow, max-snippet:-1, max-image-preview:large, max-video-preview:-1\" \/>\n<link rel=\"canonical\" href=\"https:\/\/semead.com.br\/17\/premiacao\/\" \/>\n<meta property=\"og:locale\" content=\"en_US\" \/>\n<meta property=\"og:type\" content=\"article\" \/>\n<meta property=\"og:title\" content=\"Premia\u00e7\u00e3o - XVII SemeAd\" \/>\n<meta property=\"og:description\" content=\"Para esta edi\u00e7\u00e3o, ser\u00e3o consideradas tr\u00eas categorias de pr\u00eamios: &#8211; Melhor trabalho do Tema: selecionado pela lideran\u00e7a do tema entre os trabalhos melhor avaliados de acordo com os pareceristas. &#8211; Melhor trabalho da \u00c1rea: selecionado pela coordena\u00e7\u00e3o da \u00e1rea entre os trabalhos premiados como o melhor de cada tema. &#8211; Melhor trabalho do SemeAd: selecionado...\" \/>\n<meta property=\"og:url\" content=\"https:\/\/semead.com.br\/17\/premiacao\/\" \/>\n<meta property=\"og:site_name\" content=\"XVII SemeAd\" \/>\n<meta name=\"twitter:card\" content=\"summary_large_image\" \/>\n<script type=\"application\/ld+json\" class=\"yoast-schema-graph\">{\"@context\":\"https:\\\/\\\/schema.org\",\"@graph\":[{\"@type\":\"WebPage\",\"@id\":\"https:\\\/\\\/semead.com.br\\\/17\\\/premiacao\\\/\",\"url\":\"https:\\\/\\\/semead.com.br\\\/17\\\/premiacao\\\/\",\"name\":\"Premia\u00e7\u00e3o - XVII SemeAd\",\"isPartOf\":{\"@id\":\"https:\\\/\\\/semead.com.br\\\/17\\\/#website\"},\"datePublished\":\"2013-04-26T10:12:57+00:00\",\"breadcrumb\":{\"@id\":\"https:\\\/\\\/semead.com.br\\\/17\\\/premiacao\\\/#breadcrumb\"},\"inLanguage\":\"en-US\",\"potentialAction\":[{\"@type\":\"ReadAction\",\"target\":[\"https:\\\/\\\/semead.com.br\\\/17\\\/premiacao\\\/\"]}]},{\"@type\":\"BreadcrumbList\",\"@id\":\"https:\\\/\\\/semead.com.br\\\/17\\\/premiacao\\\/#breadcrumb\",\"itemListElement\":[{\"@type\":\"ListItem\",\"position\":1,\"name\":\"In\u00edcio\",\"item\":\"https:\\\/\\\/semead.com.br\\\/17\\\/\"},{\"@type\":\"ListItem\",\"position\":2,\"name\":\"Premia\u00e7\u00e3o\"}]},{\"@type\":\"WebSite\",\"@id\":\"https:\\\/\\\/semead.com.br\\\/17\\\/#website\",\"url\":\"https:\\\/\\\/semead.com.br\\\/17\\\/\",\"name\":\"XVII SemeAd\",\"description\":\"Just another SemeAd site\",\"potentialAction\":[{\"@type\":\"SearchAction\",\"target\":{\"@type\":\"EntryPoint\",\"urlTemplate\":\"https:\\\/\\\/semead.com.br\\\/17\\\/?s={search_term_string}\"},\"query-input\":{\"@type\":\"PropertyValueSpecification\",\"valueRequired\":true,\"valueName\":\"search_term_string\"}}],\"inLanguage\":\"en-US\"}]}<\/script>\n<!-- \/ Yoast SEO plugin. -->","yoast_head_json":{"title":"Premia\u00e7\u00e3o - XVII SemeAd","robots":{"index":"index","follow":"follow","max-snippet":"max-snippet:-1","max-image-preview":"max-image-preview:large","max-video-preview":"max-video-preview:-1"},"canonical":"https:\/\/semead.com.br\/17\/premiacao\/","og_locale":"en_US","og_type":"article","og_title":"Premia\u00e7\u00e3o - XVII SemeAd","og_description":"Para esta edi\u00e7\u00e3o, ser\u00e3o consideradas tr\u00eas categorias de pr\u00eamios: &#8211; Melhor trabalho do Tema: selecionado pela lideran\u00e7a do tema entre os trabalhos melhor avaliados de acordo com os pareceristas. &#8211; Melhor trabalho da \u00c1rea: selecionado pela coordena\u00e7\u00e3o da \u00e1rea entre os trabalhos premiados como o melhor de cada tema. &#8211; Melhor trabalho do SemeAd: selecionado...","og_url":"https:\/\/semead.com.br\/17\/premiacao\/","og_site_name":"XVII SemeAd","twitter_card":"summary_large_image","schema":{"@context":"https:\/\/schema.org","@graph":[{"@type":"WebPage","@id":"https:\/\/semead.com.br\/17\/premiacao\/","url":"https:\/\/semead.com.br\/17\/premiacao\/","name":"Premia\u00e7\u00e3o - XVII SemeAd","isPartOf":{"@id":"https:\/\/semead.com.br\/17\/#website"},"datePublished":"2013-04-26T10:12:57+00:00","breadcrumb":{"@id":"https:\/\/semead.com.br\/17\/premiacao\/#breadcrumb"},"inLanguage":"en-US","potentialAction":[{"@type":"ReadAction","target":["https:\/\/semead.com.br\/17\/premiacao\/"]}]},{"@type":"BreadcrumbList","@id":"https:\/\/semead.com.br\/17\/premiacao\/#breadcrumb","itemListElement":[{"@type":"ListItem","position":1,"name":"In\u00edcio","item":"https:\/\/semead.com.br\/17\/"},{"@type":"ListItem","position":2,"name":"Premia\u00e7\u00e3o"}]},{"@type":"WebSite","@id":"https:\/\/semead.com.br\/17\/#website","url":"https:\/\/semead.com.br\/17\/","name":"XVII SemeAd","description":"Just another SemeAd site","potentialAction":[{"@type":"SearchAction","target":{"@type":"EntryPoint","urlTemplate":"https:\/\/semead.com.br\/17\/?s={search_term_string}"},"query-input":{"@type":"PropertyValueSpecification","valueRequired":true,"valueName":"search_term_string"}}],"inLanguage":"en-US"}]}},"_links":{"self":[{"href":"https:\/\/semead.com.br\/17\/wp-json\/wp\/v2\/pages\/9778","targetHints":{"allow":["GET"]}}],"collection":[{"href":"https:\/\/semead.com.br\/17\/wp-json\/wp\/v2\/pages"}],"about":[{"href":"https:\/\/semead.com.br\/17\/wp-json\/wp\/v2\/types\/page"}],"author":[{"embeddable":true,"href":"https:\/\/semead.com.br\/17\/wp-json\/wp\/v2\/users\/1"}],"replies":[{"embeddable":true,"href":"https:\/\/semead.com.br\/17\/wp-json\/wp\/v2\/comments?post=9778"}],"version-history":[{"count":0,"href":"https:\/\/semead.com.br\/17\/wp-json\/wp\/v2\/pages\/9778\/revisions"}],"wp:attachment":[{"href":"https:\/\/semead.com.br\/17\/wp-json\/wp\/v2\/media?parent=9778"}],"curies":[{"name":"wp","href":"https:\/\/api.w.org\/{rel}","templated":true}]}}