{"id":10212,"date":"2013-05-07T14:58:19","date_gmt":"2013-05-07T14:58:19","guid":{"rendered":"http:\/\/semead.com.br\/?page_id=10212"},"modified":"2013-05-07T14:58:19","modified_gmt":"2013-05-07T14:58:19","slug":"relato-tecnico","status":"publish","type":"page","link":"https:\/\/semead.com.br\/18\/relato-tecnico\/","title":{"rendered":"Relato T\u00e9cnico"},"content":{"rendered":"<p>Relato T\u00e9cnico \u00e9 o produto final de uma pesquisa aplicada ou produ\u00e7\u00e3o t\u00e9cnica que descreve, prop\u00f5em ou prescreve uma solu\u00e7\u00e3o para problemas enfrentados pelas organiza\u00e7\u00f5es.\u00a0Para esse tipo de pesquisa, foi criada a \u00e1rea <a title=\"Tecnol\u00f3gica\" href=\"http:\/\/semead.com.br\/tecnologica\/\">Tecnol\u00f3gica<\/a>.<\/p>\n<p>Ao submeter o relato, <span style=\"text-decoration: underline\">na pr\u00f3pria p\u00e1gina de envio de trabalho (etapa 1)<\/span>, dever\u00e1 ser preenchido o resumo estruturado que consta de:<\/p>\n<p>&#8211; T\u00edtulo (190 caracteres; 30 palavras)<br \/>\n&#8211; Palavras chave (3 palavras)<br \/>\n&#8211; Contexto (situa\u00e7\u00e3o-problema) (500 caracteres; 75 palavras)<br \/>\n&#8211; Interven\u00e7\u00e3o (ou tipo de interven\u00e7\u00e3o proposta para resolver o problema apresentado); (500 caracteres; 75 palavras)<br \/>\n&#8211; Mecanismos adotados (ou a descri\u00e7\u00e3o de como o problema foi solucionado) (500 caracteres; 75 palavras)<br \/>\n&#8211; Resultados Obtidos, que descrevem de maneira objetiva os resultados obtidos na organiza\u00e7\u00e3o, destacando tamb\u00e9m os fatores conjunturais que podem ter afetado esse resultado al\u00e9m da interven\u00e7\u00e3o feita (500 caracteres; 75 palavras)<\/p>\n<p>Dessa forma, n\u00e3o \u00e9 necess\u00e1rio haver um resumo no corpo do trabalho a ser enviado (pdf), pois o resumo estruturado ser\u00e1 incorporado a ele para a avalia\u00e7\u00e3o.<\/p>\n<p><strong>Estrutura sugerida do trabalho:<\/strong><br \/>\n&#8211; Introdu\u00e7\u00e3o<br \/>\n&#8211; Contexto Investigado<br \/>\n&#8211; Diagn\u00f3stico da Situa\u00e7\u00e3o-Problema<br \/>\n&#8211; An\u00e1lise da Situa\u00e7\u00e3o-Problema<br \/>\n&#8211; Contribui\u00e7\u00e3o Tecnol\u00f3gica-Social.<\/p>\n<p><span style=\"text-decoration: underline\"><a href=\"http:\/\/www.revistagep.org\/ojs\/index.php\/gep\/article\/view\/121\" target=\"_blank\">Mais informa\u00e7\u00f5es<\/a><\/span> (Artigo: Protocolo para Elabora\u00e7\u00e3o de Relatos de Produ\u00e7\u00e3o T\u00e9cnica).<\/p>\n<p><strong>Formata\u00e7\u00e3o do trabalho: <\/strong><br \/>\n&#8211; Formato do papel: A4;<br \/>\n&#8211; Fonte: Times New Roman\/tamanho 12;<br \/>\n&#8211; Espa\u00e7amento: simples, sendo o texto disposto em uma coluna;<br \/>\n&#8211; Alinhamento: justificado;<br \/>\n&#8211; Margens: Superior: 3 cm; inferior: 2 cm; esquerda: 3 cm; direita: 2 cm.<br \/>\n&#8211; O trabalho pode ter no m\u00e1ximo 15 p\u00e1ginas, incluindo o texto propriamente dito, ilustra\u00e7\u00f5es e refer\u00eancias bibliogr\u00e1ficas.<\/p>\n<p>As refer\u00eancias bibliogr\u00e1ficas dever\u00e3o ser citadas ao longo do texto de acordo com o sistema (autor-data), e apresentadas em ordem alfab\u00e9tica no final do trabalho, de acordo com a norma APA ou ABNT\/NBR-6023.<\/p>\n","protected":false},"excerpt":{"rendered":"<p>Relato T\u00e9cnico \u00e9 o produto final de uma pesquisa aplicada ou produ\u00e7\u00e3o t\u00e9cnica que descreve, prop\u00f5em ou prescreve uma solu\u00e7\u00e3o para problemas enfrentados pelas organiza\u00e7\u00f5es.\u00a0Para esse tipo de pesquisa, foi criada a \u00e1rea Tecnol\u00f3gica. Ao submeter o relato, na pr\u00f3pria p\u00e1gina de envio de trabalho (etapa 1), dever\u00e1 ser preenchido o resumo estruturado que consta&#8230;<\/p>\n","protected":false},"author":1,"featured_media":0,"parent":0,"menu_order":0,"comment_status":"open","ping_status":"open","template":"","meta":{"_acf_changed":false,"_monsterinsights_skip_tracking":false,"_monsterinsights_sitenote_active":false,"_monsterinsights_sitenote_note":"","_monsterinsights_sitenote_category":0,"footnotes":""},"class_list":["post-10212","page","type-page","status-publish","hentry"],"acf":[],"yoast_head":"<!-- This site is optimized with the Yoast SEO plugin v27.4 - https:\/\/yoast.com\/product\/yoast-seo-wordpress\/ -->\n<title>Relato T\u00e9cnico - XVIII SemeAd<\/title>\n<meta name=\"robots\" content=\"index, follow, max-snippet:-1, max-image-preview:large, max-video-preview:-1\" \/>\n<link rel=\"canonical\" href=\"https:\/\/semead.com.br\/18\/relato-tecnico\/\" \/>\n<meta property=\"og:locale\" content=\"en_US\" \/>\n<meta property=\"og:type\" content=\"article\" \/>\n<meta property=\"og:title\" content=\"Relato T\u00e9cnico - XVIII SemeAd\" \/>\n<meta property=\"og:description\" content=\"Relato T\u00e9cnico \u00e9 o produto final de uma pesquisa aplicada ou produ\u00e7\u00e3o t\u00e9cnica que descreve, prop\u00f5em ou prescreve uma solu\u00e7\u00e3o para problemas enfrentados pelas organiza\u00e7\u00f5es.\u00a0Para esse tipo de pesquisa, foi criada a \u00e1rea Tecnol\u00f3gica. Ao submeter o relato, na pr\u00f3pria p\u00e1gina de envio de trabalho (etapa 1), dever\u00e1 ser preenchido o resumo estruturado que consta...\" \/>\n<meta property=\"og:url\" content=\"https:\/\/semead.com.br\/18\/relato-tecnico\/\" \/>\n<meta property=\"og:site_name\" content=\"XVIII SemeAd\" \/>\n<meta name=\"twitter:card\" content=\"summary_large_image\" \/>\n<meta name=\"twitter:label1\" content=\"Est. reading time\" \/>\n\t<meta name=\"twitter:data1\" content=\"2 minutes\" \/>\n<script type=\"application\/ld+json\" class=\"yoast-schema-graph\">{\"@context\":\"https:\\\/\\\/schema.org\",\"@graph\":[{\"@type\":\"WebPage\",\"@id\":\"https:\\\/\\\/semead.com.br\\\/18\\\/relato-tecnico\\\/\",\"url\":\"https:\\\/\\\/semead.com.br\\\/18\\\/relato-tecnico\\\/\",\"name\":\"Relato T\u00e9cnico - XVIII SemeAd\",\"isPartOf\":{\"@id\":\"https:\\\/\\\/semead.com.br\\\/18\\\/#website\"},\"datePublished\":\"2013-05-07T14:58:19+00:00\",\"breadcrumb\":{\"@id\":\"https:\\\/\\\/semead.com.br\\\/18\\\/relato-tecnico\\\/#breadcrumb\"},\"inLanguage\":\"en-US\",\"potentialAction\":[{\"@type\":\"ReadAction\",\"target\":[\"https:\\\/\\\/semead.com.br\\\/18\\\/relato-tecnico\\\/\"]}]},{\"@type\":\"BreadcrumbList\",\"@id\":\"https:\\\/\\\/semead.com.br\\\/18\\\/relato-tecnico\\\/#breadcrumb\",\"itemListElement\":[{\"@type\":\"ListItem\",\"position\":1,\"name\":\"In\u00edcio\",\"item\":\"https:\\\/\\\/semead.com.br\\\/18\\\/\"},{\"@type\":\"ListItem\",\"position\":2,\"name\":\"Relato T\u00e9cnico\"}]},{\"@type\":\"WebSite\",\"@id\":\"https:\\\/\\\/semead.com.br\\\/18\\\/#website\",\"url\":\"https:\\\/\\\/semead.com.br\\\/18\\\/\",\"name\":\"XVIII SemeAd\",\"description\":\"Just another SemeAd site\",\"potentialAction\":[{\"@type\":\"SearchAction\",\"target\":{\"@type\":\"EntryPoint\",\"urlTemplate\":\"https:\\\/\\\/semead.com.br\\\/18\\\/?s={search_term_string}\"},\"query-input\":{\"@type\":\"PropertyValueSpecification\",\"valueRequired\":true,\"valueName\":\"search_term_string\"}}],\"inLanguage\":\"en-US\"}]}<\/script>\n<!-- \/ Yoast SEO plugin. -->","yoast_head_json":{"title":"Relato T\u00e9cnico - XVIII SemeAd","robots":{"index":"index","follow":"follow","max-snippet":"max-snippet:-1","max-image-preview":"max-image-preview:large","max-video-preview":"max-video-preview:-1"},"canonical":"https:\/\/semead.com.br\/18\/relato-tecnico\/","og_locale":"en_US","og_type":"article","og_title":"Relato T\u00e9cnico - XVIII SemeAd","og_description":"Relato T\u00e9cnico \u00e9 o produto final de uma pesquisa aplicada ou produ\u00e7\u00e3o t\u00e9cnica que descreve, prop\u00f5em ou prescreve uma solu\u00e7\u00e3o para problemas enfrentados pelas organiza\u00e7\u00f5es.\u00a0Para esse tipo de pesquisa, foi criada a \u00e1rea Tecnol\u00f3gica. Ao submeter o relato, na pr\u00f3pria p\u00e1gina de envio de trabalho (etapa 1), dever\u00e1 ser preenchido o resumo estruturado que consta...","og_url":"https:\/\/semead.com.br\/18\/relato-tecnico\/","og_site_name":"XVIII SemeAd","twitter_card":"summary_large_image","twitter_misc":{"Est. reading time":"2 minutes"},"schema":{"@context":"https:\/\/schema.org","@graph":[{"@type":"WebPage","@id":"https:\/\/semead.com.br\/18\/relato-tecnico\/","url":"https:\/\/semead.com.br\/18\/relato-tecnico\/","name":"Relato T\u00e9cnico - XVIII SemeAd","isPartOf":{"@id":"https:\/\/semead.com.br\/18\/#website"},"datePublished":"2013-05-07T14:58:19+00:00","breadcrumb":{"@id":"https:\/\/semead.com.br\/18\/relato-tecnico\/#breadcrumb"},"inLanguage":"en-US","potentialAction":[{"@type":"ReadAction","target":["https:\/\/semead.com.br\/18\/relato-tecnico\/"]}]},{"@type":"BreadcrumbList","@id":"https:\/\/semead.com.br\/18\/relato-tecnico\/#breadcrumb","itemListElement":[{"@type":"ListItem","position":1,"name":"In\u00edcio","item":"https:\/\/semead.com.br\/18\/"},{"@type":"ListItem","position":2,"name":"Relato T\u00e9cnico"}]},{"@type":"WebSite","@id":"https:\/\/semead.com.br\/18\/#website","url":"https:\/\/semead.com.br\/18\/","name":"XVIII SemeAd","description":"Just another SemeAd site","potentialAction":[{"@type":"SearchAction","target":{"@type":"EntryPoint","urlTemplate":"https:\/\/semead.com.br\/18\/?s={search_term_string}"},"query-input":{"@type":"PropertyValueSpecification","valueRequired":true,"valueName":"search_term_string"}}],"inLanguage":"en-US"}]}},"_links":{"self":[{"href":"https:\/\/semead.com.br\/18\/wp-json\/wp\/v2\/pages\/10212","targetHints":{"allow":["GET"]}}],"collection":[{"href":"https:\/\/semead.com.br\/18\/wp-json\/wp\/v2\/pages"}],"about":[{"href":"https:\/\/semead.com.br\/18\/wp-json\/wp\/v2\/types\/page"}],"author":[{"embeddable":true,"href":"https:\/\/semead.com.br\/18\/wp-json\/wp\/v2\/users\/1"}],"replies":[{"embeddable":true,"href":"https:\/\/semead.com.br\/18\/wp-json\/wp\/v2\/comments?post=10212"}],"version-history":[{"count":0,"href":"https:\/\/semead.com.br\/18\/wp-json\/wp\/v2\/pages\/10212\/revisions"}],"wp:attachment":[{"href":"https:\/\/semead.com.br\/18\/wp-json\/wp\/v2\/media?parent=10212"}],"curies":[{"name":"wp","href":"https:\/\/api.w.org\/{rel}","templated":true}]}}