{"id":11,"date":"2013-04-26T00:09:23","date_gmt":"2013-04-26T00:09:23","guid":{"rendered":"http:\/\/semead.com.br\/?page_id=11"},"modified":"2013-04-26T00:09:23","modified_gmt":"2013-04-26T00:09:23","slug":"ensino-e-pesquisa-em-administracao","status":"publish","type":"page","link":"https:\/\/semead.com.br\/18\/areas\/ensino-e-pesquisa-em-administracao\/","title":{"rendered":"Ensino e Pesquisa em Administra\u00e7\u00e3o"},"content":{"rendered":"<p><span style=\"font-size: medium\"><strong>Coordenador: Prof. Dr. Emerson Maccari &#8211; UNINOVE<\/strong><\/span><\/p>\n<p><b>Temas e L\u00edderes:<\/b><\/p>\n<p><strong>1. Jogos de Empresas<\/strong><\/p>\n<p style=\"padding-left: 30px;text-align: justify\">Aprendizado utilizando Jogos; Aplica\u00e7\u00e3o de jogos nas empresas; M\u00e9todos, t\u00e9cnicas, aplica\u00e7\u00e3o e desenvolvimento de jogos; Utiliza\u00e7\u00e3o de Softwares para simula\u00e7\u00e3o; Simula\u00e7\u00e3o de situa\u00e7\u00f5es diversas em ambientes organizacionais atrav\u00e9s das din\u00e2micas grupais.<\/p>\n<p style=\"padding-left: 30px;text-align: justify\"><em>Prof. Dr. Antonio Carlos Aidar Sauaia \u2013 FEA USP<\/em><\/p>\n<p><strong>2. Casos de Ensino<\/strong><\/p>\n<p style=\"padding-left: 30px;text-align: justify\">Elabora\u00e7\u00e3o e Metodologias de casos de ensino. Cria\u00e7\u00e3o de casos de ensino. Crit\u00e9rios de avalia\u00e7\u00e3o da qualidade de casos de ensino; Ensino por meio de casos na \u00e1rea de administra\u00e7\u00e3o; Experi\u00eancias em utiliza\u00e7\u00e3o de casos de ensino.<\/p>\n<p style=\"padding-left: 30px;text-align: justify\"><em>Prof. Dr. Cesar Augusto Biancolino \u2013 UNINOVE<\/em><\/p>\n<p><strong>3. Planejamento e Organiza\u00e7\u00e3o de Cursos e Programas<\/strong><\/p>\n<p style=\"padding-left: 30px;text-align: justify\">Gest\u00e3o Estrat\u00e9gica nas Institui\u00e7\u00f5es de Ensino Superior; Execu\u00e7\u00e3o das atividades de interesse curricular e das atividades de integra\u00e7\u00e3o interdisciplinar. Integra\u00e7\u00e3o entre a pesquisa, ensino e extens\u00e3o; Sistemas de Avalia\u00e7\u00f5es (Internas e Externas); Sistema de Avalia\u00e7\u00e3o da CAPES; Organiza\u00e7\u00e3o de Programas de p\u00f3s-Gradua\u00e7\u00e3o.<\/p>\n<p style=\"padding-left: 30px;text-align: justify\"><em>Profa. Dra. Cibele Barsalini Martins \u2013 UFSC<\/em><\/p>\n<p><strong>4. Novas Tecnologias de Ensino e Pesquisa<\/strong><\/p>\n<p style=\"padding-left: 30px;text-align: justify\">Ambiente Virtual de Aprendizagem; E-learning e os processos de ensino-aprendizagem; Metodologias de ensino e de avalia\u00e7\u00e3o; Uso de tecnologias da comunica\u00e7\u00e3o e da informa\u00e7\u00e3o processos de ensino-aprendizagem.<\/p>\n<p style=\"padding-left: 30px;text-align: justify\"><em>Profa. Dra. Maria Jos\u00e9 Carvalho de Souza Domingues \u2013 FURB<\/em><\/p>\n<p><strong>5. Forma\u00e7\u00e3o do Professor e Pesquisador<\/strong><\/p>\n<p style=\"padding-left: 30px;text-align: justify\">Processos de Capacita\u00e7\u00e3o e forma\u00e7\u00e3o de docente e em pesquisa. Desenvolvimento de compet\u00eancias e habilidades docentes e de pesquisador. Pr\u00e1ticas de ensino e Pesquisa; Ferramentas para o ensino e a pesquisa.<\/p>\n<p style=\"padding-left: 30px;text-align: justify\"><em>Profa. Dra. Am\u00e9lia Silveira \u2013 UNINOVE<\/em><\/p>\n<p><strong>6.\u00a0M\u00e9todos e T\u00e9cnicas de Pesquisa\u00a0<\/strong><\/p>\n<p style=\"padding-left: 30px;text-align: justify\">O planejamento da pesquisa cient\u00edfica. Abordagens metodol\u00f3gicas. T\u00e9cnicas de coleta de dados. Procedimentos de an\u00e1lise de dados. Diferen\u00e7as entre os m\u00e9todos quantitativos e qualitativos. Benef\u00edcios da ado\u00e7\u00e3o conjunta de m\u00e9todos quantitativos e qualitativos.<\/p>\n<p style=\"padding-left: 30px;text-align: justify\"><em>Profa. Dra. Manolita Correia Lima \u2013 Escola Superior de Propaganda e Marketing-ESPM<\/em><\/p>\n","protected":false},"excerpt":{"rendered":"<p>Coordenador: Prof. Dr. Emerson Maccari &#8211; UNINOVE Temas e L\u00edderes: 1. Jogos de Empresas Aprendizado utilizando Jogos; Aplica\u00e7\u00e3o de jogos nas empresas; M\u00e9todos, t\u00e9cnicas, aplica\u00e7\u00e3o e desenvolvimento de jogos; Utiliza\u00e7\u00e3o de Softwares para simula\u00e7\u00e3o; Simula\u00e7\u00e3o de situa\u00e7\u00f5es diversas em ambientes organizacionais atrav\u00e9s das din\u00e2micas grupais. Prof. Dr. Antonio Carlos Aidar Sauaia \u2013 FEA USP 2&#8230;.<\/p>\n","protected":false},"author":1,"featured_media":0,"parent":9,"menu_order":2,"comment_status":"open","ping_status":"open","template":"","meta":{"_acf_changed":false,"_monsterinsights_skip_tracking":false,"_monsterinsights_sitenote_active":false,"_monsterinsights_sitenote_note":"","_monsterinsights_sitenote_category":0,"footnotes":""},"class_list":["post-11","page","type-page","status-publish","hentry"],"acf":[],"yoast_head":"<!-- This site is optimized with the Yoast SEO plugin v27.4 - https:\/\/yoast.com\/product\/yoast-seo-wordpress\/ -->\n<title>Ensino e Pesquisa em Administra\u00e7\u00e3o - XVIII SemeAd<\/title>\n<meta name=\"robots\" content=\"index, follow, max-snippet:-1, max-image-preview:large, max-video-preview:-1\" \/>\n<link rel=\"canonical\" href=\"https:\/\/semead.com.br\/18\/areas\/ensino-e-pesquisa-em-administracao\/\" \/>\n<meta property=\"og:locale\" content=\"en_US\" \/>\n<meta property=\"og:type\" content=\"article\" \/>\n<meta property=\"og:title\" content=\"Ensino e Pesquisa em Administra\u00e7\u00e3o - XVIII SemeAd\" \/>\n<meta property=\"og:description\" content=\"Coordenador: Prof. Dr. Emerson Maccari &#8211; UNINOVE Temas e L\u00edderes: 1. Jogos de Empresas Aprendizado utilizando Jogos; Aplica\u00e7\u00e3o de jogos nas empresas; M\u00e9todos, t\u00e9cnicas, aplica\u00e7\u00e3o e desenvolvimento de jogos; Utiliza\u00e7\u00e3o de Softwares para simula\u00e7\u00e3o; Simula\u00e7\u00e3o de situa\u00e7\u00f5es diversas em ambientes organizacionais atrav\u00e9s das din\u00e2micas grupais. Prof. Dr. Antonio Carlos Aidar Sauaia \u2013 FEA USP 2....\" \/>\n<meta property=\"og:url\" content=\"https:\/\/semead.com.br\/18\/areas\/ensino-e-pesquisa-em-administracao\/\" \/>\n<meta property=\"og:site_name\" content=\"XVIII SemeAd\" \/>\n<meta name=\"twitter:card\" content=\"summary_large_image\" \/>\n<meta name=\"twitter:label1\" content=\"Est. reading time\" \/>\n\t<meta name=\"twitter:data1\" content=\"2 minutes\" \/>\n<script type=\"application\/ld+json\" class=\"yoast-schema-graph\">{\"@context\":\"https:\\\/\\\/schema.org\",\"@graph\":[{\"@type\":\"WebPage\",\"@id\":\"https:\\\/\\\/semead.com.br\\\/18\\\/areas\\\/ensino-e-pesquisa-em-administracao\\\/\",\"url\":\"https:\\\/\\\/semead.com.br\\\/18\\\/areas\\\/ensino-e-pesquisa-em-administracao\\\/\",\"name\":\"Ensino e Pesquisa em Administra\u00e7\u00e3o - XVIII SemeAd\",\"isPartOf\":{\"@id\":\"https:\\\/\\\/semead.com.br\\\/18\\\/#website\"},\"datePublished\":\"2013-04-26T00:09:23+00:00\",\"breadcrumb\":{\"@id\":\"https:\\\/\\\/semead.com.br\\\/18\\\/areas\\\/ensino-e-pesquisa-em-administracao\\\/#breadcrumb\"},\"inLanguage\":\"en-US\",\"potentialAction\":[{\"@type\":\"ReadAction\",\"target\":[\"https:\\\/\\\/semead.com.br\\\/18\\\/areas\\\/ensino-e-pesquisa-em-administracao\\\/\"]}]},{\"@type\":\"BreadcrumbList\",\"@id\":\"https:\\\/\\\/semead.com.br\\\/18\\\/areas\\\/ensino-e-pesquisa-em-administracao\\\/#breadcrumb\",\"itemListElement\":[{\"@type\":\"ListItem\",\"position\":1,\"name\":\"In\u00edcio\",\"item\":\"https:\\\/\\\/semead.com.br\\\/18\\\/\"},{\"@type\":\"ListItem\",\"position\":2,\"name\":\"\u00c1reas\",\"item\":\"https:\\\/\\\/semead.com.br\\\/18\\\/areas\\\/\"},{\"@type\":\"ListItem\",\"position\":3,\"name\":\"Ensino e Pesquisa em Administra\u00e7\u00e3o\"}]},{\"@type\":\"WebSite\",\"@id\":\"https:\\\/\\\/semead.com.br\\\/18\\\/#website\",\"url\":\"https:\\\/\\\/semead.com.br\\\/18\\\/\",\"name\":\"XVIII SemeAd\",\"description\":\"Just another SemeAd site\",\"potentialAction\":[{\"@type\":\"SearchAction\",\"target\":{\"@type\":\"EntryPoint\",\"urlTemplate\":\"https:\\\/\\\/semead.com.br\\\/18\\\/?s={search_term_string}\"},\"query-input\":{\"@type\":\"PropertyValueSpecification\",\"valueRequired\":true,\"valueName\":\"search_term_string\"}}],\"inLanguage\":\"en-US\"}]}<\/script>\n<!-- \/ Yoast SEO plugin. -->","yoast_head_json":{"title":"Ensino e Pesquisa em Administra\u00e7\u00e3o - XVIII SemeAd","robots":{"index":"index","follow":"follow","max-snippet":"max-snippet:-1","max-image-preview":"max-image-preview:large","max-video-preview":"max-video-preview:-1"},"canonical":"https:\/\/semead.com.br\/18\/areas\/ensino-e-pesquisa-em-administracao\/","og_locale":"en_US","og_type":"article","og_title":"Ensino e Pesquisa em Administra\u00e7\u00e3o - XVIII SemeAd","og_description":"Coordenador: Prof. Dr. Emerson Maccari &#8211; UNINOVE Temas e L\u00edderes: 1. Jogos de Empresas Aprendizado utilizando Jogos; Aplica\u00e7\u00e3o de jogos nas empresas; M\u00e9todos, t\u00e9cnicas, aplica\u00e7\u00e3o e desenvolvimento de jogos; Utiliza\u00e7\u00e3o de Softwares para simula\u00e7\u00e3o; Simula\u00e7\u00e3o de situa\u00e7\u00f5es diversas em ambientes organizacionais atrav\u00e9s das din\u00e2micas grupais. Prof. Dr. Antonio Carlos Aidar Sauaia \u2013 FEA USP 2....","og_url":"https:\/\/semead.com.br\/18\/areas\/ensino-e-pesquisa-em-administracao\/","og_site_name":"XVIII SemeAd","twitter_card":"summary_large_image","twitter_misc":{"Est. reading time":"2 minutes"},"schema":{"@context":"https:\/\/schema.org","@graph":[{"@type":"WebPage","@id":"https:\/\/semead.com.br\/18\/areas\/ensino-e-pesquisa-em-administracao\/","url":"https:\/\/semead.com.br\/18\/areas\/ensino-e-pesquisa-em-administracao\/","name":"Ensino e Pesquisa em Administra\u00e7\u00e3o - XVIII SemeAd","isPartOf":{"@id":"https:\/\/semead.com.br\/18\/#website"},"datePublished":"2013-04-26T00:09:23+00:00","breadcrumb":{"@id":"https:\/\/semead.com.br\/18\/areas\/ensino-e-pesquisa-em-administracao\/#breadcrumb"},"inLanguage":"en-US","potentialAction":[{"@type":"ReadAction","target":["https:\/\/semead.com.br\/18\/areas\/ensino-e-pesquisa-em-administracao\/"]}]},{"@type":"BreadcrumbList","@id":"https:\/\/semead.com.br\/18\/areas\/ensino-e-pesquisa-em-administracao\/#breadcrumb","itemListElement":[{"@type":"ListItem","position":1,"name":"In\u00edcio","item":"https:\/\/semead.com.br\/18\/"},{"@type":"ListItem","position":2,"name":"\u00c1reas","item":"https:\/\/semead.com.br\/18\/areas\/"},{"@type":"ListItem","position":3,"name":"Ensino e Pesquisa em Administra\u00e7\u00e3o"}]},{"@type":"WebSite","@id":"https:\/\/semead.com.br\/18\/#website","url":"https:\/\/semead.com.br\/18\/","name":"XVIII SemeAd","description":"Just another SemeAd site","potentialAction":[{"@type":"SearchAction","target":{"@type":"EntryPoint","urlTemplate":"https:\/\/semead.com.br\/18\/?s={search_term_string}"},"query-input":{"@type":"PropertyValueSpecification","valueRequired":true,"valueName":"search_term_string"}}],"inLanguage":"en-US"}]}},"_links":{"self":[{"href":"https:\/\/semead.com.br\/18\/wp-json\/wp\/v2\/pages\/11","targetHints":{"allow":["GET"]}}],"collection":[{"href":"https:\/\/semead.com.br\/18\/wp-json\/wp\/v2\/pages"}],"about":[{"href":"https:\/\/semead.com.br\/18\/wp-json\/wp\/v2\/types\/page"}],"author":[{"embeddable":true,"href":"https:\/\/semead.com.br\/18\/wp-json\/wp\/v2\/users\/1"}],"replies":[{"embeddable":true,"href":"https:\/\/semead.com.br\/18\/wp-json\/wp\/v2\/comments?post=11"}],"version-history":[{"count":0,"href":"https:\/\/semead.com.br\/18\/wp-json\/wp\/v2\/pages\/11\/revisions"}],"up":[{"embeddable":true,"href":"https:\/\/semead.com.br\/18\/wp-json\/wp\/v2\/pages\/9"}],"wp:attachment":[{"href":"https:\/\/semead.com.br\/18\/wp-json\/wp\/v2\/media?parent=11"}],"curies":[{"name":"wp","href":"https:\/\/api.w.org\/{rel}","templated":true}]}}