{"id":12123,"date":"2015-10-17T08:02:27","date_gmt":"2015-10-17T11:02:27","guid":{"rendered":"https:\/\/semead.com.br\/?page_id=12123"},"modified":"2015-10-17T08:02:27","modified_gmt":"2015-10-17T11:02:27","slug":"apresentacao-dos-trabalhos","status":"publish","type":"page","link":"https:\/\/semead.com.br\/18\/programacao\/apresentacao-dos-trabalhos\/","title":{"rendered":"Programa\u00e7\u00e3o Detalhada"},"content":{"rendered":"<p>Aten\u00e7\u00e3o, a programa\u00e7\u00e3o de trabalhos poder\u00e1 sofrer altera\u00e7\u00f5es. Acesse periodicamente esta p\u00e1gina.<\/p>\n<p>[symple_button url=&#8221;https:\/\/semead.com.br\/wp-content\/uploads\/2015\/11\/semead-programacao-2015-co3.pdf&#8221; color=&#8221;green&#8221; size=&#8221;default&#8221; border_radius=&#8221;3px&#8221; target=&#8221;blank&#8221; rel=&#8221;&#8221; icon_left=&#8221;&#8221; icon_right=&#8221;&#8221;]Ver a programa\u00e7\u00e3o[\/symple_button]<\/p>\n<p>&nbsp;<\/p>\n<p>&nbsp;<\/p>\n","protected":false},"excerpt":{"rendered":"<p>Aten\u00e7\u00e3o, a programa\u00e7\u00e3o de trabalhos poder\u00e1 sofrer altera\u00e7\u00f5es. Acesse periodicamente esta p\u00e1gina. [symple_button url=&#8221;https:\/\/semead.com.br\/wp-content\/uploads\/2015\/11\/semead-programacao-2015-co3.pdf&#8221; color=&#8221;green&#8221; size=&#8221;default&#8221; border_radius=&#8221;3px&#8221; target=&#8221;blank&#8221; rel=&#8221;&#8221; icon_left=&#8221;&#8221; icon_right=&#8221;&#8221;]Ver a programa\u00e7\u00e3o[\/symple_button] &nbsp; &nbsp;<\/p>\n","protected":false},"author":1,"featured_media":0,"parent":26,"menu_order":0,"comment_status":"closed","ping_status":"closed","template":"","meta":{"_acf_changed":false,"_monsterinsights_skip_tracking":false,"_monsterinsights_sitenote_active":false,"_monsterinsights_sitenote_note":"","_monsterinsights_sitenote_category":0,"footnotes":""},"class_list":["post-12123","page","type-page","status-publish","hentry"],"acf":[],"yoast_head":"<!-- This site is optimized with the Yoast SEO plugin v27.4 - https:\/\/yoast.com\/product\/yoast-seo-wordpress\/ -->\n<title>Programa\u00e7\u00e3o Detalhada - XVIII SemeAd<\/title>\n<meta name=\"robots\" content=\"index, follow, max-snippet:-1, max-image-preview:large, max-video-preview:-1\" \/>\n<link rel=\"canonical\" href=\"https:\/\/semead.com.br\/18\/programacao\/apresentacao-dos-trabalhos\/\" \/>\n<meta property=\"og:locale\" content=\"en_US\" \/>\n<meta property=\"og:type\" content=\"article\" \/>\n<meta property=\"og:title\" content=\"Programa\u00e7\u00e3o Detalhada - XVIII SemeAd\" \/>\n<meta property=\"og:description\" content=\"Aten\u00e7\u00e3o, a programa\u00e7\u00e3o de trabalhos poder\u00e1 sofrer altera\u00e7\u00f5es. Acesse periodicamente esta p\u00e1gina. [symple_button url=&#8221;https:\/\/semead.com.br\/wp-content\/uploads\/2015\/11\/semead-programacao-2015-co3.pdf&#8221; color=&#8221;green&#8221; size=&#8221;default&#8221; border_radius=&#8221;3px&#8221; target=&#8221;blank&#8221; rel=&#8221;&#8221; icon_left=&#8221;&#8221; icon_right=&#8221;&#8221;]Ver a programa\u00e7\u00e3o[\/symple_button] &nbsp; &nbsp;\" \/>\n<meta property=\"og:url\" content=\"https:\/\/semead.com.br\/18\/programacao\/apresentacao-dos-trabalhos\/\" \/>\n<meta property=\"og:site_name\" content=\"XVIII SemeAd\" \/>\n<meta name=\"twitter:card\" content=\"summary_large_image\" \/>\n<script type=\"application\/ld+json\" class=\"yoast-schema-graph\">{\"@context\":\"https:\\\/\\\/schema.org\",\"@graph\":[{\"@type\":\"WebPage\",\"@id\":\"https:\\\/\\\/semead.com.br\\\/18\\\/programacao\\\/apresentacao-dos-trabalhos\\\/\",\"url\":\"https:\\\/\\\/semead.com.br\\\/18\\\/programacao\\\/apresentacao-dos-trabalhos\\\/\",\"name\":\"Programa\u00e7\u00e3o Detalhada - XVIII SemeAd\",\"isPartOf\":{\"@id\":\"https:\\\/\\\/semead.com.br\\\/18\\\/#website\"},\"datePublished\":\"2015-10-17T11:02:27+00:00\",\"breadcrumb\":{\"@id\":\"https:\\\/\\\/semead.com.br\\\/18\\\/programacao\\\/apresentacao-dos-trabalhos\\\/#breadcrumb\"},\"inLanguage\":\"en-US\",\"potentialAction\":[{\"@type\":\"ReadAction\",\"target\":[\"https:\\\/\\\/semead.com.br\\\/18\\\/programacao\\\/apresentacao-dos-trabalhos\\\/\"]}]},{\"@type\":\"BreadcrumbList\",\"@id\":\"https:\\\/\\\/semead.com.br\\\/18\\\/programacao\\\/apresentacao-dos-trabalhos\\\/#breadcrumb\",\"itemListElement\":[{\"@type\":\"ListItem\",\"position\":1,\"name\":\"In\u00edcio\",\"item\":\"https:\\\/\\\/semead.com.br\\\/18\\\/\"},{\"@type\":\"ListItem\",\"position\":2,\"name\":\"Programa\u00e7\u00e3o\",\"item\":\"https:\\\/\\\/semead.com.br\\\/18\\\/programacao\\\/\"},{\"@type\":\"ListItem\",\"position\":3,\"name\":\"Programa\u00e7\u00e3o Detalhada\"}]},{\"@type\":\"WebSite\",\"@id\":\"https:\\\/\\\/semead.com.br\\\/18\\\/#website\",\"url\":\"https:\\\/\\\/semead.com.br\\\/18\\\/\",\"name\":\"XVIII SemeAd\",\"description\":\"Just another SemeAd site\",\"potentialAction\":[{\"@type\":\"SearchAction\",\"target\":{\"@type\":\"EntryPoint\",\"urlTemplate\":\"https:\\\/\\\/semead.com.br\\\/18\\\/?s={search_term_string}\"},\"query-input\":{\"@type\":\"PropertyValueSpecification\",\"valueRequired\":true,\"valueName\":\"search_term_string\"}}],\"inLanguage\":\"en-US\"}]}<\/script>\n<!-- \/ Yoast SEO plugin. -->","yoast_head_json":{"title":"Programa\u00e7\u00e3o Detalhada - XVIII SemeAd","robots":{"index":"index","follow":"follow","max-snippet":"max-snippet:-1","max-image-preview":"max-image-preview:large","max-video-preview":"max-video-preview:-1"},"canonical":"https:\/\/semead.com.br\/18\/programacao\/apresentacao-dos-trabalhos\/","og_locale":"en_US","og_type":"article","og_title":"Programa\u00e7\u00e3o Detalhada - XVIII SemeAd","og_description":"Aten\u00e7\u00e3o, a programa\u00e7\u00e3o de trabalhos poder\u00e1 sofrer altera\u00e7\u00f5es. Acesse periodicamente esta p\u00e1gina. [symple_button url=&#8221;https:\/\/semead.com.br\/wp-content\/uploads\/2015\/11\/semead-programacao-2015-co3.pdf&#8221; color=&#8221;green&#8221; size=&#8221;default&#8221; border_radius=&#8221;3px&#8221; target=&#8221;blank&#8221; rel=&#8221;&#8221; icon_left=&#8221;&#8221; icon_right=&#8221;&#8221;]Ver a programa\u00e7\u00e3o[\/symple_button] &nbsp; &nbsp;","og_url":"https:\/\/semead.com.br\/18\/programacao\/apresentacao-dos-trabalhos\/","og_site_name":"XVIII SemeAd","twitter_card":"summary_large_image","schema":{"@context":"https:\/\/schema.org","@graph":[{"@type":"WebPage","@id":"https:\/\/semead.com.br\/18\/programacao\/apresentacao-dos-trabalhos\/","url":"https:\/\/semead.com.br\/18\/programacao\/apresentacao-dos-trabalhos\/","name":"Programa\u00e7\u00e3o Detalhada - XVIII SemeAd","isPartOf":{"@id":"https:\/\/semead.com.br\/18\/#website"},"datePublished":"2015-10-17T11:02:27+00:00","breadcrumb":{"@id":"https:\/\/semead.com.br\/18\/programacao\/apresentacao-dos-trabalhos\/#breadcrumb"},"inLanguage":"en-US","potentialAction":[{"@type":"ReadAction","target":["https:\/\/semead.com.br\/18\/programacao\/apresentacao-dos-trabalhos\/"]}]},{"@type":"BreadcrumbList","@id":"https:\/\/semead.com.br\/18\/programacao\/apresentacao-dos-trabalhos\/#breadcrumb","itemListElement":[{"@type":"ListItem","position":1,"name":"In\u00edcio","item":"https:\/\/semead.com.br\/18\/"},{"@type":"ListItem","position":2,"name":"Programa\u00e7\u00e3o","item":"https:\/\/semead.com.br\/18\/programacao\/"},{"@type":"ListItem","position":3,"name":"Programa\u00e7\u00e3o Detalhada"}]},{"@type":"WebSite","@id":"https:\/\/semead.com.br\/18\/#website","url":"https:\/\/semead.com.br\/18\/","name":"XVIII SemeAd","description":"Just another SemeAd site","potentialAction":[{"@type":"SearchAction","target":{"@type":"EntryPoint","urlTemplate":"https:\/\/semead.com.br\/18\/?s={search_term_string}"},"query-input":{"@type":"PropertyValueSpecification","valueRequired":true,"valueName":"search_term_string"}}],"inLanguage":"en-US"}]}},"_links":{"self":[{"href":"https:\/\/semead.com.br\/18\/wp-json\/wp\/v2\/pages\/12123","targetHints":{"allow":["GET"]}}],"collection":[{"href":"https:\/\/semead.com.br\/18\/wp-json\/wp\/v2\/pages"}],"about":[{"href":"https:\/\/semead.com.br\/18\/wp-json\/wp\/v2\/types\/page"}],"author":[{"embeddable":true,"href":"https:\/\/semead.com.br\/18\/wp-json\/wp\/v2\/users\/1"}],"replies":[{"embeddable":true,"href":"https:\/\/semead.com.br\/18\/wp-json\/wp\/v2\/comments?post=12123"}],"version-history":[{"count":0,"href":"https:\/\/semead.com.br\/18\/wp-json\/wp\/v2\/pages\/12123\/revisions"}],"up":[{"embeddable":true,"href":"https:\/\/semead.com.br\/18\/wp-json\/wp\/v2\/pages\/26"}],"wp:attachment":[{"href":"https:\/\/semead.com.br\/18\/wp-json\/wp\/v2\/media?parent=12123"}],"curies":[{"name":"wp","href":"https:\/\/api.w.org\/{rel}","templated":true}]}}