{"id":17,"date":"2013-04-26T00:13:09","date_gmt":"2013-04-26T00:13:09","guid":{"rendered":"http:\/\/semead.com.br\/?page_id=17"},"modified":"2013-04-26T00:13:09","modified_gmt":"2013-04-26T00:13:09","slug":"marketing","status":"publish","type":"page","link":"https:\/\/semead.com.br\/18\/areas\/marketing\/","title":{"rendered":"Marketing"},"content":{"rendered":"<p><span style=\"font-size: medium\"><strong>Coordenador: Prof. Dr. Guilherme de Farias Shiraishi &#8211; FEA USP<\/strong><\/span><\/p>\n<p><b>Temas e L\u00edderes:<\/b><\/p>\n<p><strong>1. Comportamento do Consumidor &#8211; Experimentos Quantitativos<\/strong><\/p>\n<p style=\"padding-left: 30px;text-align: justify\">Projetos pr\u00e9-experimentais, projetos experimentais verdadeiros, projetos quase-experimentais (todos os temas devem ser realizados nas \u00e1reas de comportamento do consumidor ou comprador organizacional).<\/p>\n<p style=\"padding-left: 30px;text-align: justify\"><em>Prof. Dr. Dirceu da Silva &#8211; Uninove<\/em><\/p>\n<p><strong>2. Comportamento do Consumidor &#8211; Estudos Descritivos Quantitativos<\/strong><\/p>\n<p style=\"padding-left: 30px;text-align: justify\">Estudos longitudinais, estudos transversais, estudos descritivos simples, estudos univariados, estudos multivariados (todos os temas devem ser realizados nas \u00e1reas de comportamento do consumidor ou comprador organizacional).<\/p>\n<p style=\"padding-left: 30px\"><em>Prof. Dr. Josmar Andrade &#8211; EACH USP<\/em><\/p>\n<p><strong>3. Comportamento do Consumidor &#8211; Estudos Qualitativos\u00a0Dedutivos<\/strong><\/p>\n<p style=\"padding-left: 30px;text-align: justify\">Estudos predominantes dedutivos de caso baseado em Robert Yin e ou Robert Stake, Estudos predominantes dedutivos baseados em ci\u00eancias sociais como etnologia, antropologia e sociologia, estudos predominantes dedutivos baseados em premissas fenomenol\u00f3gicas, estudos predominantes dedutivos baseados em realidades de imagin\u00e1rio, estudos predominantes dedutivos com t\u00e9cnicas de an\u00e1lise de conte\u00fado de Bardin, Laddering, Ground Theory etc. (todos os temas devem ser realizados nas \u00e1reas de comportamento do consumidor ou comprador organizacional).<\/p>\n<p style=\"padding-left: 30px\"><em>Profa. Dra. Telma Val\u00e9ria Rocha &#8211; ESPM<\/em><\/p>\n<p><strong>4. Comportamento do Consumidor &#8211; Estudos Qualitativos Indutivos<\/strong><\/p>\n<p style=\"padding-left: 30px;text-align: justify\">Estudos predominantes indutivos de caso baseado em Robert Yin e ou Robert Stake, Estudos predominantes indutivos baseados em ci\u00eancias sociais como etnologia, antropologia e sociologia, estudos predominantes indutivos baseados em premissas fenomenol\u00f3gicas, estudos predominantes indutivos baseados em realidades de imagin\u00e1rio, estudos predominantes indutivos com t\u00e9cnicas de an\u00e1lise de conte\u00fado de Bardin, Laddering, Ground Theory etc. (todos os temas devem ser realizados nas \u00e1reas de comportamento do consumidor ou comprador organizacional).<\/p>\n<p style=\"padding-left: 30px\"><em>Prof. Dr. Braulio Oliveira &#8211; FEI<br \/>\n<\/em><\/p>\n<p><strong>5. Marketing de servi\u00e7os, Varejo e B2B<\/strong><\/p>\n<p style=\"padding-left: 30px;text-align: justify\">Estudos com m\u00e9todos cient\u00edficos sobre: Administra\u00e7\u00e3o de marketing de servi\u00e7os, interfaces do marketing de servi\u00e7os coma as \u00e1reas de opera\u00e7\u00f5es e\/ou de gest\u00e3o de pessoas. Fatores diferenciais de servi\u00e7os, marketing experiencial, administra\u00e7\u00e3o de varejo, varejo sem loja, conflitos entre canais de varejo, gest\u00e3o da qualidade em servi\u00e7os e\/ou varejo etc. bem como temas sobre marketing no contexto do B2B (marketing organizacional).<br \/>\n(OBS: Os estudos com m\u00e9todo cient\u00edfico sobre o comportamento do consumidor ou comprador organizacional envolvendo os temas desta \u00e1rea dever\u00e3o ser submetidos nos temas de comportamento do consumidor).<\/p>\n<p style=\"padding-left: 30px\"><em>Profa. Dra. Adriana Beatriz Madeira &#8211; Universidade Presbiteriana Mackenzie<\/em><\/p>\n<p><strong>6. Marketing, Sociedade e Outros Temas<\/strong><\/p>\n<p style=\"padding-left: 30px;text-align: justify\">Estudos com m\u00e9todos cient\u00edficos sobre: Marketing social, responsabilidade social do marketing , marketing societal, sustentabilidade e marketing, macromarketing, uso social do marketing, marketing para organiza\u00e7\u00f5es sem fins lucrativos, marketing e stakeholders, marketing p\u00fablico, \u00e9tica no marketing, bem como outros temas de marketing relevantes par o desenvolvimento desta \u00e1rea do conhecimento.<\/p>\n<p style=\"padding-left: 30px;text-align: justify\">*OBS Casos baseados no m\u00e9todo de Harvard ou com caracter\u00edsticas similares dever\u00e3o ser submetidos como relato t\u00e9cnico na \u00e1rea Tecnol\u00f3gica.<\/p>\n<p style=\"padding-left: 30px;text-align: justify\"><em>Profa. Dra. Kavita Miadaira Hamza &#8211; FEA USP<\/em><\/p>\n<p><strong>7. Estrat\u00e9gias e Opera\u00e7\u00f5es de Marketing<\/strong><\/p>\n<p style=\"padding-left: 30px\">Estudos com m\u00e9todos cient\u00edficos sobre: Sistemas de informa\u00e7\u00f5es de marketing e ou sobre seus subsistemas, segmenta\u00e7\u00e3o de mercado, escolhas de segmentos de mercado, diferencia\u00e7\u00e3o de marketing, branding, posicionamento da marca, posicionamento de produto, temas relacionados a pre\u00e7o, distribui\u00e7\u00e3o, comunica\u00e7\u00e3o integrada de marketing e produtos, bem como estrutura organizacional de marketing, estrat\u00e9gias funcionais de marketing, estrat\u00e9gias competitivas fundamentadas em marketing, estrat\u00e9gias corporativas fundamentadas em marketing.<\/p>\n<p style=\"padding-left: 30px\">(OBS. Os estudos com m\u00e9todo cient\u00edfico sobre o comportamento do consumidor de servi\u00e7os, varejista ou comprador organizacional devem ser submetidos nos temas de comportamento do consumidor da \u00e1rea de marketing.)<\/p>\n<p style=\"text-align: left;padding-left: 30px\"><em>Prof. Dr. Edson Crescitelli \u00a0\u2013 FEA USP<\/em><\/p>\n","protected":false},"excerpt":{"rendered":"<p>Coordenador: Prof. Dr. Guilherme de Farias Shiraishi &#8211; FEA USP Temas e L\u00edderes: 1. Comportamento do Consumidor &#8211; Experimentos Quantitativos Projetos pr\u00e9-experimentais, projetos experimentais verdadeiros, projetos quase-experimentais (todos os temas devem ser realizados nas \u00e1reas de comportamento do consumidor ou comprador organizacional). Prof. Dr. Dirceu da Silva &#8211; Uninove 2. Comportamento do Consumidor &#8211; Estudos&#8230;<\/p>\n","protected":false},"author":1,"featured_media":0,"parent":9,"menu_order":80,"comment_status":"open","ping_status":"closed","template":"","meta":{"_acf_changed":false,"_monsterinsights_skip_tracking":false,"_monsterinsights_sitenote_active":false,"_monsterinsights_sitenote_note":"","_monsterinsights_sitenote_category":0,"footnotes":""},"class_list":["post-17","page","type-page","status-publish","hentry"],"acf":[],"yoast_head":"<!-- This site is optimized with the Yoast SEO plugin v27.4 - https:\/\/yoast.com\/product\/yoast-seo-wordpress\/ -->\n<title>Marketing - XVIII SemeAd<\/title>\n<meta name=\"robots\" content=\"index, follow, max-snippet:-1, max-image-preview:large, max-video-preview:-1\" \/>\n<link rel=\"canonical\" href=\"https:\/\/semead.com.br\/18\/areas\/marketing\/\" \/>\n<meta property=\"og:locale\" content=\"en_US\" \/>\n<meta property=\"og:type\" content=\"article\" \/>\n<meta property=\"og:title\" content=\"Marketing - XVIII SemeAd\" \/>\n<meta property=\"og:description\" content=\"Coordenador: Prof. Dr. Guilherme de Farias Shiraishi &#8211; FEA USP Temas e L\u00edderes: 1. Comportamento do Consumidor &#8211; Experimentos Quantitativos Projetos pr\u00e9-experimentais, projetos experimentais verdadeiros, projetos quase-experimentais (todos os temas devem ser realizados nas \u00e1reas de comportamento do consumidor ou comprador organizacional). Prof. Dr. Dirceu da Silva &#8211; Uninove 2. Comportamento do Consumidor &#8211; Estudos...\" \/>\n<meta property=\"og:url\" content=\"https:\/\/semead.com.br\/18\/areas\/marketing\/\" \/>\n<meta property=\"og:site_name\" content=\"XVIII SemeAd\" \/>\n<meta name=\"twitter:card\" content=\"summary_large_image\" \/>\n<meta name=\"twitter:label1\" content=\"Est. reading time\" \/>\n\t<meta name=\"twitter:data1\" content=\"3 minutes\" \/>\n<script type=\"application\/ld+json\" class=\"yoast-schema-graph\">{\"@context\":\"https:\\\/\\\/schema.org\",\"@graph\":[{\"@type\":\"WebPage\",\"@id\":\"https:\\\/\\\/semead.com.br\\\/18\\\/areas\\\/marketing\\\/\",\"url\":\"https:\\\/\\\/semead.com.br\\\/18\\\/areas\\\/marketing\\\/\",\"name\":\"Marketing - XVIII SemeAd\",\"isPartOf\":{\"@id\":\"https:\\\/\\\/semead.com.br\\\/18\\\/#website\"},\"datePublished\":\"2013-04-26T00:13:09+00:00\",\"breadcrumb\":{\"@id\":\"https:\\\/\\\/semead.com.br\\\/18\\\/areas\\\/marketing\\\/#breadcrumb\"},\"inLanguage\":\"en-US\",\"potentialAction\":[{\"@type\":\"ReadAction\",\"target\":[\"https:\\\/\\\/semead.com.br\\\/18\\\/areas\\\/marketing\\\/\"]}]},{\"@type\":\"BreadcrumbList\",\"@id\":\"https:\\\/\\\/semead.com.br\\\/18\\\/areas\\\/marketing\\\/#breadcrumb\",\"itemListElement\":[{\"@type\":\"ListItem\",\"position\":1,\"name\":\"In\u00edcio\",\"item\":\"https:\\\/\\\/semead.com.br\\\/18\\\/\"},{\"@type\":\"ListItem\",\"position\":2,\"name\":\"\u00c1reas\",\"item\":\"https:\\\/\\\/semead.com.br\\\/18\\\/areas\\\/\"},{\"@type\":\"ListItem\",\"position\":3,\"name\":\"Marketing\"}]},{\"@type\":\"WebSite\",\"@id\":\"https:\\\/\\\/semead.com.br\\\/18\\\/#website\",\"url\":\"https:\\\/\\\/semead.com.br\\\/18\\\/\",\"name\":\"XVIII SemeAd\",\"description\":\"Just another SemeAd site\",\"potentialAction\":[{\"@type\":\"SearchAction\",\"target\":{\"@type\":\"EntryPoint\",\"urlTemplate\":\"https:\\\/\\\/semead.com.br\\\/18\\\/?s={search_term_string}\"},\"query-input\":{\"@type\":\"PropertyValueSpecification\",\"valueRequired\":true,\"valueName\":\"search_term_string\"}}],\"inLanguage\":\"en-US\"}]}<\/script>\n<!-- \/ Yoast SEO plugin. -->","yoast_head_json":{"title":"Marketing - XVIII SemeAd","robots":{"index":"index","follow":"follow","max-snippet":"max-snippet:-1","max-image-preview":"max-image-preview:large","max-video-preview":"max-video-preview:-1"},"canonical":"https:\/\/semead.com.br\/18\/areas\/marketing\/","og_locale":"en_US","og_type":"article","og_title":"Marketing - XVIII SemeAd","og_description":"Coordenador: Prof. Dr. Guilherme de Farias Shiraishi &#8211; FEA USP Temas e L\u00edderes: 1. Comportamento do Consumidor &#8211; Experimentos Quantitativos Projetos pr\u00e9-experimentais, projetos experimentais verdadeiros, projetos quase-experimentais (todos os temas devem ser realizados nas \u00e1reas de comportamento do consumidor ou comprador organizacional). Prof. Dr. Dirceu da Silva &#8211; Uninove 2. Comportamento do Consumidor &#8211; Estudos...","og_url":"https:\/\/semead.com.br\/18\/areas\/marketing\/","og_site_name":"XVIII SemeAd","twitter_card":"summary_large_image","twitter_misc":{"Est. reading time":"3 minutes"},"schema":{"@context":"https:\/\/schema.org","@graph":[{"@type":"WebPage","@id":"https:\/\/semead.com.br\/18\/areas\/marketing\/","url":"https:\/\/semead.com.br\/18\/areas\/marketing\/","name":"Marketing - XVIII SemeAd","isPartOf":{"@id":"https:\/\/semead.com.br\/18\/#website"},"datePublished":"2013-04-26T00:13:09+00:00","breadcrumb":{"@id":"https:\/\/semead.com.br\/18\/areas\/marketing\/#breadcrumb"},"inLanguage":"en-US","potentialAction":[{"@type":"ReadAction","target":["https:\/\/semead.com.br\/18\/areas\/marketing\/"]}]},{"@type":"BreadcrumbList","@id":"https:\/\/semead.com.br\/18\/areas\/marketing\/#breadcrumb","itemListElement":[{"@type":"ListItem","position":1,"name":"In\u00edcio","item":"https:\/\/semead.com.br\/18\/"},{"@type":"ListItem","position":2,"name":"\u00c1reas","item":"https:\/\/semead.com.br\/18\/areas\/"},{"@type":"ListItem","position":3,"name":"Marketing"}]},{"@type":"WebSite","@id":"https:\/\/semead.com.br\/18\/#website","url":"https:\/\/semead.com.br\/18\/","name":"XVIII SemeAd","description":"Just another SemeAd site","potentialAction":[{"@type":"SearchAction","target":{"@type":"EntryPoint","urlTemplate":"https:\/\/semead.com.br\/18\/?s={search_term_string}"},"query-input":{"@type":"PropertyValueSpecification","valueRequired":true,"valueName":"search_term_string"}}],"inLanguage":"en-US"}]}},"_links":{"self":[{"href":"https:\/\/semead.com.br\/18\/wp-json\/wp\/v2\/pages\/17","targetHints":{"allow":["GET"]}}],"collection":[{"href":"https:\/\/semead.com.br\/18\/wp-json\/wp\/v2\/pages"}],"about":[{"href":"https:\/\/semead.com.br\/18\/wp-json\/wp\/v2\/types\/page"}],"author":[{"embeddable":true,"href":"https:\/\/semead.com.br\/18\/wp-json\/wp\/v2\/users\/1"}],"replies":[{"embeddable":true,"href":"https:\/\/semead.com.br\/18\/wp-json\/wp\/v2\/comments?post=17"}],"version-history":[{"count":0,"href":"https:\/\/semead.com.br\/18\/wp-json\/wp\/v2\/pages\/17\/revisions"}],"up":[{"embeddable":true,"href":"https:\/\/semead.com.br\/18\/wp-json\/wp\/v2\/pages\/9"}],"wp:attachment":[{"href":"https:\/\/semead.com.br\/18\/wp-json\/wp\/v2\/media?parent=17"}],"curies":[{"name":"wp","href":"https:\/\/api.w.org\/{rel}","templated":true}]}}