{"id":23,"date":"2013-04-26T00:16:38","date_gmt":"2013-04-26T00:16:38","guid":{"rendered":"http:\/\/semead.com.br\/?page_id=23"},"modified":"2016-06-03T18:29:09","modified_gmt":"2016-06-03T18:29:09","slug":"regras-para-submissao","status":"publish","type":"page","link":"https:\/\/semead.com.br\/18\/regras-para-submissao\/","title":{"rendered":"Regras para Submiss\u00e3o"},"content":{"rendered":"<p>&#8211; A submiss\u00e3o de trabalhos ser\u00e1 exclusivamente pela Internet, impreterivelmente at\u00e9 \u00e0s <strong>23:59<\/strong> (hor\u00e1rio oficial de Bras\u00edlia) do dia<strong>\u00a019 de julho de 2015<\/strong>.<br \/>\n&#8211; O trabalho deve ser in\u00e9dito, contudo, ser\u00e3o aceitos trabalhos apresentados em congressos no exterior e n\u00e3o submetidos a peri\u00f3dicos acad\u00eamicos.<br \/>\n&#8211; O trabalho poder\u00e1 ser paralelamente submetido ao <a href=\"https:\/\/semead.com.br\/trabalhos\/sapiens-sessao-de-aprimoramento-de-estudos-cientificos\/\">Sapiens &#8211; Sess\u00f5es de Aprimoramento de Estudos Cient\u00edficos<\/a>.<br \/>\n&#8211; Ser\u00e3o aceitos trabalhos submetidos em portugu\u00eas, ingl\u00eas ou espanhol.<br \/>\n&#8211; Cada trabalho poder\u00e1 ter at\u00e9 cinco (5) autores.<br \/>\n&#8211; Ser\u00e1 permitido at\u00e9 tr\u00eas (3) submiss\u00f5es de trabalho por autor.<br \/>\n&#8211; O trabalho n\u00e3o pode conter qualquer identifica\u00e7\u00e3o ou indica\u00e7\u00e3o de autoria no campo \u201cpropriedade\u201d e no corpo do trabalho.<br \/>\n&#8211; Para que o trabalho seja apresentado no evento e inclu\u00eddo nos anais, ser\u00e1 necess\u00e1rio que o autor que apresentar\u00e1 o trabalho fa\u00e7a a sua inscri\u00e7\u00e3o.<br \/>\n&#8211; A inscri\u00e7\u00e3o \u00e9 pessoal e n\u00e3o transfer\u00edvel.<br \/>\n&#8211; Se o trabalho n\u00e3o for apresentado, os autores poder\u00e3o ser impedidos de submeter trabalhos no evento subsequente.<br \/>\n&#8211; A vers\u00e3o enviada ser\u00e1 definitiva. Somente ser\u00e3o aceitos trabalhos com reda\u00e7\u00e3o e ortografia adequadas.<br \/>\n&#8211; Para submiss\u00e3o de trabalhos, os autores devem estar cadastrados no sistema. Autores j\u00e1 cadastrados devem certificar-se de que os cadastros estejam atualizados. Os \u00faltimos dados registrados constar\u00e3o na identifica\u00e7\u00e3o da autoria do trabalho.<br \/>\n&#8211; Para o cadastro, os autores devem ter em m\u00e3os o n\u00famero do CPF de cada um dos autores brasileiros. Para os autores estrangeiros, ter o n\u00famero do passaporte.<br \/>\n&#8211; Ser\u00e1 aceita a inclus\u00e3o de autor at\u00e9 a data limite de submiss\u00e3o de trabalhos.<br \/>\n&#8211; Se houver interesse, indicar a <span style=\"text-decoration: underline;\"><a title=\"Indica\u00e7\u00e3o para Peri\u00f3dicos\" href=\"http:\/\/semead.com.br\/indicacao-para-periodicos\/\" target=\"_blank\">revista cient\u00edfica (peri\u00f3dico)<\/a><\/span>\u00a0para a qual deseja participar do processo de <em>fast-track<\/em>. O autor poder\u00e1 indicar na submiss\u00e3o at\u00e9 4 (quatro) revistas. As revistas dever\u00e3o ser de diferentes n\u00edveis Qualis CAPES, ou seja, o autor poder\u00e1 escolher uma revista A2; uma B1; uma B2; e, uma B3.\u00a0Para a escolha, recomenda-se verificar o escopo editorial das revistas.<\/p>\n<p><strong>Formata\u00e7\u00e3o do trabalho<\/strong><br \/>\n&#8211; Formato do papel: A4 (29,7 x 21 cm);<br \/>\n&#8211; Orienta\u00e7\u00e3o do papel: retrato;<br \/>\n&#8211; Fonte: Times New Roman\/ tamanho 12;<br \/>\n&#8211; Espa\u00e7amento: simples, sendo o texto disposto em uma coluna;<br \/>\n&#8211; Alinhamento: justificado;<br \/>\n&#8211; Margens: Superior: 3 cm; inferior: 2 cm; esquerda: 3 cm; direita: 2 cm.<br \/>\n&#8211; Pagina\u00e7\u00e3o: inserir n\u00famero de p\u00e1ginas no rodap\u00e9 com alinhamento ao lado direito;<br \/>\n&#8211; T\u00edtulos em letras mai\u00fasculas e subt\u00edtulos em letras min\u00fasculas;<br \/>\n&#8211; Formato do arquivo: PDF;<br \/>\n&#8211; Normas: APA ou ABNT\/NBR-6023.<br \/>\n&#8211; O trabalho pode ter no m\u00e1ximo 16 p\u00e1ginas, incluindo a p\u00e1gina de identifica\u00e7\u00e3o, o texto propriamente dito, ilustra\u00e7\u00f5es e refer\u00eancias bibliogr\u00e1ficas.<\/p>\n<p><strong>Na primeira p\u00e1gina, de identifica\u00e7\u00e3o do trabalho,<\/strong>\u00a0dever\u00e1 constar:<br \/>\n&#8211; \u00c1rea tem\u00e1tica;<br \/>\n&#8211; T\u00edtulo do trabalho;<br \/>\n&#8211; Resumo (200 palavras no mesmo idioma do trabalho);<br \/>\n&#8211; Abstract (200 palavras);<br \/>\n&#8211;\u00a0<strong>Tr\u00eas<\/strong>\u00a0Palavras-chave que identifiquem de maneira precisa o conte\u00fado do artigo.<\/p>\n<p><strong>Estrutura sugerida para artigo cient\u00edfico<\/strong>:<br \/>\n&#8211; Introdu\u00e7\u00e3o<br \/>\n&#8211; Problema de Pesquisa e Objetivo<br \/>\n&#8211; Revis\u00e3o Bibliogr\u00e1fica<br \/>\n&#8211; Metodologia<br \/>\n&#8211; An\u00e1lise dos Resultados<br \/>\n&#8211; Conclus\u00e3o<br \/>\n&#8211; Refer\u00eancias bibliogr\u00e1ficas<\/p>\n<p><strong>Estrutura sugerida para relato t\u00e9cnico:<\/strong><br \/>\n&#8211; Introdu\u00e7\u00e3o<br \/>\n&#8211; Contexto investigado<br \/>\n&#8211; Diagn\u00f3stico da situa\u00e7\u00e3o problema<br \/>\n&#8211; An\u00e1lise da situa\u00e7\u00e3o problema e contribui\u00e7\u00e3o tecnol\u00f3gico social<\/p>\n<p><strong>Cita\u00e7\u00f5es e refer\u00eancias bibliogr\u00e1ficas<\/strong>: as cita\u00e7\u00f5es dever\u00e3o ser inseridas no corpo do texto, incluindo o sobrenome do autor, a data de publica\u00e7\u00e3o e o n\u00famero de p\u00e1gina (se for o caso),\u00a0conforme normas da APA ou da ABNT\/NBR-6023. As refer\u00eancias bibliogr\u00e1ficas completas dos autores citados dever\u00e3o ser apresentadas em ordem alfab\u00e9tica, no final do texto, de acordo com as normas da APA ou da ABNT\/NBR-6023.<\/p>\n<p>Os trabalhos podem ser do tipo: <a title=\"Artigo Cient\u00edfico\" href=\"http:\/\/semead.com.br\/18\/artigo-cientifico\/\">Artigo Cient\u00edfico\u00a0&#8211;\u00a0clique qui para mais informa\u00e7\u00f5es<\/a>\u00a0ou <a title=\"Relato T\u00e9cnico\" href=\"http:\/\/semead.com.br\/18\/relato-tecnico\/\">Relato T\u00e9cnico\u00a0&#8211;\u00a0clique aqui para mais informa\u00e7\u00f5es<\/a>.<\/p>\n<p>&nbsp;<\/p>\n<p style=\"text-align: center;\"><strong><a href=\"http:\/\/sistema.semead.com.br\/18semead\/UsrTrabalhoE1.asp\">Clique aqui<\/a>\u00a0para submeter seu artigo.<\/strong><\/p>\n<p>&nbsp;<\/p>\n","protected":false},"excerpt":{"rendered":"<p>&#8211; A submiss\u00e3o de trabalhos ser\u00e1 exclusivamente pela Internet, impreterivelmente at\u00e9 \u00e0s 23:59 (hor\u00e1rio oficial de Bras\u00edlia) do dia\u00a019 de julho de 2015. &#8211; O trabalho deve ser in\u00e9dito, contudo, ser\u00e3o aceitos trabalhos apresentados em congressos no exterior e n\u00e3o submetidos a peri\u00f3dicos acad\u00eamicos. &#8211; O trabalho poder\u00e1 ser paralelamente submetido ao Sapiens &#8211; Sess\u00f5es&#8230;<\/p>\n","protected":false},"author":1,"featured_media":0,"parent":0,"menu_order":0,"comment_status":"open","ping_status":"open","template":"","meta":{"_acf_changed":false,"_monsterinsights_skip_tracking":false,"_monsterinsights_sitenote_active":false,"_monsterinsights_sitenote_note":"","_monsterinsights_sitenote_category":0,"footnotes":""},"class_list":["post-23","page","type-page","status-publish","hentry"],"acf":[],"yoast_head":"<!-- This site is optimized with the Yoast SEO plugin v27.4 - https:\/\/yoast.com\/product\/yoast-seo-wordpress\/ -->\n<title>Regras para Submiss\u00e3o - XVIII SemeAd<\/title>\n<meta name=\"robots\" content=\"index, follow, max-snippet:-1, max-image-preview:large, max-video-preview:-1\" \/>\n<link rel=\"canonical\" href=\"https:\/\/semead.com.br\/18\/regras-para-submissao\/\" \/>\n<meta property=\"og:locale\" content=\"en_US\" \/>\n<meta property=\"og:type\" content=\"article\" \/>\n<meta property=\"og:title\" content=\"Regras para Submiss\u00e3o - XVIII SemeAd\" \/>\n<meta property=\"og:description\" content=\"&#8211; A submiss\u00e3o de trabalhos ser\u00e1 exclusivamente pela Internet, impreterivelmente at\u00e9 \u00e0s 23:59 (hor\u00e1rio oficial de Bras\u00edlia) do dia\u00a019 de julho de 2015. &#8211; O trabalho deve ser in\u00e9dito, contudo, ser\u00e3o aceitos trabalhos apresentados em congressos no exterior e n\u00e3o submetidos a peri\u00f3dicos acad\u00eamicos. &#8211; O trabalho poder\u00e1 ser paralelamente submetido ao Sapiens &#8211; Sess\u00f5es...\" \/>\n<meta property=\"og:url\" content=\"https:\/\/semead.com.br\/18\/regras-para-submissao\/\" \/>\n<meta property=\"og:site_name\" content=\"XVIII SemeAd\" \/>\n<meta property=\"article:modified_time\" content=\"2016-06-03T18:29:09+00:00\" \/>\n<meta name=\"twitter:card\" content=\"summary_large_image\" \/>\n<meta name=\"twitter:label1\" content=\"Est. reading time\" \/>\n\t<meta name=\"twitter:data1\" content=\"3 minutes\" \/>\n<script type=\"application\/ld+json\" class=\"yoast-schema-graph\">{\"@context\":\"https:\\\/\\\/schema.org\",\"@graph\":[{\"@type\":\"WebPage\",\"@id\":\"https:\\\/\\\/semead.com.br\\\/18\\\/regras-para-submissao\\\/\",\"url\":\"https:\\\/\\\/semead.com.br\\\/18\\\/regras-para-submissao\\\/\",\"name\":\"Regras para Submiss\u00e3o - XVIII SemeAd\",\"isPartOf\":{\"@id\":\"https:\\\/\\\/semead.com.br\\\/18\\\/#website\"},\"datePublished\":\"2013-04-26T00:16:38+00:00\",\"dateModified\":\"2016-06-03T18:29:09+00:00\",\"breadcrumb\":{\"@id\":\"https:\\\/\\\/semead.com.br\\\/18\\\/regras-para-submissao\\\/#breadcrumb\"},\"inLanguage\":\"en-US\",\"potentialAction\":[{\"@type\":\"ReadAction\",\"target\":[\"https:\\\/\\\/semead.com.br\\\/18\\\/regras-para-submissao\\\/\"]}]},{\"@type\":\"BreadcrumbList\",\"@id\":\"https:\\\/\\\/semead.com.br\\\/18\\\/regras-para-submissao\\\/#breadcrumb\",\"itemListElement\":[{\"@type\":\"ListItem\",\"position\":1,\"name\":\"In\u00edcio\",\"item\":\"https:\\\/\\\/semead.com.br\\\/18\\\/\"},{\"@type\":\"ListItem\",\"position\":2,\"name\":\"Regras para Submiss\u00e3o\"}]},{\"@type\":\"WebSite\",\"@id\":\"https:\\\/\\\/semead.com.br\\\/18\\\/#website\",\"url\":\"https:\\\/\\\/semead.com.br\\\/18\\\/\",\"name\":\"XVIII SemeAd\",\"description\":\"Just another SemeAd site\",\"potentialAction\":[{\"@type\":\"SearchAction\",\"target\":{\"@type\":\"EntryPoint\",\"urlTemplate\":\"https:\\\/\\\/semead.com.br\\\/18\\\/?s={search_term_string}\"},\"query-input\":{\"@type\":\"PropertyValueSpecification\",\"valueRequired\":true,\"valueName\":\"search_term_string\"}}],\"inLanguage\":\"en-US\"}]}<\/script>\n<!-- \/ Yoast SEO plugin. -->","yoast_head_json":{"title":"Regras para Submiss\u00e3o - XVIII SemeAd","robots":{"index":"index","follow":"follow","max-snippet":"max-snippet:-1","max-image-preview":"max-image-preview:large","max-video-preview":"max-video-preview:-1"},"canonical":"https:\/\/semead.com.br\/18\/regras-para-submissao\/","og_locale":"en_US","og_type":"article","og_title":"Regras para Submiss\u00e3o - XVIII SemeAd","og_description":"&#8211; A submiss\u00e3o de trabalhos ser\u00e1 exclusivamente pela Internet, impreterivelmente at\u00e9 \u00e0s 23:59 (hor\u00e1rio oficial de Bras\u00edlia) do dia\u00a019 de julho de 2015. &#8211; O trabalho deve ser in\u00e9dito, contudo, ser\u00e3o aceitos trabalhos apresentados em congressos no exterior e n\u00e3o submetidos a peri\u00f3dicos acad\u00eamicos. &#8211; O trabalho poder\u00e1 ser paralelamente submetido ao Sapiens &#8211; Sess\u00f5es...","og_url":"https:\/\/semead.com.br\/18\/regras-para-submissao\/","og_site_name":"XVIII SemeAd","article_modified_time":"2016-06-03T18:29:09+00:00","twitter_card":"summary_large_image","twitter_misc":{"Est. reading time":"3 minutes"},"schema":{"@context":"https:\/\/schema.org","@graph":[{"@type":"WebPage","@id":"https:\/\/semead.com.br\/18\/regras-para-submissao\/","url":"https:\/\/semead.com.br\/18\/regras-para-submissao\/","name":"Regras para Submiss\u00e3o - XVIII SemeAd","isPartOf":{"@id":"https:\/\/semead.com.br\/18\/#website"},"datePublished":"2013-04-26T00:16:38+00:00","dateModified":"2016-06-03T18:29:09+00:00","breadcrumb":{"@id":"https:\/\/semead.com.br\/18\/regras-para-submissao\/#breadcrumb"},"inLanguage":"en-US","potentialAction":[{"@type":"ReadAction","target":["https:\/\/semead.com.br\/18\/regras-para-submissao\/"]}]},{"@type":"BreadcrumbList","@id":"https:\/\/semead.com.br\/18\/regras-para-submissao\/#breadcrumb","itemListElement":[{"@type":"ListItem","position":1,"name":"In\u00edcio","item":"https:\/\/semead.com.br\/18\/"},{"@type":"ListItem","position":2,"name":"Regras para Submiss\u00e3o"}]},{"@type":"WebSite","@id":"https:\/\/semead.com.br\/18\/#website","url":"https:\/\/semead.com.br\/18\/","name":"XVIII SemeAd","description":"Just another SemeAd site","potentialAction":[{"@type":"SearchAction","target":{"@type":"EntryPoint","urlTemplate":"https:\/\/semead.com.br\/18\/?s={search_term_string}"},"query-input":{"@type":"PropertyValueSpecification","valueRequired":true,"valueName":"search_term_string"}}],"inLanguage":"en-US"}]}},"_links":{"self":[{"href":"https:\/\/semead.com.br\/18\/wp-json\/wp\/v2\/pages\/23","targetHints":{"allow":["GET"]}}],"collection":[{"href":"https:\/\/semead.com.br\/18\/wp-json\/wp\/v2\/pages"}],"about":[{"href":"https:\/\/semead.com.br\/18\/wp-json\/wp\/v2\/types\/page"}],"author":[{"embeddable":true,"href":"https:\/\/semead.com.br\/18\/wp-json\/wp\/v2\/users\/1"}],"replies":[{"embeddable":true,"href":"https:\/\/semead.com.br\/18\/wp-json\/wp\/v2\/comments?post=23"}],"version-history":[{"count":0,"href":"https:\/\/semead.com.br\/18\/wp-json\/wp\/v2\/pages\/23\/revisions"}],"wp:attachment":[{"href":"https:\/\/semead.com.br\/18\/wp-json\/wp\/v2\/media?parent=23"}],"curies":[{"name":"wp","href":"https:\/\/api.w.org\/{rel}","templated":true}]}}