{"id":25,"date":"2013-04-26T00:17:14","date_gmt":"2013-04-26T00:17:14","guid":{"rendered":"http:\/\/semead.com.br\/?page_id=25"},"modified":"2016-03-21T18:26:16","modified_gmt":"2016-03-21T18:26:16","slug":"indicacao-para-periodicos","status":"publish","type":"page","link":"https:\/\/semead.com.br\/18\/indicacao-para-periodicos\/","title":{"rendered":"Indica\u00e7\u00e3o para Peri\u00f3dicos: Fast-Track"},"content":{"rendered":"<p>Os trabalhos melhor avaliados ser\u00e3o encaminhados para o\u00a0fast-track\u00a0nos peri\u00f3dicos que apoiam o SemeAd.\u00a0 Os autores podem escolher at\u00e9 um peri\u00f3dico para cada extrato do sistema Qualis, entre os peri\u00f3dicos que apoiam o SemeAd. Os trabalhos selecionados para o fast track resultam da apura\u00e7\u00e3o dos melhores trabalhos com base na avalia\u00e7\u00e3o dos pareceristas, cada trabalho selecionado \u00e9 encaminhado a um \u00fanico peri\u00f3dico respeitando uma prefer\u00eancia decorrente da classifica\u00e7\u00e3o dos trabalhos.<\/p>\n<p>Ressalva-se que n\u00e3o necessariamente todos os trabalhos indicados aos peri\u00f3dicos ser\u00e3o selecionados para o\u00a0fast-track, pois os editores analisam esses trabalhos e selecionam quais ser\u00e3o aceitos. A divulga\u00e7\u00e3o dos trabalhos aceitos ser\u00e1 publicado no site do SemeAd.<\/p>\n<p>Esclarece-se que os trabalhados aceitos pelos peri\u00f3dicos para o\u00a0fast-track\u00a0automaticamente superaram a fase de\u00a0desk review\u00a0e j\u00e1 entram diretamente na fase de\u00a0blind review\u00a0de cada peri\u00f3dico, ou seja, podem concluir o processo completo de avalia\u00e7\u00e3o em prazos mais curtos. Cabe ressalvar que estar aprovado no\u00a0fast-track\u00a0n\u00e3o significa que o artigo est\u00e1 automaticamente aprovado para publica\u00e7\u00e3o e sim que dever\u00e1 continuar no processo de avalia\u00e7\u00e3o conforme os crit\u00e9rios de cada peri\u00f3dico.<\/p>\n<p><strong>Peri\u00f3dicos Fast-Track 2015<\/strong><\/p>\n\n<table id=\"tablepress-14\" class=\"tablepress tablepress-id-14\">\n<tbody class=\"row-striping row-hover\">\n<tr class=\"row-1\">\n\t<td class=\"column-1\">RAUSP <\/td><td class=\"column-2\">Revista de Administra\u00e7\u00e3o da USP<\/td><td class=\"column-3\">A2<br \/>\n<\/td>\n<\/tr>\n<tr class=\"row-2\">\n\t<td class=\"column-1\">RC&amp;F <\/td><td class=\"column-2\"> Revista Contabilidade &amp; Finan\u00e7as <\/td><td class=\"column-3\">A2<\/td>\n<\/tr>\n<tr class=\"row-3\">\n\t<td class=\"column-1\">BBR<br \/>\n<\/td><td class=\"column-2\">Brazilian Business Review<\/td><td class=\"column-3\">B1<\/td>\n<\/tr>\n<tr class=\"row-4\">\n\t<td class=\"column-1\">Faces <\/td><td class=\"column-2\"> Revista de Administra\u00e7\u00e3o FACES Journal <\/td><td class=\"column-3\">B1<\/td>\n<\/tr>\n<tr class=\"row-5\">\n\t<td class=\"column-1\">G&amp;R <\/td><td class=\"column-2\"> Revista Gest\u00e3o &amp; Regionalidade<\/td><td class=\"column-3\">B1<\/td>\n<\/tr>\n<tr class=\"row-6\">\n\t<td class=\"column-1\">RAM <\/td><td class=\"column-2\"> Revista de Administra\u00e7\u00e3o Mackenzie <\/td><td class=\"column-3\">B1<\/td>\n<\/tr>\n<tr class=\"row-7\">\n\t<td class=\"column-1\">RBGN <\/td><td class=\"column-2\"> Revista Brasileira de Gest\u00e3o e Neg\u00f3cios <\/td><td class=\"column-3\">B1<\/td>\n<\/tr>\n<tr class=\"row-8\">\n\t<td class=\"column-1\">RAI<\/td><td class=\"column-2\">Revista de Administra\u00e7\u00e3o e Inova\u00e7\u00e3o<\/td><td class=\"column-3\">B1<\/td>\n<\/tr>\n<tr class=\"row-9\">\n\t<td class=\"column-1\">ReAUFSM<\/td><td class=\"column-2\"> Revista da Universidade de Santa Maria <\/td><td class=\"column-3\">B1<\/td>\n<\/tr>\n<tr class=\"row-10\">\n\t<td class=\"column-1\">RFA <\/td><td class=\"column-2\"> Revista de Finan\u00e7as Aplicadas <\/td><td class=\"column-3\"> B2<\/td>\n<\/tr>\n<tr class=\"row-11\">\n\t<td class=\"column-1\">PRETEXTO <\/td><td class=\"column-2\"> Revista PRETEXTO <\/td><td class=\"column-3\">B2<\/td>\n<\/tr>\n<tr class=\"row-12\">\n\t<td class=\"column-1\">GESEC <\/td><td class=\"column-2\"> Revista de Gest\u00e3o e Secretariado <\/td><td class=\"column-3\">B2<\/td>\n<\/tr>\n<tr class=\"row-13\">\n\t<td class=\"column-1\">RECADM <\/td><td class=\"column-2\"> Revista Eletr\u00f4nica de Ci\u00eancia Administrativa <\/td><td class=\"column-3\">B2<\/td>\n<\/tr>\n<tr class=\"row-14\">\n\t<td class=\"column-1\">InternexT <\/td><td class=\"column-2\"> Revista Eletr\u00f4nica de Neg\u00f3cios Internacionais da ESPM <\/td><td class=\"column-3\">B2<\/td>\n<\/tr>\n<tr class=\"row-15\">\n\t<td class=\"column-1\">RIAE <\/td><td class=\"column-2\"> Revista Ibero-Americana de Estrat\u00e9gia <\/td><td class=\"column-3\">B2<\/td>\n<\/tr>\n<tr class=\"row-16\">\n\t<td class=\"column-1\">REGE <\/td><td class=\"column-2\"> Revista de Gest\u00e3o USP <\/td><td class=\"column-3\">B2<\/td>\n<\/tr>\n<tr class=\"row-17\">\n\t<td class=\"column-1\">RGSA<\/td><td class=\"column-2\">Revista de Gest\u00e3o Social e Ambiental<\/td><td class=\"column-3\">B2<\/td>\n<\/tr>\n<tr class=\"row-18\">\n\t<td class=\"column-1\">RBFin<\/td><td class=\"column-2\">Revista Brasileira de Finan\u00e7as<\/td><td class=\"column-3\">B2<\/td>\n<\/tr>\n<tr class=\"row-19\">\n\t<td class=\"column-1\">Perspectivas Contempor\u00e2neas<\/td><td class=\"column-2\">Revista Eletr\u00f4nica de Ci\u00eancias Sociais Aplicadas<\/td><td class=\"column-3\">B3<\/td>\n<\/tr>\n<tr class=\"row-20\">\n\t<td class=\"column-1\">RAEP <\/td><td class=\"column-2\"> Revista Administra\u00e7\u00e3o: Ensino e Pesquisa <\/td><td class=\"column-3\">B3 <\/td>\n<\/tr>\n<tr class=\"row-21\">\n\t<td class=\"column-1\">RGeAS <\/td><td class=\"column-2\">Revista de Gest\u00e3o Ambiental e Sustentabilidade <\/td><td class=\"column-3\">B3<\/td>\n<\/tr>\n<tr class=\"row-22\">\n\t<td class=\"column-1\">RESI<\/td><td class=\"column-2\">Revista Eletr\u00f4nica de Sistemas de Informa\u00e7\u00e3o<\/td><td class=\"column-3\">B3<\/td>\n<\/tr>\n<tr class=\"row-23\">\n\t<td class=\"column-1\">FUTURE SRJ <\/td><td class=\"column-2\">Future Studies Research Journal <\/td><td class=\"column-3\">B3<\/td>\n<\/tr>\n<tr class=\"row-24\">\n\t<td class=\"column-1\">GUAL <\/td><td class=\"column-2\"> Revista Gest\u00e3o Universit\u00e1ria na Am\u00e9rica Latina <\/td><td class=\"column-3\"> B3<\/td>\n<\/tr>\n<tr class=\"row-25\">\n\t<td class=\"column-1\">RAHIS <\/td><td class=\"column-2\"> Revista de Administra\u00e7\u00e3o Hospitalar e Inova\u00e7\u00e3o em Sa\u00fade <\/td><td class=\"column-3\"> B3<\/td>\n<\/tr>\n<tr class=\"row-26\">\n\t<td class=\"column-1\">TAC <\/td><td class=\"column-2\"> Tecnologias de Administra\u00e7\u00e3o e Contabilidade <\/td><td class=\"column-3\"> B3<\/td>\n<\/tr>\n<tr class=\"row-27\">\n\t<td class=\"column-1\">Contexus<\/td><td class=\"column-2\">Revista Contempor\u00e2nea de Economia e Gest\u00e3o<\/td><td class=\"column-3\">B3<\/td>\n<\/tr>\n<tr class=\"row-28\">\n\t<td class=\"column-1\">Revista Capital Cientifico<\/td><td class=\"column-2\">Revista Capital Cientifico<\/td><td class=\"column-3\">B3<\/td>\n<\/tr>\n<tr class=\"row-29\">\n\t<td class=\"column-1\">PODIUM <\/td><td class=\"column-2\"> Sport, LeisureandTourismReview <\/td><td class=\"column-3\"> B3<\/td>\n<\/tr>\n<tr class=\"row-30\">\n\t<td class=\"column-1\">REGEPE <\/td><td class=\"column-2\">Revista de Empreendedorismo e Gest\u00e3o de Pequenas Empresas<\/td><td class=\"column-3\">B3<\/td>\n<\/tr>\n<tr class=\"row-31\">\n\t<td class=\"column-1\">RGSS <\/td><td class=\"column-2\"> Revista de Gest\u00e3o em Sistemas de Sa\u00fade <\/td><td class=\"column-3\"> B3<\/td>\n<\/tr>\n<tr class=\"row-32\">\n\t<td class=\"column-1\">GeP <\/td><td class=\"column-2\"> Revista de Gest\u00e3o e Projetos <\/td><td class=\"column-3\"> B3<\/td>\n<\/tr>\n<tr class=\"row-33\">\n\t<td class=\"column-1\">RGFC <\/td><td class=\"column-2\"> Revista de Gest\u00e3o Finan\u00e7as e Contabilidade <\/td><td class=\"column-3\"> B3<\/td>\n<\/tr>\n<\/tbody>\n<\/table>\n<!-- #tablepress-14 from cache -->\n","protected":false},"excerpt":{"rendered":"<p>Os trabalhos melhor avaliados ser\u00e3o encaminhados para o\u00a0fast-track\u00a0nos peri\u00f3dicos que apoiam o SemeAd.\u00a0 Os autores podem escolher at\u00e9 um peri\u00f3dico para cada extrato do sistema Qualis, entre os peri\u00f3dicos que apoiam o SemeAd. Os trabalhos selecionados para o fast track resultam da apura\u00e7\u00e3o dos melhores trabalhos com base na avalia\u00e7\u00e3o dos pareceristas, cada trabalho selecionado&#8230;<\/p>\n","protected":false},"author":1,"featured_media":0,"parent":0,"menu_order":0,"comment_status":"open","ping_status":"open","template":"","meta":{"_acf_changed":false,"_monsterinsights_skip_tracking":false,"_monsterinsights_sitenote_active":false,"_monsterinsights_sitenote_note":"","_monsterinsights_sitenote_category":0,"footnotes":""},"class_list":["post-25","page","type-page","status-publish","hentry"],"acf":[],"yoast_head":"<!-- This site is optimized with the Yoast SEO plugin v27.4 - https:\/\/yoast.com\/product\/yoast-seo-wordpress\/ -->\n<title>Indica\u00e7\u00e3o para Peri\u00f3dicos: Fast-Track - XVIII SemeAd<\/title>\n<meta name=\"robots\" content=\"index, follow, max-snippet:-1, max-image-preview:large, max-video-preview:-1\" \/>\n<link rel=\"canonical\" href=\"https:\/\/semead.com.br\/18\/indicacao-para-periodicos\/\" \/>\n<meta property=\"og:locale\" content=\"en_US\" \/>\n<meta property=\"og:type\" content=\"article\" \/>\n<meta property=\"og:title\" content=\"Indica\u00e7\u00e3o para Peri\u00f3dicos: Fast-Track - XVIII SemeAd\" \/>\n<meta property=\"og:description\" content=\"Os trabalhos melhor avaliados ser\u00e3o encaminhados para o\u00a0fast-track\u00a0nos peri\u00f3dicos que apoiam o SemeAd.\u00a0 Os autores podem escolher at\u00e9 um peri\u00f3dico para cada extrato do sistema Qualis, entre os peri\u00f3dicos que apoiam o SemeAd. Os trabalhos selecionados para o fast track resultam da apura\u00e7\u00e3o dos melhores trabalhos com base na avalia\u00e7\u00e3o dos pareceristas, cada trabalho selecionado...\" \/>\n<meta property=\"og:url\" content=\"https:\/\/semead.com.br\/18\/indicacao-para-periodicos\/\" \/>\n<meta property=\"og:site_name\" content=\"XVIII SemeAd\" \/>\n<meta property=\"article:modified_time\" content=\"2016-03-21T18:26:16+00:00\" \/>\n<meta name=\"twitter:card\" content=\"summary_large_image\" \/>\n<meta name=\"twitter:label1\" content=\"Est. reading time\" \/>\n\t<meta name=\"twitter:data1\" content=\"1 minute\" \/>\n<script type=\"application\/ld+json\" class=\"yoast-schema-graph\">{\"@context\":\"https:\\\/\\\/schema.org\",\"@graph\":[{\"@type\":\"WebPage\",\"@id\":\"https:\\\/\\\/semead.com.br\\\/18\\\/indicacao-para-periodicos\\\/\",\"url\":\"https:\\\/\\\/semead.com.br\\\/18\\\/indicacao-para-periodicos\\\/\",\"name\":\"Indica\u00e7\u00e3o para Peri\u00f3dicos: Fast-Track - XVIII SemeAd\",\"isPartOf\":{\"@id\":\"https:\\\/\\\/semead.com.br\\\/18\\\/#website\"},\"datePublished\":\"2013-04-26T00:17:14+00:00\",\"dateModified\":\"2016-03-21T18:26:16+00:00\",\"breadcrumb\":{\"@id\":\"https:\\\/\\\/semead.com.br\\\/18\\\/indicacao-para-periodicos\\\/#breadcrumb\"},\"inLanguage\":\"en-US\",\"potentialAction\":[{\"@type\":\"ReadAction\",\"target\":[\"https:\\\/\\\/semead.com.br\\\/18\\\/indicacao-para-periodicos\\\/\"]}]},{\"@type\":\"BreadcrumbList\",\"@id\":\"https:\\\/\\\/semead.com.br\\\/18\\\/indicacao-para-periodicos\\\/#breadcrumb\",\"itemListElement\":[{\"@type\":\"ListItem\",\"position\":1,\"name\":\"In\u00edcio\",\"item\":\"https:\\\/\\\/semead.com.br\\\/18\\\/\"},{\"@type\":\"ListItem\",\"position\":2,\"name\":\"Indica\u00e7\u00e3o para Peri\u00f3dicos: Fast-Track\"}]},{\"@type\":\"WebSite\",\"@id\":\"https:\\\/\\\/semead.com.br\\\/18\\\/#website\",\"url\":\"https:\\\/\\\/semead.com.br\\\/18\\\/\",\"name\":\"XVIII SemeAd\",\"description\":\"Just another SemeAd site\",\"potentialAction\":[{\"@type\":\"SearchAction\",\"target\":{\"@type\":\"EntryPoint\",\"urlTemplate\":\"https:\\\/\\\/semead.com.br\\\/18\\\/?s={search_term_string}\"},\"query-input\":{\"@type\":\"PropertyValueSpecification\",\"valueRequired\":true,\"valueName\":\"search_term_string\"}}],\"inLanguage\":\"en-US\"}]}<\/script>\n<!-- \/ Yoast SEO plugin. -->","yoast_head_json":{"title":"Indica\u00e7\u00e3o para Peri\u00f3dicos: Fast-Track - XVIII SemeAd","robots":{"index":"index","follow":"follow","max-snippet":"max-snippet:-1","max-image-preview":"max-image-preview:large","max-video-preview":"max-video-preview:-1"},"canonical":"https:\/\/semead.com.br\/18\/indicacao-para-periodicos\/","og_locale":"en_US","og_type":"article","og_title":"Indica\u00e7\u00e3o para Peri\u00f3dicos: Fast-Track - XVIII SemeAd","og_description":"Os trabalhos melhor avaliados ser\u00e3o encaminhados para o\u00a0fast-track\u00a0nos peri\u00f3dicos que apoiam o SemeAd.\u00a0 Os autores podem escolher at\u00e9 um peri\u00f3dico para cada extrato do sistema Qualis, entre os peri\u00f3dicos que apoiam o SemeAd. Os trabalhos selecionados para o fast track resultam da apura\u00e7\u00e3o dos melhores trabalhos com base na avalia\u00e7\u00e3o dos pareceristas, cada trabalho selecionado...","og_url":"https:\/\/semead.com.br\/18\/indicacao-para-periodicos\/","og_site_name":"XVIII SemeAd","article_modified_time":"2016-03-21T18:26:16+00:00","twitter_card":"summary_large_image","twitter_misc":{"Est. reading time":"1 minute"},"schema":{"@context":"https:\/\/schema.org","@graph":[{"@type":"WebPage","@id":"https:\/\/semead.com.br\/18\/indicacao-para-periodicos\/","url":"https:\/\/semead.com.br\/18\/indicacao-para-periodicos\/","name":"Indica\u00e7\u00e3o para Peri\u00f3dicos: Fast-Track - XVIII SemeAd","isPartOf":{"@id":"https:\/\/semead.com.br\/18\/#website"},"datePublished":"2013-04-26T00:17:14+00:00","dateModified":"2016-03-21T18:26:16+00:00","breadcrumb":{"@id":"https:\/\/semead.com.br\/18\/indicacao-para-periodicos\/#breadcrumb"},"inLanguage":"en-US","potentialAction":[{"@type":"ReadAction","target":["https:\/\/semead.com.br\/18\/indicacao-para-periodicos\/"]}]},{"@type":"BreadcrumbList","@id":"https:\/\/semead.com.br\/18\/indicacao-para-periodicos\/#breadcrumb","itemListElement":[{"@type":"ListItem","position":1,"name":"In\u00edcio","item":"https:\/\/semead.com.br\/18\/"},{"@type":"ListItem","position":2,"name":"Indica\u00e7\u00e3o para Peri\u00f3dicos: Fast-Track"}]},{"@type":"WebSite","@id":"https:\/\/semead.com.br\/18\/#website","url":"https:\/\/semead.com.br\/18\/","name":"XVIII SemeAd","description":"Just another SemeAd site","potentialAction":[{"@type":"SearchAction","target":{"@type":"EntryPoint","urlTemplate":"https:\/\/semead.com.br\/18\/?s={search_term_string}"},"query-input":{"@type":"PropertyValueSpecification","valueRequired":true,"valueName":"search_term_string"}}],"inLanguage":"en-US"}]}},"_links":{"self":[{"href":"https:\/\/semead.com.br\/18\/wp-json\/wp\/v2\/pages\/25","targetHints":{"allow":["GET"]}}],"collection":[{"href":"https:\/\/semead.com.br\/18\/wp-json\/wp\/v2\/pages"}],"about":[{"href":"https:\/\/semead.com.br\/18\/wp-json\/wp\/v2\/types\/page"}],"author":[{"embeddable":true,"href":"https:\/\/semead.com.br\/18\/wp-json\/wp\/v2\/users\/1"}],"replies":[{"embeddable":true,"href":"https:\/\/semead.com.br\/18\/wp-json\/wp\/v2\/comments?post=25"}],"version-history":[{"count":0,"href":"https:\/\/semead.com.br\/18\/wp-json\/wp\/v2\/pages\/25\/revisions"}],"wp:attachment":[{"href":"https:\/\/semead.com.br\/18\/wp-json\/wp\/v2\/media?parent=25"}],"curies":[{"name":"wp","href":"https:\/\/api.w.org\/{rel}","templated":true}]}}